{"id":1457,"date":"2022-06-12T05:33:58","date_gmt":"2022-06-12T05:33:58","guid":{"rendered":"https:\/\/www.safinel.fr\/?post_type=product&#038;p=1457"},"modified":"2023-12-28T17:15:18","modified_gmt":"2023-12-28T17:15:18","slug":"mangoblatt","status":"publish","type":"product","link":"https:\/\/www.safinel.fr\/de\/product-2\/mangoblatt\/","title":{"rendered":"Mangobl\u00e4tter"},"content":{"rendered":"<p>Die<strong>\u00a0Mangobl\u00e4tter<\/strong>\u00a0sind nicht so beliebt wie ihre Fr\u00fcchte. Sie haben jedoch Eigenschaften, die zur Verbesserung der Gesundheit beitragen. Deshalb sollten wir uns auf eine Entdeckungsreise begeben.<\/p>\n<h2><strong>Zoom auf die Bl\u00e4tter des Mangobaums\u00a0<\/strong><\/h2>\n<p>Diese konzentrieren pflanzliche Verbindungen, die eine pharmakologische Aktivit\u00e4t aufweisen. Genauer gesagt wird ihnen eine antioxidative, entz\u00fcndungshemmende, antibakterielle und tumorhemmende Wirkung zugeschrieben.<\/p>\n<p>Es gibt ungef\u00e4hr 69 Arten von Mangifera, von denen die bekannteste Mangifera indica ist. Wenn in\u00a0<strong>diese Pflanze,\u00a0<\/strong>Man kann den St\u00e4ngel, die Rinde, die Wurzeln und sogar die Frucht genie\u00dfen, wobei die st\u00e4rksten therapeutischen Wirkungen in den Bl\u00e4ttern zu finden sind. Lassen Sie uns daher einen Blick auf die oben genannten Vorteile werfen.<\/p>\n<h2><strong>Die \u00fcberraschenden Vorteile von Mangobl\u00e4ttern<\/strong><\/h2>\n<p>Viele Menschen wissen nicht, welche Vorteile die Bl\u00e4tter des Mangobaums haben. Dabei ist diese Frucht zwar ziemlich bekannt f\u00fcr ihren Geschmack und ihre Vielseitigkeit, aber nur wenige wissen, dass auch die Bl\u00e4tter essbar und nahrhaft sind.<\/p>\n<p>Die Bl\u00e4tter des Mangobaums sind :<\/p>\n<ul>\n<li><strong>Konzentrate aus gesunden Pflanzenverbindungen :<\/strong><\/li>\n<\/ul>\n<p>Die Vorteile dieser Produkte beruhen auf ihrer hohen Konzentration an pflanzlichen Inhaltsstoffen. Genauer gesagt liefern sie Polyphenole und Terpene, die f\u00fcr ihre F\u00e4higkeit bekannt sind, vor den negativen Auswirkungen freier Radikale zu sch\u00fctzen.<\/p>\n<ul>\n<li>Sie haben eine\u00a0<strong>entz\u00fcndungshemmende Aktivit\u00e4t :<\/strong><\/li>\n<\/ul>\n<p>Eine der bekanntesten Eigenschaften von Mangobl\u00e4ttern ist ihre entz\u00fcndungshemmende Wirkung.<\/p>\n<ul>\n<li><strong>Sie helfen beim Abnehmen:<\/strong><\/li>\n<\/ul>\n<p>In eine gesunde und abwechslungsreiche Ern\u00e4hrung eingebunden, k\u00f6nnen diese Bl\u00e4tter helfen, ein gesundes und ausgeglichenes Gewicht zu erreichen.<\/p>\n<ul>\n<li>Ebenso,\u00a0<strong>sie tragen zur Behandlung von Diabetes bei :<\/strong><\/li>\n<\/ul>\n<p>Diese Pflanze hat aufgrund ihrer F\u00e4higkeit, den Fettstoffwechsel zu verbessern, auch eine g\u00fcnstige Wirkung bei der Kontrolle des Blutzuckerspiegels.<\/p>\n<ul>\n<li><strong>Diese f\u00f6rdern auch die Gesundheit der Haut :<\/strong><\/li>\n<\/ul>\n<p>Die Vorteile dieser Bl\u00e4tter wirken sich auch auf die Haut aus. Und das aufgrund ihrer hohen Konzentration an Antioxidantien.<\/p>\n<ul>\n<li>Endlich,\u00a0<strong>sie f\u00f6rdern die Haargesundheit :<\/strong><\/li>\n<\/ul>\n<p>Die Bl\u00e4tter und ihre antioxidativen Eigenschaften k\u00f6nnen gegen Haarausfall helfen. Tats\u00e4chlich helfen sie dabei, \u00fcberm\u00e4\u00dfigen Haarausfall zu verhindern und ein gesundes Wachstum zu f\u00f6rdern.<\/p>\n<p>Zahlreiche Vorteile in all diesen Bl\u00e4ttern! Wir bieten Ihnen auch\u00a0<a href=\"https:\/\/www.safinel.fr\/de\/product-2\/leukalyptusblatt\/\"><strong>Eukalyptusbl\u00e4tter<\/strong><\/a>, Die Bl\u00e4tter enthalten viele positive Eigenschaften.<\/p>\n<h2><strong>Wie werden Mangobl\u00e4tter verzehrt?\u00a0<\/strong><\/h2>\n<p>Die<strong>\u00a0Mangobl\u00e4tter\u00a0<\/strong>sind essbar und k\u00f6nnen zu Salatrezepten hinzugef\u00fcgt werden. Die bekannteste Form des Verzehrs ist jedoch die Zubereitung eines Teeaufgusses. Dazu werden etwa 12 Mangobl\u00e4tter in einem Liter Wasser gekocht. Nach dem Aufkochen sollte man es stehen lassen, bis man den Aufguss trinken kann.<\/p>\n<p>Au\u00dferdem kann man sie auch als Pulver finden, das man in Wasser aufl\u00f6st, um es oral zu verzehren oder \u00e4u\u00dferlich aufzutragen.<\/p>\n<p>Ihr Verbrauch h\u00e4ngt von Ihren Bed\u00fcrfnissen und W\u00fcnschen ab.<\/p>\n<h3><strong>Vorsichtsma\u00dfnahmen<\/strong><\/h3>\n<p>Wenn Sie Medikamente einnehmen, fragen Sie am besten Ihren Arzt um Rat.<\/p>\n<p>Ebenso ist es als Vorsichtsma\u00dfnahme\u00a0<strong>nicht empfohlen<\/strong>\u00a0bei kleinen Kindern sowie schwangeren und stillenden Frauen nicht zu verwenden.<\/p>","protected":false},"excerpt":{"rendered":"<p>Mangobl\u00e4tter sind nicht so beliebt wie ihre Fr\u00fcchte. Sie haben jedoch Eigenschaften, die zur Verbesserung der Gesundheit beitragen. Lassen Sie uns daher mehr \u00fcber sie erfahren. Fokus auf Mangobl\u00e4tter  Diese enthalten pflanzliche Verbindungen, die eine pharmakologische Wirkung haben. Genauer gesagt werden ihnen antioxidative, entz\u00fcndungshemmende und antibakterielle Eigenschaften zugeschrieben [\u2026]","protected":false},"featured_media":1458,"template":"","meta":[],"product_brand":[],"product_cat":[27],"product_tag":[],"class_list":{"0":"post-1457","1":"product","2":"type-product","3":"status-publish","4":"has-post-thumbnail","6":"product_cat-plantes-medicinales","8":"first","9":"instock","10":"shipping-taxable","11":"purchasable","12":"product-type-variable","13":"has-default-attributes"},"yoast_head":"<!-- This site is optimized with the Yoast SEO plugin v26.6 - https:\/\/yoast.com\/wordpress\/plugins\/seo\/ -->\n<title>Feuilles de manguier I Produits naturels aux bienfaits nombreux<\/title>\n<meta name=\"description\" content=\"Les\u00a0feuilles de manguier\u00a0ne sont pas aussi populaires que leur fruit. Elles ont des propri\u00e9t\u00e9s qui contribuent \u00e0 am\u00e9liorer la sant\u00e9.\" \/>\n<meta name=\"robots\" content=\"index, follow, max-snippet:-1, max-image-preview:large, max-video-preview:-1\" \/>\n<link rel=\"canonical\" href=\"https:\/\/www.safinel.fr\/de\/product-2\/mangoblatt\/\" \/>\n<meta property=\"og:locale\" content=\"de_DE\" \/>\n<meta property=\"og:type\" content=\"article\" \/>\n<meta property=\"og:title\" content=\"Feuilles de manguier I Produits naturels aux bienfaits nombreux\" \/>\n<meta property=\"og:description\" content=\"Les\u00a0feuilles de manguier\u00a0ne sont pas aussi populaires que leur fruit. Elles ont des propri\u00e9t\u00e9s qui contribuent \u00e0 am\u00e9liorer la sant\u00e9.\" \/>\n<meta property=\"og:url\" content=\"https:\/\/www.safinel.fr\/de\/product-2\/mangoblatt\/\" \/>\n<meta property=\"og:site_name\" content=\"Safinel\" \/>\n<meta property=\"article:modified_time\" content=\"2023-12-28T17:15:18+00:00\" \/>\n<meta property=\"og:image\" content=\"https:\/\/www.safinel.fr\/wp-content\/uploads\/2022\/06\/feuilles-de-manguier.jpg\" \/>\n\t<meta property=\"og:image:width\" content=\"600\" \/>\n\t<meta property=\"og:image:height\" content=\"600\" \/>\n\t<meta property=\"og:image:type\" content=\"image\/jpeg\" \/>\n<meta name=\"twitter:card\" content=\"summary_large_image\" \/>\n<meta name=\"twitter:label1\" content=\"Gesch\u00e4tzte Lesezeit\" \/>\n\t<meta name=\"twitter:data1\" content=\"3\u00a0Minuten\" \/>\n<script type=\"application\/ld+json\" class=\"yoast-schema-graph\">{\"@context\":\"https:\/\/schema.org\",\"@graph\":[{\"@type\":\"WebPage\",\"@id\":\"https:\/\/www.safinel.fr\/produit\/feuille-de-manguier\/\",\"url\":\"https:\/\/www.safinel.fr\/produit\/feuille-de-manguier\/\",\"name\":\"Feuilles de manguier I Produits naturels aux bienfaits nombreux\",\"isPartOf\":{\"@id\":\"https:\/\/www.safinel.fr\/#website\"},\"primaryImageOfPage\":{\"@id\":\"https:\/\/www.safinel.fr\/produit\/feuille-de-manguier\/#primaryimage\"},\"image\":{\"@id\":\"https:\/\/www.safinel.fr\/produit\/feuille-de-manguier\/#primaryimage\"},\"thumbnailUrl\":\"https:\/\/www.safinel.fr\/wp-content\/uploads\/2022\/06\/feuilles-de-manguier.jpg\",\"datePublished\":\"2022-06-12T05:33:58+00:00\",\"dateModified\":\"2023-12-28T17:15:18+00:00\",\"description\":\"Les\u00a0feuilles de manguier\u00a0ne sont pas aussi populaires que leur fruit. Elles ont des propri\u00e9t\u00e9s qui contribuent \u00e0 am\u00e9liorer la sant\u00e9.\",\"breadcrumb\":{\"@id\":\"https:\/\/www.safinel.fr\/produit\/feuille-de-manguier\/#breadcrumb\"},\"inLanguage\":\"de\",\"potentialAction\":[{\"@type\":\"ReadAction\",\"target\":[\"https:\/\/www.safinel.fr\/produit\/feuille-de-manguier\/\"]}]},{\"@type\":\"ImageObject\",\"inLanguage\":\"de\",\"@id\":\"https:\/\/www.safinel.fr\/produit\/feuille-de-manguier\/#primaryimage\",\"url\":\"https:\/\/www.safinel.fr\/wp-content\/uploads\/2022\/06\/feuilles-de-manguier.jpg\",\"contentUrl\":\"https:\/\/www.safinel.fr\/wp-content\/uploads\/2022\/06\/feuilles-de-manguier.jpg\",\"width\":600,\"height\":600,\"caption\":\"Feuille de manguier\"},{\"@type\":\"BreadcrumbList\",\"@id\":\"https:\/\/www.safinel.fr\/produit\/feuille-de-manguier\/#breadcrumb\",\"itemListElement\":[{\"@type\":\"ListItem\",\"position\":1,\"name\":\"Accueil\",\"item\":\"https:\/\/www.safinel.fr\/\"},{\"@type\":\"ListItem\",\"position\":2,\"name\":\"Boutique\",\"item\":\"https:\/\/www.safinel.fr\/boutique\/\"},{\"@type\":\"ListItem\",\"position\":3,\"name\":\"Feuilles de manguier\"}]},{\"@type\":\"WebSite\",\"@id\":\"https:\/\/www.safinel.fr\/#website\",\"url\":\"https:\/\/www.safinel.fr\/\",\"name\":\"Safinel\",\"description\":\"\",\"publisher\":{\"@id\":\"https:\/\/www.safinel.fr\/#organization\"},\"potentialAction\":[{\"@type\":\"SearchAction\",\"target\":{\"@type\":\"EntryPoint\",\"urlTemplate\":\"https:\/\/www.safinel.fr\/?s={search_term_string}\"},\"query-input\":{\"@type\":\"PropertyValueSpecification\",\"valueRequired\":true,\"valueName\":\"search_term_string\"}}],\"inLanguage\":\"de\"},{\"@type\":\"Organization\",\"@id\":\"https:\/\/www.safinel.fr\/#organization\",\"name\":\"Safinel\",\"url\":\"https:\/\/www.safinel.fr\/\",\"logo\":{\"@type\":\"ImageObject\",\"inLanguage\":\"de\",\"@id\":\"https:\/\/www.safinel.fr\/#\/schema\/logo\/image\/\",\"url\":\"https:\/\/www.safinel.fr\/wp-content\/uploads\/2021\/05\/boutique-cosmetique.png\",\"contentUrl\":\"https:\/\/www.safinel.fr\/wp-content\/uploads\/2021\/05\/boutique-cosmetique.png\",\"width\":800,\"height\":200,\"caption\":\"Safinel\"},\"image\":{\"@id\":\"https:\/\/www.safinel.fr\/#\/schema\/logo\/image\/\"}}]}<\/script>\n<!-- \/ Yoast SEO plugin. -->","yoast_head_json":{"title":"Mangobl\u00e4tter I Nat\u00fcrliche Produkte mit vielen Vorteilen","description":"Die Bl\u00e4tter des Mangobaums sind nicht so beliebt wie ihre Fr\u00fcchte. Sie haben Eigenschaften, die zur Verbesserung der Gesundheit beitragen.","robots":{"index":"index","follow":"follow","max-snippet":"max-snippet:-1","max-image-preview":"max-image-preview:large","max-video-preview":"max-video-preview:-1"},"canonical":"https:\/\/www.safinel.fr\/de\/product-2\/mangoblatt\/","og_locale":"de_DE","og_type":"article","og_title":"Feuilles de manguier I Produits naturels aux bienfaits nombreux","og_description":"Les\u00a0feuilles de manguier\u00a0ne sont pas aussi populaires que leur fruit. Elles ont des propri\u00e9t\u00e9s qui contribuent \u00e0 am\u00e9liorer la sant\u00e9.","og_url":"https:\/\/www.safinel.fr\/de\/product-2\/mangoblatt\/","og_site_name":"Safinel","article_modified_time":"2023-12-28T17:15:18+00:00","og_image":[{"width":600,"height":600,"url":"https:\/\/www.safinel.fr\/wp-content\/uploads\/2022\/06\/feuilles-de-manguier.jpg","type":"image\/jpeg"}],"twitter_card":"summary_large_image","twitter_misc":{"Gesch\u00e4tzte Lesezeit":"3\u00a0Minuten"},"schema":{"@context":"https:\/\/schema.org","@graph":[{"@type":"WebPage","@id":"https:\/\/www.safinel.fr\/produit\/feuille-de-manguier\/","url":"https:\/\/www.safinel.fr\/produit\/feuille-de-manguier\/","name":"Mangobl\u00e4tter I Nat\u00fcrliche Produkte mit vielen Vorteilen","isPartOf":{"@id":"https:\/\/www.safinel.fr\/#website"},"primaryImageOfPage":{"@id":"https:\/\/www.safinel.fr\/produit\/feuille-de-manguier\/#primaryimage"},"image":{"@id":"https:\/\/www.safinel.fr\/produit\/feuille-de-manguier\/#primaryimage"},"thumbnailUrl":"https:\/\/www.safinel.fr\/wp-content\/uploads\/2022\/06\/feuilles-de-manguier.jpg","datePublished":"2022-06-12T05:33:58+00:00","dateModified":"2023-12-28T17:15:18+00:00","description":"Die Bl\u00e4tter des Mangobaums sind nicht so beliebt wie ihre Fr\u00fcchte. Sie haben Eigenschaften, die zur Verbesserung der Gesundheit beitragen.","breadcrumb":{"@id":"https:\/\/www.safinel.fr\/produit\/feuille-de-manguier\/#breadcrumb"},"inLanguage":"de","potentialAction":[{"@type":"ReadAction","target":["https:\/\/www.safinel.fr\/produit\/feuille-de-manguier\/"]}]},{"@type":"ImageObject","inLanguage":"de","@id":"https:\/\/www.safinel.fr\/produit\/feuille-de-manguier\/#primaryimage","url":"https:\/\/www.safinel.fr\/wp-content\/uploads\/2022\/06\/feuilles-de-manguier.jpg","contentUrl":"https:\/\/www.safinel.fr\/wp-content\/uploads\/2022\/06\/feuilles-de-manguier.jpg","width":600,"height":600,"caption":"Feuille de manguier"},{"@type":"BreadcrumbList","@id":"https:\/\/www.safinel.fr\/produit\/feuille-de-manguier\/#breadcrumb","itemListElement":[{"@type":"ListItem","position":1,"name":"Accueil","item":"https:\/\/www.safinel.fr\/"},{"@type":"ListItem","position":2,"name":"Boutique","item":"https:\/\/www.safinel.fr\/boutique\/"},{"@type":"ListItem","position":3,"name":"Feuilles de manguier"}]},{"@type":"WebSite","@id":"https:\/\/www.safinel.fr\/#website","url":"https:\/\/www.safinel.fr\/","name":"Safinel","description":"","publisher":{"@id":"https:\/\/www.safinel.fr\/#organization"},"potentialAction":[{"@type":"SearchAction","target":{"@type":"EntryPoint","urlTemplate":"https:\/\/www.safinel.fr\/?s={search_term_string}"},"query-input":{"@type":"PropertyValueSpecification","valueRequired":true,"valueName":"search_term_string"}}],"inLanguage":"de"},{"@type":"Organization","@id":"https:\/\/www.safinel.fr\/#organization","name":"Safinel","url":"https:\/\/www.safinel.fr\/","logo":{"@type":"ImageObject","inLanguage":"de","@id":"https:\/\/www.safinel.fr\/#\/schema\/logo\/image\/","url":"https:\/\/www.safinel.fr\/wp-content\/uploads\/2021\/05\/boutique-cosmetique.png","contentUrl":"https:\/\/www.safinel.fr\/wp-content\/uploads\/2021\/05\/boutique-cosmetique.png","width":800,"height":200,"caption":"Safinel"},"image":{"@id":"https:\/\/www.safinel.fr\/#\/schema\/logo\/image\/"}}]}},"_links":{"self":[{"href":"https:\/\/www.safinel.fr\/de\/wp-json\/wp\/v2\/product\/1457","targetHints":{"allow":["GET"]}}],"collection":[{"href":"https:\/\/www.safinel.fr\/de\/wp-json\/wp\/v2\/product"}],"about":[{"href":"https:\/\/www.safinel.fr\/de\/wp-json\/wp\/v2\/types\/product"}],"wp:featuredmedia":[{"embeddable":true,"href":"https:\/\/www.safinel.fr\/de\/wp-json\/wp\/v2\/media\/1458"}],"wp:attachment":[{"href":"https:\/\/www.safinel.fr\/de\/wp-json\/wp\/v2\/media?parent=1457"}],"wp:term":[{"taxonomy":"product_brand","embeddable":true,"href":"https:\/\/www.safinel.fr\/de\/wp-json\/wp\/v2\/product_brand?post=1457"},{"taxonomy":"product_cat","embeddable":true,"href":"https:\/\/www.safinel.fr\/de\/wp-json\/wp\/v2\/product_cat?post=1457"},{"taxonomy":"product_tag","embeddable":true,"href":"https:\/\/www.safinel.fr\/de\/wp-json\/wp\/v2\/product_tag?post=1457"}],"curies":[{"name":"wp","href":"https:\/\/api.w.org\/{rel}","templated":true}]}}