{"id":1440,"date":"2022-04-09T14:31:20","date_gmt":"2022-04-09T14:31:20","guid":{"rendered":"https:\/\/www.safinel.fr\/?post_type=product&#038;p=1440"},"modified":"2023-12-28T17:15:18","modified_gmt":"2023-12-28T17:15:18","slug":"lakritzbonbon","status":"publish","type":"product","link":"https:\/\/www.safinel.fr\/de\/product-2\/lakritzbonbon\/","title":{"rendered":"Lakritzbonbon"},"content":{"rendered":"<p>In deinem Rucksack befinden sich Buntstifte, eine T\u00fcte mit Murmeln, eine Packung Milch und allerlei S\u00fc\u00dfigkeiten. Machen Sie sich bereit f\u00fcr eine Reise, die nicht wie jede andere ist ... Endlich ist es an der Zeit, f\u00fcr einen kurzen Moment in die Kindheit zur\u00fcckzukehren und \u00fcber den ber\u00fchmten <strong>Lakritzbonbon<\/strong> !<\/p>\n<h2><strong>Bonbon r<\/strong><strong>eglisse <\/strong><strong>zur\u00fcck in die Vergangenheit\u00a0<\/strong><\/h2>\n<p>Haben Sie Ihre Schuhe richtig gebunden? Halten Sie sich gut an den H\u00e4nden, denn der Ausflug wird bald beginnen. Auf der Tagesordnung stehen Lakritzbonbons und Co, die Zeit der Erinnerungen ist gekommen!<\/p>\n<p>In der Tat war diese fr\u00fcher sehr umworbene S\u00fc\u00dfigkeit die S\u00fc\u00dfigkeit schlechthin. Es gab ihn in vielen verschiedenen Formen, von denen eine genauso gut schmeckte wie die andere!<\/p>\n<ul>\n<li><strong>Hartbonbon zum Lutschen<\/strong> die die Gro\u00dfeltern behutsam in einer Schachtel aufbewahrten, um sie als Belohnung zu verschenken.<\/li>\n<li>Kleines Sandwich in <strong>Mandelpaste<\/strong> und l\u00e4sst den ber\u00fchmten Hauch von Lakritze erkennen<\/li>\n<li>Die bekanntesten sind die unersetzlichen<strong> Lakritzrollen <\/strong>!<\/li>\n<\/ul>\n<p>So viel Auswahl, f\u00fcr einen einzigartigen und fantastischen Geschmack. Er wurde mit vielen verschiedenen Geschmacksrichtungen kombiniert, um auch den gr\u00f6\u00dften Naschkatzen Freude zu bereiten.<\/p>\n<h2><strong>bonbon reglisse : Beschreibung, emotion sensation!<\/strong><\/h2>\n<p>Erinnerungen sind manchmal mit Gef\u00fchlen, Emotionen oder auch bestimmten Momenten verbunden, die sich in das Ged\u00e4chtnis eingepr\u00e4gt haben.<strong> Die S\u00fc\u00dfigkeiten<\/strong> haben diese sichere Beziehung, die das Kind liebt... aber nicht nur das Kind!<\/p>\n<p>In der Tat, <strong>S\u00fc\u00dfigkeiten<\/strong> sind daf\u00fcr bekannt, dass sie<strong> ein Entspannungsmittel<\/strong>, Sie werden auch von \u00e4lteren Menschen bei Angstzust\u00e4nden oder schwierigen Ereignissen gesch\u00e4tzt.<\/p>\n<p>Die <strong>S\u00fc\u00dfe einer S\u00fc\u00dfigkeit<\/strong> zur Freude des Gaumens. Lakritz ist sein <a href=\"https:\/\/www.safinel.fr\/de\/product-2\/susholztee\/\"><strong>Anisgeschmack<\/strong><\/a> ist eine der angenehmsten S\u00fc\u00dfigkeiten im Mund. Ob f\u00fcr die \u00e4ltere Generation oder f\u00fcr die heutige, diese S\u00fc\u00dfigkeit ist einfach zeitlos!<\/p>\n<h2><strong>Bonbon reglisse: Eine S\u00fc\u00dfigkeit, die wieder in Mode kommt<\/strong><\/h2>\n<p>In der Tat ist diese legend\u00e4re S\u00fc\u00dfigkeit, die in den 80er Jahren sehr bekannt war, heute wieder in voller Bl\u00fcte zu sehen! Immer noch in seinen bekanntesten Formen, wei\u00df er zu verf\u00fchren. Langsam, aber sicher erklimmt er die Leiter in der Beliebtheitsskala der Kleinen, und das zur Freude der Eltern!<\/p>\n<p>In <strong>Familienkiste<\/strong>, oder in <strong>Einzelbeutel<\/strong>, Lakritz ist die S\u00fc\u00dfigkeit, die nie aus der Mode kommt! Viele S\u00fc\u00dfigkeiten haben ihr Aussterben kommen sehen, aber dieses St\u00e4bchen hat beschlossen, gegen den Zeitgeist anzuk\u00e4mpfen.<\/p>\n<p>Wenn Sie auch zu denjenigen geh\u00f6ren, die gerne S\u00fc\u00dfigkeiten und vor allem Lakritzbonbons essen, sind Sie hier genau richtig!<\/p>\n<h3><strong>Und Sie, was ist Ihre liebste Lakritzs\u00fc\u00dfigkeit?<\/strong><\/h3>\n<p>Wir sind neugierig auf Ihre <strong>schwarze S\u00fc\u00dfigkeit<\/strong> mit Anisgeschmack, die Sie am liebsten m\u00f6gen. Drehen oder doch lieber ein Sandwich aus Zuckerpaste? Ob Bonbon zum Lutschen oder kleine S\u00fc\u00dfigkeit, wichtig ist, dass Ihre Freude sp\u00fcrbar ist!<\/p>\n<p>Ohne den Spa\u00df zu verderben, ist es jedoch genauso wichtig, darauf hinzuweisen, dass zu viel Zucker nicht empfehlenswert ist. Und dass es gut f\u00fcr den K\u00f6rper ist, Obst und Gem\u00fcse zu bevorzugen!<\/p>\n<p>Umso mehr sollten Sie daran denken, Ihre Z\u00e4hne 2 bis 3 Mal am Tag gr\u00fcndlich zu putzen, um ein gesundes Gebiss zu erhalten.<\/p>","protected":false},"excerpt":{"rendered":"<p><strong>Eigenschaften :<\/strong><\/p>\n<p>Vegan laktosefrei ohne tierische Substanzen.<\/p>","protected":false},"featured_media":1444,"template":"","meta":[],"product_brand":[],"product_cat":[28],"product_tag":[],"class_list":{"0":"post-1440","1":"product","2":"type-product","3":"status-publish","4":"has-post-thumbnail","6":"product_cat-divers","8":"first","9":"outofstock","10":"shipping-taxable","11":"purchasable","12":"product-type-variable"},"yoast_head":"<!-- This site is optimized with the Yoast SEO plugin v26.6 - https:\/\/yoast.com\/wordpress\/plugins\/seo\/ -->\n<title>Bonbon reglisse | V\u00e9gan sans lactose et sans substance animal<\/title>\n<meta name=\"description\" content=\"Il est enfin venu le temps de retourner en enfance pour un court instant et de parler du fameux bonbon reglisse.\" \/>\n<meta name=\"robots\" content=\"index, follow, max-snippet:-1, max-image-preview:large, max-video-preview:-1\" \/>\n<link rel=\"canonical\" href=\"https:\/\/www.safinel.fr\/de\/product-2\/lakritzbonbon\/\" \/>\n<meta property=\"og:locale\" content=\"de_DE\" \/>\n<meta property=\"og:type\" content=\"article\" \/>\n<meta property=\"og:title\" content=\"Bonbon reglisse | V\u00e9gan sans lactose et sans substance animal\" \/>\n<meta property=\"og:description\" content=\"Il est enfin venu le temps de retourner en enfance pour un court instant et de parler du fameux bonbon reglisse.\" \/>\n<meta property=\"og:url\" content=\"https:\/\/www.safinel.fr\/de\/product-2\/lakritzbonbon\/\" \/>\n<meta property=\"og:site_name\" content=\"Safinel\" \/>\n<meta property=\"article:modified_time\" content=\"2023-12-28T17:15:18+00:00\" \/>\n<meta property=\"og:image\" content=\"https:\/\/www.safinel.fr\/wp-content\/uploads\/2022\/06\/bonbon-reglisse-vrac.jpg\" \/>\n\t<meta property=\"og:image:width\" content=\"600\" \/>\n\t<meta property=\"og:image:height\" content=\"600\" \/>\n\t<meta property=\"og:image:type\" content=\"image\/jpeg\" \/>\n<meta name=\"twitter:card\" content=\"summary_large_image\" \/>\n<meta name=\"twitter:label1\" content=\"Gesch\u00e4tzte Lesezeit\" \/>\n\t<meta name=\"twitter:data1\" content=\"3\u00a0Minuten\" \/>\n<script type=\"application\/ld+json\" class=\"yoast-schema-graph\">{\"@context\":\"https:\/\/schema.org\",\"@graph\":[{\"@type\":\"WebPage\",\"@id\":\"https:\/\/www.safinel.fr\/produit\/bonbon-reglisse\/\",\"url\":\"https:\/\/www.safinel.fr\/produit\/bonbon-reglisse\/\",\"name\":\"Bonbon reglisse | V\u00e9gan sans lactose et sans substance animal\",\"isPartOf\":{\"@id\":\"https:\/\/www.safinel.fr\/#website\"},\"primaryImageOfPage\":{\"@id\":\"https:\/\/www.safinel.fr\/produit\/bonbon-reglisse\/#primaryimage\"},\"image\":{\"@id\":\"https:\/\/www.safinel.fr\/produit\/bonbon-reglisse\/#primaryimage\"},\"thumbnailUrl\":\"https:\/\/www.safinel.fr\/wp-content\/uploads\/2022\/06\/bonbon-reglisse-vrac.jpg\",\"datePublished\":\"2022-04-09T14:31:20+00:00\",\"dateModified\":\"2023-12-28T17:15:18+00:00\",\"description\":\"Il est enfin venu le temps de retourner en enfance pour un court instant et de parler du fameux bonbon reglisse.\",\"breadcrumb\":{\"@id\":\"https:\/\/www.safinel.fr\/produit\/bonbon-reglisse\/#breadcrumb\"},\"inLanguage\":\"de\",\"potentialAction\":[{\"@type\":\"ReadAction\",\"target\":[\"https:\/\/www.safinel.fr\/produit\/bonbon-reglisse\/\"]}]},{\"@type\":\"ImageObject\",\"inLanguage\":\"de\",\"@id\":\"https:\/\/www.safinel.fr\/produit\/bonbon-reglisse\/#primaryimage\",\"url\":\"https:\/\/www.safinel.fr\/wp-content\/uploads\/2022\/06\/bonbon-reglisse-vrac.jpg\",\"contentUrl\":\"https:\/\/www.safinel.fr\/wp-content\/uploads\/2022\/06\/bonbon-reglisse-vrac.jpg\",\"width\":600,\"height\":600,\"caption\":\"Bonbon reglisse\"},{\"@type\":\"BreadcrumbList\",\"@id\":\"https:\/\/www.safinel.fr\/produit\/bonbon-reglisse\/#breadcrumb\",\"itemListElement\":[{\"@type\":\"ListItem\",\"position\":1,\"name\":\"Accueil\",\"item\":\"https:\/\/www.safinel.fr\/\"},{\"@type\":\"ListItem\",\"position\":2,\"name\":\"Boutique\",\"item\":\"https:\/\/www.safinel.fr\/boutique\/\"},{\"@type\":\"ListItem\",\"position\":3,\"name\":\"Bonbon reglisse\"}]},{\"@type\":\"WebSite\",\"@id\":\"https:\/\/www.safinel.fr\/#website\",\"url\":\"https:\/\/www.safinel.fr\/\",\"name\":\"Safinel\",\"description\":\"\",\"publisher\":{\"@id\":\"https:\/\/www.safinel.fr\/#organization\"},\"potentialAction\":[{\"@type\":\"SearchAction\",\"target\":{\"@type\":\"EntryPoint\",\"urlTemplate\":\"https:\/\/www.safinel.fr\/?s={search_term_string}\"},\"query-input\":{\"@type\":\"PropertyValueSpecification\",\"valueRequired\":true,\"valueName\":\"search_term_string\"}}],\"inLanguage\":\"de\"},{\"@type\":\"Organization\",\"@id\":\"https:\/\/www.safinel.fr\/#organization\",\"name\":\"Safinel\",\"url\":\"https:\/\/www.safinel.fr\/\",\"logo\":{\"@type\":\"ImageObject\",\"inLanguage\":\"de\",\"@id\":\"https:\/\/www.safinel.fr\/#\/schema\/logo\/image\/\",\"url\":\"https:\/\/www.safinel.fr\/wp-content\/uploads\/2021\/05\/boutique-cosmetique.png\",\"contentUrl\":\"https:\/\/www.safinel.fr\/wp-content\/uploads\/2021\/05\/boutique-cosmetique.png\",\"width\":800,\"height\":200,\"caption\":\"Safinel\"},\"image\":{\"@id\":\"https:\/\/www.safinel.fr\/#\/schema\/logo\/image\/\"}}]}<\/script>\n<!-- \/ Yoast SEO plugin. -->","yoast_head_json":{"title":"Lakritzbonbons | Vegan laktosefrei und ohne tierische Inhaltsstoffe","description":"Endlich ist es an der Zeit, f\u00fcr einen kurzen Moment in die Kindheit zur\u00fcckzukehren und \u00fcber das ber\u00fchmte Bonbon reglisse zu sprechen.","robots":{"index":"index","follow":"follow","max-snippet":"max-snippet:-1","max-image-preview":"max-image-preview:large","max-video-preview":"max-video-preview:-1"},"canonical":"https:\/\/www.safinel.fr\/de\/product-2\/lakritzbonbon\/","og_locale":"de_DE","og_type":"article","og_title":"Bonbon reglisse | V\u00e9gan sans lactose et sans substance animal","og_description":"Il est enfin venu le temps de retourner en enfance pour un court instant et de parler du fameux bonbon reglisse.","og_url":"https:\/\/www.safinel.fr\/de\/product-2\/lakritzbonbon\/","og_site_name":"Safinel","article_modified_time":"2023-12-28T17:15:18+00:00","og_image":[{"width":600,"height":600,"url":"https:\/\/www.safinel.fr\/wp-content\/uploads\/2022\/06\/bonbon-reglisse-vrac.jpg","type":"image\/jpeg"}],"twitter_card":"summary_large_image","twitter_misc":{"Gesch\u00e4tzte Lesezeit":"3\u00a0Minuten"},"schema":{"@context":"https:\/\/schema.org","@graph":[{"@type":"WebPage","@id":"https:\/\/www.safinel.fr\/produit\/bonbon-reglisse\/","url":"https:\/\/www.safinel.fr\/produit\/bonbon-reglisse\/","name":"Lakritzbonbons | Vegan laktosefrei und ohne tierische Inhaltsstoffe","isPartOf":{"@id":"https:\/\/www.safinel.fr\/#website"},"primaryImageOfPage":{"@id":"https:\/\/www.safinel.fr\/produit\/bonbon-reglisse\/#primaryimage"},"image":{"@id":"https:\/\/www.safinel.fr\/produit\/bonbon-reglisse\/#primaryimage"},"thumbnailUrl":"https:\/\/www.safinel.fr\/wp-content\/uploads\/2022\/06\/bonbon-reglisse-vrac.jpg","datePublished":"2022-04-09T14:31:20+00:00","dateModified":"2023-12-28T17:15:18+00:00","description":"Endlich ist es an der Zeit, f\u00fcr einen kurzen Moment in die Kindheit zur\u00fcckzukehren und \u00fcber das ber\u00fchmte Bonbon reglisse zu sprechen.","breadcrumb":{"@id":"https:\/\/www.safinel.fr\/produit\/bonbon-reglisse\/#breadcrumb"},"inLanguage":"de","potentialAction":[{"@type":"ReadAction","target":["https:\/\/www.safinel.fr\/produit\/bonbon-reglisse\/"]}]},{"@type":"ImageObject","inLanguage":"de","@id":"https:\/\/www.safinel.fr\/produit\/bonbon-reglisse\/#primaryimage","url":"https:\/\/www.safinel.fr\/wp-content\/uploads\/2022\/06\/bonbon-reglisse-vrac.jpg","contentUrl":"https:\/\/www.safinel.fr\/wp-content\/uploads\/2022\/06\/bonbon-reglisse-vrac.jpg","width":600,"height":600,"caption":"Bonbon reglisse"},{"@type":"BreadcrumbList","@id":"https:\/\/www.safinel.fr\/produit\/bonbon-reglisse\/#breadcrumb","itemListElement":[{"@type":"ListItem","position":1,"name":"Accueil","item":"https:\/\/www.safinel.fr\/"},{"@type":"ListItem","position":2,"name":"Boutique","item":"https:\/\/www.safinel.fr\/boutique\/"},{"@type":"ListItem","position":3,"name":"Bonbon reglisse"}]},{"@type":"WebSite","@id":"https:\/\/www.safinel.fr\/#website","url":"https:\/\/www.safinel.fr\/","name":"Safinel","description":"","publisher":{"@id":"https:\/\/www.safinel.fr\/#organization"},"potentialAction":[{"@type":"SearchAction","target":{"@type":"EntryPoint","urlTemplate":"https:\/\/www.safinel.fr\/?s={search_term_string}"},"query-input":{"@type":"PropertyValueSpecification","valueRequired":true,"valueName":"search_term_string"}}],"inLanguage":"de"},{"@type":"Organization","@id":"https:\/\/www.safinel.fr\/#organization","name":"Safinel","url":"https:\/\/www.safinel.fr\/","logo":{"@type":"ImageObject","inLanguage":"de","@id":"https:\/\/www.safinel.fr\/#\/schema\/logo\/image\/","url":"https:\/\/www.safinel.fr\/wp-content\/uploads\/2021\/05\/boutique-cosmetique.png","contentUrl":"https:\/\/www.safinel.fr\/wp-content\/uploads\/2021\/05\/boutique-cosmetique.png","width":800,"height":200,"caption":"Safinel"},"image":{"@id":"https:\/\/www.safinel.fr\/#\/schema\/logo\/image\/"}}]}},"_links":{"self":[{"href":"https:\/\/www.safinel.fr\/de\/wp-json\/wp\/v2\/product\/1440","targetHints":{"allow":["GET"]}}],"collection":[{"href":"https:\/\/www.safinel.fr\/de\/wp-json\/wp\/v2\/product"}],"about":[{"href":"https:\/\/www.safinel.fr\/de\/wp-json\/wp\/v2\/types\/product"}],"wp:featuredmedia":[{"embeddable":true,"href":"https:\/\/www.safinel.fr\/de\/wp-json\/wp\/v2\/media\/1444"}],"wp:attachment":[{"href":"https:\/\/www.safinel.fr\/de\/wp-json\/wp\/v2\/media?parent=1440"}],"wp:term":[{"taxonomy":"product_brand","embeddable":true,"href":"https:\/\/www.safinel.fr\/de\/wp-json\/wp\/v2\/product_brand?post=1440"},{"taxonomy":"product_cat","embeddable":true,"href":"https:\/\/www.safinel.fr\/de\/wp-json\/wp\/v2\/product_cat?post=1440"},{"taxonomy":"product_tag","embeddable":true,"href":"https:\/\/www.safinel.fr\/de\/wp-json\/wp\/v2\/product_tag?post=1440"}],"curies":[{"name":"wp","href":"https:\/\/api.w.org\/{rel}","templated":true}]}}