{"id":1433,"date":"2022-06-09T14:15:30","date_gmt":"2022-06-09T14:15:30","guid":{"rendered":"https:\/\/www.safinel.fr\/?post_type=product&#038;p=1433"},"modified":"2026-02-04T09:45:36","modified_gmt":"2026-02-04T09:45:36","slug":"zwergpalme","status":"publish","type":"product","link":"https:\/\/www.safinel.fr\/de\/product-2\/zwergpalme\/","title":{"rendered":"Zwergpalme (Saw palmetto)"},"content":{"rendered":"<p>Naturliebhaber guten Tag! Heute sprechen wir \u00fcber\u00a0<strong>Heilpflanze<\/strong>. F\u00fcr diejenigen, die nat\u00fcrliche Behandlungen bevorzugen, haben wir wahrscheinlich einen Nugget, den wir Ihnen vorstellen m\u00f6chten! Wir wechseln den Kontinent und gehen nach Amerika, wo die Zwergpalme alias \"Pink Palm\" zu Hause ist. <strong>S\u00e4ge Palmetto<\/strong>\u00a0!<\/p>\n<h2><strong>Lernen Sie die Zwergpalme kennen<\/strong><\/h2>\n<p>Saw palmetto, auch bekannt als\u00a0<strong>Palmkohl,<\/strong>\u00a0oder\u00a0<strong>sabal,<\/strong>\u00a0wird am h\u00e4ufigsten auf dem amerikanischen Kontinent gesichtet, genauer gesagt in der N\u00e4he von Mexiko oder Kolumbien. F\u00fcr diejenigen, die sich fragen, wie er wohl aussehen mag ...? Wir lassen Sie sich ein\u00a0<strong>kleinw\u00fcchsige Palme<\/strong>\u00a0!<\/p>\n<p>Tats\u00e4chlich geh\u00f6rt er zur Familie der Aronstabgew\u00e4chse und gilt daher als ein\u00a0<strong>Zwergpalme<\/strong>, Er sieht den Baumstamm, der zwischen 1,5 und 3 Meter hoch werden kann. Die wichtigste Information ist jedoch die Begegnung mit den\u00a0<strong>Saw Palmetto Fr\u00fcchte<\/strong>. Diese waren oft f\u00fcr ihre Auswirkungen bekannt<strong>\u00a0Aphrodisiaka<\/strong>\u00a0und f\u00fcr ihre positive Wirkung bei Problemen im Zusammenhang mit der Prostata.<\/p>\n<p>Geduld ist eine Tugend, also seien Sie beruhigt, wir werden \u00fcber die Qualit\u00e4ten sprechen, \u00fcber die zarten kleinen<strong>\u00a0Kohlfr\u00fcchte Palmen<\/strong>\u00a0! Diese kleinen Beeren sind daf\u00fcr bekannt, dass sie einen s\u00fc\u00dfen Geschmack haben und ein w\u00e4rmendes Gef\u00fchl im K\u00f6rper erzeugen!<\/p>\n<h2><strong>Entdecken Sie die Vorteile von Saw Palmetto\u00a0<\/strong><\/h2>\n<p>Es ist an der Zeit, dass wir diesen\u00a0<strong>mexikanische Frucht<\/strong>\u00a0! Klein in der Gr\u00f6\u00dfe, aber stark in seinem Reichtum! Sind Sie bereit, die Tugenden dieses kleinen<strong>\u00a0amerikanische Frucht\u00a0<\/strong>?<\/p>\n<ul>\n<li>Zun\u00e4chst einmal ist es wichtig zu wissen, dass sein Fruchtfleisch bekanntlich ein sehr<strong>\u00a0gutes Aphrodisiakum<\/strong><\/li>\n<li>Zweitens ist es gut zu wissen, dass es gegen einige Probleme hilft, die mit der\u00a0<strong>Prostata<\/strong><\/li>\n<li>Kann helfen, den Haarausfall zu stoppen<\/li>\n<li>Kann auch ein Vorteil sein, um den\u00a0<strong>Testosteronspiegel<\/strong>\u00a0und so die Sexualit\u00e4t wieder in Schwung bringen!<\/li>\n<\/ul>\n<p>Jetzt, da Sie mehr \u00fcber Saw Palmetto wissen, m\u00fcssen Sie sich nur noch verf\u00fchren lassen! Wie Sie sicher schon bemerkt haben, m\u00f6chte Ihnen Ihr Fachgesch\u00e4ft stets das Beste aus den\u00a0<strong>Naturprodukte<\/strong>\u00a0!<\/p>\n<h2><strong>Kleine Tipps zur Verwendung der Zwergpalme<\/strong><\/h2>\n<p>Zun\u00e4chst einmal muss man wissen, ob es in Kapseln, als Kapsel oder auch als Pulver erh\u00e4ltlich ist.<strong>\u00a0nat\u00fcrliche Behandlung<\/strong>\u00a0kann ein echter Boost f\u00fcr den Mann sein!<\/p>\n<p>F\u00fcr diejenigen, die den pudrigen Aspekt mehr lieben, haben Sie die M\u00f6glichkeit, jeden Morgen davon zu profitieren. Geben Sie morgens und abends einen Teel\u00f6ffel in ein Glas Wasser und genie\u00dfen Sie es!<\/p>\n<p>Wenn jedoch Kapseln f\u00fcr Sie besser geeignet sind, eine f\u00fcr jede Mahlzeit, damit Sie angemessen von den\u00a0<strong>Qualit\u00e4ten des Sabals<\/strong>\u00a0!<\/p>\n<p><strong>Lassen Sie sich trotzdem von Ihrem Arzt beraten, bevor Sie ein Nahrungserg\u00e4nzungsmittel zu sich nehmen.\u00a0<\/strong><\/p>\n<h3><strong>Wie w\u00e4re es, wenn wir gemeinsam herausfinden, was Safinel f\u00fcr uns bereith\u00e4lt?<\/strong><\/h3>\n<p>Ihr auf Fruchtbarkeit spezialisierter Shop m\u00f6chte Ihnen qualitativ hochwertige Produkte anbieten, die f\u00fcr Ihren Alltag geeignet sein k\u00f6nnten. Von der <a href=\"https:\/\/www.safinel.fr\/de\/product-2\/kleine-cola\/\"><b>Kolanuss<\/b><\/a> an die\u00a0<a href=\"https:\/\/www.safinel.fr\/de\/product-2\/chebe-pulver-100g\/\"><strong>Ch\u00e9b\u00e9-Pulver<\/strong><\/a>, Wir m\u00f6chten, dass Ihr Wohlbefinden an erster Stelle steht! Z\u00f6gern Sie nicht l\u00e4nger und lassen Sie sich von den zahlreichen Produkten, die wir anbieten, verf\u00fchren!<\/p>\n<p>Ihr Online-Shop steht Ihnen weiterhin zur Verf\u00fcgung. Wenn Sie spezielle W\u00fcnsche oder Fragen haben, z\u00f6gern Sie nicht!<\/p>","protected":false},"excerpt":{"rendered":"<p>Hallo Naturliebhaber! Heute sprechen wir \u00fcber Heilpflanzen. F\u00fcr alle, die nat\u00fcrliche Heilmethoden sch\u00e4tzen, haben wir wahrscheinlich einen Geheimtipp f\u00fcr Sie! Dazu wechseln wir den Kontinent und begeben uns nach Amerika, wo wir die Zwergpalme, auch Saw Palmetto genannt, entdecken! Lernen Sie die Zwergpalme kennen Die Saw Palmetto, auch [\u2026]","protected":false},"featured_media":1435,"template":"","meta":[],"product_brand":[],"product_cat":[59,27],"product_tag":[],"class_list":{"0":"post-1433","1":"product","2":"type-product","3":"status-publish","4":"has-post-thumbnail","6":"product_cat-fruit-tropical","7":"product_cat-plantes-medicinales","9":"first","10":"outofstock","11":"shipping-taxable","12":"purchasable","13":"product-type-variable","14":"has-default-attributes"},"yoast_head":"<!-- This site is optimized with the Yoast SEO plugin v26.6 - https:\/\/yoast.com\/wordpress\/plugins\/seo\/ -->\n<title>Palmier nain | Saw palmetto | Fruit du Mexique par excellence<\/title>\n<meta name=\"description\" content=\"Pour celles et ceux qui affectionnent les traitements naturels, direction l&#039;Am\u00e9rique avec le Palmier nain alias Saw palmetto\u00a0!\u00a0\" \/>\n<meta name=\"robots\" content=\"index, follow, max-snippet:-1, max-image-preview:large, max-video-preview:-1\" \/>\n<link rel=\"canonical\" href=\"https:\/\/www.safinel.fr\/de\/product-2\/zwergpalme\/\" \/>\n<meta property=\"og:locale\" content=\"de_DE\" \/>\n<meta property=\"og:type\" content=\"article\" \/>\n<meta property=\"og:title\" content=\"Palmier nain | Saw palmetto | Fruit du Mexique par excellence\" \/>\n<meta property=\"og:description\" content=\"Pour celles et ceux qui affectionnent les traitements naturels, direction l&#039;Am\u00e9rique avec le Palmier nain alias Saw palmetto\u00a0!\u00a0\" \/>\n<meta property=\"og:url\" content=\"https:\/\/www.safinel.fr\/de\/product-2\/zwergpalme\/\" \/>\n<meta property=\"og:site_name\" content=\"Safinel\" \/>\n<meta property=\"article:modified_time\" content=\"2026-02-04T09:45:36+00:00\" \/>\n<meta property=\"og:image\" content=\"https:\/\/www.safinel.fr\/wp-content\/uploads\/2022\/06\/saw-palmetto.jpg\" \/>\n\t<meta property=\"og:image:width\" content=\"600\" \/>\n\t<meta property=\"og:image:height\" content=\"600\" \/>\n\t<meta property=\"og:image:type\" content=\"image\/jpeg\" \/>\n<meta name=\"twitter:card\" content=\"summary_large_image\" \/>\n<meta name=\"twitter:label1\" content=\"Gesch\u00e4tzte Lesezeit\" \/>\n\t<meta name=\"twitter:data1\" content=\"3\u00a0Minuten\" \/>\n<script type=\"application\/ld+json\" class=\"yoast-schema-graph\">{\"@context\":\"https:\/\/schema.org\",\"@graph\":[{\"@type\":\"WebPage\",\"@id\":\"https:\/\/www.safinel.fr\/produit\/palmier-nain\/\",\"url\":\"https:\/\/www.safinel.fr\/produit\/palmier-nain\/\",\"name\":\"Palmier nain | Saw palmetto | Fruit du Mexique par excellence\",\"isPartOf\":{\"@id\":\"https:\/\/www.safinel.fr\/#website\"},\"primaryImageOfPage\":{\"@id\":\"https:\/\/www.safinel.fr\/produit\/palmier-nain\/#primaryimage\"},\"image\":{\"@id\":\"https:\/\/www.safinel.fr\/produit\/palmier-nain\/#primaryimage\"},\"thumbnailUrl\":\"https:\/\/www.safinel.fr\/wp-content\/uploads\/2022\/06\/saw-palmetto.jpg\",\"datePublished\":\"2022-06-09T14:15:30+00:00\",\"dateModified\":\"2026-02-04T09:45:36+00:00\",\"description\":\"Pour celles et ceux qui affectionnent les traitements naturels, direction l'Am\u00e9rique avec le Palmier nain alias Saw palmetto\u00a0!\u00a0\",\"breadcrumb\":{\"@id\":\"https:\/\/www.safinel.fr\/produit\/palmier-nain\/#breadcrumb\"},\"inLanguage\":\"de\",\"potentialAction\":[{\"@type\":\"ReadAction\",\"target\":[\"https:\/\/www.safinel.fr\/produit\/palmier-nain\/\"]}]},{\"@type\":\"ImageObject\",\"inLanguage\":\"de\",\"@id\":\"https:\/\/www.safinel.fr\/produit\/palmier-nain\/#primaryimage\",\"url\":\"https:\/\/www.safinel.fr\/wp-content\/uploads\/2022\/06\/saw-palmetto.jpg\",\"contentUrl\":\"https:\/\/www.safinel.fr\/wp-content\/uploads\/2022\/06\/saw-palmetto.jpg\",\"width\":600,\"height\":600,\"caption\":\"Palmier nain (Saw palmetto)\"},{\"@type\":\"BreadcrumbList\",\"@id\":\"https:\/\/www.safinel.fr\/produit\/palmier-nain\/#breadcrumb\",\"itemListElement\":[{\"@type\":\"ListItem\",\"position\":1,\"name\":\"Accueil\",\"item\":\"https:\/\/www.safinel.fr\/\"},{\"@type\":\"ListItem\",\"position\":2,\"name\":\"Boutique\",\"item\":\"https:\/\/www.safinel.fr\/boutique\/\"},{\"@type\":\"ListItem\",\"position\":3,\"name\":\"Palmier nain (Saw palmetto)\"}]},{\"@type\":\"WebSite\",\"@id\":\"https:\/\/www.safinel.fr\/#website\",\"url\":\"https:\/\/www.safinel.fr\/\",\"name\":\"Safinel\",\"description\":\"\",\"publisher\":{\"@id\":\"https:\/\/www.safinel.fr\/#organization\"},\"potentialAction\":[{\"@type\":\"SearchAction\",\"target\":{\"@type\":\"EntryPoint\",\"urlTemplate\":\"https:\/\/www.safinel.fr\/?s={search_term_string}\"},\"query-input\":{\"@type\":\"PropertyValueSpecification\",\"valueRequired\":true,\"valueName\":\"search_term_string\"}}],\"inLanguage\":\"de\"},{\"@type\":\"Organization\",\"@id\":\"https:\/\/www.safinel.fr\/#organization\",\"name\":\"Safinel\",\"url\":\"https:\/\/www.safinel.fr\/\",\"logo\":{\"@type\":\"ImageObject\",\"inLanguage\":\"de\",\"@id\":\"https:\/\/www.safinel.fr\/#\/schema\/logo\/image\/\",\"url\":\"https:\/\/www.safinel.fr\/wp-content\/uploads\/2021\/05\/boutique-cosmetique.png\",\"contentUrl\":\"https:\/\/www.safinel.fr\/wp-content\/uploads\/2021\/05\/boutique-cosmetique.png\",\"width\":800,\"height\":200,\"caption\":\"Safinel\"},\"image\":{\"@id\":\"https:\/\/www.safinel.fr\/#\/schema\/logo\/image\/\"}}]}<\/script>\n<!-- \/ Yoast SEO plugin. -->","yoast_head_json":{"title":"Zwergpalme | Saw palmetto | Mexikanische Frucht par excellence","description":"F\u00fcr diejenigen, die nat\u00fcrliche Behandlungen bevorzugen, geht es nach Amerika mit der Zwergpalme alias Saw palmetto!\u00a0","robots":{"index":"index","follow":"follow","max-snippet":"max-snippet:-1","max-image-preview":"max-image-preview:large","max-video-preview":"max-video-preview:-1"},"canonical":"https:\/\/www.safinel.fr\/de\/product-2\/zwergpalme\/","og_locale":"de_DE","og_type":"article","og_title":"Palmier nain | Saw palmetto | Fruit du Mexique par excellence","og_description":"Pour celles et ceux qui affectionnent les traitements naturels, direction l'Am\u00e9rique avec le Palmier nain alias Saw palmetto\u00a0!\u00a0","og_url":"https:\/\/www.safinel.fr\/de\/product-2\/zwergpalme\/","og_site_name":"Safinel","article_modified_time":"2026-02-04T09:45:36+00:00","og_image":[{"width":600,"height":600,"url":"https:\/\/www.safinel.fr\/wp-content\/uploads\/2022\/06\/saw-palmetto.jpg","type":"image\/jpeg"}],"twitter_card":"summary_large_image","twitter_misc":{"Gesch\u00e4tzte Lesezeit":"3\u00a0Minuten"},"schema":{"@context":"https:\/\/schema.org","@graph":[{"@type":"WebPage","@id":"https:\/\/www.safinel.fr\/produit\/palmier-nain\/","url":"https:\/\/www.safinel.fr\/produit\/palmier-nain\/","name":"Zwergpalme | Saw palmetto | Mexikanische Frucht par excellence","isPartOf":{"@id":"https:\/\/www.safinel.fr\/#website"},"primaryImageOfPage":{"@id":"https:\/\/www.safinel.fr\/produit\/palmier-nain\/#primaryimage"},"image":{"@id":"https:\/\/www.safinel.fr\/produit\/palmier-nain\/#primaryimage"},"thumbnailUrl":"https:\/\/www.safinel.fr\/wp-content\/uploads\/2022\/06\/saw-palmetto.jpg","datePublished":"2022-06-09T14:15:30+00:00","dateModified":"2026-02-04T09:45:36+00:00","description":"F\u00fcr diejenigen, die nat\u00fcrliche Behandlungen bevorzugen, geht es nach Amerika mit der Zwergpalme alias Saw palmetto!\u00a0","breadcrumb":{"@id":"https:\/\/www.safinel.fr\/produit\/palmier-nain\/#breadcrumb"},"inLanguage":"de","potentialAction":[{"@type":"ReadAction","target":["https:\/\/www.safinel.fr\/produit\/palmier-nain\/"]}]},{"@type":"ImageObject","inLanguage":"de","@id":"https:\/\/www.safinel.fr\/produit\/palmier-nain\/#primaryimage","url":"https:\/\/www.safinel.fr\/wp-content\/uploads\/2022\/06\/saw-palmetto.jpg","contentUrl":"https:\/\/www.safinel.fr\/wp-content\/uploads\/2022\/06\/saw-palmetto.jpg","width":600,"height":600,"caption":"Palmier nain (Saw palmetto)"},{"@type":"BreadcrumbList","@id":"https:\/\/www.safinel.fr\/produit\/palmier-nain\/#breadcrumb","itemListElement":[{"@type":"ListItem","position":1,"name":"Accueil","item":"https:\/\/www.safinel.fr\/"},{"@type":"ListItem","position":2,"name":"Boutique","item":"https:\/\/www.safinel.fr\/boutique\/"},{"@type":"ListItem","position":3,"name":"Palmier nain (Saw palmetto)"}]},{"@type":"WebSite","@id":"https:\/\/www.safinel.fr\/#website","url":"https:\/\/www.safinel.fr\/","name":"Safinel","description":"","publisher":{"@id":"https:\/\/www.safinel.fr\/#organization"},"potentialAction":[{"@type":"SearchAction","target":{"@type":"EntryPoint","urlTemplate":"https:\/\/www.safinel.fr\/?s={search_term_string}"},"query-input":{"@type":"PropertyValueSpecification","valueRequired":true,"valueName":"search_term_string"}}],"inLanguage":"de"},{"@type":"Organization","@id":"https:\/\/www.safinel.fr\/#organization","name":"Safinel","url":"https:\/\/www.safinel.fr\/","logo":{"@type":"ImageObject","inLanguage":"de","@id":"https:\/\/www.safinel.fr\/#\/schema\/logo\/image\/","url":"https:\/\/www.safinel.fr\/wp-content\/uploads\/2021\/05\/boutique-cosmetique.png","contentUrl":"https:\/\/www.safinel.fr\/wp-content\/uploads\/2021\/05\/boutique-cosmetique.png","width":800,"height":200,"caption":"Safinel"},"image":{"@id":"https:\/\/www.safinel.fr\/#\/schema\/logo\/image\/"}}]}},"_links":{"self":[{"href":"https:\/\/www.safinel.fr\/de\/wp-json\/wp\/v2\/product\/1433","targetHints":{"allow":["GET"]}}],"collection":[{"href":"https:\/\/www.safinel.fr\/de\/wp-json\/wp\/v2\/product"}],"about":[{"href":"https:\/\/www.safinel.fr\/de\/wp-json\/wp\/v2\/types\/product"}],"wp:featuredmedia":[{"embeddable":true,"href":"https:\/\/www.safinel.fr\/de\/wp-json\/wp\/v2\/media\/1435"}],"wp:attachment":[{"href":"https:\/\/www.safinel.fr\/de\/wp-json\/wp\/v2\/media?parent=1433"}],"wp:term":[{"taxonomy":"product_brand","embeddable":true,"href":"https:\/\/www.safinel.fr\/de\/wp-json\/wp\/v2\/product_brand?post=1433"},{"taxonomy":"product_cat","embeddable":true,"href":"https:\/\/www.safinel.fr\/de\/wp-json\/wp\/v2\/product_cat?post=1433"},{"taxonomy":"product_tag","embeddable":true,"href":"https:\/\/www.safinel.fr\/de\/wp-json\/wp\/v2\/product_tag?post=1433"}],"curies":[{"name":"wp","href":"https:\/\/api.w.org\/{rel}","templated":true}]}}