{"id":141,"date":"2021-06-18T12:25:58","date_gmt":"2021-06-18T12:25:58","guid":{"rendered":"https:\/\/www.safinel.fr\/?post_type=product&#038;p=141"},"modified":"2023-12-28T17:14:59","modified_gmt":"2023-12-28T17:14:59","slug":"langer-afrikanischer-pfeffer-schwarz","status":"publish","type":"product","link":"https:\/\/www.safinel.fr\/de\/product-2\/langer-afrikanischer-pfeffer-schwarz\/","title":{"rendered":"Langer schwarzer Pfeffer 100g"},"content":{"rendered":"<p><b>Schwarzer afrikanischer langer Pfeffer<\/b>, ist eine w\u00fcrzige Geschichte, die bereits in der Antike begann. Es ist eines der Gew\u00fcrze, die am fr\u00fchesten in den Handel kamen. Die Redewendung \u00abmit Bargeld bezahlen\u00bb leitet sich von \u00abmit Gew\u00fcrzen bezahlen\u00bb ab.<\/p>\n<p>Es gibt gr\u00fcne und unreife Pfeffersorten. Der, \u00fcber den wir heute sprechen, ist sehr beliebt. Vor allem, weil er ein unglaubliches Aroma hat, aber nicht nur...<span class=\"Apple-converted-space\">\u00a0<\/span><\/p>\n<p>Nahaufnahme dieser wirklich nicht allt\u00e4glichen Pflanze. <span class=\"Apple-converted-space\">\u00a0<\/span><\/p>\n<h2><b>Schwarzer afrikanischer Langer Pfeffer: Die Geschichte einer Frucht mit Sch\u00e4rfe<span class=\"Apple-converted-space\">\u00a0<\/span><\/b><\/h2>\n<p>Aus der Liane entstanden <i>Piper Longum<\/i>, wird auch als <b>Java-Pfeffer<\/b>, oder <b>der lange<\/b>. Er ist in Indien beheimatet und kommt in freier Wildbahn am Himalaya vor.<span class=\"Apple-converted-space\">\u00a0<\/span><\/p>\n<p>Diese Frucht \u00e4hnelt einer Infututelle, die nur wenige Zentimeter lang ist. \u00c4hnlich wie <b>der schwarze Pfefferstreuer<\/b>, Unser Langfruchtpfeffer enth\u00e4lt <b>Piperin<\/b>, Ein Alkaloid, das der Pflanze ihr scharfes Aroma verleiht.<span class=\"Apple-converted-space\">\u00a0<\/span><\/p>\n<p>Au\u00dferdem ist Piper Longum die erste Pflanze, die nach Europa exportiert wurde! Seitdem hat er die Jahrhunderte \u00fcberdauert, um auf unseren Tellern zu landen. Genau wie <a href=\"https:\/\/www.safinel.fr\/de\/product-2\/sichuanpfefferkorner\/\"><b>Szechuanpfefferk\u00f6rner<\/b><\/a>, .<span class=\"Apple-converted-space\">\u00a0<\/span><\/p>\n<p>Unser Shop bietet Ihnen dieses Gew\u00fcrz heute in seiner Rohform an, damit Sie das Beste dieser Sorte genie\u00dfen k\u00f6nnen.<span class=\"Apple-converted-space\">\u00a0<\/span><\/p>\n<h2><b>Einige Merkmale des afrikanischen langen Pfeffers<\/b><\/h2>\n<p>Dieser seltene und einzigartige Pfeffer ist eine wahre Gaumenfreude. Denn seine Aromen sind so stark, dass sich bei der Verkostung mehrere Geschm\u00e4cker miteinander vermischen.<\/p>\n<p>Au\u00dferdem ist er ein recht scharfer Charakterpfeffer, der seine ganze Sch\u00e4rfe in Ihre Rezepte einbringt.<span class=\"Apple-converted-space\">\u00a0<\/span><\/p>\n<p><b>Geschmacksnoten :<\/b> vom ersten Bissen an offenbart er eine sehr angenehme W\u00e4rme und Sinnlichkeit. Er ist zugleich scharf und s\u00fc\u00df, mit <i>Aromen von Schokolade, Anis, Lakritze, aber auch Zimt<\/i>.<span class=\"Apple-converted-space\">\u00a0<\/span><\/p>\n<p><b>Besonderheit :<\/b> er ist einer der wenigen Pfeffer, die Hitze \u00fcber einen l\u00e4ngeren Zeitraum vertragen. <span class=\"Apple-converted-space\">\u00a0<\/span><\/p>\n<h2><b>Langfruchtiger Pfeffer und seine unerwarteten Vorteile<span class=\"Apple-converted-space\">\u00a0<\/span><\/b><\/h2>\n<p>Java-Pfeffer besitzt gesundheitsf\u00f6rdernde Eigenschaften - ein weiterer guter Grund, ihn regelm\u00e4\u00dfig zu konsumieren!<span class=\"Apple-converted-space\">\u00a0<\/span><\/p>\n<ul>\n<li>Es ist ein nat\u00fcrlicher Vasodilatator und daher n\u00fctzlich gegen Bluthochdruck ;<span class=\"Apple-converted-space\">\u00a0<\/span><\/li>\n<li>Es hilft gegen Husten ;<span class=\"Apple-converted-space\">\u00a0<\/span><\/li>\n<li>Dieser Langfruchtpfeffer besitzt wurmtreibende Eigenschaften; ;<span class=\"Apple-converted-space\">\u00a0<\/span><\/li>\n<li>Traditionell wird es gegen Asthma der Bronchien sowie zur Linderung von Muskelschw\u00e4che eingesetzt; ;<span class=\"Apple-converted-space\">\u00a0<\/span><\/li>\n<li>Frauen greifen wegen seiner aphrodisischen Wirkung darauf zur\u00fcck; ;<span class=\"Apple-converted-space\">\u00a0<\/span><\/li>\n<li>Eine aktuelle Studie zeigt seinen antiviralen Nutzen gegen SARS-CoV-2, also das COVID-19-Virus.<span class=\"Apple-converted-space\">\u00a0<\/span><\/li>\n<\/ul>\n<h3><b>Holen Sie sich den Langfruchtpfeffer in Ihre K\u00fcche: Der Ratgeber<span class=\"Apple-converted-space\">\u00a0<\/span><\/b><\/h3>\n<p>Langfruchtiger Pfeffer ist ideal, wenn Sie sich nach etwas Abwechslung in Ihrer t\u00e4glichen K\u00fcche sehnen. Er passt sowohl zu herzhaften als auch zu s\u00fc\u00dfen Speisen.<span class=\"Apple-converted-space\">\u00a0<\/span><\/p>\n<p>Um diese trocken aussehende Frucht zu verwenden, gibt es mehrere M\u00f6glichkeiten:<span class=\"Apple-converted-space\">\u00a0<\/span><\/p>\n<ul>\n<li>Raspeln; ;<span class=\"Apple-converted-space\">\u00a0<\/span><\/li>\n<li>Zerkleinere es in einem M\u00f6rser zu einem groben Pulver und beende es in einer Kaffeem\u00fchle f\u00fcr ein feineres und gleichm\u00e4\u00dfigeres Pulver; ;<span class=\"Apple-converted-space\">\u00a0<\/span><\/li>\n<li>Oder schlie\u00dflich direkt eine \u00c4hre verwenden, die man in drei St\u00fccke brechen kann. Diese Technik eignet sich z. B. eher zum Backen im Ofen.<span class=\"Apple-converted-space\">\u00a0<\/span><\/li>\n<\/ul>\n<p>Traditionell wird dieses Gew\u00fcrz verwendet, um<i> Osso Buco sowie Suppen und Eint\u00f6pfe w\u00fcrzen.<\/i> Bei sparsamer Verwendung auf Desserts zeigt sich jedoch ein echtes Interesse, das eine einzigartige und sehr angenehme Note verleiht!<span class=\"Apple-converted-space\">\u00a0<\/span><\/p>\n<p><i>Also, in welchem Rezept werden Sie Ihren Java-Pfeffer am besten zur Geltung bringen?!<span class=\"Apple-converted-space\">\u00a0<\/span><\/i><\/p>","protected":false},"excerpt":{"rendered":"<p>Le poivre long noir africain, c\u2019est une histoire \u00e9pic\u00e9e qui a d\u00e9but\u00e9 d\u00e8s l\u2019Antiquit\u00e9. D\u2019ailleurs, c\u2019est l\u2019une des \u00e9pices qui a \u00e9t\u00e9 le plus t\u00f4t commercialis\u00e9e. Si bien que l\u2019expression \u00ab\u00a0payer en esp\u00e8ces\u00a0\u00bb provient de \u00ab\u00a0payer en \u00e9pices\u00a0\u00bb. Des poivres, il en existe des verts et des pas m\u00fbrs. Celui dont nous allons parler aujourd\u2019hui [&#8230;]","protected":false},"featured_media":142,"template":"","meta":[],"product_brand":[],"product_cat":[44,169,27],"product_tag":[],"class_list":{"0":"post-141","1":"product","2":"type-product","3":"status-publish","4":"has-post-thumbnail","6":"product_cat-epices","7":"product_cat-epices-du-monde","8":"product_cat-plantes-medicinales","10":"first","11":"instock","12":"shipping-taxable","13":"purchasable","14":"product-type-simple"},"yoast_head":"<!-- This site is optimized with the Yoast SEO plugin v26.6 - https:\/\/yoast.com\/wordpress\/plugins\/seo\/ -->\n<title>Poivre long africain noir 100% naturel | Fruit aux bienfaits nombreux<\/title>\n<meta name=\"description\" content=\"Le poivre long noir africain, c\u2019est une histoire \u00e9pic\u00e9e qui a d\u00e9but\u00e9 d\u00e8s l\u2019Antiquit\u00e9. D\u00e9couvrez-le sans plus attendre chez Safinel.fr\" \/>\n<meta name=\"robots\" content=\"index, follow, max-snippet:-1, max-image-preview:large, max-video-preview:-1\" \/>\n<link rel=\"canonical\" href=\"https:\/\/www.safinel.fr\/de\/product-2\/langer-afrikanischer-pfeffer-schwarz\/\" \/>\n<meta property=\"og:locale\" content=\"de_DE\" \/>\n<meta property=\"og:type\" content=\"article\" \/>\n<meta property=\"og:title\" content=\"Poivre long africain noir 100% naturel | Fruit aux bienfaits nombreux\" \/>\n<meta property=\"og:description\" content=\"Le poivre long noir africain, c\u2019est une histoire \u00e9pic\u00e9e qui a d\u00e9but\u00e9 d\u00e8s l\u2019Antiquit\u00e9. D\u00e9couvrez-le sans plus attendre chez Safinel.fr\" \/>\n<meta property=\"og:url\" content=\"https:\/\/www.safinel.fr\/de\/product-2\/langer-afrikanischer-pfeffer-schwarz\/\" \/>\n<meta property=\"og:site_name\" content=\"Safinel\" \/>\n<meta property=\"article:modified_time\" content=\"2023-12-28T17:14:59+00:00\" \/>\n<meta property=\"og:image\" content=\"https:\/\/www.safinel.fr\/wp-content\/uploads\/2021\/06\/poivre-long-africain-noir.jpg\" \/>\n\t<meta property=\"og:image:width\" content=\"600\" \/>\n\t<meta property=\"og:image:height\" content=\"600\" \/>\n\t<meta property=\"og:image:type\" content=\"image\/jpeg\" \/>\n<meta name=\"twitter:card\" content=\"summary_large_image\" \/>\n<meta name=\"twitter:label1\" content=\"Gesch\u00e4tzte Lesezeit\" \/>\n\t<meta name=\"twitter:data1\" content=\"3\u00a0Minuten\" \/>\n<script type=\"application\/ld+json\" class=\"yoast-schema-graph\">{\"@context\":\"https:\/\/schema.org\",\"@graph\":[{\"@type\":\"WebPage\",\"@id\":\"https:\/\/www.safinel.fr\/produit\/poivre-long-africain-noir\/\",\"url\":\"https:\/\/www.safinel.fr\/produit\/poivre-long-africain-noir\/\",\"name\":\"Poivre long africain noir 100% naturel | Fruit aux bienfaits nombreux\",\"isPartOf\":{\"@id\":\"https:\/\/www.safinel.fr\/#website\"},\"primaryImageOfPage\":{\"@id\":\"https:\/\/www.safinel.fr\/produit\/poivre-long-africain-noir\/#primaryimage\"},\"image\":{\"@id\":\"https:\/\/www.safinel.fr\/produit\/poivre-long-africain-noir\/#primaryimage\"},\"thumbnailUrl\":\"https:\/\/www.safinel.fr\/wp-content\/uploads\/2021\/06\/poivre-long-africain-noir.jpg\",\"datePublished\":\"2021-06-18T12:25:58+00:00\",\"dateModified\":\"2023-12-28T17:14:59+00:00\",\"description\":\"Le poivre long noir africain, c\u2019est une histoire \u00e9pic\u00e9e qui a d\u00e9but\u00e9 d\u00e8s l\u2019Antiquit\u00e9. D\u00e9couvrez-le sans plus attendre chez Safinel.fr\",\"breadcrumb\":{\"@id\":\"https:\/\/www.safinel.fr\/produit\/poivre-long-africain-noir\/#breadcrumb\"},\"inLanguage\":\"de\",\"potentialAction\":[{\"@type\":\"ReadAction\",\"target\":[\"https:\/\/www.safinel.fr\/produit\/poivre-long-africain-noir\/\"]}]},{\"@type\":\"ImageObject\",\"inLanguage\":\"de\",\"@id\":\"https:\/\/www.safinel.fr\/produit\/poivre-long-africain-noir\/#primaryimage\",\"url\":\"https:\/\/www.safinel.fr\/wp-content\/uploads\/2021\/06\/poivre-long-africain-noir.jpg\",\"contentUrl\":\"https:\/\/www.safinel.fr\/wp-content\/uploads\/2021\/06\/poivre-long-africain-noir.jpg\",\"width\":600,\"height\":600,\"caption\":\"Poivre long noir 100g\"},{\"@type\":\"BreadcrumbList\",\"@id\":\"https:\/\/www.safinel.fr\/produit\/poivre-long-africain-noir\/#breadcrumb\",\"itemListElement\":[{\"@type\":\"ListItem\",\"position\":1,\"name\":\"Accueil\",\"item\":\"https:\/\/www.safinel.fr\/\"},{\"@type\":\"ListItem\",\"position\":2,\"name\":\"Boutique\",\"item\":\"https:\/\/www.safinel.fr\/boutique\/\"},{\"@type\":\"ListItem\",\"position\":3,\"name\":\"Poivre long noir 100g\"}]},{\"@type\":\"WebSite\",\"@id\":\"https:\/\/www.safinel.fr\/#website\",\"url\":\"https:\/\/www.safinel.fr\/\",\"name\":\"Safinel\",\"description\":\"\",\"publisher\":{\"@id\":\"https:\/\/www.safinel.fr\/#organization\"},\"potentialAction\":[{\"@type\":\"SearchAction\",\"target\":{\"@type\":\"EntryPoint\",\"urlTemplate\":\"https:\/\/www.safinel.fr\/?s={search_term_string}\"},\"query-input\":{\"@type\":\"PropertyValueSpecification\",\"valueRequired\":true,\"valueName\":\"search_term_string\"}}],\"inLanguage\":\"de\"},{\"@type\":\"Organization\",\"@id\":\"https:\/\/www.safinel.fr\/#organization\",\"name\":\"Safinel\",\"url\":\"https:\/\/www.safinel.fr\/\",\"logo\":{\"@type\":\"ImageObject\",\"inLanguage\":\"de\",\"@id\":\"https:\/\/www.safinel.fr\/#\/schema\/logo\/image\/\",\"url\":\"https:\/\/www.safinel.fr\/wp-content\/uploads\/2021\/05\/boutique-cosmetique.png\",\"contentUrl\":\"https:\/\/www.safinel.fr\/wp-content\/uploads\/2021\/05\/boutique-cosmetique.png\",\"width\":800,\"height\":200,\"caption\":\"Safinel\"},\"image\":{\"@id\":\"https:\/\/www.safinel.fr\/#\/schema\/logo\/image\/\"}}]}<\/script>\n<!-- \/ Yoast SEO plugin. -->","yoast_head_json":{"title":"Schwarzer afrikanischer Langpfeffer 100% nat\u00fcrlich | Frucht mit vielen Vorteilen","description":"Schwarzer afrikanischer Langpfeffer hat eine w\u00fcrzige Geschichte, die schon in der Antike begann. Entdecken Sie ihn jetzt bei Safinel.de.","robots":{"index":"index","follow":"follow","max-snippet":"max-snippet:-1","max-image-preview":"max-image-preview:large","max-video-preview":"max-video-preview:-1"},"canonical":"https:\/\/www.safinel.fr\/de\/product-2\/langer-afrikanischer-pfeffer-schwarz\/","og_locale":"de_DE","og_type":"article","og_title":"Poivre long africain noir 100% naturel | Fruit aux bienfaits nombreux","og_description":"Le poivre long noir africain, c\u2019est une histoire \u00e9pic\u00e9e qui a d\u00e9but\u00e9 d\u00e8s l\u2019Antiquit\u00e9. D\u00e9couvrez-le sans plus attendre chez Safinel.fr","og_url":"https:\/\/www.safinel.fr\/de\/product-2\/langer-afrikanischer-pfeffer-schwarz\/","og_site_name":"Safinel","article_modified_time":"2023-12-28T17:14:59+00:00","og_image":[{"width":600,"height":600,"url":"https:\/\/www.safinel.fr\/wp-content\/uploads\/2021\/06\/poivre-long-africain-noir.jpg","type":"image\/jpeg"}],"twitter_card":"summary_large_image","twitter_misc":{"Gesch\u00e4tzte Lesezeit":"3\u00a0Minuten"},"schema":{"@context":"https:\/\/schema.org","@graph":[{"@type":"WebPage","@id":"https:\/\/www.safinel.fr\/produit\/poivre-long-africain-noir\/","url":"https:\/\/www.safinel.fr\/produit\/poivre-long-africain-noir\/","name":"Schwarzer afrikanischer Langpfeffer 100% nat\u00fcrlich | Frucht mit vielen Vorteilen","isPartOf":{"@id":"https:\/\/www.safinel.fr\/#website"},"primaryImageOfPage":{"@id":"https:\/\/www.safinel.fr\/produit\/poivre-long-africain-noir\/#primaryimage"},"image":{"@id":"https:\/\/www.safinel.fr\/produit\/poivre-long-africain-noir\/#primaryimage"},"thumbnailUrl":"https:\/\/www.safinel.fr\/wp-content\/uploads\/2021\/06\/poivre-long-africain-noir.jpg","datePublished":"2021-06-18T12:25:58+00:00","dateModified":"2023-12-28T17:14:59+00:00","description":"Schwarzer afrikanischer Langpfeffer hat eine w\u00fcrzige Geschichte, die schon in der Antike begann. Entdecken Sie ihn jetzt bei Safinel.de.","breadcrumb":{"@id":"https:\/\/www.safinel.fr\/produit\/poivre-long-africain-noir\/#breadcrumb"},"inLanguage":"de","potentialAction":[{"@type":"ReadAction","target":["https:\/\/www.safinel.fr\/produit\/poivre-long-africain-noir\/"]}]},{"@type":"ImageObject","inLanguage":"de","@id":"https:\/\/www.safinel.fr\/produit\/poivre-long-africain-noir\/#primaryimage","url":"https:\/\/www.safinel.fr\/wp-content\/uploads\/2021\/06\/poivre-long-africain-noir.jpg","contentUrl":"https:\/\/www.safinel.fr\/wp-content\/uploads\/2021\/06\/poivre-long-africain-noir.jpg","width":600,"height":600,"caption":"Poivre long noir 100g"},{"@type":"BreadcrumbList","@id":"https:\/\/www.safinel.fr\/produit\/poivre-long-africain-noir\/#breadcrumb","itemListElement":[{"@type":"ListItem","position":1,"name":"Accueil","item":"https:\/\/www.safinel.fr\/"},{"@type":"ListItem","position":2,"name":"Boutique","item":"https:\/\/www.safinel.fr\/boutique\/"},{"@type":"ListItem","position":3,"name":"Poivre long noir 100g"}]},{"@type":"WebSite","@id":"https:\/\/www.safinel.fr\/#website","url":"https:\/\/www.safinel.fr\/","name":"Safinel","description":"","publisher":{"@id":"https:\/\/www.safinel.fr\/#organization"},"potentialAction":[{"@type":"SearchAction","target":{"@type":"EntryPoint","urlTemplate":"https:\/\/www.safinel.fr\/?s={search_term_string}"},"query-input":{"@type":"PropertyValueSpecification","valueRequired":true,"valueName":"search_term_string"}}],"inLanguage":"de"},{"@type":"Organization","@id":"https:\/\/www.safinel.fr\/#organization","name":"Safinel","url":"https:\/\/www.safinel.fr\/","logo":{"@type":"ImageObject","inLanguage":"de","@id":"https:\/\/www.safinel.fr\/#\/schema\/logo\/image\/","url":"https:\/\/www.safinel.fr\/wp-content\/uploads\/2021\/05\/boutique-cosmetique.png","contentUrl":"https:\/\/www.safinel.fr\/wp-content\/uploads\/2021\/05\/boutique-cosmetique.png","width":800,"height":200,"caption":"Safinel"},"image":{"@id":"https:\/\/www.safinel.fr\/#\/schema\/logo\/image\/"}}]}},"_links":{"self":[{"href":"https:\/\/www.safinel.fr\/de\/wp-json\/wp\/v2\/product\/141","targetHints":{"allow":["GET"]}}],"collection":[{"href":"https:\/\/www.safinel.fr\/de\/wp-json\/wp\/v2\/product"}],"about":[{"href":"https:\/\/www.safinel.fr\/de\/wp-json\/wp\/v2\/types\/product"}],"wp:featuredmedia":[{"embeddable":true,"href":"https:\/\/www.safinel.fr\/de\/wp-json\/wp\/v2\/media\/142"}],"wp:attachment":[{"href":"https:\/\/www.safinel.fr\/de\/wp-json\/wp\/v2\/media?parent=141"}],"wp:term":[{"taxonomy":"product_brand","embeddable":true,"href":"https:\/\/www.safinel.fr\/de\/wp-json\/wp\/v2\/product_brand?post=141"},{"taxonomy":"product_cat","embeddable":true,"href":"https:\/\/www.safinel.fr\/de\/wp-json\/wp\/v2\/product_cat?post=141"},{"taxonomy":"product_tag","embeddable":true,"href":"https:\/\/www.safinel.fr\/de\/wp-json\/wp\/v2\/product_tag?post=141"}],"curies":[{"name":"wp","href":"https:\/\/api.w.org\/{rel}","templated":true}]}}