{"id":140,"date":"2021-06-18T12:02:33","date_gmt":"2021-06-18T12:02:33","guid":{"rendered":"https:\/\/www.safinel.fr\/?post_type=product&#038;p=140"},"modified":"2023-12-28T17:14:59","modified_gmt":"2023-12-28T17:14:59","slug":"brahmi-pulver-haar","status":"publish","type":"product","link":"https:\/\/www.safinel.fr\/de\/product-2\/brahmi-pulver-haar\/","title":{"rendered":"Brahmi-Pulver 100g"},"content":{"rendered":"<p>Brahmi-Pulver ist ein Pulver von gr\u00fcner Farbe. Es verstr\u00f6mt einen intensiven Geruch, wie viele andere Pflanzen auch. Dieser manchmal erdige Geruch mit leicht bitteren Noten ist typisch f\u00fcr Pflanzen, die zur Haarpflege verwendet werden. Als Beispiel sei hier der <a href=\"https:\/\/www.aroma-zone.com\/tous-nos-produits\/extraits-naturels\/autres-extraits-naturels\/colorations-et-shampooings-vegetaux.html\" target=\"_blank\" rel=\"noopener\"><b>Henna<\/b><\/a> dessen Duft zwar ausgepr\u00e4gt, aber durchaus angenehm f\u00fcr den Geruchssinn ist.<span class=\"Apple-converted-space\">\u00a0<\/span><\/p>\n<h2><b>Herkunft des Brahmi-Pulvers<\/b><\/h2>\n<p>Im Herzen des feuchten, tropischen Indiens w\u00e4chst der Bacopa Monnieri. Es handelt sich um eine Wasserpflanze, die idealerweise in den Sumpfgebieten des indischen Subkontinents zu finden ist. Diese Pflanze l\u00e4sst h\u00fcbsche violette Bl\u00fcten erbl\u00fchen. Aus diesem Strauch wird also das Brahmi-Pulver gewonnen.<\/p>\n<h2><b>Hypnose: Ein Wundermittel f\u00fcr das Gehirn<\/b><\/h2>\n<p>Brahmi-Pulver wird auch als \u00abWasserhypos\u00bb bezeichnet und als Abkochung getrunken. Es soll die Konzentration f\u00f6rdern und gegen Ged\u00e4chtnisst\u00f6rungen helfen. Derzeit wird es von Wissenschaftlern untersucht, um ein Heilmittel f\u00fcr die Parkinson-Krankheit zu finden. Sie ist auch wirksam bei der Bek\u00e4mpfung von Verdauungsproblemen.\u2019<a href=\"https:\/\/www.safinel.fr\/de\/product-2\/falsche-einhorngelenke\/\"><strong>sexuelle Impotenz<\/strong><\/a> und die\u2019<strong>vorzeitige Ejakulation<\/strong>.<span class=\"Apple-converted-space\">\u00a0<\/span><\/p>\n<p>Schlie\u00dflich bietet das Brahmi-Pulver in Form eines Absuds echte Vorteile im Herzen der Magenfunktion. Magengeschw\u00fcre, Bauchschmerzen oder vor\u00fcbergehende Verstopfung k\u00f6nnen durch Wasserhypoxie beantwortet werden.<span class=\"Apple-converted-space\">\u00a0<\/span><\/p>\n<h2><b>Brahmi-Pulver: eine au\u00dfergew\u00f6hnliche Haarkosmetik<\/b><\/h2>\n<p>Unser Brahmi-Pulver ist f\u00fcr seine tonisierende und adstringierende Wirkung auf die Kopfhaut bekannt. In der westlichen Welt wird es derzeit am h\u00e4ufigsten f\u00fcr diesen Zweck empfohlen. Als Kernst\u00fcck der Haarpflege lindert es sofort den Juckreiz und beseitigt Schuppen. Es revitalisiert die Kopfhaut sofort und verleiht ihr Volumen, Geschmeidigkeit und Weichheit.<\/p>\n<p>Keine Angst! Dieses Naturkosmetikum kann auf alle Haartypen aufgetragen werden. Wir empfehlen Ihnen gelegentlich, es w\u00f6chentlich zu verwenden, um Ihr Haar gut zu pflegen.<span class=\"Apple-converted-space\">\u00a0<\/span><\/p>\n<h3><b>Die Besonderheiten des Brahmi-Pulvers<\/b><\/h3>\n<p>Das Brahmi-Pulver ist zugegebenerma\u00dfen etwas eigenwillig. Wenn Sie es als Herzst\u00fcck einer Haarmaske verwenden wollen, m\u00fcssen Sie es unbedingt mit anderen kosmetischen Pudern mischen. Warum nicht<span class=\"Apple-converted-space\">\u00a0 <\/span>einfach mit Lehm oder Ton mischen <a href=\"https:\/\/www.safinel.fr\/de\/product-2\/shikakai-pulver\/\"><b>shikakai<\/b><\/a>. Dies ist notwendig, da sich das Puder sehr schlecht mit Wasser vertr\u00e4gt, wenn es allein aufgetragen wird.<span class=\"Apple-converted-space\">\u00a0<\/span><\/p>\n<p>Wenn Sie es auf andere Weise verwenden m\u00f6chten, sollten Sie ein \u00f6liges Material zum Einarbeiten bevorzugen. Au\u00dferdem soll es die Gabe haben, R\u00f6tungen und Unreinheiten im Gesicht zu mildern. Seine aufhellende Wirkung ist in diesem Bereich bekannt. Vermeiden Sie also in diesem Fall den Kontakt mit den Augen.<span class=\"Apple-converted-space\">\u00a0<\/span><\/p>\n<p>Brahmi-Pulver ist reich an Saponinen und Flavonoiden und wirkt den Auswirkungen des Alterns wunderbar entgegen. Auf der Haarfaser macht sich dies durch die Verz\u00f6gerung des Erscheinens grauer Haare bemerkbar. Bevorzugen Sie es auch auf der Haut als Peeling.<\/p>\n<p>Wie jedes nat\u00fcrliche Puder sollte es daher im Herzen von st\u00e4rkenden Masken bevorzugt werden.<\/p>","protected":false},"excerpt":{"rendered":"<p>Brahmi-Pulver ist ein gr\u00fcnes Pulver. Es verstr\u00f6mt wie viele Pflanzen einen intensiven Geruch. Ein manchmal erdiger Geruch mit leicht bitteren Noten, der f\u00fcr Pflanzen zur Haarpflege charakteristisch ist. Ein Beispiel hierf\u00fcr ist Henna, dessen Duft zwar ausgepr\u00e4gt, aber dennoch sehr angenehm ist.  Herkunft [\u2026]","protected":false},"featured_media":148,"template":"","meta":[],"product_brand":[],"product_cat":[27,110],"product_tag":[],"class_list":{"0":"post-140","1":"product","2":"type-product","3":"status-publish","4":"has-post-thumbnail","6":"product_cat-plantes-medicinales","7":"product_cat-poudre-cheveux-ayurvedique","9":"first","10":"instock","11":"shipping-taxable","12":"purchasable","13":"product-type-simple"},"yoast_head":"<!-- This site is optimized with the Yoast SEO plugin v26.6 - https:\/\/yoast.com\/wordpress\/plugins\/seo\/ -->\n<title>Poudre de brahmi 100g | Bienfaits naturels pour vos cheveux<\/title>\n<meta name=\"description\" content=\"La poudre de Brahmi est une poudre de couleur verte. Elle d\u00e9gage une odeur intense comme beaucoup de v\u00e9g\u00e9taux. Adoptez-l\u00e0 !\" \/>\n<meta name=\"robots\" content=\"index, follow, max-snippet:-1, max-image-preview:large, max-video-preview:-1\" \/>\n<link rel=\"canonical\" href=\"https:\/\/www.safinel.fr\/de\/product-2\/brahmi-pulver-haar\/\" \/>\n<meta property=\"og:locale\" content=\"de_DE\" \/>\n<meta property=\"og:type\" content=\"article\" \/>\n<meta property=\"og:title\" content=\"Poudre de brahmi 100g | Bienfaits naturels pour vos cheveux\" \/>\n<meta property=\"og:description\" content=\"La poudre de Brahmi est une poudre de couleur verte. Elle d\u00e9gage une odeur intense comme beaucoup de v\u00e9g\u00e9taux. Adoptez-l\u00e0 !\" \/>\n<meta property=\"og:url\" content=\"https:\/\/www.safinel.fr\/de\/product-2\/brahmi-pulver-haar\/\" \/>\n<meta property=\"og:site_name\" content=\"Safinel\" \/>\n<meta property=\"article:modified_time\" content=\"2023-12-28T17:14:59+00:00\" \/>\n<meta property=\"og:image\" content=\"https:\/\/www.safinel.fr\/wp-content\/uploads\/2021\/06\/brahmi.jpeg\" \/>\n\t<meta property=\"og:image:width\" content=\"401\" \/>\n\t<meta property=\"og:image:height\" content=\"469\" \/>\n\t<meta property=\"og:image:type\" content=\"image\/jpeg\" \/>\n<meta name=\"twitter:card\" content=\"summary_large_image\" \/>\n<meta name=\"twitter:label1\" content=\"Gesch\u00e4tzte Lesezeit\" \/>\n\t<meta name=\"twitter:data1\" content=\"3\u00a0Minuten\" \/>\n<script type=\"application\/ld+json\" class=\"yoast-schema-graph\">{\"@context\":\"https:\/\/schema.org\",\"@graph\":[{\"@type\":\"WebPage\",\"@id\":\"https:\/\/www.safinel.fr\/produit\/poudre-de-brahmi-cheveux\/\",\"url\":\"https:\/\/www.safinel.fr\/produit\/poudre-de-brahmi-cheveux\/\",\"name\":\"Poudre de brahmi 100g | Bienfaits naturels pour vos cheveux\",\"isPartOf\":{\"@id\":\"https:\/\/www.safinel.fr\/#website\"},\"primaryImageOfPage\":{\"@id\":\"https:\/\/www.safinel.fr\/produit\/poudre-de-brahmi-cheveux\/#primaryimage\"},\"image\":{\"@id\":\"https:\/\/www.safinel.fr\/produit\/poudre-de-brahmi-cheveux\/#primaryimage\"},\"thumbnailUrl\":\"https:\/\/www.safinel.fr\/wp-content\/uploads\/2021\/06\/brahmi.jpeg\",\"datePublished\":\"2021-06-18T12:02:33+00:00\",\"dateModified\":\"2023-12-28T17:14:59+00:00\",\"description\":\"La poudre de Brahmi est une poudre de couleur verte. Elle d\u00e9gage une odeur intense comme beaucoup de v\u00e9g\u00e9taux. Adoptez-l\u00e0 !\",\"breadcrumb\":{\"@id\":\"https:\/\/www.safinel.fr\/produit\/poudre-de-brahmi-cheveux\/#breadcrumb\"},\"inLanguage\":\"de\",\"potentialAction\":[{\"@type\":\"ReadAction\",\"target\":[\"https:\/\/www.safinel.fr\/produit\/poudre-de-brahmi-cheveux\/\"]}]},{\"@type\":\"ImageObject\",\"inLanguage\":\"de\",\"@id\":\"https:\/\/www.safinel.fr\/produit\/poudre-de-brahmi-cheveux\/#primaryimage\",\"url\":\"https:\/\/www.safinel.fr\/wp-content\/uploads\/2021\/06\/brahmi.jpeg\",\"contentUrl\":\"https:\/\/www.safinel.fr\/wp-content\/uploads\/2021\/06\/brahmi.jpeg\",\"width\":401,\"height\":469,\"caption\":\"Poudre de Brahmi\"},{\"@type\":\"BreadcrumbList\",\"@id\":\"https:\/\/www.safinel.fr\/produit\/poudre-de-brahmi-cheveux\/#breadcrumb\",\"itemListElement\":[{\"@type\":\"ListItem\",\"position\":1,\"name\":\"Accueil\",\"item\":\"https:\/\/www.safinel.fr\/\"},{\"@type\":\"ListItem\",\"position\":2,\"name\":\"Boutique\",\"item\":\"https:\/\/www.safinel.fr\/boutique\/\"},{\"@type\":\"ListItem\",\"position\":3,\"name\":\"Poudre de Brahmi 100g\"}]},{\"@type\":\"WebSite\",\"@id\":\"https:\/\/www.safinel.fr\/#website\",\"url\":\"https:\/\/www.safinel.fr\/\",\"name\":\"Safinel\",\"description\":\"\",\"publisher\":{\"@id\":\"https:\/\/www.safinel.fr\/#organization\"},\"potentialAction\":[{\"@type\":\"SearchAction\",\"target\":{\"@type\":\"EntryPoint\",\"urlTemplate\":\"https:\/\/www.safinel.fr\/?s={search_term_string}\"},\"query-input\":{\"@type\":\"PropertyValueSpecification\",\"valueRequired\":true,\"valueName\":\"search_term_string\"}}],\"inLanguage\":\"de\"},{\"@type\":\"Organization\",\"@id\":\"https:\/\/www.safinel.fr\/#organization\",\"name\":\"Safinel\",\"url\":\"https:\/\/www.safinel.fr\/\",\"logo\":{\"@type\":\"ImageObject\",\"inLanguage\":\"de\",\"@id\":\"https:\/\/www.safinel.fr\/#\/schema\/logo\/image\/\",\"url\":\"https:\/\/www.safinel.fr\/wp-content\/uploads\/2021\/05\/boutique-cosmetique.png\",\"contentUrl\":\"https:\/\/www.safinel.fr\/wp-content\/uploads\/2021\/05\/boutique-cosmetique.png\",\"width\":800,\"height\":200,\"caption\":\"Safinel\"},\"image\":{\"@id\":\"https:\/\/www.safinel.fr\/#\/schema\/logo\/image\/\"}}]}<\/script>\n<!-- \/ Yoast SEO plugin. -->","yoast_head_json":{"title":"Brahmi Pulver 100g | Nat\u00fcrliche Vorteile f\u00fcr Ihr Haar","description":"Brahmi-Pulver ist ein Pulver von gr\u00fcner Farbe. Es hat einen intensiven Geruch, wie viele andere Pflanzen auch. Adoptieren Sie es!","robots":{"index":"index","follow":"follow","max-snippet":"max-snippet:-1","max-image-preview":"max-image-preview:large","max-video-preview":"max-video-preview:-1"},"canonical":"https:\/\/www.safinel.fr\/de\/product-2\/brahmi-pulver-haar\/","og_locale":"de_DE","og_type":"article","og_title":"Poudre de brahmi 100g | Bienfaits naturels pour vos cheveux","og_description":"La poudre de Brahmi est une poudre de couleur verte. Elle d\u00e9gage une odeur intense comme beaucoup de v\u00e9g\u00e9taux. Adoptez-l\u00e0 !","og_url":"https:\/\/www.safinel.fr\/de\/product-2\/brahmi-pulver-haar\/","og_site_name":"Safinel","article_modified_time":"2023-12-28T17:14:59+00:00","og_image":[{"width":401,"height":469,"url":"https:\/\/www.safinel.fr\/wp-content\/uploads\/2021\/06\/brahmi.jpeg","type":"image\/jpeg"}],"twitter_card":"summary_large_image","twitter_misc":{"Gesch\u00e4tzte Lesezeit":"3\u00a0Minuten"},"schema":{"@context":"https:\/\/schema.org","@graph":[{"@type":"WebPage","@id":"https:\/\/www.safinel.fr\/produit\/poudre-de-brahmi-cheveux\/","url":"https:\/\/www.safinel.fr\/produit\/poudre-de-brahmi-cheveux\/","name":"Brahmi Pulver 100g | Nat\u00fcrliche Vorteile f\u00fcr Ihr Haar","isPartOf":{"@id":"https:\/\/www.safinel.fr\/#website"},"primaryImageOfPage":{"@id":"https:\/\/www.safinel.fr\/produit\/poudre-de-brahmi-cheveux\/#primaryimage"},"image":{"@id":"https:\/\/www.safinel.fr\/produit\/poudre-de-brahmi-cheveux\/#primaryimage"},"thumbnailUrl":"https:\/\/www.safinel.fr\/wp-content\/uploads\/2021\/06\/brahmi.jpeg","datePublished":"2021-06-18T12:02:33+00:00","dateModified":"2023-12-28T17:14:59+00:00","description":"Brahmi-Pulver ist ein Pulver von gr\u00fcner Farbe. Es hat einen intensiven Geruch, wie viele andere Pflanzen auch. Adoptieren Sie es!","breadcrumb":{"@id":"https:\/\/www.safinel.fr\/produit\/poudre-de-brahmi-cheveux\/#breadcrumb"},"inLanguage":"de","potentialAction":[{"@type":"ReadAction","target":["https:\/\/www.safinel.fr\/produit\/poudre-de-brahmi-cheveux\/"]}]},{"@type":"ImageObject","inLanguage":"de","@id":"https:\/\/www.safinel.fr\/produit\/poudre-de-brahmi-cheveux\/#primaryimage","url":"https:\/\/www.safinel.fr\/wp-content\/uploads\/2021\/06\/brahmi.jpeg","contentUrl":"https:\/\/www.safinel.fr\/wp-content\/uploads\/2021\/06\/brahmi.jpeg","width":401,"height":469,"caption":"Poudre de Brahmi"},{"@type":"BreadcrumbList","@id":"https:\/\/www.safinel.fr\/produit\/poudre-de-brahmi-cheveux\/#breadcrumb","itemListElement":[{"@type":"ListItem","position":1,"name":"Accueil","item":"https:\/\/www.safinel.fr\/"},{"@type":"ListItem","position":2,"name":"Boutique","item":"https:\/\/www.safinel.fr\/boutique\/"},{"@type":"ListItem","position":3,"name":"Poudre de Brahmi 100g"}]},{"@type":"WebSite","@id":"https:\/\/www.safinel.fr\/#website","url":"https:\/\/www.safinel.fr\/","name":"Safinel","description":"","publisher":{"@id":"https:\/\/www.safinel.fr\/#organization"},"potentialAction":[{"@type":"SearchAction","target":{"@type":"EntryPoint","urlTemplate":"https:\/\/www.safinel.fr\/?s={search_term_string}"},"query-input":{"@type":"PropertyValueSpecification","valueRequired":true,"valueName":"search_term_string"}}],"inLanguage":"de"},{"@type":"Organization","@id":"https:\/\/www.safinel.fr\/#organization","name":"Safinel","url":"https:\/\/www.safinel.fr\/","logo":{"@type":"ImageObject","inLanguage":"de","@id":"https:\/\/www.safinel.fr\/#\/schema\/logo\/image\/","url":"https:\/\/www.safinel.fr\/wp-content\/uploads\/2021\/05\/boutique-cosmetique.png","contentUrl":"https:\/\/www.safinel.fr\/wp-content\/uploads\/2021\/05\/boutique-cosmetique.png","width":800,"height":200,"caption":"Safinel"},"image":{"@id":"https:\/\/www.safinel.fr\/#\/schema\/logo\/image\/"}}]}},"_links":{"self":[{"href":"https:\/\/www.safinel.fr\/de\/wp-json\/wp\/v2\/product\/140","targetHints":{"allow":["GET"]}}],"collection":[{"href":"https:\/\/www.safinel.fr\/de\/wp-json\/wp\/v2\/product"}],"about":[{"href":"https:\/\/www.safinel.fr\/de\/wp-json\/wp\/v2\/types\/product"}],"wp:featuredmedia":[{"embeddable":true,"href":"https:\/\/www.safinel.fr\/de\/wp-json\/wp\/v2\/media\/148"}],"wp:attachment":[{"href":"https:\/\/www.safinel.fr\/de\/wp-json\/wp\/v2\/media?parent=140"}],"wp:term":[{"taxonomy":"product_brand","embeddable":true,"href":"https:\/\/www.safinel.fr\/de\/wp-json\/wp\/v2\/product_brand?post=140"},{"taxonomy":"product_cat","embeddable":true,"href":"https:\/\/www.safinel.fr\/de\/wp-json\/wp\/v2\/product_cat?post=140"},{"taxonomy":"product_tag","embeddable":true,"href":"https:\/\/www.safinel.fr\/de\/wp-json\/wp\/v2\/product_tag?post=140"}],"curies":[{"name":"wp","href":"https:\/\/api.w.org\/{rel}","templated":true}]}}