{"id":136,"date":"2021-06-18T11:43:50","date_gmt":"2021-06-18T11:43:50","guid":{"rendered":"https:\/\/www.safinel.fr\/?post_type=product&#038;p=136"},"modified":"2024-04-09T20:35:21","modified_gmt":"2024-04-09T20:35:21","slug":"haritaki","status":"publish","type":"product","link":"https:\/\/www.safinel.fr\/de\/product-2\/haritaki\/","title":{"rendered":"Haritaki Pulver 100g"},"content":{"rendered":"<p>Haritaki ist die typische Frucht eines Baumes, der auf dem indischen Subkontinent und in den Hochebenen des Himalaya beheimatet ist. Diese unverzichtbare Frucht der ayurvedischen Medizin stammt von einem etwa zehn Meter langen Baum namens \u00aberminalia chebula\u00bb. Er wird auch als \u00abSchwarzer Myrobolan\u00bb oder \u00abMirobolanbaum\" bezeichnet.<\/p>\n<p>Haritaki hat eine verbl\u00fcffende \u00c4hnlichkeit mit einer Nussfrucht. Er soll eine gewisse \u00c4hnlichkeit mit Waln\u00fcssen haben, obwohl er fleischiger und flacher ist. Vor allem die Schale \u00e4hnelt der Mandel, beh\u00e4lt aber die Form der Mandel bei. Das Kerngeh\u00e4use ist gelb-orange und enth\u00e4lt einen Kern. In Indien sind die Ernten aufgrund der Gr\u00f6\u00dfe des Baumes besonders reichlich.<\/p>\n<p>In Frankreich wird Haritaki als Pulver oder Kapseln vermarktet.<span class=\"Apple-converted-space\">\u00a0<\/span><\/p>\n<h2><b>Haritaki: Ein Wunder f\u00fcr das Immunsystem<\/b><\/h2>\n<p>Haritaki gilt als eine sehr wirksame verdauungsf\u00f6rdernde Substanz. Tats\u00e4chlich hat diese nat\u00fcrliche Frucht die Gabe, das Verdauungssystem zu entlasten. Die Frucht ist bei Detox-Programmen sehr beliebt, da sie Giftstoffe aus dem Darm entfernt. Laut einigen indischen Forschungslabors hat sie auch positive Auswirkungen auf die Funktion von Milz und Leber.<\/p>\n<p>Diesbez\u00fcglich wurde seine Wirkung gegen schlechtes Cholesterin verifiziert. Als ausgezeichneter Fettverbrenner kann er durch zeitlich begrenzte Kuren den K\u00f6rper regulieren. Er wirkt sich sehr positiv auf den Magen-Darm-Trakt aus und entlastet den Dickdarm sehr gut.<\/p>\n<p>Haritaki ist f\u00fcr seine positive Wirkung auf das Immunsystem bekannt und geht Hand in Hand mit einer gesunden Ern\u00e4hrung. Denn sein Verzehr kann nur durch gutes Essen unterst\u00fctzt werden. So kann es den K\u00f6rper entschlacken und reinigen.<\/p>\n<h2><b>Die Frucht der Erminalia Chebula: ausgezeichnet f\u00fcr die kognitiven F\u00e4higkeiten<\/b><\/h2>\n<p>Haritaki soll auch dazu dienen, den Geist zu beruhigen. Es soll Stimmungen beeinflussen und die Konzentration erleichtern.<span class=\"Apple-converted-space\">\u00a0<\/span><\/p>\n<p>Auf das Nervensystem, die Einnahme von Haritaki-Pulver :<\/p>\n<ul>\n<li>Verbessert die Augensicht<\/li>\n<li>Das Ged\u00e4chtnis sichtbar steigern<\/li>\n<li>Gibt geistige und k\u00f6rperliche Energie.<span class=\"Apple-converted-space\">\u00a0<\/span><\/li>\n<\/ul>\n<p>Ein weiterer Aspekt, der in Indien sehr stark genutzt wird, ist die Einnahme zur Verringerung von Gelenkschmerzen. Schlie\u00dflich sollten Sie wissen, dass diese in Europa wertvolle Frucht auch in Indien eine gro\u00dfe Rolle spielt. In einem Land, in dem Medikamente unerschwinglich sind, generiert die Beherrschung von Kr\u00e4uter- und Gew\u00fcrzkenntnissen <a href=\"https:\/\/www.huile-de-nigelle-pure.com\" target=\"_blank\" rel=\"noopener\"><strong>Vorteile f\u00fcr das Immunsystem<\/strong><\/a>. Somit geh\u00f6rt Haritaki zu den drei wichtigsten Zutaten des Ayurveda. Es ist also eine gesunde Zutat, um gesund zu bleiben.<span class=\"Apple-converted-space\">\u00a0<\/span><\/p>\n<h3><b>Wie wird Haritaki-Pulver konsumiert?<\/b><\/h3>\n<p>Es sei denn, Sie m\u00f6chten eine kleine Haritaki-Kur in Kapselform durchf\u00fchren. Das Pulver ist immer noch eines der beliebtesten Mittel. Vor allem indische Verk\u00e4ufer verpacken es in dieser Form, bevor sie es im Internet verkaufen.<span class=\"Apple-converted-space\">\u00a0<\/span><\/p>\n<p>In Form von Kr\u00e4utertee w\u00e4hlen Sie einfach Ihre \u00fcblichen Kr\u00e4uter aus. Dann geben Sie einen halben Teel\u00f6ffel Haritaki-Pulver hinzu. Hier ist es wichtig, eine s\u00fc\u00dfe Basis hinzuzuf\u00fcgen, wie z.B. <a href=\"https:\/\/www.safinel.fr\/de\/product-category-2\/bienenzucht\/\"><strong>Honig<\/strong><\/a>.<\/p>\n<p>Da Haritaki sehr bitter schmeckt, sollte diese Bitterkeit gemildert werden. Denken Sie daran, um es auf die beste Weise zu verzehren.<\/p>","protected":false},"excerpt":{"rendered":"<p>L\u2019haritaki est le fruit typique d\u2019un arbre originaire du sous-continent indien et des plateaux himalayens. Cet indispensable de la m\u00e9decine ayurv\u00e9dique provient d\u2019un arbre d\u2019une dizaine de m\u00e8tres de long nomm\u00e9 \u00ab\u00a0erminalia chebula\u00a0\u00bb. On lui pr\u00eate aussi l\u2019appellation \u00ab\u00a0myrobolan noir\u00a0\u00bb ou \u00ab\u00a0mirobolanier. L\u2019haritaki ressemble \u00e9trangement \u00e0 un fruit \u00e0 coque. Il aurait une certaine ressemblance [&#8230;]","protected":false},"featured_media":146,"template":"","meta":[],"product_brand":[],"product_cat":[59,27],"product_tag":[],"class_list":{"0":"post-136","1":"product","2":"type-product","3":"status-publish","4":"has-post-thumbnail","6":"product_cat-fruit-tropical","7":"product_cat-plantes-medicinales","9":"first","10":"outofstock","11":"shipping-taxable","12":"purchasable","13":"product-type-simple"},"yoast_head":"<!-- This site is optimized with the Yoast SEO plugin v26.6 - https:\/\/yoast.com\/wordpress\/plugins\/seo\/ -->\n<title>Haritaki en poudre | Erminalia Chebula | Fruit naturel indien<\/title>\n<meta name=\"description\" content=\"Haritaki est le fruit d\u2019un arbre originaire du sous-continent indien et des plateaux himalayens. Il fait partie de la m\u00e9decine ayurv\u00e9dique.\" \/>\n<meta name=\"robots\" content=\"index, follow, max-snippet:-1, max-image-preview:large, max-video-preview:-1\" \/>\n<link rel=\"canonical\" href=\"https:\/\/www.safinel.fr\/de\/product-2\/haritaki\/\" \/>\n<meta property=\"og:locale\" content=\"de_DE\" \/>\n<meta property=\"og:type\" content=\"article\" \/>\n<meta property=\"og:title\" content=\"Haritaki en poudre | Erminalia Chebula | Fruit naturel indien\" \/>\n<meta property=\"og:description\" content=\"Haritaki est le fruit d\u2019un arbre originaire du sous-continent indien et des plateaux himalayens. Il fait partie de la m\u00e9decine ayurv\u00e9dique.\" \/>\n<meta property=\"og:url\" content=\"https:\/\/www.safinel.fr\/de\/product-2\/haritaki\/\" \/>\n<meta property=\"og:site_name\" content=\"Safinel\" \/>\n<meta property=\"article:modified_time\" content=\"2024-04-09T20:35:21+00:00\" \/>\n<meta property=\"og:image\" content=\"https:\/\/www.safinel.fr\/wp-content\/uploads\/2021\/06\/poudre-haritaki.jpeg\" \/>\n\t<meta property=\"og:image:width\" content=\"421\" \/>\n\t<meta property=\"og:image:height\" content=\"471\" \/>\n\t<meta property=\"og:image:type\" content=\"image\/jpeg\" \/>\n<meta name=\"twitter:card\" content=\"summary_large_image\" \/>\n<meta name=\"twitter:label1\" content=\"Gesch\u00e4tzte Lesezeit\" \/>\n\t<meta name=\"twitter:data1\" content=\"3\u00a0Minuten\" \/>\n<script type=\"application\/ld+json\" class=\"yoast-schema-graph\">{\"@context\":\"https:\/\/schema.org\",\"@graph\":[{\"@type\":\"WebPage\",\"@id\":\"https:\/\/www.safinel.fr\/produit\/haritaki\/\",\"url\":\"https:\/\/www.safinel.fr\/produit\/haritaki\/\",\"name\":\"Haritaki en poudre | Erminalia Chebula | Fruit naturel indien\",\"isPartOf\":{\"@id\":\"https:\/\/www.safinel.fr\/#website\"},\"primaryImageOfPage\":{\"@id\":\"https:\/\/www.safinel.fr\/produit\/haritaki\/#primaryimage\"},\"image\":{\"@id\":\"https:\/\/www.safinel.fr\/produit\/haritaki\/#primaryimage\"},\"thumbnailUrl\":\"https:\/\/www.safinel.fr\/wp-content\/uploads\/2021\/06\/poudre-haritaki.jpeg\",\"datePublished\":\"2021-06-18T11:43:50+00:00\",\"dateModified\":\"2024-04-09T20:35:21+00:00\",\"description\":\"Haritaki est le fruit d\u2019un arbre originaire du sous-continent indien et des plateaux himalayens. Il fait partie de la m\u00e9decine ayurv\u00e9dique.\",\"breadcrumb\":{\"@id\":\"https:\/\/www.safinel.fr\/produit\/haritaki\/#breadcrumb\"},\"inLanguage\":\"de\",\"potentialAction\":[{\"@type\":\"ReadAction\",\"target\":[\"https:\/\/www.safinel.fr\/produit\/haritaki\/\"]}]},{\"@type\":\"ImageObject\",\"inLanguage\":\"de\",\"@id\":\"https:\/\/www.safinel.fr\/produit\/haritaki\/#primaryimage\",\"url\":\"https:\/\/www.safinel.fr\/wp-content\/uploads\/2021\/06\/poudre-haritaki.jpeg\",\"contentUrl\":\"https:\/\/www.safinel.fr\/wp-content\/uploads\/2021\/06\/poudre-haritaki.jpeg\",\"width\":421,\"height\":471,\"caption\":\"Haritaki en poudre 100g\"},{\"@type\":\"BreadcrumbList\",\"@id\":\"https:\/\/www.safinel.fr\/produit\/haritaki\/#breadcrumb\",\"itemListElement\":[{\"@type\":\"ListItem\",\"position\":1,\"name\":\"Accueil\",\"item\":\"https:\/\/www.safinel.fr\/\"},{\"@type\":\"ListItem\",\"position\":2,\"name\":\"Boutique\",\"item\":\"https:\/\/www.safinel.fr\/boutique\/\"},{\"@type\":\"ListItem\",\"position\":3,\"name\":\"Haritaki en poudre 100g\"}]},{\"@type\":\"WebSite\",\"@id\":\"https:\/\/www.safinel.fr\/#website\",\"url\":\"https:\/\/www.safinel.fr\/\",\"name\":\"Safinel\",\"description\":\"\",\"publisher\":{\"@id\":\"https:\/\/www.safinel.fr\/#organization\"},\"potentialAction\":[{\"@type\":\"SearchAction\",\"target\":{\"@type\":\"EntryPoint\",\"urlTemplate\":\"https:\/\/www.safinel.fr\/?s={search_term_string}\"},\"query-input\":{\"@type\":\"PropertyValueSpecification\",\"valueRequired\":true,\"valueName\":\"search_term_string\"}}],\"inLanguage\":\"de\"},{\"@type\":\"Organization\",\"@id\":\"https:\/\/www.safinel.fr\/#organization\",\"name\":\"Safinel\",\"url\":\"https:\/\/www.safinel.fr\/\",\"logo\":{\"@type\":\"ImageObject\",\"inLanguage\":\"de\",\"@id\":\"https:\/\/www.safinel.fr\/#\/schema\/logo\/image\/\",\"url\":\"https:\/\/www.safinel.fr\/wp-content\/uploads\/2021\/05\/boutique-cosmetique.png\",\"contentUrl\":\"https:\/\/www.safinel.fr\/wp-content\/uploads\/2021\/05\/boutique-cosmetique.png\",\"width\":800,\"height\":200,\"caption\":\"Safinel\"},\"image\":{\"@id\":\"https:\/\/www.safinel.fr\/#\/schema\/logo\/image\/\"}}]}<\/script>\n<!-- \/ Yoast SEO plugin. -->","yoast_head_json":{"title":"Haritaki Pulver | Erminalia Chebula | Nat\u00fcrliche indische Frucht","description":"Haritaki ist die Frucht eines Baumes, der auf dem indischen Subkontinent und den Hochebenen des Himalaya beheimatet ist. Sie ist Teil der ayurvedischen Medizin.","robots":{"index":"index","follow":"follow","max-snippet":"max-snippet:-1","max-image-preview":"max-image-preview:large","max-video-preview":"max-video-preview:-1"},"canonical":"https:\/\/www.safinel.fr\/de\/product-2\/haritaki\/","og_locale":"de_DE","og_type":"article","og_title":"Haritaki en poudre | Erminalia Chebula | Fruit naturel indien","og_description":"Haritaki est le fruit d\u2019un arbre originaire du sous-continent indien et des plateaux himalayens. Il fait partie de la m\u00e9decine ayurv\u00e9dique.","og_url":"https:\/\/www.safinel.fr\/de\/product-2\/haritaki\/","og_site_name":"Safinel","article_modified_time":"2024-04-09T20:35:21+00:00","og_image":[{"width":421,"height":471,"url":"https:\/\/www.safinel.fr\/wp-content\/uploads\/2021\/06\/poudre-haritaki.jpeg","type":"image\/jpeg"}],"twitter_card":"summary_large_image","twitter_misc":{"Gesch\u00e4tzte Lesezeit":"3\u00a0Minuten"},"schema":{"@context":"https:\/\/schema.org","@graph":[{"@type":"WebPage","@id":"https:\/\/www.safinel.fr\/produit\/haritaki\/","url":"https:\/\/www.safinel.fr\/produit\/haritaki\/","name":"Haritaki Pulver | Erminalia Chebula | Nat\u00fcrliche indische Frucht","isPartOf":{"@id":"https:\/\/www.safinel.fr\/#website"},"primaryImageOfPage":{"@id":"https:\/\/www.safinel.fr\/produit\/haritaki\/#primaryimage"},"image":{"@id":"https:\/\/www.safinel.fr\/produit\/haritaki\/#primaryimage"},"thumbnailUrl":"https:\/\/www.safinel.fr\/wp-content\/uploads\/2021\/06\/poudre-haritaki.jpeg","datePublished":"2021-06-18T11:43:50+00:00","dateModified":"2024-04-09T20:35:21+00:00","description":"Haritaki ist die Frucht eines Baumes, der auf dem indischen Subkontinent und den Hochebenen des Himalaya beheimatet ist. Sie ist Teil der ayurvedischen Medizin.","breadcrumb":{"@id":"https:\/\/www.safinel.fr\/produit\/haritaki\/#breadcrumb"},"inLanguage":"de","potentialAction":[{"@type":"ReadAction","target":["https:\/\/www.safinel.fr\/produit\/haritaki\/"]}]},{"@type":"ImageObject","inLanguage":"de","@id":"https:\/\/www.safinel.fr\/produit\/haritaki\/#primaryimage","url":"https:\/\/www.safinel.fr\/wp-content\/uploads\/2021\/06\/poudre-haritaki.jpeg","contentUrl":"https:\/\/www.safinel.fr\/wp-content\/uploads\/2021\/06\/poudre-haritaki.jpeg","width":421,"height":471,"caption":"Haritaki en poudre 100g"},{"@type":"BreadcrumbList","@id":"https:\/\/www.safinel.fr\/produit\/haritaki\/#breadcrumb","itemListElement":[{"@type":"ListItem","position":1,"name":"Accueil","item":"https:\/\/www.safinel.fr\/"},{"@type":"ListItem","position":2,"name":"Boutique","item":"https:\/\/www.safinel.fr\/boutique\/"},{"@type":"ListItem","position":3,"name":"Haritaki en poudre 100g"}]},{"@type":"WebSite","@id":"https:\/\/www.safinel.fr\/#website","url":"https:\/\/www.safinel.fr\/","name":"Safinel","description":"","publisher":{"@id":"https:\/\/www.safinel.fr\/#organization"},"potentialAction":[{"@type":"SearchAction","target":{"@type":"EntryPoint","urlTemplate":"https:\/\/www.safinel.fr\/?s={search_term_string}"},"query-input":{"@type":"PropertyValueSpecification","valueRequired":true,"valueName":"search_term_string"}}],"inLanguage":"de"},{"@type":"Organization","@id":"https:\/\/www.safinel.fr\/#organization","name":"Safinel","url":"https:\/\/www.safinel.fr\/","logo":{"@type":"ImageObject","inLanguage":"de","@id":"https:\/\/www.safinel.fr\/#\/schema\/logo\/image\/","url":"https:\/\/www.safinel.fr\/wp-content\/uploads\/2021\/05\/boutique-cosmetique.png","contentUrl":"https:\/\/www.safinel.fr\/wp-content\/uploads\/2021\/05\/boutique-cosmetique.png","width":800,"height":200,"caption":"Safinel"},"image":{"@id":"https:\/\/www.safinel.fr\/#\/schema\/logo\/image\/"}}]}},"_links":{"self":[{"href":"https:\/\/www.safinel.fr\/de\/wp-json\/wp\/v2\/product\/136","targetHints":{"allow":["GET"]}}],"collection":[{"href":"https:\/\/www.safinel.fr\/de\/wp-json\/wp\/v2\/product"}],"about":[{"href":"https:\/\/www.safinel.fr\/de\/wp-json\/wp\/v2\/types\/product"}],"wp:featuredmedia":[{"embeddable":true,"href":"https:\/\/www.safinel.fr\/de\/wp-json\/wp\/v2\/media\/146"}],"wp:attachment":[{"href":"https:\/\/www.safinel.fr\/de\/wp-json\/wp\/v2\/media?parent=136"}],"wp:term":[{"taxonomy":"product_brand","embeddable":true,"href":"https:\/\/www.safinel.fr\/de\/wp-json\/wp\/v2\/product_brand?post=136"},{"taxonomy":"product_cat","embeddable":true,"href":"https:\/\/www.safinel.fr\/de\/wp-json\/wp\/v2\/product_cat?post=136"},{"taxonomy":"product_tag","embeddable":true,"href":"https:\/\/www.safinel.fr\/de\/wp-json\/wp\/v2\/product_tag?post=136"}],"curies":[{"name":"wp","href":"https:\/\/api.w.org\/{rel}","templated":true}]}}