{"id":131,"date":"2021-06-03T11:50:21","date_gmt":"2021-06-03T11:50:21","guid":{"rendered":"https:\/\/www.safinel.fr\/?post_type=product&#038;p=131"},"modified":"2024-04-11T15:39:25","modified_gmt":"2024-04-11T15:39:25","slug":"garcinia","status":"publish","type":"product","link":"https:\/\/www.safinel.fr\/de\/product-2\/garcinia\/","title":{"rendered":"Garcinia 100g"},"content":{"rendered":"<p>Die\u00a0<strong>Garcinia Cambogia<\/strong>\u00a0ist ein\u00a0<strong>tropische Frucht<\/strong>\u00a0der oft als der \u00ab<strong>Di\u00e4tk\u00f6nig<\/strong>\u00bb. Obwohl er in Europa noch weitgehend unbekannt ist, wird er von Kennern und in der ayurvedischen Medizin sehr gesch\u00e4tzt. Aber auch in der K\u00fcche wird er als Gew\u00fcrz sehr gesch\u00e4tzt.<\/p>\n<p>Denn das Konsumieren als\u00a0<strong>Nahrungserg\u00e4nzung\u00a0<\/strong>enth\u00e4lt viele Vorteile f\u00fcr unsere Gesundheit.<\/p>\n<p>Dann sehen wir uns mit Safinel die Beschreibung dieser Frucht an, die nur darauf wartet, bekannt und angenommen zu werden!<\/p>\n<h2><strong>Garcinia Cambogia: eine noch unbekannte tropische Frucht\u00a0<\/strong><\/h2>\n<p>Garcinia Cambogia ist ein kleiner gr\u00fcner oder gelber K\u00fcrbis, der etwa f\u00fcnf Zentimeter gro\u00df ist. Auch macht er neugierig, da er eine Frucht ist, der man nicht \u00fcberall begegnet.<\/p>\n<p>Und obwohl er in Zentralafrika und S\u00fcdostasien beheimatet ist, w\u00e4chst er nur in den tropischen Regenw\u00e4ldern. Zwar ist er nicht bekannt, dennoch ist er aufgrund seines ungew\u00f6hnlichen und nicht allt\u00e4glichen Aussehens leicht zu erkennen. Es ist also eher seine Zusammensetzung, die ihn fesselnd macht ...<\/p>\n<p>Andererseits wird in der traditionellen Medizin und insbesondere in der Pflanzenheilkunde die gesamte Frucht verwendet. In der Tat ist die gesamte Frucht von Interesse, also auch das Fruchtfleisch, die Kerne und die Schale.<\/p>\n<h2><strong>Die beeindruckenden Vorteile von Garcinia Cambogia zu entdecken<\/strong><\/h2>\n<p><strong>Gegen zu hohe Cholesterinwerte : <\/strong>Studien zufolge, die zu diesem Thema durchgef\u00fchrt wurden, w\u00fcrde dieses Nahrungserg\u00e4nzungsmittel eine erhebliche Senkung des Cholesterinspiegels im K\u00f6rper bewirken. Also tr\u00e4gt es zweifellos dazu bei, die kardiovaskul\u00e4re Gesundheit der Menschen zu verbessern, die es einnehmen.<\/p>\n<p><strong>Gegen Bluthochdruck : <\/strong>Dar\u00fcber hinaus ist er ein Verb\u00fcndeter von Herz und Gehirn, da er einen hohen Kaliumgehalt aufweist. Und dieses tr\u00e4gt dazu bei, Bluthochdruck zu senken und seine Auswirkungen zu bek\u00e4mpfen. So schr\u00e4nken Sie das Risiko von Herzinfarkten und Schlaganf\u00e4llen ein.<\/p>\n<h3><strong>Verbesserung des Verdauungskomforts<\/strong><\/h3>\n<ul>\n<li>Zun\u00e4chst ist in der traditionellen Medizin bekannt, dass Garcinia Cambogia dazu beitr\u00e4gt, Darmparasiten loszuwerden ;<\/li>\n<\/ul>\n<ul>\n<li>Au\u00dferdem enth\u00e4lt es aktive Bestandteile, die die Darmt\u00e4tigkeit und die Qualit\u00e4t der Flora f\u00f6rdern. Das liegt daran, dass er die Vermehrung von Probiotika und Pr\u00e4biotika f\u00f6rdert; ;<\/li>\n<\/ul>\n<ul>\n<li>Dar\u00fcber hinaus hilft es, akuten Durchfallepisoden und Dysenterie vorzubeugen ;<\/li>\n<\/ul>\n<ul>\n<li>Mehr noch: Er wird besonders zur Behandlung von Magenbeschwerden und Lebensmittelvergiftungen empfohlen!<\/li>\n<\/ul>\n<ul>\n<li>Garcinia Cambogia wird seit langem wegen seiner Wirkung gegen Sodbrennen eingesetzt. Es hilft, den S\u00e4urehaushalt des Magens wieder ins Gleichgewicht zu bringen; ;<\/li>\n<\/ul>\n<ul>\n<li>Schlie\u00dflich hilft es in einigen traditionellen Heilmethoden gegen Darmschmerzen und Rheuma.<\/li>\n<\/ul>\n<h3><strong>Eine nat\u00fcrlich antioxidative Frucht<\/strong><\/h3>\n<p>Wie viele tropische Fr\u00fcchte enth\u00e4lt sie verschiedene Vitamine und Mineralstoffe, die f\u00fcr ihre antioxidativen Eigenschaften bekannt sind. So tr\u00e4gt sie zur Entgiftung des K\u00f6rpers und zur Bek\u00e4mpfung von oxidativem und emotionalem Stress bei.<\/p>\n<p>Ein \u00dcberschuss an freien Radikalen und Toxinen im K\u00f6rper ist die Ursache f\u00fcr Herz-Kreislauf-Erkrankungen und Krebs. Sie regelm\u00e4\u00dfig durch eine antioxidative Ern\u00e4hrung auszumerzen, ist also von Vorteil, um diesen Krankheiten vorzubeugen.<\/p>\n<h3><strong>Gegen Wassereinlagerungen<\/strong><\/h3>\n<p>Tats\u00e4chlich enth\u00e4lt es Bestandteile, die gegen \u00fcbersch\u00fcssiges Wasser im K\u00f6rper wirken. So sorgt es f\u00fcr einen besseren Abtransport von Wasser, Giftstoffen und Fetten.<\/p>\n<h2><strong>Garcinia Cambogia, der \u201cK\u00f6nig der Di\u00e4ten\u201d!<\/strong><\/h2>\n<p>Zu Recht wird dieses Nahrungserg\u00e4nzungsmittel sehr h\u00e4ufig mit Schlankheitsdi\u00e4ten gleichgesetzt. Wegen seiner positiven Wirkung auf den Gewichtsverlust wird es sogar als \u00abK\u00f6nig der Di\u00e4ten\u00bb bezeichnet.<\/p>\n<p><strong>Eine Hilfe beim Abnehmen : <\/strong>Tats\u00e4chlich enth\u00e4lt dieses Nahrungserg\u00e4nzungsmittel einen sehr interessanten Wirkstoff: Hydroxyzitronens\u00e4ure (AHC). Mit einer AHC-Titration von 50 % hat es eine Wirkung auf die Gewichtsabnahme. Es stimuliert die Produktion von Serotonin im Gehirn und verst\u00e4rkt so das S\u00e4ttigungsgef\u00fchl.<\/p>\n<p>In klinischen Studien wurden gute Ergebnisse bei der Reduzierung der Fettmasse erzielt. Daher ist es eines der am h\u00e4ufigsten verwendeten Nahrungserg\u00e4nzungsmittel zur Gewichtsreduktion.<\/p>\n<p><strong>Ein nat\u00fcrlicher Appetitz\u00fcgler : <\/strong>Wie bereits erw\u00e4hnt, wirkt das in Garcinia Cambogia enthaltene AHC direkt auf das Gehirn, indem es das S\u00e4ttigungsgef\u00fchl stimuliert. Dadurch wirkt es wie ein nat\u00fcrlicher Appetitz\u00fcgler, wodurch die Kalorienzufuhr w\u00e4hrend der Mahlzeiten reduziert wird.<\/p>\n<p>\u00dcbrigens, um Ihre Gesundheitskuren abwechslungsreich zu gestalten, empfehlen wir Ihnen die\u00a0<a href=\"https:\/\/www.safinel.fr\/de\/product-2\/kirschschwanze\/\"><strong>Kirschschw\u00e4nze<\/strong><\/a>\u00a0in der Boutique erh\u00e4ltlich...<\/p>\n<h2><strong>Wissenswertes \u00fcber Garcinia Cambogia vor dem Kauf<\/strong><\/h2>\n<p>Auch wenn es sich um ein 100 % Naturprodukt handelt, bleibt es wichtig zu wissen, wie man es ausw\u00e4hlt. Ebenso ist es gut, sich nach den Nebenwirkungen zu erkundigen, die es bei der Einnahme verursachen kann.<\/p>\n<h3><strong>Garcinia Cambogia ausw\u00e4hlen<\/strong><\/h3>\n<ul>\n<li>Es ist nicht immer einfach, die richtigen Produkte zu erkennen, wenn es sich um eine so unbekannte Frucht handelt. Achten Sie auf Produkte, die mindestens 50 % AHC enthalten, um die richtige Wahl zu treffen; ;<\/li>\n<\/ul>\n<ul>\n<li>Zweifellos ist der Gehalt an dieser S\u00e4ure ein prim\u00e4res Auswahlkriterium, ebenso wie das Vorhandensein des Bio-Siegels ;<\/li>\n<\/ul>\n<ul>\n<li>Schlie\u00dflich ist es notwendig, dass er in den tropischen W\u00e4ldern Afrikas oder Asiens gepfl\u00fcckt wurde. Denn in diesen W\u00e4ldern w\u00e4chst sie unter den bestm\u00f6glichen Bedingungen, also in freier Wildbahn.<\/li>\n<\/ul>\n<h3><strong>Kontraindikationen<\/strong><\/h3>\n<p>Es ist jedoch gut zu wissen, dass es einige Kontraindikationen f\u00fcr die Verwendung und den Verzehr gibt. So wird insbesondere schwangeren und stillenden Frauen sowie Patienten, die cholesterinsenkende Medikamente einnehmen, von der Einnahme abgeraten. Auch bei Demenz oder Diabetes sollte es vermieden werden.<\/p>\n<h2><strong>Wie kann man also Garcinia Cambogia konsumieren?<\/strong><\/h2>\n<ul>\n<li>Erstens: Damit sein Verzehr f\u00fcr Ihre Gesundheit wirksam ist, sollten Sie eine mehrw\u00f6chige Kur durchf\u00fchren; ;<\/li>\n<\/ul>\n<ul>\n<li>Diesbez\u00fcglich wird eine t\u00e4gliche Einnahme in der empfohlenen Dosierung empfohlen. Auf diese Weise werden Sie langfristig ein tiefes Gleichgewicht im Verdauungssystem sp\u00fcren; ;<\/li>\n<\/ul>\n<ul>\n<li>Zu beachten ist, dass die klassischen Kuren mit diesem Nahrungserg\u00e4nzungsmittel zwischen zwei und drei Monaten dauern; ;<\/li>\n<\/ul>\n<ul>\n<li>Schlie\u00dflich sollten Sie Ihre Kuren mit einem Abstand von einer bis mehreren Wochen durchf\u00fchren, damit die Wirkung von Garcinia Cambogia optimaler und st\u00e4rker ist.<\/li>\n<\/ul>\n<p>Seien Sie also flei\u00dfig und geduldig, um die Vorz\u00fcge von Garcinia Cambogia voll auszusch\u00f6pfen!<\/p>\n<h3><strong>Vorsichtsma\u00dfnahme<\/strong><\/h3>\n<p>Zu seinen Nebenwirkungen ist zu sagen, dass es bei einer angemessenen Dosis keine nennenswerten unangenehmen Auswirkungen hat.<\/p>\n<p>In hohen Dosen kann es jedoch zu Bl\u00e4hungen, Migr\u00e4ne und Durchfall f\u00fchren. Achten Sie also darauf, dass Sie die auf der Verpackung des Nahrungserg\u00e4nzungsmittels angegebene Dosierung einhalten.<\/p>","protected":false},"excerpt":{"rendered":"<p><strong>Wichtiger Hinweis<\/strong> : Ganze Pflanze dehydriert.<\/p>","protected":false},"featured_media":2901,"template":"","meta":[],"product_brand":[],"product_cat":[59,27],"product_tag":[],"class_list":{"0":"post-131","1":"product","2":"type-product","3":"status-publish","4":"has-post-thumbnail","6":"product_cat-fruit-tropical","7":"product_cat-plantes-medicinales","9":"first","10":"outofstock","11":"shipping-taxable","12":"purchasable","13":"product-type-simple"},"yoast_head":"<!-- This site is optimized with the Yoast SEO plugin v26.6 - https:\/\/yoast.com\/wordpress\/plugins\/seo\/ -->\n<title>Garcinia Cambogia | Fruit tropical aux bienfais nombreux<\/title>\n<meta name=\"description\" content=\"Le\u00a0Garcinia Cambogia\u00a0est un\u00a0fruit tropical\u00a0qui est souvent surnomm\u00e9 le \u00ab\u2009roi des r\u00e9gimes\u2009\u00bb. Adoptez-le sans plus attendre !\" \/>\n<meta name=\"robots\" content=\"index, follow, max-snippet:-1, max-image-preview:large, max-video-preview:-1\" \/>\n<link rel=\"canonical\" href=\"https:\/\/www.safinel.fr\/de\/product-2\/garcinia\/\" \/>\n<meta property=\"og:locale\" content=\"de_DE\" \/>\n<meta property=\"og:type\" content=\"article\" \/>\n<meta property=\"og:title\" content=\"Garcinia Cambogia | Fruit tropical aux bienfais nombreux\" \/>\n<meta property=\"og:description\" content=\"Le\u00a0Garcinia Cambogia\u00a0est un\u00a0fruit tropical\u00a0qui est souvent surnomm\u00e9 le \u00ab\u2009roi des r\u00e9gimes\u2009\u00bb. Adoptez-le sans plus attendre !\" \/>\n<meta property=\"og:url\" content=\"https:\/\/www.safinel.fr\/de\/product-2\/garcinia\/\" \/>\n<meta property=\"og:site_name\" content=\"Safinel\" \/>\n<meta property=\"article:modified_time\" content=\"2024-04-11T15:39:25+00:00\" \/>\n<meta property=\"og:image\" content=\"https:\/\/www.safinel.fr\/wp-content\/uploads\/2021\/06\/Garcinia-Cambogia.jpg\" \/>\n\t<meta property=\"og:image:width\" content=\"600\" \/>\n\t<meta property=\"og:image:height\" content=\"600\" \/>\n\t<meta property=\"og:image:type\" content=\"image\/jpeg\" \/>\n<meta name=\"twitter:card\" content=\"summary_large_image\" \/>\n<meta name=\"twitter:label1\" content=\"Gesch\u00e4tzte Lesezeit\" \/>\n\t<meta name=\"twitter:data1\" content=\"6\u00a0Minuten\" \/>\n<script type=\"application\/ld+json\" class=\"yoast-schema-graph\">{\"@context\":\"https:\/\/schema.org\",\"@graph\":[{\"@type\":\"WebPage\",\"@id\":\"https:\/\/www.safinel.fr\/produit\/garcinia\/\",\"url\":\"https:\/\/www.safinel.fr\/produit\/garcinia\/\",\"name\":\"Garcinia Cambogia | Fruit tropical aux bienfais nombreux\",\"isPartOf\":{\"@id\":\"https:\/\/www.safinel.fr\/#website\"},\"primaryImageOfPage\":{\"@id\":\"https:\/\/www.safinel.fr\/produit\/garcinia\/#primaryimage\"},\"image\":{\"@id\":\"https:\/\/www.safinel.fr\/produit\/garcinia\/#primaryimage\"},\"thumbnailUrl\":\"https:\/\/www.safinel.fr\/wp-content\/uploads\/2021\/06\/Garcinia-Cambogia.jpg\",\"datePublished\":\"2021-06-03T11:50:21+00:00\",\"dateModified\":\"2024-04-11T15:39:25+00:00\",\"description\":\"Le\u00a0Garcinia Cambogia\u00a0est un\u00a0fruit tropical\u00a0qui est souvent surnomm\u00e9 le \u00ab\u2009roi des r\u00e9gimes\u2009\u00bb. Adoptez-le sans plus attendre !\",\"breadcrumb\":{\"@id\":\"https:\/\/www.safinel.fr\/produit\/garcinia\/#breadcrumb\"},\"inLanguage\":\"de\",\"potentialAction\":[{\"@type\":\"ReadAction\",\"target\":[\"https:\/\/www.safinel.fr\/produit\/garcinia\/\"]}]},{\"@type\":\"ImageObject\",\"inLanguage\":\"de\",\"@id\":\"https:\/\/www.safinel.fr\/produit\/garcinia\/#primaryimage\",\"url\":\"https:\/\/www.safinel.fr\/wp-content\/uploads\/2021\/06\/Garcinia-Cambogia.jpg\",\"contentUrl\":\"https:\/\/www.safinel.fr\/wp-content\/uploads\/2021\/06\/Garcinia-Cambogia.jpg\",\"width\":600,\"height\":600,\"caption\":\"Garcinia Cambogia\"},{\"@type\":\"BreadcrumbList\",\"@id\":\"https:\/\/www.safinel.fr\/produit\/garcinia\/#breadcrumb\",\"itemListElement\":[{\"@type\":\"ListItem\",\"position\":1,\"name\":\"Accueil\",\"item\":\"https:\/\/www.safinel.fr\/\"},{\"@type\":\"ListItem\",\"position\":2,\"name\":\"Boutique\",\"item\":\"https:\/\/www.safinel.fr\/boutique\/\"},{\"@type\":\"ListItem\",\"position\":3,\"name\":\"Garcinia 100g\"}]},{\"@type\":\"WebSite\",\"@id\":\"https:\/\/www.safinel.fr\/#website\",\"url\":\"https:\/\/www.safinel.fr\/\",\"name\":\"Safinel\",\"description\":\"\",\"publisher\":{\"@id\":\"https:\/\/www.safinel.fr\/#organization\"},\"potentialAction\":[{\"@type\":\"SearchAction\",\"target\":{\"@type\":\"EntryPoint\",\"urlTemplate\":\"https:\/\/www.safinel.fr\/?s={search_term_string}\"},\"query-input\":{\"@type\":\"PropertyValueSpecification\",\"valueRequired\":true,\"valueName\":\"search_term_string\"}}],\"inLanguage\":\"de\"},{\"@type\":\"Organization\",\"@id\":\"https:\/\/www.safinel.fr\/#organization\",\"name\":\"Safinel\",\"url\":\"https:\/\/www.safinel.fr\/\",\"logo\":{\"@type\":\"ImageObject\",\"inLanguage\":\"de\",\"@id\":\"https:\/\/www.safinel.fr\/#\/schema\/logo\/image\/\",\"url\":\"https:\/\/www.safinel.fr\/wp-content\/uploads\/2021\/05\/boutique-cosmetique.png\",\"contentUrl\":\"https:\/\/www.safinel.fr\/wp-content\/uploads\/2021\/05\/boutique-cosmetique.png\",\"width\":800,\"height\":200,\"caption\":\"Safinel\"},\"image\":{\"@id\":\"https:\/\/www.safinel.fr\/#\/schema\/logo\/image\/\"}}]}<\/script>\n<!-- \/ Yoast SEO plugin. -->","yoast_head_json":{"title":"Garcinia Cambogia | Tropische Frucht mit vielen Vorteilen","description":"Garcinia Cambogia ist eine tropische Frucht, die oft als \u00abK\u00f6nig der Di\u00e4ten\u00bb bezeichnet wird. Adoptieren Sie sie sofort!","robots":{"index":"index","follow":"follow","max-snippet":"max-snippet:-1","max-image-preview":"max-image-preview:large","max-video-preview":"max-video-preview:-1"},"canonical":"https:\/\/www.safinel.fr\/de\/product-2\/garcinia\/","og_locale":"de_DE","og_type":"article","og_title":"Garcinia Cambogia | Fruit tropical aux bienfais nombreux","og_description":"Le\u00a0Garcinia Cambogia\u00a0est un\u00a0fruit tropical\u00a0qui est souvent surnomm\u00e9 le \u00ab\u2009roi des r\u00e9gimes\u2009\u00bb. Adoptez-le sans plus attendre !","og_url":"https:\/\/www.safinel.fr\/de\/product-2\/garcinia\/","og_site_name":"Safinel","article_modified_time":"2024-04-11T15:39:25+00:00","og_image":[{"width":600,"height":600,"url":"https:\/\/www.safinel.fr\/wp-content\/uploads\/2021\/06\/Garcinia-Cambogia.jpg","type":"image\/jpeg"}],"twitter_card":"summary_large_image","twitter_misc":{"Gesch\u00e4tzte Lesezeit":"6\u00a0Minuten"},"schema":{"@context":"https:\/\/schema.org","@graph":[{"@type":"WebPage","@id":"https:\/\/www.safinel.fr\/produit\/garcinia\/","url":"https:\/\/www.safinel.fr\/produit\/garcinia\/","name":"Garcinia Cambogia | Tropische Frucht mit vielen Vorteilen","isPartOf":{"@id":"https:\/\/www.safinel.fr\/#website"},"primaryImageOfPage":{"@id":"https:\/\/www.safinel.fr\/produit\/garcinia\/#primaryimage"},"image":{"@id":"https:\/\/www.safinel.fr\/produit\/garcinia\/#primaryimage"},"thumbnailUrl":"https:\/\/www.safinel.fr\/wp-content\/uploads\/2021\/06\/Garcinia-Cambogia.jpg","datePublished":"2021-06-03T11:50:21+00:00","dateModified":"2024-04-11T15:39:25+00:00","description":"Garcinia Cambogia ist eine tropische Frucht, die oft als \u00abK\u00f6nig der Di\u00e4ten\u00bb bezeichnet wird. Adoptieren Sie sie sofort!","breadcrumb":{"@id":"https:\/\/www.safinel.fr\/produit\/garcinia\/#breadcrumb"},"inLanguage":"de","potentialAction":[{"@type":"ReadAction","target":["https:\/\/www.safinel.fr\/produit\/garcinia\/"]}]},{"@type":"ImageObject","inLanguage":"de","@id":"https:\/\/www.safinel.fr\/produit\/garcinia\/#primaryimage","url":"https:\/\/www.safinel.fr\/wp-content\/uploads\/2021\/06\/Garcinia-Cambogia.jpg","contentUrl":"https:\/\/www.safinel.fr\/wp-content\/uploads\/2021\/06\/Garcinia-Cambogia.jpg","width":600,"height":600,"caption":"Garcinia Cambogia"},{"@type":"BreadcrumbList","@id":"https:\/\/www.safinel.fr\/produit\/garcinia\/#breadcrumb","itemListElement":[{"@type":"ListItem","position":1,"name":"Accueil","item":"https:\/\/www.safinel.fr\/"},{"@type":"ListItem","position":2,"name":"Boutique","item":"https:\/\/www.safinel.fr\/boutique\/"},{"@type":"ListItem","position":3,"name":"Garcinia 100g"}]},{"@type":"WebSite","@id":"https:\/\/www.safinel.fr\/#website","url":"https:\/\/www.safinel.fr\/","name":"Safinel","description":"","publisher":{"@id":"https:\/\/www.safinel.fr\/#organization"},"potentialAction":[{"@type":"SearchAction","target":{"@type":"EntryPoint","urlTemplate":"https:\/\/www.safinel.fr\/?s={search_term_string}"},"query-input":{"@type":"PropertyValueSpecification","valueRequired":true,"valueName":"search_term_string"}}],"inLanguage":"de"},{"@type":"Organization","@id":"https:\/\/www.safinel.fr\/#organization","name":"Safinel","url":"https:\/\/www.safinel.fr\/","logo":{"@type":"ImageObject","inLanguage":"de","@id":"https:\/\/www.safinel.fr\/#\/schema\/logo\/image\/","url":"https:\/\/www.safinel.fr\/wp-content\/uploads\/2021\/05\/boutique-cosmetique.png","contentUrl":"https:\/\/www.safinel.fr\/wp-content\/uploads\/2021\/05\/boutique-cosmetique.png","width":800,"height":200,"caption":"Safinel"},"image":{"@id":"https:\/\/www.safinel.fr\/#\/schema\/logo\/image\/"}}]}},"_links":{"self":[{"href":"https:\/\/www.safinel.fr\/de\/wp-json\/wp\/v2\/product\/131","targetHints":{"allow":["GET"]}}],"collection":[{"href":"https:\/\/www.safinel.fr\/de\/wp-json\/wp\/v2\/product"}],"about":[{"href":"https:\/\/www.safinel.fr\/de\/wp-json\/wp\/v2\/types\/product"}],"wp:featuredmedia":[{"embeddable":true,"href":"https:\/\/www.safinel.fr\/de\/wp-json\/wp\/v2\/media\/2901"}],"wp:attachment":[{"href":"https:\/\/www.safinel.fr\/de\/wp-json\/wp\/v2\/media?parent=131"}],"wp:term":[{"taxonomy":"product_brand","embeddable":true,"href":"https:\/\/www.safinel.fr\/de\/wp-json\/wp\/v2\/product_brand?post=131"},{"taxonomy":"product_cat","embeddable":true,"href":"https:\/\/www.safinel.fr\/de\/wp-json\/wp\/v2\/product_cat?post=131"},{"taxonomy":"product_tag","embeddable":true,"href":"https:\/\/www.safinel.fr\/de\/wp-json\/wp\/v2\/product_tag?post=131"}],"curies":[{"name":"wp","href":"https:\/\/api.w.org\/{rel}","templated":true}]}}