{"id":130,"date":"2021-06-01T19:26:51","date_gmt":"2021-06-01T19:26:51","guid":{"rendered":"https:\/\/www.safinel.fr\/?post_type=product&#038;p=130"},"modified":"2024-01-17T11:43:53","modified_gmt":"2024-01-17T11:43:53","slug":"lowenzahnwurzel","status":"publish","type":"product","link":"https:\/\/www.safinel.fr\/de\/product-2\/lowenzahnwurzel\/","title":{"rendered":"L\u00f6wenzahnwurzel 100g"},"content":{"rendered":"<p>Nein, Sie tr\u00e4umen nicht, L\u00f6wenzahn wird wegen seiner au\u00dfergew\u00f6hnlichen harntreibenden Wirkung auch \u00abBettn\u00e4sser\u00bb genannt. Denn dank seiner Bitterstoffe und seiner <a href=\"https:\/\/www.espritsante.com\/articles\/acide-phenolique\" target=\"_blank\" rel=\"noopener\"><strong>Phenols\u00e4uren<\/strong><\/a> und Sterole. Die L\u00f6wenzahnwurzel erm\u00f6glicht es, als wirksames Diuretikum zu wirken und die Leber anzuregen.<\/p>\n<p>Sie ist eine Pflanze, die seit Urzeiten in der Kr\u00e4uterheilkunde verwendet wird, um <a href=\"https:\/\/www.safinel.fr\/de\/product-2\/kirschschwanze\/\"><strong>den K\u00f6rper allgemein reinigen<\/strong><\/a>.<\/p>\n<h2><b>L\u00f6wenzahn: eine profitable Wurzel f\u00fcr den menschlichen K\u00f6rper<\/b><\/h2>\n<p>Man muss auch wissen, dass diese Pflanze, die man gew\u00f6hnlich auf Wiesen und Feldern findet, eine der wenigen Pflanzen ist, die fast auf der ganzen Welt vorkommt.<\/p>\n<p>Sie ist auf fast allen Kontinenten zu finden. Ihr lateinischer Name lautet \u00abtaraxacum officinale\u00bb. Es handelt sich um eine mehrj\u00e4hrige krautige Pflanze, die sich durch eine leuchtend gelbe Bl\u00fcte auszeichnet, die sich in eine Art Pompon verwandelt.<\/p>\n<p>Ideal f\u00fcr eine gute Funktion der Leber und der Gallenblase. Beachten Sie jedoch, dass es empfehlenswert ist, die Wurzel als Abkochung zu konsumieren.<\/p>\n<p>Um die entgiftenden Vorteile der L\u00f6wenzahnwurzel optimal zu nutzen. Am besten halten Sie sich an die empfohlenen Dosierungen.<\/p>\n<h2><b>Gebrauchsanweisung als Abkochung :<\/b><\/h2>\n<p>Unser Team empfiehlt Ihnen, etwa 5 Gramm L\u00f6wenzahnwurzel etwa zehn Minuten lang bis zum Kochen zu erhitzen. Anschlie\u00dfend genie\u00dfen Sie diese. F\u00fcr eine optimale Erfahrung sollten Sie diesen Vorgang am besten dreimal t\u00e4glich wiederholen.<\/p>\n<p>Dennoch gibt es einige Vorsichtsma\u00dfnahmen, die Sie vor Beginn einer L\u00f6wenzahnkur beachten sollten:<\/p>\n<ul>\n<li>Unser Team m\u00f6chte Sie darauf hinweisen, dass Personen mit Gallensteinen am besten zun\u00e4chst ihren Arzt um Rat fragen sollten.<\/li>\n<li>Es ist wichtig zu wissen, dass L\u00f6wenzahnkuren nur f\u00fcr kurze Zeit geeignet sind.<span class=\"Apple-converted-space\">\u00a0<\/span><\/li>\n<li>F\u00fcr schwangere und stillende Frauen verboten.<\/li>\n<li>L\u00f6wenzahnwurzelkuren sind auch bei Nieren- oder Herzkrankheiten kontraindiziert.<\/li>\n<\/ul>","protected":false},"excerpt":{"rendered":"<p>Nein, Sie tr\u00e4umen nicht, L\u00f6wenzahn wird wegen seiner au\u00dfergew\u00f6hnlichen harntreibenden Wirkung auch \u00abBettn\u00e4sser\u00bb genannt. Dank seiner Bitterstoffe, Phenols\u00e4uren und Sterole wirkt die L\u00f6wenzahnwurzel als wirksames Diuretikum, das die Leber anregt. Diese Pflanze wird [\u2026]","protected":false},"featured_media":45,"template":"","meta":[],"product_brand":[],"product_cat":[27],"product_tag":[],"class_list":{"0":"post-130","1":"product","2":"type-product","3":"status-publish","4":"has-post-thumbnail","6":"product_cat-plantes-medicinales","8":"first","9":"instock","10":"shipping-taxable","11":"purchasable","12":"product-type-simple"},"yoast_head":"<!-- This site is optimized with the Yoast SEO plugin v26.6 - https:\/\/yoast.com\/wordpress\/plugins\/seo\/ -->\n<title>Racine de pissenlit (taraxacum officinale) | Bienfaits nombreux<\/title>\n<meta name=\"description\" content=\"Gr\u00e2ce \u00e0 son amertume et \u00e0 ses acides ph\u00e9nol et st\u00e9rols. La racine de pissenlit permet d\u2019agir comme un diur\u00e9tique pour stimuler le foie.\" \/>\n<meta name=\"robots\" content=\"index, follow, max-snippet:-1, max-image-preview:large, max-video-preview:-1\" \/>\n<link rel=\"canonical\" href=\"https:\/\/www.safinel.fr\/de\/product-2\/lowenzahnwurzel\/\" \/>\n<meta property=\"og:locale\" content=\"de_DE\" \/>\n<meta property=\"og:type\" content=\"article\" \/>\n<meta property=\"og:title\" content=\"Racine de pissenlit (taraxacum officinale) | Bienfaits nombreux\" \/>\n<meta property=\"og:description\" content=\"Gr\u00e2ce \u00e0 son amertume et \u00e0 ses acides ph\u00e9nol et st\u00e9rols. La racine de pissenlit permet d\u2019agir comme un diur\u00e9tique pour stimuler le foie.\" \/>\n<meta property=\"og:url\" content=\"https:\/\/www.safinel.fr\/de\/product-2\/lowenzahnwurzel\/\" \/>\n<meta property=\"og:site_name\" content=\"Safinel\" \/>\n<meta property=\"article:modified_time\" content=\"2024-01-17T11:43:53+00:00\" \/>\n<meta property=\"og:image\" content=\"https:\/\/www.safinel.fr\/wp-content\/uploads\/2021\/05\/pissenlit-racine-site.jpg\" \/>\n\t<meta property=\"og:image:width\" content=\"311\" \/>\n\t<meta property=\"og:image:height\" content=\"400\" \/>\n\t<meta property=\"og:image:type\" content=\"image\/jpeg\" \/>\n<meta name=\"twitter:card\" content=\"summary_large_image\" \/>\n<meta name=\"twitter:label1\" content=\"Gesch\u00e4tzte Lesezeit\" \/>\n\t<meta name=\"twitter:data1\" content=\"2\u00a0Minuten\" \/>\n<script type=\"application\/ld+json\" class=\"yoast-schema-graph\">{\"@context\":\"https:\/\/schema.org\",\"@graph\":[{\"@type\":\"WebPage\",\"@id\":\"https:\/\/www.safinel.fr\/produit\/racine-de-pissenlit\/\",\"url\":\"https:\/\/www.safinel.fr\/produit\/racine-de-pissenlit\/\",\"name\":\"Racine de pissenlit (taraxacum officinale) | Bienfaits nombreux\",\"isPartOf\":{\"@id\":\"https:\/\/www.safinel.fr\/#website\"},\"primaryImageOfPage\":{\"@id\":\"https:\/\/www.safinel.fr\/produit\/racine-de-pissenlit\/#primaryimage\"},\"image\":{\"@id\":\"https:\/\/www.safinel.fr\/produit\/racine-de-pissenlit\/#primaryimage\"},\"thumbnailUrl\":\"https:\/\/www.safinel.fr\/wp-content\/uploads\/2021\/05\/pissenlit-racine-site.jpg\",\"datePublished\":\"2021-06-01T19:26:51+00:00\",\"dateModified\":\"2024-01-17T11:43:53+00:00\",\"description\":\"Gr\u00e2ce \u00e0 son amertume et \u00e0 ses acides ph\u00e9nol et st\u00e9rols. La racine de pissenlit permet d\u2019agir comme un diur\u00e9tique pour stimuler le foie.\",\"breadcrumb\":{\"@id\":\"https:\/\/www.safinel.fr\/produit\/racine-de-pissenlit\/#breadcrumb\"},\"inLanguage\":\"de\",\"potentialAction\":[{\"@type\":\"ReadAction\",\"target\":[\"https:\/\/www.safinel.fr\/produit\/racine-de-pissenlit\/\"]}]},{\"@type\":\"ImageObject\",\"inLanguage\":\"de\",\"@id\":\"https:\/\/www.safinel.fr\/produit\/racine-de-pissenlit\/#primaryimage\",\"url\":\"https:\/\/www.safinel.fr\/wp-content\/uploads\/2021\/05\/pissenlit-racine-site.jpg\",\"contentUrl\":\"https:\/\/www.safinel.fr\/wp-content\/uploads\/2021\/05\/pissenlit-racine-site.jpg\",\"width\":311,\"height\":400,\"caption\":\"Racine de pissenlit\"},{\"@type\":\"BreadcrumbList\",\"@id\":\"https:\/\/www.safinel.fr\/produit\/racine-de-pissenlit\/#breadcrumb\",\"itemListElement\":[{\"@type\":\"ListItem\",\"position\":1,\"name\":\"Accueil\",\"item\":\"https:\/\/www.safinel.fr\/\"},{\"@type\":\"ListItem\",\"position\":2,\"name\":\"Boutique\",\"item\":\"https:\/\/www.safinel.fr\/boutique\/\"},{\"@type\":\"ListItem\",\"position\":3,\"name\":\"Racine de pissenlit 100g\"}]},{\"@type\":\"WebSite\",\"@id\":\"https:\/\/www.safinel.fr\/#website\",\"url\":\"https:\/\/www.safinel.fr\/\",\"name\":\"Safinel\",\"description\":\"\",\"publisher\":{\"@id\":\"https:\/\/www.safinel.fr\/#organization\"},\"potentialAction\":[{\"@type\":\"SearchAction\",\"target\":{\"@type\":\"EntryPoint\",\"urlTemplate\":\"https:\/\/www.safinel.fr\/?s={search_term_string}\"},\"query-input\":{\"@type\":\"PropertyValueSpecification\",\"valueRequired\":true,\"valueName\":\"search_term_string\"}}],\"inLanguage\":\"de\"},{\"@type\":\"Organization\",\"@id\":\"https:\/\/www.safinel.fr\/#organization\",\"name\":\"Safinel\",\"url\":\"https:\/\/www.safinel.fr\/\",\"logo\":{\"@type\":\"ImageObject\",\"inLanguage\":\"de\",\"@id\":\"https:\/\/www.safinel.fr\/#\/schema\/logo\/image\/\",\"url\":\"https:\/\/www.safinel.fr\/wp-content\/uploads\/2021\/05\/boutique-cosmetique.png\",\"contentUrl\":\"https:\/\/www.safinel.fr\/wp-content\/uploads\/2021\/05\/boutique-cosmetique.png\",\"width\":800,\"height\":200,\"caption\":\"Safinel\"},\"image\":{\"@id\":\"https:\/\/www.safinel.fr\/#\/schema\/logo\/image\/\"}}]}<\/script>\n<!-- \/ Yoast SEO plugin. -->","yoast_head_json":{"title":"L\u00f6wenzahnwurzel (Taraxacum officinale) | Zahlreiche Vorteile","description":"Dank seines bitteren Geschmacks und seiner Phenol- und Sterols\u00e4uren. Die L\u00f6wenzahnwurzel erm\u00f6glicht es, wie ein Diuretikum zu wirken, um die Leber anzuregen.","robots":{"index":"index","follow":"follow","max-snippet":"max-snippet:-1","max-image-preview":"max-image-preview:large","max-video-preview":"max-video-preview:-1"},"canonical":"https:\/\/www.safinel.fr\/de\/product-2\/lowenzahnwurzel\/","og_locale":"de_DE","og_type":"article","og_title":"Racine de pissenlit (taraxacum officinale) | Bienfaits nombreux","og_description":"Gr\u00e2ce \u00e0 son amertume et \u00e0 ses acides ph\u00e9nol et st\u00e9rols. La racine de pissenlit permet d\u2019agir comme un diur\u00e9tique pour stimuler le foie.","og_url":"https:\/\/www.safinel.fr\/de\/product-2\/lowenzahnwurzel\/","og_site_name":"Safinel","article_modified_time":"2024-01-17T11:43:53+00:00","og_image":[{"width":311,"height":400,"url":"https:\/\/www.safinel.fr\/wp-content\/uploads\/2021\/05\/pissenlit-racine-site.jpg","type":"image\/jpeg"}],"twitter_card":"summary_large_image","twitter_misc":{"Gesch\u00e4tzte Lesezeit":"2\u00a0Minuten"},"schema":{"@context":"https:\/\/schema.org","@graph":[{"@type":"WebPage","@id":"https:\/\/www.safinel.fr\/produit\/racine-de-pissenlit\/","url":"https:\/\/www.safinel.fr\/produit\/racine-de-pissenlit\/","name":"L\u00f6wenzahnwurzel (Taraxacum officinale) | Zahlreiche Vorteile","isPartOf":{"@id":"https:\/\/www.safinel.fr\/#website"},"primaryImageOfPage":{"@id":"https:\/\/www.safinel.fr\/produit\/racine-de-pissenlit\/#primaryimage"},"image":{"@id":"https:\/\/www.safinel.fr\/produit\/racine-de-pissenlit\/#primaryimage"},"thumbnailUrl":"https:\/\/www.safinel.fr\/wp-content\/uploads\/2021\/05\/pissenlit-racine-site.jpg","datePublished":"2021-06-01T19:26:51+00:00","dateModified":"2024-01-17T11:43:53+00:00","description":"Dank seines bitteren Geschmacks und seiner Phenol- und Sterols\u00e4uren. Die L\u00f6wenzahnwurzel erm\u00f6glicht es, wie ein Diuretikum zu wirken, um die Leber anzuregen.","breadcrumb":{"@id":"https:\/\/www.safinel.fr\/produit\/racine-de-pissenlit\/#breadcrumb"},"inLanguage":"de","potentialAction":[{"@type":"ReadAction","target":["https:\/\/www.safinel.fr\/produit\/racine-de-pissenlit\/"]}]},{"@type":"ImageObject","inLanguage":"de","@id":"https:\/\/www.safinel.fr\/produit\/racine-de-pissenlit\/#primaryimage","url":"https:\/\/www.safinel.fr\/wp-content\/uploads\/2021\/05\/pissenlit-racine-site.jpg","contentUrl":"https:\/\/www.safinel.fr\/wp-content\/uploads\/2021\/05\/pissenlit-racine-site.jpg","width":311,"height":400,"caption":"Racine de pissenlit"},{"@type":"BreadcrumbList","@id":"https:\/\/www.safinel.fr\/produit\/racine-de-pissenlit\/#breadcrumb","itemListElement":[{"@type":"ListItem","position":1,"name":"Accueil","item":"https:\/\/www.safinel.fr\/"},{"@type":"ListItem","position":2,"name":"Boutique","item":"https:\/\/www.safinel.fr\/boutique\/"},{"@type":"ListItem","position":3,"name":"Racine de pissenlit 100g"}]},{"@type":"WebSite","@id":"https:\/\/www.safinel.fr\/#website","url":"https:\/\/www.safinel.fr\/","name":"Safinel","description":"","publisher":{"@id":"https:\/\/www.safinel.fr\/#organization"},"potentialAction":[{"@type":"SearchAction","target":{"@type":"EntryPoint","urlTemplate":"https:\/\/www.safinel.fr\/?s={search_term_string}"},"query-input":{"@type":"PropertyValueSpecification","valueRequired":true,"valueName":"search_term_string"}}],"inLanguage":"de"},{"@type":"Organization","@id":"https:\/\/www.safinel.fr\/#organization","name":"Safinel","url":"https:\/\/www.safinel.fr\/","logo":{"@type":"ImageObject","inLanguage":"de","@id":"https:\/\/www.safinel.fr\/#\/schema\/logo\/image\/","url":"https:\/\/www.safinel.fr\/wp-content\/uploads\/2021\/05\/boutique-cosmetique.png","contentUrl":"https:\/\/www.safinel.fr\/wp-content\/uploads\/2021\/05\/boutique-cosmetique.png","width":800,"height":200,"caption":"Safinel"},"image":{"@id":"https:\/\/www.safinel.fr\/#\/schema\/logo\/image\/"}}]}},"_links":{"self":[{"href":"https:\/\/www.safinel.fr\/de\/wp-json\/wp\/v2\/product\/130","targetHints":{"allow":["GET"]}}],"collection":[{"href":"https:\/\/www.safinel.fr\/de\/wp-json\/wp\/v2\/product"}],"about":[{"href":"https:\/\/www.safinel.fr\/de\/wp-json\/wp\/v2\/types\/product"}],"wp:featuredmedia":[{"embeddable":true,"href":"https:\/\/www.safinel.fr\/de\/wp-json\/wp\/v2\/media\/45"}],"wp:attachment":[{"href":"https:\/\/www.safinel.fr\/de\/wp-json\/wp\/v2\/media?parent=130"}],"wp:term":[{"taxonomy":"product_brand","embeddable":true,"href":"https:\/\/www.safinel.fr\/de\/wp-json\/wp\/v2\/product_brand?post=130"},{"taxonomy":"product_cat","embeddable":true,"href":"https:\/\/www.safinel.fr\/de\/wp-json\/wp\/v2\/product_cat?post=130"},{"taxonomy":"product_tag","embeddable":true,"href":"https:\/\/www.safinel.fr\/de\/wp-json\/wp\/v2\/product_tag?post=130"}],"curies":[{"name":"wp","href":"https:\/\/api.w.org\/{rel}","templated":true}]}}