{"id":129,"date":"2021-06-01T19:24:45","date_gmt":"2021-06-01T19:24:45","guid":{"rendered":"https:\/\/www.safinel.fr\/?post_type=product&#038;p=129"},"modified":"2023-12-30T13:57:04","modified_gmt":"2023-12-30T13:57:04","slug":"getrocknete-jujuben-100g","status":"publish","type":"product","link":"https:\/\/www.safinel.fr\/de\/product-2\/getrocknete-jujuben-100g\/","title":{"rendered":"Getrocknete Jujubes 100g (Fr\u00fcchte)"},"content":{"rendered":"<p>Getrocknete Jujuben oder chinesische Datteln werden w\u00e4hrend der Herbstsaison geerntet. Sie werden idealerweise in den Monaten September und Oktober verzehrt. Den Rest des Jahres findet man sie nicht auf den Marktst\u00e4nden. Die getrocknete oder in Gl\u00e4sern verpackte Alternative erm\u00f6glicht es, sie jederzeit zu kaufen. So ist diese Trockenfrucht eine vitaminreiche Kohlenhydratreserve, die schon zum Fr\u00fchst\u00fcck Energie liefert.<\/p>\n<h2><b>Herkunft der getrockneten Jujuben<\/b><\/h2>\n<p>Diese Frucht stammt vom Jujubenbaum, der in China beheimatet ist. Sie ist in vielen Gebieten zu finden, z. B. in S\u00fcdfrankreich, Amerika und Algerien. Im Allgemeinen ist sie in Asien verbreitet.<\/p>\n<p>Getrocknete Jujube wird in der arabischen K\u00fcche verwendet. Sie wird f\u00fcr s\u00fc\u00dfe und salzige Gerichte oder orientalisches Geb\u00e4ck verwendet. Sie kann auch zur Herstellung von Heilmitteln f\u00fcr bestimmte Krankheiten verwendet werden, z. B. : <span class=\"Apple-converted-space\">\u00a0<\/span><\/p>\n<ul>\n<li>Schlaflosigkeit<\/li>\n<li>Angst<span class=\"Apple-converted-space\">\u00a0<\/span><\/li>\n<li>Bestimmte Erkrankungen der Atemwege.<\/li>\n<\/ul>\n<p>Es kann auch zur Behandlung einiger <strong>Hautprobleme<\/strong> wie der <a href=\"https:\/\/www.safinel.fr\/de\/product-2\/scharfe-brennnessel-100g\/\"><strong>Psoriasis<\/strong><\/a>, Ekzeme und Akne.<\/p>\n<h3><b>Wie sollte man ihn idealerweise konsumieren?<\/b><\/h3>\n<p>Es ist wichtig zu wissen, dass die Frucht nicht das ganze Jahr \u00fcber verf\u00fcgbar ist und daher richtig gelagert werden sollte. Lagern Sie sie im Herzen<span class=\"Apple-converted-space\">\u00a0 <\/span>einer luftdichten Dose und vor Licht gesch\u00fctzt aufbewahrt werden.<\/p>\n<p>Hier sind einige Tipps zur Verwendung von getrockneter Jujube :<\/p>\n<ul>\n<li>Sie k\u00f6nnen aus Jujube Marmelade herstellen. Kochen Sie die Frucht einfach<span class=\"Apple-converted-space\">\u00a0 <\/span>mit Zucker in einem gro\u00dfen Topf. Verzehren Sie ihn anschlie\u00dfend als Marmelade auf allen Ihren Broten.<\/li>\n<li>Es mischt sich angenehm in das Herz jeder kulinarischen Zubereitung, in der Datteln vorkommen. \u00dcbrigens ist es eine hervorragende Alternative zu Datteln, wenn Sie keine zur Hand haben.<\/li>\n<li>Schlie\u00dflich k\u00f6nnen Sie getrocknete Jujube einfach wie eine S\u00fc\u00dfigkeit verzehren. Er wird die<span class=\"Apple-converted-space\">\u00a0<\/span>kleineren und gr\u00f6\u00dferen Kindern bei einem Snack oder einer Zwischenmahlzeit.<\/li>\n<\/ul>","protected":false},"excerpt":{"rendered":"<p>Getrocknete Jujuben oder chinesische Datteln werden w\u00e4hrend der Herbstsaison geerntet. Sie werden idealerweise in den Monaten September und Oktober verzehrt. In der \u00fcbrigen Zeit des Jahres findet man sie nicht auf den M\u00e4rkten. Die getrocknete oder in Gl\u00e4sern verpackte Alternative ist daher jederzeit erh\u00e4ltlich. Auf diese Weise kann diese Frucht [...].","protected":false},"featured_media":46,"template":"","meta":[],"product_brand":[],"product_cat":[15,59],"product_tag":[],"class_list":{"0":"post-129","1":"product","2":"type-product","3":"status-publish","4":"has-post-thumbnail","6":"product_cat-fertilite","7":"product_cat-fruit-tropical","9":"first","10":"outofstock","11":"shipping-taxable","12":"purchasable","13":"product-type-simple"},"yoast_head":"<!-- This site is optimized with the Yoast SEO plugin v26.6 - https:\/\/yoast.com\/wordpress\/plugins\/seo\/ -->\n<title>Jujubes s\u00e9ch\u00e9s (Dattes chinoises) | Fruit aux bienfaits multiples |<\/title>\n<meta name=\"description\" content=\"Les jujubes s\u00e9ch\u00e9s ou dattes chinoises se r\u00e9colte durant la saison automnale. Elles se consomment pendant les mois de septembre et octobre.\" \/>\n<meta name=\"robots\" content=\"index, follow, max-snippet:-1, max-image-preview:large, max-video-preview:-1\" \/>\n<link rel=\"canonical\" href=\"https:\/\/www.safinel.fr\/de\/product-2\/getrocknete-jujuben-100g\/\" \/>\n<meta property=\"og:locale\" content=\"de_DE\" \/>\n<meta property=\"og:type\" content=\"article\" \/>\n<meta property=\"og:title\" content=\"Jujubes s\u00e9ch\u00e9s (Dattes chinoises) | Fruit aux bienfaits multiples |\" \/>\n<meta property=\"og:description\" content=\"Les jujubes s\u00e9ch\u00e9s ou dattes chinoises se r\u00e9colte durant la saison automnale. Elles se consomment pendant les mois de septembre et octobre.\" \/>\n<meta property=\"og:url\" content=\"https:\/\/www.safinel.fr\/de\/product-2\/getrocknete-jujuben-100g\/\" \/>\n<meta property=\"og:site_name\" content=\"Safinel\" \/>\n<meta property=\"article:modified_time\" content=\"2023-12-30T13:57:04+00:00\" \/>\n<meta property=\"og:image\" content=\"https:\/\/www.safinel.fr\/wp-content\/uploads\/2021\/05\/jujubes-site.jpg\" \/>\n\t<meta property=\"og:image:width\" content=\"335\" \/>\n\t<meta property=\"og:image:height\" content=\"400\" \/>\n\t<meta property=\"og:image:type\" content=\"image\/jpeg\" \/>\n<meta name=\"twitter:card\" content=\"summary_large_image\" \/>\n<meta name=\"twitter:label1\" content=\"Gesch\u00e4tzte Lesezeit\" \/>\n\t<meta name=\"twitter:data1\" content=\"2\u00a0Minuten\" \/>\n<script type=\"application\/ld+json\" class=\"yoast-schema-graph\">{\"@context\":\"https:\/\/schema.org\",\"@graph\":[{\"@type\":\"WebPage\",\"@id\":\"https:\/\/www.safinel.fr\/produit\/jujubes-seches-100g\/\",\"url\":\"https:\/\/www.safinel.fr\/produit\/jujubes-seches-100g\/\",\"name\":\"Jujubes s\u00e9ch\u00e9s (Dattes chinoises) | Fruit aux bienfaits multiples |\",\"isPartOf\":{\"@id\":\"https:\/\/www.safinel.fr\/#website\"},\"primaryImageOfPage\":{\"@id\":\"https:\/\/www.safinel.fr\/produit\/jujubes-seches-100g\/#primaryimage\"},\"image\":{\"@id\":\"https:\/\/www.safinel.fr\/produit\/jujubes-seches-100g\/#primaryimage\"},\"thumbnailUrl\":\"https:\/\/www.safinel.fr\/wp-content\/uploads\/2021\/05\/jujubes-site.jpg\",\"datePublished\":\"2021-06-01T19:24:45+00:00\",\"dateModified\":\"2023-12-30T13:57:04+00:00\",\"description\":\"Les jujubes s\u00e9ch\u00e9s ou dattes chinoises se r\u00e9colte durant la saison automnale. Elles se consomment pendant les mois de septembre et octobre.\",\"breadcrumb\":{\"@id\":\"https:\/\/www.safinel.fr\/produit\/jujubes-seches-100g\/#breadcrumb\"},\"inLanguage\":\"de\",\"potentialAction\":[{\"@type\":\"ReadAction\",\"target\":[\"https:\/\/www.safinel.fr\/produit\/jujubes-seches-100g\/\"]}]},{\"@type\":\"ImageObject\",\"inLanguage\":\"de\",\"@id\":\"https:\/\/www.safinel.fr\/produit\/jujubes-seches-100g\/#primaryimage\",\"url\":\"https:\/\/www.safinel.fr\/wp-content\/uploads\/2021\/05\/jujubes-site.jpg\",\"contentUrl\":\"https:\/\/www.safinel.fr\/wp-content\/uploads\/2021\/05\/jujubes-site.jpg\",\"width\":335,\"height\":400,\"caption\":\"Jujubes seches\"},{\"@type\":\"BreadcrumbList\",\"@id\":\"https:\/\/www.safinel.fr\/produit\/jujubes-seches-100g\/#breadcrumb\",\"itemListElement\":[{\"@type\":\"ListItem\",\"position\":1,\"name\":\"Accueil\",\"item\":\"https:\/\/www.safinel.fr\/\"},{\"@type\":\"ListItem\",\"position\":2,\"name\":\"Boutique\",\"item\":\"https:\/\/www.safinel.fr\/boutique\/\"},{\"@type\":\"ListItem\",\"position\":3,\"name\":\"Jujubes s\u00e9ch\u00e9s 100g (fruits)\"}]},{\"@type\":\"WebSite\",\"@id\":\"https:\/\/www.safinel.fr\/#website\",\"url\":\"https:\/\/www.safinel.fr\/\",\"name\":\"Safinel\",\"description\":\"\",\"publisher\":{\"@id\":\"https:\/\/www.safinel.fr\/#organization\"},\"potentialAction\":[{\"@type\":\"SearchAction\",\"target\":{\"@type\":\"EntryPoint\",\"urlTemplate\":\"https:\/\/www.safinel.fr\/?s={search_term_string}\"},\"query-input\":{\"@type\":\"PropertyValueSpecification\",\"valueRequired\":true,\"valueName\":\"search_term_string\"}}],\"inLanguage\":\"de\"},{\"@type\":\"Organization\",\"@id\":\"https:\/\/www.safinel.fr\/#organization\",\"name\":\"Safinel\",\"url\":\"https:\/\/www.safinel.fr\/\",\"logo\":{\"@type\":\"ImageObject\",\"inLanguage\":\"de\",\"@id\":\"https:\/\/www.safinel.fr\/#\/schema\/logo\/image\/\",\"url\":\"https:\/\/www.safinel.fr\/wp-content\/uploads\/2021\/05\/boutique-cosmetique.png\",\"contentUrl\":\"https:\/\/www.safinel.fr\/wp-content\/uploads\/2021\/05\/boutique-cosmetique.png\",\"width\":800,\"height\":200,\"caption\":\"Safinel\"},\"image\":{\"@id\":\"https:\/\/www.safinel.fr\/#\/schema\/logo\/image\/\"}}]}<\/script>\n<!-- \/ Yoast SEO plugin. -->","yoast_head_json":{"title":"Getrocknete Jujubes (Chinesische Datteln) | Eine Frucht mit vielen Vorteilen |.","description":"Getrocknete Jujuben oder chinesische Datteln werden w\u00e4hrend der Herbstsaison geerntet. Sie werden in den Monaten September und Oktober verzehrt.","robots":{"index":"index","follow":"follow","max-snippet":"max-snippet:-1","max-image-preview":"max-image-preview:large","max-video-preview":"max-video-preview:-1"},"canonical":"https:\/\/www.safinel.fr\/de\/product-2\/getrocknete-jujuben-100g\/","og_locale":"de_DE","og_type":"article","og_title":"Jujubes s\u00e9ch\u00e9s (Dattes chinoises) | Fruit aux bienfaits multiples |","og_description":"Les jujubes s\u00e9ch\u00e9s ou dattes chinoises se r\u00e9colte durant la saison automnale. Elles se consomment pendant les mois de septembre et octobre.","og_url":"https:\/\/www.safinel.fr\/de\/product-2\/getrocknete-jujuben-100g\/","og_site_name":"Safinel","article_modified_time":"2023-12-30T13:57:04+00:00","og_image":[{"width":335,"height":400,"url":"https:\/\/www.safinel.fr\/wp-content\/uploads\/2021\/05\/jujubes-site.jpg","type":"image\/jpeg"}],"twitter_card":"summary_large_image","twitter_misc":{"Gesch\u00e4tzte Lesezeit":"2\u00a0Minuten"},"schema":{"@context":"https:\/\/schema.org","@graph":[{"@type":"WebPage","@id":"https:\/\/www.safinel.fr\/produit\/jujubes-seches-100g\/","url":"https:\/\/www.safinel.fr\/produit\/jujubes-seches-100g\/","name":"Getrocknete Jujubes (Chinesische Datteln) | Eine Frucht mit vielen Vorteilen |.","isPartOf":{"@id":"https:\/\/www.safinel.fr\/#website"},"primaryImageOfPage":{"@id":"https:\/\/www.safinel.fr\/produit\/jujubes-seches-100g\/#primaryimage"},"image":{"@id":"https:\/\/www.safinel.fr\/produit\/jujubes-seches-100g\/#primaryimage"},"thumbnailUrl":"https:\/\/www.safinel.fr\/wp-content\/uploads\/2021\/05\/jujubes-site.jpg","datePublished":"2021-06-01T19:24:45+00:00","dateModified":"2023-12-30T13:57:04+00:00","description":"Getrocknete Jujuben oder chinesische Datteln werden w\u00e4hrend der Herbstsaison geerntet. Sie werden in den Monaten September und Oktober verzehrt.","breadcrumb":{"@id":"https:\/\/www.safinel.fr\/produit\/jujubes-seches-100g\/#breadcrumb"},"inLanguage":"de","potentialAction":[{"@type":"ReadAction","target":["https:\/\/www.safinel.fr\/produit\/jujubes-seches-100g\/"]}]},{"@type":"ImageObject","inLanguage":"de","@id":"https:\/\/www.safinel.fr\/produit\/jujubes-seches-100g\/#primaryimage","url":"https:\/\/www.safinel.fr\/wp-content\/uploads\/2021\/05\/jujubes-site.jpg","contentUrl":"https:\/\/www.safinel.fr\/wp-content\/uploads\/2021\/05\/jujubes-site.jpg","width":335,"height":400,"caption":"Jujubes seches"},{"@type":"BreadcrumbList","@id":"https:\/\/www.safinel.fr\/produit\/jujubes-seches-100g\/#breadcrumb","itemListElement":[{"@type":"ListItem","position":1,"name":"Accueil","item":"https:\/\/www.safinel.fr\/"},{"@type":"ListItem","position":2,"name":"Boutique","item":"https:\/\/www.safinel.fr\/boutique\/"},{"@type":"ListItem","position":3,"name":"Jujubes s\u00e9ch\u00e9s 100g (fruits)"}]},{"@type":"WebSite","@id":"https:\/\/www.safinel.fr\/#website","url":"https:\/\/www.safinel.fr\/","name":"Safinel","description":"","publisher":{"@id":"https:\/\/www.safinel.fr\/#organization"},"potentialAction":[{"@type":"SearchAction","target":{"@type":"EntryPoint","urlTemplate":"https:\/\/www.safinel.fr\/?s={search_term_string}"},"query-input":{"@type":"PropertyValueSpecification","valueRequired":true,"valueName":"search_term_string"}}],"inLanguage":"de"},{"@type":"Organization","@id":"https:\/\/www.safinel.fr\/#organization","name":"Safinel","url":"https:\/\/www.safinel.fr\/","logo":{"@type":"ImageObject","inLanguage":"de","@id":"https:\/\/www.safinel.fr\/#\/schema\/logo\/image\/","url":"https:\/\/www.safinel.fr\/wp-content\/uploads\/2021\/05\/boutique-cosmetique.png","contentUrl":"https:\/\/www.safinel.fr\/wp-content\/uploads\/2021\/05\/boutique-cosmetique.png","width":800,"height":200,"caption":"Safinel"},"image":{"@id":"https:\/\/www.safinel.fr\/#\/schema\/logo\/image\/"}}]}},"_links":{"self":[{"href":"https:\/\/www.safinel.fr\/de\/wp-json\/wp\/v2\/product\/129","targetHints":{"allow":["GET"]}}],"collection":[{"href":"https:\/\/www.safinel.fr\/de\/wp-json\/wp\/v2\/product"}],"about":[{"href":"https:\/\/www.safinel.fr\/de\/wp-json\/wp\/v2\/types\/product"}],"wp:featuredmedia":[{"embeddable":true,"href":"https:\/\/www.safinel.fr\/de\/wp-json\/wp\/v2\/media\/46"}],"wp:attachment":[{"href":"https:\/\/www.safinel.fr\/de\/wp-json\/wp\/v2\/media?parent=129"}],"wp:term":[{"taxonomy":"product_brand","embeddable":true,"href":"https:\/\/www.safinel.fr\/de\/wp-json\/wp\/v2\/product_brand?post=129"},{"taxonomy":"product_cat","embeddable":true,"href":"https:\/\/www.safinel.fr\/de\/wp-json\/wp\/v2\/product_cat?post=129"},{"taxonomy":"product_tag","embeddable":true,"href":"https:\/\/www.safinel.fr\/de\/wp-json\/wp\/v2\/product_tag?post=129"}],"curies":[{"name":"wp","href":"https:\/\/api.w.org\/{rel}","templated":true}]}}