{"id":1284,"date":"2022-05-13T19:28:31","date_gmt":"2022-05-13T19:28:31","guid":{"rendered":"https:\/\/www.safinel.fr\/?post_type=product&#038;p=1284"},"modified":"2024-02-08T15:31:03","modified_gmt":"2024-02-08T15:31:03","slug":"nguerblatter","status":"publish","type":"product","link":"https:\/\/www.safinel.fr\/de\/product-2\/nguerblatter\/","title":{"rendered":"Nguerbl\u00e4tter 100g"},"content":{"rendered":"<p>Erk\u00e4ltungen, Fieber und Atemprobleme? Lassen Sie uns auf ein Abenteuer gehen und\u00a0<strong>nach einem nat\u00fcrlichen Heilmittel suchen\u00a0<\/strong>! F\u00fcr diesen Ausflug brauchen wir Menschen, die die sch\u00f6nen Dinge des Lebens lieben... Wenn Sie sich wiedererkennen, packen Sie gute Laune, ein unausl\u00f6schliches L\u00e4cheln in Ihren Rucksack und folgen Sie uns vor allem auf Schritt und Tritt, denn wir wechseln den Kontinent! Afrika, wir kommen und wollen mehr \u00fcber die\u00a0<strong>Nguerbl\u00e4tter<\/strong>\u00a0!<\/p>\n<h2><strong>Ng-Bl\u00e4tter: Was ist das?\u00a0<\/strong><\/h2>\n<p>Liebe Abenteurer, machen Sie sich bereit, wir stellen uns Ihnen jetzt vor. Zun\u00e4chst einmal,\u00a0<strong>Nguer<\/strong>,\u00a0<strong>Bambara<\/strong>, oder\u00a0<strong>Guiera aus dem Senegal,<\/strong>\u00a0ist eine Pflanzenart aus der Familie der Combretaceae! Die Pflanze wird h\u00e4ufig in der afrikanischen Gemeinschaft gesichtet und h\u00e4lt viele \u00dcberraschungen bereit.<\/p>\n<p>Au\u00dferdem \u00e4hnelt sein Aussehen einem Strauch, der bis zu 3000 cm hoch werden kann. Was uns derzeit interessiert, sind die Bl\u00e4tter dieses Strauchs, die meist in Form von\u00a0<strong>Dekokt<\/strong>.<\/p>\n<p>Ihr Fachgesch\u00e4ft f\u00fcr\u00a0<strong>nat\u00fcrliche Wellnessprodukte<\/strong>\u00a0bietet Ihnen die Bl\u00e4tter von nguer an. Sie haben normalerweise die M\u00f6glichkeit, sie in einem Beh\u00e4lter mit 25 Gramm oder mehr zu finden.<\/p>\n<h2><strong>Wie w\u00e4re es mit Tugenden mit den Bl\u00e4ttern des Ngurs?\u00a0<\/strong><\/h2>\n<p>Sie scheinen uns in Eile zu sein... Sind Sie so begierig darauf, die Vorteile dieser Bl\u00e4tter zu entdecken? Wenn ja, dann bleiben Sie ganz ruhig sitzen, denn wir kommen gleich dazu. Da uns die Produkte, die wir Ihnen anbieten, sehr am Herzen liegen, m\u00f6chten wir n\u00e4mlich Artikel hervorheben, die Ihnen n\u00fctzlich sein k\u00f6nnten. Aus diesem Grund ist das Kennenlernen des\u00a0<strong>Guiera aus dem Senegal<\/strong>\u00a0kann im Alltag eine echte Hilfe sein.<\/p>\n<p>Entdecken Sie ohne weitere Umschweife die Vorteile :<\/p>\n<ul>\n<li>Kann bei stillenden Frauen helfen, die Milchbildung zu steigern<\/li>\n<li>N\u00fctzlich gegen Husten<\/li>\n<li>Kann ein gutes Mittel gegen bestimmte Hautprobleme, insbesondere Ekzeme, sein<\/li>\n<li>Kann auch gegen Impotenz helfen<\/li>\n<li>N\u00fctzlich gegen Karies und Mundabszesse<\/li>\n<li>Kann auch gegen Durchfall interessant sein<\/li>\n<li>Wird auch gegen Wunden und Insektenstiche verwendet.<\/li>\n<\/ul>\n<h2><strong>Vielleicht ein paar Tipps zur Verwendung des Nguer-Blatts?\u00a0<\/strong><\/h2>\n<p>Jetzt, da Sie mehr \u00fcber diese\u00a0<strong>Heilpflanze<\/strong>, Es ist an der Zeit, mehr \u00fcber ihre Verwendung zu erfahren. F\u00fcr diejenigen, die eine Vorliebe f\u00fcr\u00a0<strong>nat\u00fcrliche Heilmittel,<\/strong>\u00a0sind Sie bedient!<\/p>\n<p>Wenn Sie von diesen Tugenden profitieren m\u00f6chten, bringen Sie mit :<\/p>\n<ul>\n<li>Von einem Topf und f\u00fcllen Sie ihn mit Wasser.<\/li>\n<li>Bringen Sie das Wasser dann zum Kochen.<\/li>\n<li>Geben Sie die Nguerbl\u00e4tter hinzu (ca. 5g auf 190 ml Wasser).<\/li>\n<li>Lassen Sie den Tee zwischen 10-15 Minuten ziehen!<\/li>\n<\/ul>\n<p>Ihr Trank ist fertig und Sie k\u00f6nnen nun die Qualit\u00e4ten dieser wundersch\u00f6nen\u00a0<strong>afrikanische Pflanze<\/strong>.<\/p>\n<h3><strong>Wie gut kennen Sie Ihren Safinel-Shop wirklich?<\/strong><\/h3>\n<p>Ihr Online-Shop liebt es besonders, Sie mit\u00a0<strong>nat\u00fcrliche Behandlungen<\/strong>, So k\u00f6nnen Sie sicher sein, dass Sie sich gut um sich selbst k\u00fcmmern k\u00f6nnen!<\/p>\n<p>Aus diesem Grund m\u00f6chten wir Ihnen auch die\u00a0<strong><a href=\"https:\/\/www.safinel.fr\/de\/product-2\/maniguette-pfeffer-alligator\/\">Maniguette (Alligatorpfeffer)<\/a>\u00a0<\/strong>sondern auch das<strong>\u00a0<a href=\"https:\/\/www.safinel.fr\/de\/product-2\/papayaseife\/\">Papayaseife<\/a><\/strong>\u00a0!<\/p>\n<p>Sie haben es schon gemerkt: Bei Ihrem Spezialisten f\u00fcr Naturprodukte warten noch einige Neuheiten auf Sie! Wenn auch Sie eine Schw\u00e4che f\u00fcr\u00a0<strong>die Natur und ihr Reichtum<\/strong>, Sie m\u00fcssen keinen Schritt weitergehen, denn Sie sind am richtigen Ort.<\/p>","protected":false},"excerpt":{"rendered":"<p>Schnupfen, Fieber und Atemwegsprobleme? Begeben wir uns auf ein Abenteuer und suchen wir nach einem nat\u00fcrlichen Heilmittel! F\u00fcr diesen Ausflug brauchen wir Menschen, die die sch\u00f6nen Dinge des Lebens lieben... Wenn Sie sich darin wiedererkennen, packen Sie gute Laune und ein strahlendes L\u00e4cheln in Ihren Rucksack und folgen Sie uns, denn wir wechseln den Kontinent [...]","protected":false},"featured_media":1285,"template":"","meta":[],"product_brand":[],"product_cat":[27],"product_tag":[],"class_list":{"0":"post-1284","1":"product","2":"type-product","3":"status-publish","4":"has-post-thumbnail","6":"product_cat-plantes-medicinales","8":"first","9":"outofstock","10":"shipping-taxable","11":"purchasable","12":"product-type-simple"},"yoast_head":"<!-- This site is optimized with the Yoast SEO plugin v26.6 - https:\/\/yoast.com\/wordpress\/plugins\/seo\/ -->\n<title>Feuilles de Nguer | Guiera du S\u00e9n\u00e9gal (Bambara) | Achat rapide<\/title>\n<meta name=\"description\" content=\"Vous souhaitez acqu\u00e9rir des feuilles de Nguer ? Sachez que vous \u00eates au bon endroit ! D\u00e9couvrez notre s\u00e9lection en quelques clics !\" \/>\n<meta name=\"robots\" content=\"index, follow, max-snippet:-1, max-image-preview:large, max-video-preview:-1\" \/>\n<link rel=\"canonical\" href=\"https:\/\/www.safinel.fr\/de\/product-2\/nguerblatter\/\" \/>\n<meta property=\"og:locale\" content=\"de_DE\" \/>\n<meta property=\"og:type\" content=\"article\" \/>\n<meta property=\"og:title\" content=\"Feuilles de Nguer | Guiera du S\u00e9n\u00e9gal (Bambara) | Achat rapide\" \/>\n<meta property=\"og:description\" content=\"Vous souhaitez acqu\u00e9rir des feuilles de Nguer ? Sachez que vous \u00eates au bon endroit ! D\u00e9couvrez notre s\u00e9lection en quelques clics !\" \/>\n<meta property=\"og:url\" content=\"https:\/\/www.safinel.fr\/de\/product-2\/nguerblatter\/\" \/>\n<meta property=\"og:site_name\" content=\"Safinel\" \/>\n<meta property=\"article:modified_time\" content=\"2024-02-08T15:31:03+00:00\" \/>\n<meta property=\"og:image\" content=\"https:\/\/www.safinel.fr\/wp-content\/uploads\/2022\/05\/feuilles-de-nguer.jpg\" \/>\n\t<meta property=\"og:image:width\" content=\"600\" \/>\n\t<meta property=\"og:image:height\" content=\"600\" \/>\n\t<meta property=\"og:image:type\" content=\"image\/jpeg\" \/>\n<meta name=\"twitter:card\" content=\"summary_large_image\" \/>\n<meta name=\"twitter:label1\" content=\"Gesch\u00e4tzte Lesezeit\" \/>\n\t<meta name=\"twitter:data1\" content=\"3\u00a0Minuten\" \/>\n<script type=\"application\/ld+json\" class=\"yoast-schema-graph\">{\"@context\":\"https:\/\/schema.org\",\"@graph\":[{\"@type\":\"WebPage\",\"@id\":\"https:\/\/www.safinel.fr\/produit\/feuilles-de-nguer\/\",\"url\":\"https:\/\/www.safinel.fr\/produit\/feuilles-de-nguer\/\",\"name\":\"Feuilles de Nguer | Guiera du S\u00e9n\u00e9gal (Bambara) | Achat rapide\",\"isPartOf\":{\"@id\":\"https:\/\/www.safinel.fr\/#website\"},\"primaryImageOfPage\":{\"@id\":\"https:\/\/www.safinel.fr\/produit\/feuilles-de-nguer\/#primaryimage\"},\"image\":{\"@id\":\"https:\/\/www.safinel.fr\/produit\/feuilles-de-nguer\/#primaryimage\"},\"thumbnailUrl\":\"https:\/\/www.safinel.fr\/wp-content\/uploads\/2022\/05\/feuilles-de-nguer.jpg\",\"datePublished\":\"2022-05-13T19:28:31+00:00\",\"dateModified\":\"2024-02-08T15:31:03+00:00\",\"description\":\"Vous souhaitez acqu\u00e9rir des feuilles de Nguer ? Sachez que vous \u00eates au bon endroit ! D\u00e9couvrez notre s\u00e9lection en quelques clics !\",\"breadcrumb\":{\"@id\":\"https:\/\/www.safinel.fr\/produit\/feuilles-de-nguer\/#breadcrumb\"},\"inLanguage\":\"de\",\"potentialAction\":[{\"@type\":\"ReadAction\",\"target\":[\"https:\/\/www.safinel.fr\/produit\/feuilles-de-nguer\/\"]}]},{\"@type\":\"ImageObject\",\"inLanguage\":\"de\",\"@id\":\"https:\/\/www.safinel.fr\/produit\/feuilles-de-nguer\/#primaryimage\",\"url\":\"https:\/\/www.safinel.fr\/wp-content\/uploads\/2022\/05\/feuilles-de-nguer.jpg\",\"contentUrl\":\"https:\/\/www.safinel.fr\/wp-content\/uploads\/2022\/05\/feuilles-de-nguer.jpg\",\"width\":600,\"height\":600,\"caption\":\"Feuilles de Nguer\"},{\"@type\":\"BreadcrumbList\",\"@id\":\"https:\/\/www.safinel.fr\/produit\/feuilles-de-nguer\/#breadcrumb\",\"itemListElement\":[{\"@type\":\"ListItem\",\"position\":1,\"name\":\"Accueil\",\"item\":\"https:\/\/www.safinel.fr\/\"},{\"@type\":\"ListItem\",\"position\":2,\"name\":\"Boutique\",\"item\":\"https:\/\/www.safinel.fr\/boutique\/\"},{\"@type\":\"ListItem\",\"position\":3,\"name\":\"Feuilles de nguer 100g\"}]},{\"@type\":\"WebSite\",\"@id\":\"https:\/\/www.safinel.fr\/#website\",\"url\":\"https:\/\/www.safinel.fr\/\",\"name\":\"Safinel\",\"description\":\"\",\"publisher\":{\"@id\":\"https:\/\/www.safinel.fr\/#organization\"},\"potentialAction\":[{\"@type\":\"SearchAction\",\"target\":{\"@type\":\"EntryPoint\",\"urlTemplate\":\"https:\/\/www.safinel.fr\/?s={search_term_string}\"},\"query-input\":{\"@type\":\"PropertyValueSpecification\",\"valueRequired\":true,\"valueName\":\"search_term_string\"}}],\"inLanguage\":\"de\"},{\"@type\":\"Organization\",\"@id\":\"https:\/\/www.safinel.fr\/#organization\",\"name\":\"Safinel\",\"url\":\"https:\/\/www.safinel.fr\/\",\"logo\":{\"@type\":\"ImageObject\",\"inLanguage\":\"de\",\"@id\":\"https:\/\/www.safinel.fr\/#\/schema\/logo\/image\/\",\"url\":\"https:\/\/www.safinel.fr\/wp-content\/uploads\/2021\/05\/boutique-cosmetique.png\",\"contentUrl\":\"https:\/\/www.safinel.fr\/wp-content\/uploads\/2021\/05\/boutique-cosmetique.png\",\"width\":800,\"height\":200,\"caption\":\"Safinel\"},\"image\":{\"@id\":\"https:\/\/www.safinel.fr\/#\/schema\/logo\/image\/\"}}]}<\/script>\n<!-- \/ Yoast SEO plugin. -->","yoast_head_json":{"title":"Nguer-Bl\u00e4tter | Guiera aus dem Senegal (Bambara) | Schnellkauf","description":"M\u00f6chten Sie Nguer-Bl\u00e4tter erwerben? Dann sind Sie hier an der richtigen Stelle! Entdecken Sie unsere Auswahl mit wenigen Klicks!","robots":{"index":"index","follow":"follow","max-snippet":"max-snippet:-1","max-image-preview":"max-image-preview:large","max-video-preview":"max-video-preview:-1"},"canonical":"https:\/\/www.safinel.fr\/de\/product-2\/nguerblatter\/","og_locale":"de_DE","og_type":"article","og_title":"Feuilles de Nguer | Guiera du S\u00e9n\u00e9gal (Bambara) | Achat rapide","og_description":"Vous souhaitez acqu\u00e9rir des feuilles de Nguer ? Sachez que vous \u00eates au bon endroit ! D\u00e9couvrez notre s\u00e9lection en quelques clics !","og_url":"https:\/\/www.safinel.fr\/de\/product-2\/nguerblatter\/","og_site_name":"Safinel","article_modified_time":"2024-02-08T15:31:03+00:00","og_image":[{"width":600,"height":600,"url":"https:\/\/www.safinel.fr\/wp-content\/uploads\/2022\/05\/feuilles-de-nguer.jpg","type":"image\/jpeg"}],"twitter_card":"summary_large_image","twitter_misc":{"Gesch\u00e4tzte Lesezeit":"3\u00a0Minuten"},"schema":{"@context":"https:\/\/schema.org","@graph":[{"@type":"WebPage","@id":"https:\/\/www.safinel.fr\/produit\/feuilles-de-nguer\/","url":"https:\/\/www.safinel.fr\/produit\/feuilles-de-nguer\/","name":"Nguer-Bl\u00e4tter | Guiera aus dem Senegal (Bambara) | Schnellkauf","isPartOf":{"@id":"https:\/\/www.safinel.fr\/#website"},"primaryImageOfPage":{"@id":"https:\/\/www.safinel.fr\/produit\/feuilles-de-nguer\/#primaryimage"},"image":{"@id":"https:\/\/www.safinel.fr\/produit\/feuilles-de-nguer\/#primaryimage"},"thumbnailUrl":"https:\/\/www.safinel.fr\/wp-content\/uploads\/2022\/05\/feuilles-de-nguer.jpg","datePublished":"2022-05-13T19:28:31+00:00","dateModified":"2024-02-08T15:31:03+00:00","description":"M\u00f6chten Sie Nguer-Bl\u00e4tter erwerben? Dann sind Sie hier an der richtigen Stelle! Entdecken Sie unsere Auswahl mit wenigen Klicks!","breadcrumb":{"@id":"https:\/\/www.safinel.fr\/produit\/feuilles-de-nguer\/#breadcrumb"},"inLanguage":"de","potentialAction":[{"@type":"ReadAction","target":["https:\/\/www.safinel.fr\/produit\/feuilles-de-nguer\/"]}]},{"@type":"ImageObject","inLanguage":"de","@id":"https:\/\/www.safinel.fr\/produit\/feuilles-de-nguer\/#primaryimage","url":"https:\/\/www.safinel.fr\/wp-content\/uploads\/2022\/05\/feuilles-de-nguer.jpg","contentUrl":"https:\/\/www.safinel.fr\/wp-content\/uploads\/2022\/05\/feuilles-de-nguer.jpg","width":600,"height":600,"caption":"Feuilles de Nguer"},{"@type":"BreadcrumbList","@id":"https:\/\/www.safinel.fr\/produit\/feuilles-de-nguer\/#breadcrumb","itemListElement":[{"@type":"ListItem","position":1,"name":"Accueil","item":"https:\/\/www.safinel.fr\/"},{"@type":"ListItem","position":2,"name":"Boutique","item":"https:\/\/www.safinel.fr\/boutique\/"},{"@type":"ListItem","position":3,"name":"Feuilles de nguer 100g"}]},{"@type":"WebSite","@id":"https:\/\/www.safinel.fr\/#website","url":"https:\/\/www.safinel.fr\/","name":"Safinel","description":"","publisher":{"@id":"https:\/\/www.safinel.fr\/#organization"},"potentialAction":[{"@type":"SearchAction","target":{"@type":"EntryPoint","urlTemplate":"https:\/\/www.safinel.fr\/?s={search_term_string}"},"query-input":{"@type":"PropertyValueSpecification","valueRequired":true,"valueName":"search_term_string"}}],"inLanguage":"de"},{"@type":"Organization","@id":"https:\/\/www.safinel.fr\/#organization","name":"Safinel","url":"https:\/\/www.safinel.fr\/","logo":{"@type":"ImageObject","inLanguage":"de","@id":"https:\/\/www.safinel.fr\/#\/schema\/logo\/image\/","url":"https:\/\/www.safinel.fr\/wp-content\/uploads\/2021\/05\/boutique-cosmetique.png","contentUrl":"https:\/\/www.safinel.fr\/wp-content\/uploads\/2021\/05\/boutique-cosmetique.png","width":800,"height":200,"caption":"Safinel"},"image":{"@id":"https:\/\/www.safinel.fr\/#\/schema\/logo\/image\/"}}]}},"_links":{"self":[{"href":"https:\/\/www.safinel.fr\/de\/wp-json\/wp\/v2\/product\/1284","targetHints":{"allow":["GET"]}}],"collection":[{"href":"https:\/\/www.safinel.fr\/de\/wp-json\/wp\/v2\/product"}],"about":[{"href":"https:\/\/www.safinel.fr\/de\/wp-json\/wp\/v2\/types\/product"}],"wp:featuredmedia":[{"embeddable":true,"href":"https:\/\/www.safinel.fr\/de\/wp-json\/wp\/v2\/media\/1285"}],"wp:attachment":[{"href":"https:\/\/www.safinel.fr\/de\/wp-json\/wp\/v2\/media?parent=1284"}],"wp:term":[{"taxonomy":"product_brand","embeddable":true,"href":"https:\/\/www.safinel.fr\/de\/wp-json\/wp\/v2\/product_brand?post=1284"},{"taxonomy":"product_cat","embeddable":true,"href":"https:\/\/www.safinel.fr\/de\/wp-json\/wp\/v2\/product_cat?post=1284"},{"taxonomy":"product_tag","embeddable":true,"href":"https:\/\/www.safinel.fr\/de\/wp-json\/wp\/v2\/product_tag?post=1284"}],"curies":[{"name":"wp","href":"https:\/\/api.w.org\/{rel}","templated":true}]}}