{"id":128,"date":"2021-06-01T19:20:41","date_gmt":"2021-06-01T19:20:41","guid":{"rendered":"https:\/\/www.safinel.fr\/?post_type=product&#038;p=128"},"modified":"2023-12-28T17:14:57","modified_gmt":"2023-12-28T17:14:57","slug":"sojalezithin","status":"publish","type":"product","link":"https:\/\/www.safinel.fr\/de\/product-2\/sojalezithin\/","title":{"rendered":"Soja-Lecithin 100g"},"content":{"rendered":"<p>Sojalecithin ist in vielen Lebensmitteln enthalten und wird, wie der Name schon sagt, aus der Sojabohne gewonnen. Im Folgenden werden wir Ihnen einige der Vorteile vorstellen, die Sojabohnen mit sich bringen k\u00f6nnen. Diese sind der Grund daf\u00fcr, dass Sojasoja in den Produkten, die wir essen, enthalten ist.<\/p>\n<h2><b>Soja-Lecithin: Der Besch\u00fctzer unserer Nervenzellen<\/b><\/h2>\n<p>Zun\u00e4chst einmal ist es wichtig zu erw\u00e4hnen, dass Sojalecithin von Natur aus ein lipidhaltiges Produkt ist. Das hei\u00dft, es hat ein \u00f6liges Aussehen. Es ist ein Nebenprodukt von Soja\u00f6l und wird durch Kaltpressung und anschlie\u00dfende Dekantierung der Sojabohne gewonnen. Das Ergebnis sind Soja\u00f6l und Lecithin.<\/p>\n<p>Sojalecithin hat eine gelbliche Farbe und ist nahezu geruchlos. Aufgrund dieser Eigenschaft kann es in verschiedenen Bereichen eingesetzt werden. Es wird in der Pharmakologie, Kosmetik und Lebensmittelindustrie verwendet.<\/p>\n<p>Im Laufe der Jahre wurde sie immer h\u00e4ufiger verwendet. Vor allem in der Lebensmittelindustrie. Das liegt daran, dass viele seiner Bestandteile mit der Zusammensetzung unseres Gehirnsystems identisch sind.<\/p>\n<p>Dar\u00fcber hinaus sind einige dieser nat\u00fcrlichen Bestandteile f\u00fcr ihre positiven Auswirkungen auf unser Gehirn bekannt. Dies ist der Fall bei den Phospholipiden, bei denen es sich kurz gesagt um mehrfach unges\u00e4ttigte Fetts\u00e4uren handelt.<\/p>\n<h3><strong>Seine Vorteile<\/strong><\/h3>\n<p>Sojalecithin hat auch zahlreiche Vorteile f\u00fcr die Leber sowie f\u00fcr das Herz-Kreislauf-System.<span class=\"Apple-converted-space\">\u00a0 <\/span>Trotzdem sollten Sie auf einen vern\u00fcnftigen und ma\u00dfvollen Verbrauch achten. Bevorzugen Sie also m\u00f6glichst gentechnikfreies und vorzugsweise biologisch angebautes Essen. Zertifizierungen k\u00f6nnen Ihnen hier\u00fcber Aufschluss geben.<span class=\"Apple-converted-space\">\u00a0<\/span><\/p>\n<p>Sojalecithin ist leicht in verschiedenen Formen erh\u00e4ltlich, sodass Sie es an Ihren Verbrauch anpassen k\u00f6nnen. Sie haben die Wahl: Pulver, Granulat oder Kapseln.<\/p>","protected":false},"excerpt":{"rendered":"<p>Pr\u00e9sent dans une grande partie des aliments que vous consommez, la lecithine de soja est issue comme son nom l\u2019indique de la f\u00e8ve de soja. Nous allons par ce qui suit vous exposer un des bienfaits que peut apporter cette derni\u00e8re. Ceux qui de ce fait justifie sa pr\u00e9sence dans les produits que nous consommons. [&#8230;]","protected":false},"featured_media":44,"template":"","meta":[],"product_brand":[],"product_cat":[27],"product_tag":[],"class_list":{"0":"post-128","1":"product","2":"type-product","3":"status-publish","4":"has-post-thumbnail","6":"product_cat-plantes-medicinales","8":"first","9":"outofstock","10":"shipping-taxable","11":"purchasable","12":"product-type-simple"},"yoast_head":"<!-- This site is optimized with the Yoast SEO plugin v26.6 - https:\/\/yoast.com\/wordpress\/plugins\/seo\/ -->\n<title>Lecithine de soja et ses bienfaits | Poudre de contenance 100g<\/title>\n<meta name=\"description\" content=\"La lecithine de soja est issue comme son nom l\u2019indique de la f\u00e8ve de soja. Nous allons par ce qui suit vous exposer ses bienfaits.\" \/>\n<meta name=\"robots\" content=\"index, follow, max-snippet:-1, max-image-preview:large, max-video-preview:-1\" \/>\n<link rel=\"canonical\" href=\"https:\/\/www.safinel.fr\/de\/product-2\/sojalezithin\/\" \/>\n<meta property=\"og:locale\" content=\"de_DE\" \/>\n<meta property=\"og:type\" content=\"article\" \/>\n<meta property=\"og:title\" content=\"Lecithine de soja et ses bienfaits | Poudre de contenance 100g\" \/>\n<meta property=\"og:description\" content=\"La lecithine de soja est issue comme son nom l\u2019indique de la f\u00e8ve de soja. Nous allons par ce qui suit vous exposer ses bienfaits.\" \/>\n<meta property=\"og:url\" content=\"https:\/\/www.safinel.fr\/de\/product-2\/sojalezithin\/\" \/>\n<meta property=\"og:site_name\" content=\"Safinel\" \/>\n<meta property=\"article:modified_time\" content=\"2023-12-28T17:14:57+00:00\" \/>\n<meta property=\"og:image\" content=\"https:\/\/www.safinel.fr\/wp-content\/uploads\/2021\/05\/soja-site.jpg\" \/>\n\t<meta property=\"og:image:width\" content=\"365\" \/>\n\t<meta property=\"og:image:height\" content=\"400\" \/>\n\t<meta property=\"og:image:type\" content=\"image\/jpeg\" \/>\n<meta name=\"twitter:card\" content=\"summary_large_image\" \/>\n<meta name=\"twitter:label1\" content=\"Gesch\u00e4tzte Lesezeit\" \/>\n\t<meta name=\"twitter:data1\" content=\"2\u00a0Minuten\" \/>\n<script type=\"application\/ld+json\" class=\"yoast-schema-graph\">{\"@context\":\"https:\/\/schema.org\",\"@graph\":[{\"@type\":\"WebPage\",\"@id\":\"https:\/\/www.safinel.fr\/produit\/lecithine-de-soja\/\",\"url\":\"https:\/\/www.safinel.fr\/produit\/lecithine-de-soja\/\",\"name\":\"Lecithine de soja et ses bienfaits | Poudre de contenance 100g\",\"isPartOf\":{\"@id\":\"https:\/\/www.safinel.fr\/#website\"},\"primaryImageOfPage\":{\"@id\":\"https:\/\/www.safinel.fr\/produit\/lecithine-de-soja\/#primaryimage\"},\"image\":{\"@id\":\"https:\/\/www.safinel.fr\/produit\/lecithine-de-soja\/#primaryimage\"},\"thumbnailUrl\":\"https:\/\/www.safinel.fr\/wp-content\/uploads\/2021\/05\/soja-site.jpg\",\"datePublished\":\"2021-06-01T19:20:41+00:00\",\"dateModified\":\"2023-12-28T17:14:57+00:00\",\"description\":\"La lecithine de soja est issue comme son nom l\u2019indique de la f\u00e8ve de soja. Nous allons par ce qui suit vous exposer ses bienfaits.\",\"breadcrumb\":{\"@id\":\"https:\/\/www.safinel.fr\/produit\/lecithine-de-soja\/#breadcrumb\"},\"inLanguage\":\"de\",\"potentialAction\":[{\"@type\":\"ReadAction\",\"target\":[\"https:\/\/www.safinel.fr\/produit\/lecithine-de-soja\/\"]}]},{\"@type\":\"ImageObject\",\"inLanguage\":\"de\",\"@id\":\"https:\/\/www.safinel.fr\/produit\/lecithine-de-soja\/#primaryimage\",\"url\":\"https:\/\/www.safinel.fr\/wp-content\/uploads\/2021\/05\/soja-site.jpg\",\"contentUrl\":\"https:\/\/www.safinel.fr\/wp-content\/uploads\/2021\/05\/soja-site.jpg\",\"width\":365,\"height\":400,\"caption\":\"Lecithine de soja\"},{\"@type\":\"BreadcrumbList\",\"@id\":\"https:\/\/www.safinel.fr\/produit\/lecithine-de-soja\/#breadcrumb\",\"itemListElement\":[{\"@type\":\"ListItem\",\"position\":1,\"name\":\"Accueil\",\"item\":\"https:\/\/www.safinel.fr\/\"},{\"@type\":\"ListItem\",\"position\":2,\"name\":\"Boutique\",\"item\":\"https:\/\/www.safinel.fr\/boutique\/\"},{\"@type\":\"ListItem\",\"position\":3,\"name\":\"Lecithine de soja 100g\"}]},{\"@type\":\"WebSite\",\"@id\":\"https:\/\/www.safinel.fr\/#website\",\"url\":\"https:\/\/www.safinel.fr\/\",\"name\":\"Safinel\",\"description\":\"\",\"publisher\":{\"@id\":\"https:\/\/www.safinel.fr\/#organization\"},\"potentialAction\":[{\"@type\":\"SearchAction\",\"target\":{\"@type\":\"EntryPoint\",\"urlTemplate\":\"https:\/\/www.safinel.fr\/?s={search_term_string}\"},\"query-input\":{\"@type\":\"PropertyValueSpecification\",\"valueRequired\":true,\"valueName\":\"search_term_string\"}}],\"inLanguage\":\"de\"},{\"@type\":\"Organization\",\"@id\":\"https:\/\/www.safinel.fr\/#organization\",\"name\":\"Safinel\",\"url\":\"https:\/\/www.safinel.fr\/\",\"logo\":{\"@type\":\"ImageObject\",\"inLanguage\":\"de\",\"@id\":\"https:\/\/www.safinel.fr\/#\/schema\/logo\/image\/\",\"url\":\"https:\/\/www.safinel.fr\/wp-content\/uploads\/2021\/05\/boutique-cosmetique.png\",\"contentUrl\":\"https:\/\/www.safinel.fr\/wp-content\/uploads\/2021\/05\/boutique-cosmetique.png\",\"width\":800,\"height\":200,\"caption\":\"Safinel\"},\"image\":{\"@id\":\"https:\/\/www.safinel.fr\/#\/schema\/logo\/image\/\"}}]}<\/script>\n<!-- \/ Yoast SEO plugin. -->","yoast_head_json":{"title":"Soja-Lecithin und seine Vorteile | Pulver Inhalt 100g","description":"Sojalecithin wird, wie der Name schon sagt, aus der Sojabohne gewonnen. Im Folgenden werden wir Ihnen seine Vorteile erl\u00e4utern.","robots":{"index":"index","follow":"follow","max-snippet":"max-snippet:-1","max-image-preview":"max-image-preview:large","max-video-preview":"max-video-preview:-1"},"canonical":"https:\/\/www.safinel.fr\/de\/product-2\/sojalezithin\/","og_locale":"de_DE","og_type":"article","og_title":"Lecithine de soja et ses bienfaits | Poudre de contenance 100g","og_description":"La lecithine de soja est issue comme son nom l\u2019indique de la f\u00e8ve de soja. Nous allons par ce qui suit vous exposer ses bienfaits.","og_url":"https:\/\/www.safinel.fr\/de\/product-2\/sojalezithin\/","og_site_name":"Safinel","article_modified_time":"2023-12-28T17:14:57+00:00","og_image":[{"width":365,"height":400,"url":"https:\/\/www.safinel.fr\/wp-content\/uploads\/2021\/05\/soja-site.jpg","type":"image\/jpeg"}],"twitter_card":"summary_large_image","twitter_misc":{"Gesch\u00e4tzte Lesezeit":"2\u00a0Minuten"},"schema":{"@context":"https:\/\/schema.org","@graph":[{"@type":"WebPage","@id":"https:\/\/www.safinel.fr\/produit\/lecithine-de-soja\/","url":"https:\/\/www.safinel.fr\/produit\/lecithine-de-soja\/","name":"Soja-Lecithin und seine Vorteile | Pulver Inhalt 100g","isPartOf":{"@id":"https:\/\/www.safinel.fr\/#website"},"primaryImageOfPage":{"@id":"https:\/\/www.safinel.fr\/produit\/lecithine-de-soja\/#primaryimage"},"image":{"@id":"https:\/\/www.safinel.fr\/produit\/lecithine-de-soja\/#primaryimage"},"thumbnailUrl":"https:\/\/www.safinel.fr\/wp-content\/uploads\/2021\/05\/soja-site.jpg","datePublished":"2021-06-01T19:20:41+00:00","dateModified":"2023-12-28T17:14:57+00:00","description":"Sojalecithin wird, wie der Name schon sagt, aus der Sojabohne gewonnen. Im Folgenden werden wir Ihnen seine Vorteile erl\u00e4utern.","breadcrumb":{"@id":"https:\/\/www.safinel.fr\/produit\/lecithine-de-soja\/#breadcrumb"},"inLanguage":"de","potentialAction":[{"@type":"ReadAction","target":["https:\/\/www.safinel.fr\/produit\/lecithine-de-soja\/"]}]},{"@type":"ImageObject","inLanguage":"de","@id":"https:\/\/www.safinel.fr\/produit\/lecithine-de-soja\/#primaryimage","url":"https:\/\/www.safinel.fr\/wp-content\/uploads\/2021\/05\/soja-site.jpg","contentUrl":"https:\/\/www.safinel.fr\/wp-content\/uploads\/2021\/05\/soja-site.jpg","width":365,"height":400,"caption":"Lecithine de soja"},{"@type":"BreadcrumbList","@id":"https:\/\/www.safinel.fr\/produit\/lecithine-de-soja\/#breadcrumb","itemListElement":[{"@type":"ListItem","position":1,"name":"Accueil","item":"https:\/\/www.safinel.fr\/"},{"@type":"ListItem","position":2,"name":"Boutique","item":"https:\/\/www.safinel.fr\/boutique\/"},{"@type":"ListItem","position":3,"name":"Lecithine de soja 100g"}]},{"@type":"WebSite","@id":"https:\/\/www.safinel.fr\/#website","url":"https:\/\/www.safinel.fr\/","name":"Safinel","description":"","publisher":{"@id":"https:\/\/www.safinel.fr\/#organization"},"potentialAction":[{"@type":"SearchAction","target":{"@type":"EntryPoint","urlTemplate":"https:\/\/www.safinel.fr\/?s={search_term_string}"},"query-input":{"@type":"PropertyValueSpecification","valueRequired":true,"valueName":"search_term_string"}}],"inLanguage":"de"},{"@type":"Organization","@id":"https:\/\/www.safinel.fr\/#organization","name":"Safinel","url":"https:\/\/www.safinel.fr\/","logo":{"@type":"ImageObject","inLanguage":"de","@id":"https:\/\/www.safinel.fr\/#\/schema\/logo\/image\/","url":"https:\/\/www.safinel.fr\/wp-content\/uploads\/2021\/05\/boutique-cosmetique.png","contentUrl":"https:\/\/www.safinel.fr\/wp-content\/uploads\/2021\/05\/boutique-cosmetique.png","width":800,"height":200,"caption":"Safinel"},"image":{"@id":"https:\/\/www.safinel.fr\/#\/schema\/logo\/image\/"}}]}},"_links":{"self":[{"href":"https:\/\/www.safinel.fr\/de\/wp-json\/wp\/v2\/product\/128","targetHints":{"allow":["GET"]}}],"collection":[{"href":"https:\/\/www.safinel.fr\/de\/wp-json\/wp\/v2\/product"}],"about":[{"href":"https:\/\/www.safinel.fr\/de\/wp-json\/wp\/v2\/types\/product"}],"wp:featuredmedia":[{"embeddable":true,"href":"https:\/\/www.safinel.fr\/de\/wp-json\/wp\/v2\/media\/44"}],"wp:attachment":[{"href":"https:\/\/www.safinel.fr\/de\/wp-json\/wp\/v2\/media?parent=128"}],"wp:term":[{"taxonomy":"product_brand","embeddable":true,"href":"https:\/\/www.safinel.fr\/de\/wp-json\/wp\/v2\/product_brand?post=128"},{"taxonomy":"product_cat","embeddable":true,"href":"https:\/\/www.safinel.fr\/de\/wp-json\/wp\/v2\/product_cat?post=128"},{"taxonomy":"product_tag","embeddable":true,"href":"https:\/\/www.safinel.fr\/de\/wp-json\/wp\/v2\/product_tag?post=128"}],"curies":[{"name":"wp","href":"https:\/\/api.w.org\/{rel}","templated":true}]}}