{"id":120,"date":"2021-06-01T16:13:48","date_gmt":"2021-06-01T16:13:48","guid":{"rendered":"https:\/\/www.safinel.fr\/?post_type=product&#038;p=120"},"modified":"2025-03-19T10:14:18","modified_gmt":"2025-03-19T10:14:18","slug":"beifusblatter","status":"publish","type":"product","link":"https:\/\/www.safinel.fr\/de\/product-2\/beifusblatter\/","title":{"rendered":"Beifu\u00dfbl\u00e4tter 100g"},"content":{"rendered":"<p>Die Bl\u00e4tter des Beifu\u00dfes stammen von einer Pflanze, die in Nord- und S\u00fcdamerika beheimatet ist. Der Strauch ist in der Regel invasiv und hat die F\u00e4higkeit, Raubtiere und Sch\u00e4dlinge abzuwehren. In unserem Online-Shop Safinel haben wir jedoch eine ganz andere Bestimmung f\u00fcr Sie. Sie ist ein hervorragendes krampfl\u00f6sendes Mittel, und Sie brauchen nur die folgenden Zeilen zu lesen, um zu verstehen, warum wir sie f\u00fcr die Frauenbewegung einsetzen.<span class=\"Apple-converted-space\">\u00a0<\/span><\/p>\n<h2><b>Beifu\u00dfbl\u00e4tter: ausgezeichnet f\u00fcr \u00d6strogen und Progesteron<\/b><\/h2>\n<p>Die Bl\u00e4tter des Beifu\u00dfes sind, wie viele andere Heilkr\u00e4uter auch, hervorragend f\u00fcr die Fruchtbarkeit geeignet. Als Tee getrunken, sollen sie den Hormonspiegel im Blut erh\u00f6hen, was der Fruchtbarkeit f\u00f6rderlich ist.<\/p>\n<p>Nat\u00fcrlich ist diese Ursache umso vorteilhafter, wenn das gesundheitliche Gleichgewicht und die Beachtung einer reichhaltigen und abwechslungsreichen Ern\u00e4hrung eingehalten werden. Die Hormonaktivit\u00e4t wird also verst\u00e4rkt und schafft damit g\u00fcnstige Voraussetzungen, um schwanger zu werden.<\/p>\n<p>Genauso wie die <a href=\"https:\/\/www.safinel.fr\/de\/product-2\/himbeerblatter\/\"><strong>Himbeerblatt<\/strong><\/a>, am <a href=\"https:\/\/www.miel-imperial.com\/sante-et-bien-etre\/22-105-pollen-de-palmier-.html\" target=\"_blank\" rel=\"noopener\"><strong>Palmenpollen<\/strong><\/a> oder das <a href=\"https:\/\/www.safinel.fr\/de\/product-2\/4-seitige-frucht-3-stuck\/\"><strong>Frucht 4 Seiten<\/strong><\/a>, Die Bl\u00e4tter des Beifu\u00dfes haben eine erw\u00fcnschte Wirkung auf die Sexualhormone.<\/p>\n<p><b>Ein Muss f\u00fcr Amenorrhoe-Situationen<\/b><\/p>\n<p>Diese heikle Situation, die sich durch das Fehlen einer Regel \u00e4u\u00dfert, ist sehr schwer zu bew\u00e4ltigen. Wieder einmal spielen die Bl\u00e4tter des Beifu\u00dfes eine Rolle und k\u00f6nnen eine g\u00fcnstige Antwort auf diese Unannehmlichkeit geben. Man spricht hier von emmenagogischen Pflanzen. Dieser schwer verst\u00e4ndliche Begriff bedeutet, dass Beifu\u00df die Produktion des Blutflusses im Herzen der Geb\u00e4rmutter f\u00f6rdert. Dadurch kann er die Menstruation ausl\u00f6sen.<span class=\"Apple-converted-space\">\u00a0<\/span><\/p>\n<p>Dies ist eine bekannte Funktion unserer Pflanze, die wir als \u00abGemeiner Beifu\u00df\u00bb bezeichnen und aus der unsere Bl\u00e4tter gewonnen werden.<\/p>\n<h2><b>Besondere Tugenden gegen F\u00e4lle von Dysmenorrhoe<\/b><\/h2>\n<p>Manche Frauen leiden unter st\u00e4rkeren Menstruationsschmerzen als andere. In der Regel sind entz\u00fcndungshemmende Mittel eine Antwort auf dieses \u00dcbel. Wenn Sie eine viel sanftere Methode w\u00fcnschen, die dem K\u00f6rper gut tut, sind Beifu\u00dfbl\u00e4tter genau das Richtige f\u00fcr Sie. Sie werden n\u00e4mlich den Bereich der Geb\u00e4rmutterschleimhaut entlasten. Sie entspannen den Bereich und lindern so die Schmerzen, die durch die Menstruation entstehen.<span class=\"Apple-converted-space\">\u00a0<\/span><\/p>\n<p>So sind die Beifu\u00dfbl\u00e4tter in drei verschiedenen F\u00e4llen wirksam. Es liegt also an Ihnen, sie in dem Zeitraum anzuwenden, der f\u00fcr Sie am besten geeignet ist, und dabei Ihren Menstruationszyklus zu beachten.<\/p>\n<h2><b>Gebrauchsanweisung f\u00fcr Beifu\u00dfbl\u00e4tter<\/b><\/h2>\n<p>Die Bl\u00e4tter des Beifu\u00dfes werden als Tee in kochendem Wasser verwendet. Gehen Sie also wie bei jedem anderen Getr\u00e4nk vor und lassen Sie eine kleine Ruhezeit. So haben die Bl\u00e4tter Zeit, sich in der Mitte des Tees zu verteilen.<\/p>\n<p>Sie k\u00f6nnen die Bl\u00e4tter des Gemeinen Beifu\u00dfes auch mit anderen Pflanzen mischen, um den Geschmack aufzupeppen. Es gibt n\u00e4mlich keine Einschr\u00e4nkungen, wenn Sie Eisenkraut oder Lindenbl\u00e4tter untermischen.<span class=\"Apple-converted-space\">\u00a0<\/span><\/p>\n<h3><b>Das kleine Wort zum Schluss<\/b><\/h3>\n<p>Der Safinel Online-Shop bleibt aufmerksam gegen\u00fcber allen nat\u00fcrlichen Heilmitteln, die f\u00fcr die Fruchtbarkeit vorteilhaft sind. Schauen Sie sich ruhig auch die anderen Produkte an und vergleichen Sie sie miteinander. \u00dcbrigens spricht nichts dagegen, dass Sie sie abwechselnd anwenden. Nutzen Sie sie also in regelm\u00e4\u00dfigen Abst\u00e4nden.<span class=\"Apple-converted-space\">\u00a0<\/span><\/p>","protected":false},"excerpt":{"rendered":"<p>Les feuilles d\u2019armoise sont issues d\u2019une plante originaire des Am\u00e9riques. G\u00e9n\u00e9ralement, envahissante, l\u2019arbuste a la facult\u00e9 d\u2019\u00e9loigner les pr\u00e9dateurs et les nuisibles.\u00a0N\u00e9anmoins, au c\u0153ur de la boutique en ligne Safinel, c\u2019est une tout autre vocation que nous vous avons destin\u00e9. Excellent antispasmodique, il vous suffit de lire les lignes suivantes pour comprendre tout l\u2019int\u00e9r\u00eat que [&#8230;]","protected":false},"featured_media":50,"template":"","meta":[],"product_brand":[],"product_cat":[27],"product_tag":[],"class_list":{"0":"post-120","1":"product","2":"type-product","3":"status-publish","4":"has-post-thumbnail","6":"product_cat-plantes-medicinales","8":"first","9":"instock","10":"shipping-taxable","11":"purchasable","12":"product-type-simple"},"yoast_head":"<!-- This site is optimized with the Yoast SEO plugin v26.6 - https:\/\/yoast.com\/wordpress\/plugins\/seo\/ -->\n<title>Feuilles d&#039;armoise | Bienfaits multiples | Feuilles 100% naturelles<\/title>\n<meta name=\"description\" content=\"Les feuilles d\u2019armoise sont issues d\u2019une plante originaire des Am\u00e9riques. D\u00e9couvrez sans plus attendre cette plante naturelle\" \/>\n<meta name=\"robots\" content=\"index, follow, max-snippet:-1, max-image-preview:large, max-video-preview:-1\" \/>\n<link rel=\"canonical\" href=\"https:\/\/www.safinel.fr\/de\/product-2\/beifusblatter\/\" \/>\n<meta property=\"og:locale\" content=\"de_DE\" \/>\n<meta property=\"og:type\" content=\"article\" \/>\n<meta property=\"og:title\" content=\"Feuilles d&#039;armoise | Bienfaits multiples | Feuilles 100% naturelles\" \/>\n<meta property=\"og:description\" content=\"Les feuilles d\u2019armoise sont issues d\u2019une plante originaire des Am\u00e9riques. D\u00e9couvrez sans plus attendre cette plante naturelle\" \/>\n<meta property=\"og:url\" content=\"https:\/\/www.safinel.fr\/de\/product-2\/beifusblatter\/\" \/>\n<meta property=\"og:site_name\" content=\"Safinel\" \/>\n<meta property=\"article:modified_time\" content=\"2025-03-19T10:14:18+00:00\" \/>\n<meta property=\"og:image\" content=\"https:\/\/www.safinel.fr\/wp-content\/uploads\/2021\/05\/armoise-site.jpg\" \/>\n\t<meta property=\"og:image:width\" content=\"306\" \/>\n\t<meta property=\"og:image:height\" content=\"400\" \/>\n\t<meta property=\"og:image:type\" content=\"image\/jpeg\" \/>\n<meta name=\"twitter:card\" content=\"summary_large_image\" \/>\n<meta name=\"twitter:label1\" content=\"Gesch\u00e4tzte Lesezeit\" \/>\n\t<meta name=\"twitter:data1\" content=\"3\u00a0Minuten\" \/>\n<script type=\"application\/ld+json\" class=\"yoast-schema-graph\">{\"@context\":\"https:\/\/schema.org\",\"@graph\":[{\"@type\":\"WebPage\",\"@id\":\"https:\/\/www.safinel.fr\/produit\/feuilles-darmoise\/\",\"url\":\"https:\/\/www.safinel.fr\/produit\/feuilles-darmoise\/\",\"name\":\"Feuilles d'armoise | Bienfaits multiples | Feuilles 100% naturelles\",\"isPartOf\":{\"@id\":\"https:\/\/www.safinel.fr\/#website\"},\"primaryImageOfPage\":{\"@id\":\"https:\/\/www.safinel.fr\/produit\/feuilles-darmoise\/#primaryimage\"},\"image\":{\"@id\":\"https:\/\/www.safinel.fr\/produit\/feuilles-darmoise\/#primaryimage\"},\"thumbnailUrl\":\"https:\/\/www.safinel.fr\/wp-content\/uploads\/2021\/05\/armoise-site.jpg\",\"datePublished\":\"2021-06-01T16:13:48+00:00\",\"dateModified\":\"2025-03-19T10:14:18+00:00\",\"description\":\"Les feuilles d\u2019armoise sont issues d\u2019une plante originaire des Am\u00e9riques. D\u00e9couvrez sans plus attendre cette plante naturelle\",\"breadcrumb\":{\"@id\":\"https:\/\/www.safinel.fr\/produit\/feuilles-darmoise\/#breadcrumb\"},\"inLanguage\":\"de\",\"potentialAction\":[{\"@type\":\"ReadAction\",\"target\":[\"https:\/\/www.safinel.fr\/produit\/feuilles-darmoise\/\"]}]},{\"@type\":\"ImageObject\",\"inLanguage\":\"de\",\"@id\":\"https:\/\/www.safinel.fr\/produit\/feuilles-darmoise\/#primaryimage\",\"url\":\"https:\/\/www.safinel.fr\/wp-content\/uploads\/2021\/05\/armoise-site.jpg\",\"contentUrl\":\"https:\/\/www.safinel.fr\/wp-content\/uploads\/2021\/05\/armoise-site.jpg\",\"width\":306,\"height\":400,\"caption\":\"feuilles d'armoise\"},{\"@type\":\"BreadcrumbList\",\"@id\":\"https:\/\/www.safinel.fr\/produit\/feuilles-darmoise\/#breadcrumb\",\"itemListElement\":[{\"@type\":\"ListItem\",\"position\":1,\"name\":\"Accueil\",\"item\":\"https:\/\/www.safinel.fr\/\"},{\"@type\":\"ListItem\",\"position\":2,\"name\":\"Boutique\",\"item\":\"https:\/\/www.safinel.fr\/boutique\/\"},{\"@type\":\"ListItem\",\"position\":3,\"name\":\"Feuilles d&#8217;Armoise 100g\"}]},{\"@type\":\"WebSite\",\"@id\":\"https:\/\/www.safinel.fr\/#website\",\"url\":\"https:\/\/www.safinel.fr\/\",\"name\":\"Safinel\",\"description\":\"\",\"publisher\":{\"@id\":\"https:\/\/www.safinel.fr\/#organization\"},\"potentialAction\":[{\"@type\":\"SearchAction\",\"target\":{\"@type\":\"EntryPoint\",\"urlTemplate\":\"https:\/\/www.safinel.fr\/?s={search_term_string}\"},\"query-input\":{\"@type\":\"PropertyValueSpecification\",\"valueRequired\":true,\"valueName\":\"search_term_string\"}}],\"inLanguage\":\"de\"},{\"@type\":\"Organization\",\"@id\":\"https:\/\/www.safinel.fr\/#organization\",\"name\":\"Safinel\",\"url\":\"https:\/\/www.safinel.fr\/\",\"logo\":{\"@type\":\"ImageObject\",\"inLanguage\":\"de\",\"@id\":\"https:\/\/www.safinel.fr\/#\/schema\/logo\/image\/\",\"url\":\"https:\/\/www.safinel.fr\/wp-content\/uploads\/2021\/05\/boutique-cosmetique.png\",\"contentUrl\":\"https:\/\/www.safinel.fr\/wp-content\/uploads\/2021\/05\/boutique-cosmetique.png\",\"width\":800,\"height\":200,\"caption\":\"Safinel\"},\"image\":{\"@id\":\"https:\/\/www.safinel.fr\/#\/schema\/logo\/image\/\"}}]}<\/script>\n<!-- \/ Yoast SEO plugin. -->","yoast_head_json":{"title":"Beifu\u00dfbl\u00e4tter | Multiple Benefits | Nat\u00fcrliche 100% Bl\u00e4tter","description":"Die Bl\u00e4tter des Beifu\u00dfes stammen von einer Pflanze, die urspr\u00fcnglich aus Amerika stammt. Entdecken Sie gleich diese nat\u00fcrliche Pflanze","robots":{"index":"index","follow":"follow","max-snippet":"max-snippet:-1","max-image-preview":"max-image-preview:large","max-video-preview":"max-video-preview:-1"},"canonical":"https:\/\/www.safinel.fr\/de\/product-2\/beifusblatter\/","og_locale":"de_DE","og_type":"article","og_title":"Feuilles d'armoise | Bienfaits multiples | Feuilles 100% naturelles","og_description":"Les feuilles d\u2019armoise sont issues d\u2019une plante originaire des Am\u00e9riques. D\u00e9couvrez sans plus attendre cette plante naturelle","og_url":"https:\/\/www.safinel.fr\/de\/product-2\/beifusblatter\/","og_site_name":"Safinel","article_modified_time":"2025-03-19T10:14:18+00:00","og_image":[{"width":306,"height":400,"url":"https:\/\/www.safinel.fr\/wp-content\/uploads\/2021\/05\/armoise-site.jpg","type":"image\/jpeg"}],"twitter_card":"summary_large_image","twitter_misc":{"Gesch\u00e4tzte Lesezeit":"3\u00a0Minuten"},"schema":{"@context":"https:\/\/schema.org","@graph":[{"@type":"WebPage","@id":"https:\/\/www.safinel.fr\/produit\/feuilles-darmoise\/","url":"https:\/\/www.safinel.fr\/produit\/feuilles-darmoise\/","name":"Beifu\u00dfbl\u00e4tter | Multiple Benefits | Nat\u00fcrliche 100% Bl\u00e4tter","isPartOf":{"@id":"https:\/\/www.safinel.fr\/#website"},"primaryImageOfPage":{"@id":"https:\/\/www.safinel.fr\/produit\/feuilles-darmoise\/#primaryimage"},"image":{"@id":"https:\/\/www.safinel.fr\/produit\/feuilles-darmoise\/#primaryimage"},"thumbnailUrl":"https:\/\/www.safinel.fr\/wp-content\/uploads\/2021\/05\/armoise-site.jpg","datePublished":"2021-06-01T16:13:48+00:00","dateModified":"2025-03-19T10:14:18+00:00","description":"Die Bl\u00e4tter des Beifu\u00dfes stammen von einer Pflanze, die urspr\u00fcnglich aus Amerika stammt. Entdecken Sie gleich diese nat\u00fcrliche Pflanze","breadcrumb":{"@id":"https:\/\/www.safinel.fr\/produit\/feuilles-darmoise\/#breadcrumb"},"inLanguage":"de","potentialAction":[{"@type":"ReadAction","target":["https:\/\/www.safinel.fr\/produit\/feuilles-darmoise\/"]}]},{"@type":"ImageObject","inLanguage":"de","@id":"https:\/\/www.safinel.fr\/produit\/feuilles-darmoise\/#primaryimage","url":"https:\/\/www.safinel.fr\/wp-content\/uploads\/2021\/05\/armoise-site.jpg","contentUrl":"https:\/\/www.safinel.fr\/wp-content\/uploads\/2021\/05\/armoise-site.jpg","width":306,"height":400,"caption":"feuilles d'armoise"},{"@type":"BreadcrumbList","@id":"https:\/\/www.safinel.fr\/produit\/feuilles-darmoise\/#breadcrumb","itemListElement":[{"@type":"ListItem","position":1,"name":"Accueil","item":"https:\/\/www.safinel.fr\/"},{"@type":"ListItem","position":2,"name":"Boutique","item":"https:\/\/www.safinel.fr\/boutique\/"},{"@type":"ListItem","position":3,"name":"Feuilles d&#8217;Armoise 100g"}]},{"@type":"WebSite","@id":"https:\/\/www.safinel.fr\/#website","url":"https:\/\/www.safinel.fr\/","name":"Safinel","description":"","publisher":{"@id":"https:\/\/www.safinel.fr\/#organization"},"potentialAction":[{"@type":"SearchAction","target":{"@type":"EntryPoint","urlTemplate":"https:\/\/www.safinel.fr\/?s={search_term_string}"},"query-input":{"@type":"PropertyValueSpecification","valueRequired":true,"valueName":"search_term_string"}}],"inLanguage":"de"},{"@type":"Organization","@id":"https:\/\/www.safinel.fr\/#organization","name":"Safinel","url":"https:\/\/www.safinel.fr\/","logo":{"@type":"ImageObject","inLanguage":"de","@id":"https:\/\/www.safinel.fr\/#\/schema\/logo\/image\/","url":"https:\/\/www.safinel.fr\/wp-content\/uploads\/2021\/05\/boutique-cosmetique.png","contentUrl":"https:\/\/www.safinel.fr\/wp-content\/uploads\/2021\/05\/boutique-cosmetique.png","width":800,"height":200,"caption":"Safinel"},"image":{"@id":"https:\/\/www.safinel.fr\/#\/schema\/logo\/image\/"}}]}},"_links":{"self":[{"href":"https:\/\/www.safinel.fr\/de\/wp-json\/wp\/v2\/product\/120","targetHints":{"allow":["GET"]}}],"collection":[{"href":"https:\/\/www.safinel.fr\/de\/wp-json\/wp\/v2\/product"}],"about":[{"href":"https:\/\/www.safinel.fr\/de\/wp-json\/wp\/v2\/types\/product"}],"wp:featuredmedia":[{"embeddable":true,"href":"https:\/\/www.safinel.fr\/de\/wp-json\/wp\/v2\/media\/50"}],"wp:attachment":[{"href":"https:\/\/www.safinel.fr\/de\/wp-json\/wp\/v2\/media?parent=120"}],"wp:term":[{"taxonomy":"product_brand","embeddable":true,"href":"https:\/\/www.safinel.fr\/de\/wp-json\/wp\/v2\/product_brand?post=120"},{"taxonomy":"product_cat","embeddable":true,"href":"https:\/\/www.safinel.fr\/de\/wp-json\/wp\/v2\/product_cat?post=120"},{"taxonomy":"product_tag","embeddable":true,"href":"https:\/\/www.safinel.fr\/de\/wp-json\/wp\/v2\/product_tag?post=120"}],"curies":[{"name":"wp","href":"https:\/\/api.w.org\/{rel}","templated":true}]}}