{"id":1164,"date":"2022-03-29T00:32:35","date_gmt":"2022-03-29T00:32:35","guid":{"rendered":"https:\/\/www.safinel.fr\/?post_type=product&#038;p=1164"},"modified":"2024-05-10T16:12:26","modified_gmt":"2024-05-10T16:12:26","slug":"gowe","status":"publish","type":"product","link":"https:\/\/www.safinel.fr\/de\/product-2\/gowe\/","title":{"rendered":"Gow\u00e9 100g"},"content":{"rendered":"<p>Wieder einmal bietet Ihnen Ihr Wellness-Shop Safinel ein Produkt an, das zumindest originell ist. Und zugegebenerma\u00dfen in der westlichen Welt wenig bekannt. Es handelt sich um das\u00a0<strong>Gow\u00e9<\/strong>, eine\u00a0<strong>afrikanische Pflanze<\/strong>\u00a0mit zahlreichen Tugenden, die wir uns beeilen werden, Ihnen vorzustellen...!<\/p>\n<h2><strong>Gow\u00e9: eine nat\u00fcrliche Pflanze, die von weit her kommt\u00a0<\/strong><\/h2>\n<p>Diese Pflanze, die urspr\u00fcnglich aus Indien und Afrika stammt, w\u00e4chst mittlerweile \u00fcberall auf der Welt. Sie w\u00e4chst sehr zahm auf jedem Boden, weshalb sie sich in gro\u00dfer Zahl ausbreitet. Wenn es warm und sonnig ist, kann der Gow\u00e9 dort sein Wohlbefinden finden.<\/p>\n<p>Au\u00dferdem ist sie in der Regel bei den afrikanischen Gemeinschaften bekannt, wird aber auch \u00fcber die Grenzen hinaus getragen, damit der Westen angemessen von ihren Vorz\u00fcgen profitieren kann.<\/p>\n<p>Entdecken Sie in Ihrem Naturkostladen Safinel den Gow\u00e9 in einem Beh\u00e4lter mit 100 g! Wenn Sie eine Vorliebe f\u00fcr<strong>\u00a0Naturprodukte<\/strong>, Sie werden es nicht bereuen!<\/p>\n<h2><strong>Gow\u00e9-Samen: ein nat\u00fcrliches Heilmittel \u00a0<\/strong><\/h2>\n<p>Es ist also an der Zeit, sich mit dem Thema zu befassen und mehr \u00fcber diese wundersch\u00f6ne Pflanze mit ihren vielen positiven Eigenschaften zu erfahren. Sie wird oft mit ihrem Duft in Verbindung gebracht, hat aber auch einige Eigenschaften, die sie zu einer der wichtigsten Pflanzen der Welt machen.<strong>\u00a0medizinische Qualit\u00e4ten<\/strong>.<\/p>\n<p>Tats\u00e4chlich wird sie in Afrika h\u00e4ufig verwendet, um Frauen zu helfen, sich nach der Geburt zu erholen, kann aber auch ein\u00a0<strong>Trumpf f\u00fcr die Menstruation<\/strong>. Gemischt mit dem\u00a0<a href=\"https:\/\/www.safinel.fr\/de\/product-2\/vetiverwurzeln\/\"><strong>khamar\u00e9<\/strong><\/a>, Sie kann schnell zum Verb\u00fcndeten gegen bestimmte Personen werden.\u00a0<strong>Intimprobleme von Frauen.\u00a0<\/strong><\/p>\n<p>Au\u00dferdem ist sie daf\u00fcr bekannt, dass sie einen hervorragenden Gewinn f\u00fcr die<strong>\u2019<a href=\"https:\/\/www.safinel.fr\/de\/product-2\/feste-zahnpasta-siwak-minze\/\">Mundhygiene<\/a><\/strong>, Sie wird auch wegen ihrer anderen Eigenschaften gesch\u00e4tzt:<\/p>\n<ul>\n<li>Kann gegen Fieber hilfreich sein<\/li>\n<li><strong>Nat\u00fcrliches Aphrodisiakum<\/strong><\/li>\n<li>Ein entspannendes Plus f\u00fcr die Muskeln<\/li>\n<li>Kann gegen schmerzhafte Menstruation helfen<\/li>\n<\/ul>\n<p>Wie Sie sicher schon bemerkt haben, besitzt Gow\u00e9 eine Vielzahl an positiven Eigenschaften. Aus diesen Gr\u00fcnden hat Ihr auf Gow\u00e9 spezialisierter Shop\u00a0<strong>Naturprodukte<\/strong>\u00a0m\u00f6chte sie Ihnen vorstellen. Z\u00f6gern Sie nicht l\u00e4nger und lassen Sie sich von ihren zahlreichen Qualit\u00e4ten verzaubern.<\/p>\n<h3><strong>F\u00fcr eine erfolgreiche R\u00e4ucherung\u00a0<\/strong><\/h3>\n<p>Zun\u00e4chst einmal ist es interessant zu wissen, dass diese\u00a0<strong>afrikanische Heilpflanze<\/strong>\u00a0kann in Afrika als\u00a0<strong>M\u00fcckenschutzmittel<\/strong>\u00a0und andere fliegende Insekten. Allerdings wird dieses Produkt auch wegen anderer Qualit\u00e4ten gesch\u00e4tzt...<\/p>\n<p>Denn egal, ob Sie ein Fan von R\u00e4ucherst\u00e4bchen oder ein Neuling auf diesem Gebiet sind, Sie sollten wissen, dass Gow\u00e9 eine echte Bereicherung sein kann! Diese Pflanze wird in einigen Gemeinden wegen ihres Geruchs und ihrer entspannenden Wirkung verwendet. Deshalb lassen wir Sie ein R\u00e4uchergef\u00e4\u00df mitbringen, damit Sie den Duft, der von dieser wunderbaren Pflanze ausgeht, geb\u00fchrend genie\u00dfen k\u00f6nnen.<\/p>\n<p>Spezielle Kohlen sind ebenfalls erforderlich, damit der Weihrauch gl\u00fchen kann und so seinen Duft verbreitet.<strong>\u00a0<a href=\"https:\/\/www.encens-store.fr\" target=\"_blank\" rel=\"noopener\">orientalischer Geruch<\/a><\/strong>.<\/p>\n<p>Dar\u00fcber hinaus haben Sie auch die M\u00f6glichkeit, die\u00a0<strong>Duft\u00f6le<\/strong>\u00a0um den angenehmen Duft, der von Gow\u00e9 ausgeht, zu betonen.<\/p>\n<p>N\u00fctzlich zu wissen:<\/p>\n<p>Pflanzen besitzen oft viele positive Eigenschaften, die wir vielleicht nicht kennen. Das ist ein Grund, warum wir Ihnen diese Pflanze mit ihren vielen positiven Eigenschaften vorstellen m\u00f6chten. Diese ist n\u00e4mlich auch bekannt f\u00fcr ihre\u00a0<strong>aphrodisierende Wirkungen<\/strong>... F\u00fcr diejenigen, die diese Eigenschaft nutzen m\u00f6chten, empfehlen wir die Verwendung als R\u00e4uchermittel.<\/p>","protected":false},"excerpt":{"rendered":"<p>Wieder einmal bietet Ihnen Ihr Wellness-Shop Safinel ein Produkt an, das zumindest originell ist. Und zugegebenerma\u00dfen im Westen wenig bekannt. Es handelt sich um Gow\u00e9, eine afrikanische Pflanze mit zahlreichen positiven Eigenschaften, die wir Ihnen hier vorstellen m\u00f6chten...! Gow\u00e9: eine nat\u00fcrliche Pflanze, die von weit her kommt Aus Indien und Afrika stammend, [...].","protected":false},"featured_media":1165,"template":"","meta":[],"product_brand":[],"product_cat":[27],"product_tag":[],"class_list":{"0":"post-1164","1":"product","2":"type-product","3":"status-publish","4":"has-post-thumbnail","6":"product_cat-plantes-medicinales","8":"first","9":"outofstock","10":"shipping-taxable","11":"purchasable","12":"product-type-simple"},"yoast_head":"<!-- This site is optimized with the Yoast SEO plugin v26.6 - https:\/\/yoast.com\/wordpress\/plugins\/seo\/ -->\n<title>Gow\u00e9 | Plante africaine aux nombreux bienfaits | Achat en ligne<\/title>\n<meta name=\"description\" content=\"Le Gow\u00e9, est une\u00a0plante africaine\u00a0aux multiples vertus que nous allons nous empresser de vous pr\u00e9senter\u2026 !\u00a0\" \/>\n<meta name=\"robots\" content=\"index, follow, max-snippet:-1, max-image-preview:large, max-video-preview:-1\" \/>\n<link rel=\"canonical\" href=\"https:\/\/www.safinel.fr\/de\/product-2\/gowe\/\" \/>\n<meta property=\"og:locale\" content=\"de_DE\" \/>\n<meta property=\"og:type\" content=\"article\" \/>\n<meta property=\"og:title\" content=\"Gow\u00e9 | Plante africaine aux nombreux bienfaits | Achat en ligne\" \/>\n<meta property=\"og:description\" content=\"Le Gow\u00e9, est une\u00a0plante africaine\u00a0aux multiples vertus que nous allons nous empresser de vous pr\u00e9senter\u2026 !\u00a0\" \/>\n<meta property=\"og:url\" content=\"https:\/\/www.safinel.fr\/de\/product-2\/gowe\/\" \/>\n<meta property=\"og:site_name\" content=\"Safinel\" \/>\n<meta property=\"article:modified_time\" content=\"2024-05-10T16:12:26+00:00\" \/>\n<meta property=\"og:image\" content=\"https:\/\/www.safinel.fr\/wp-content\/uploads\/2022\/04\/gowe.jpg\" \/>\n\t<meta property=\"og:image:width\" content=\"600\" \/>\n\t<meta property=\"og:image:height\" content=\"600\" \/>\n\t<meta property=\"og:image:type\" content=\"image\/jpeg\" \/>\n<meta name=\"twitter:card\" content=\"summary_large_image\" \/>\n<meta name=\"twitter:label1\" content=\"Gesch\u00e4tzte Lesezeit\" \/>\n\t<meta name=\"twitter:data1\" content=\"3\u00a0Minuten\" \/>\n<script type=\"application\/ld+json\" class=\"yoast-schema-graph\">{\"@context\":\"https:\/\/schema.org\",\"@graph\":[{\"@type\":\"WebPage\",\"@id\":\"https:\/\/www.safinel.fr\/produit\/gowe\/\",\"url\":\"https:\/\/www.safinel.fr\/produit\/gowe\/\",\"name\":\"Gow\u00e9 | Plante africaine aux nombreux bienfaits | Achat en ligne\",\"isPartOf\":{\"@id\":\"https:\/\/www.safinel.fr\/#website\"},\"primaryImageOfPage\":{\"@id\":\"https:\/\/www.safinel.fr\/produit\/gowe\/#primaryimage\"},\"image\":{\"@id\":\"https:\/\/www.safinel.fr\/produit\/gowe\/#primaryimage\"},\"thumbnailUrl\":\"https:\/\/www.safinel.fr\/wp-content\/uploads\/2022\/04\/gowe.jpg\",\"datePublished\":\"2022-03-29T00:32:35+00:00\",\"dateModified\":\"2024-05-10T16:12:26+00:00\",\"description\":\"Le Gow\u00e9, est une\u00a0plante africaine\u00a0aux multiples vertus que nous allons nous empresser de vous pr\u00e9senter\u2026 !\u00a0\",\"breadcrumb\":{\"@id\":\"https:\/\/www.safinel.fr\/produit\/gowe\/#breadcrumb\"},\"inLanguage\":\"de\",\"potentialAction\":[{\"@type\":\"ReadAction\",\"target\":[\"https:\/\/www.safinel.fr\/produit\/gowe\/\"]}]},{\"@type\":\"ImageObject\",\"inLanguage\":\"de\",\"@id\":\"https:\/\/www.safinel.fr\/produit\/gowe\/#primaryimage\",\"url\":\"https:\/\/www.safinel.fr\/wp-content\/uploads\/2022\/04\/gowe.jpg\",\"contentUrl\":\"https:\/\/www.safinel.fr\/wp-content\/uploads\/2022\/04\/gowe.jpg\",\"width\":600,\"height\":600,\"caption\":\"Gow\u00e9 100g\"},{\"@type\":\"BreadcrumbList\",\"@id\":\"https:\/\/www.safinel.fr\/produit\/gowe\/#breadcrumb\",\"itemListElement\":[{\"@type\":\"ListItem\",\"position\":1,\"name\":\"Accueil\",\"item\":\"https:\/\/www.safinel.fr\/\"},{\"@type\":\"ListItem\",\"position\":2,\"name\":\"Boutique\",\"item\":\"https:\/\/www.safinel.fr\/boutique\/\"},{\"@type\":\"ListItem\",\"position\":3,\"name\":\"Gow\u00e9 100g\"}]},{\"@type\":\"WebSite\",\"@id\":\"https:\/\/www.safinel.fr\/#website\",\"url\":\"https:\/\/www.safinel.fr\/\",\"name\":\"Safinel\",\"description\":\"\",\"publisher\":{\"@id\":\"https:\/\/www.safinel.fr\/#organization\"},\"potentialAction\":[{\"@type\":\"SearchAction\",\"target\":{\"@type\":\"EntryPoint\",\"urlTemplate\":\"https:\/\/www.safinel.fr\/?s={search_term_string}\"},\"query-input\":{\"@type\":\"PropertyValueSpecification\",\"valueRequired\":true,\"valueName\":\"search_term_string\"}}],\"inLanguage\":\"de\"},{\"@type\":\"Organization\",\"@id\":\"https:\/\/www.safinel.fr\/#organization\",\"name\":\"Safinel\",\"url\":\"https:\/\/www.safinel.fr\/\",\"logo\":{\"@type\":\"ImageObject\",\"inLanguage\":\"de\",\"@id\":\"https:\/\/www.safinel.fr\/#\/schema\/logo\/image\/\",\"url\":\"https:\/\/www.safinel.fr\/wp-content\/uploads\/2021\/05\/boutique-cosmetique.png\",\"contentUrl\":\"https:\/\/www.safinel.fr\/wp-content\/uploads\/2021\/05\/boutique-cosmetique.png\",\"width\":800,\"height\":200,\"caption\":\"Safinel\"},\"image\":{\"@id\":\"https:\/\/www.safinel.fr\/#\/schema\/logo\/image\/\"}}]}<\/script>\n<!-- \/ Yoast SEO plugin. -->","yoast_head_json":{"title":"Gow\u00e9 | Afrikanische Pflanze mit vielen Vorteilen | Online kaufen","description":"Gow\u00e9, ist eine afrikanische Pflanze mit vielen positiven Eigenschaften, die wir Ihnen gerne vorstellen m\u00f6chten...!\u00a0","robots":{"index":"index","follow":"follow","max-snippet":"max-snippet:-1","max-image-preview":"max-image-preview:large","max-video-preview":"max-video-preview:-1"},"canonical":"https:\/\/www.safinel.fr\/de\/product-2\/gowe\/","og_locale":"de_DE","og_type":"article","og_title":"Gow\u00e9 | Plante africaine aux nombreux bienfaits | Achat en ligne","og_description":"Le Gow\u00e9, est une\u00a0plante africaine\u00a0aux multiples vertus que nous allons nous empresser de vous pr\u00e9senter\u2026 !\u00a0","og_url":"https:\/\/www.safinel.fr\/de\/product-2\/gowe\/","og_site_name":"Safinel","article_modified_time":"2024-05-10T16:12:26+00:00","og_image":[{"width":600,"height":600,"url":"https:\/\/www.safinel.fr\/wp-content\/uploads\/2022\/04\/gowe.jpg","type":"image\/jpeg"}],"twitter_card":"summary_large_image","twitter_misc":{"Gesch\u00e4tzte Lesezeit":"3\u00a0Minuten"},"schema":{"@context":"https:\/\/schema.org","@graph":[{"@type":"WebPage","@id":"https:\/\/www.safinel.fr\/produit\/gowe\/","url":"https:\/\/www.safinel.fr\/produit\/gowe\/","name":"Gow\u00e9 | Afrikanische Pflanze mit vielen Vorteilen | Online kaufen","isPartOf":{"@id":"https:\/\/www.safinel.fr\/#website"},"primaryImageOfPage":{"@id":"https:\/\/www.safinel.fr\/produit\/gowe\/#primaryimage"},"image":{"@id":"https:\/\/www.safinel.fr\/produit\/gowe\/#primaryimage"},"thumbnailUrl":"https:\/\/www.safinel.fr\/wp-content\/uploads\/2022\/04\/gowe.jpg","datePublished":"2022-03-29T00:32:35+00:00","dateModified":"2024-05-10T16:12:26+00:00","description":"Gow\u00e9, ist eine afrikanische Pflanze mit vielen positiven Eigenschaften, die wir Ihnen gerne vorstellen m\u00f6chten...!\u00a0","breadcrumb":{"@id":"https:\/\/www.safinel.fr\/produit\/gowe\/#breadcrumb"},"inLanguage":"de","potentialAction":[{"@type":"ReadAction","target":["https:\/\/www.safinel.fr\/produit\/gowe\/"]}]},{"@type":"ImageObject","inLanguage":"de","@id":"https:\/\/www.safinel.fr\/produit\/gowe\/#primaryimage","url":"https:\/\/www.safinel.fr\/wp-content\/uploads\/2022\/04\/gowe.jpg","contentUrl":"https:\/\/www.safinel.fr\/wp-content\/uploads\/2022\/04\/gowe.jpg","width":600,"height":600,"caption":"Gow\u00e9 100g"},{"@type":"BreadcrumbList","@id":"https:\/\/www.safinel.fr\/produit\/gowe\/#breadcrumb","itemListElement":[{"@type":"ListItem","position":1,"name":"Accueil","item":"https:\/\/www.safinel.fr\/"},{"@type":"ListItem","position":2,"name":"Boutique","item":"https:\/\/www.safinel.fr\/boutique\/"},{"@type":"ListItem","position":3,"name":"Gow\u00e9 100g"}]},{"@type":"WebSite","@id":"https:\/\/www.safinel.fr\/#website","url":"https:\/\/www.safinel.fr\/","name":"Safinel","description":"","publisher":{"@id":"https:\/\/www.safinel.fr\/#organization"},"potentialAction":[{"@type":"SearchAction","target":{"@type":"EntryPoint","urlTemplate":"https:\/\/www.safinel.fr\/?s={search_term_string}"},"query-input":{"@type":"PropertyValueSpecification","valueRequired":true,"valueName":"search_term_string"}}],"inLanguage":"de"},{"@type":"Organization","@id":"https:\/\/www.safinel.fr\/#organization","name":"Safinel","url":"https:\/\/www.safinel.fr\/","logo":{"@type":"ImageObject","inLanguage":"de","@id":"https:\/\/www.safinel.fr\/#\/schema\/logo\/image\/","url":"https:\/\/www.safinel.fr\/wp-content\/uploads\/2021\/05\/boutique-cosmetique.png","contentUrl":"https:\/\/www.safinel.fr\/wp-content\/uploads\/2021\/05\/boutique-cosmetique.png","width":800,"height":200,"caption":"Safinel"},"image":{"@id":"https:\/\/www.safinel.fr\/#\/schema\/logo\/image\/"}}]}},"_links":{"self":[{"href":"https:\/\/www.safinel.fr\/de\/wp-json\/wp\/v2\/product\/1164","targetHints":{"allow":["GET"]}}],"collection":[{"href":"https:\/\/www.safinel.fr\/de\/wp-json\/wp\/v2\/product"}],"about":[{"href":"https:\/\/www.safinel.fr\/de\/wp-json\/wp\/v2\/types\/product"}],"wp:featuredmedia":[{"embeddable":true,"href":"https:\/\/www.safinel.fr\/de\/wp-json\/wp\/v2\/media\/1165"}],"wp:attachment":[{"href":"https:\/\/www.safinel.fr\/de\/wp-json\/wp\/v2\/media?parent=1164"}],"wp:term":[{"taxonomy":"product_brand","embeddable":true,"href":"https:\/\/www.safinel.fr\/de\/wp-json\/wp\/v2\/product_brand?post=1164"},{"taxonomy":"product_cat","embeddable":true,"href":"https:\/\/www.safinel.fr\/de\/wp-json\/wp\/v2\/product_cat?post=1164"},{"taxonomy":"product_tag","embeddable":true,"href":"https:\/\/www.safinel.fr\/de\/wp-json\/wp\/v2\/product_tag?post=1164"}],"curies":[{"name":"wp","href":"https:\/\/api.w.org\/{rel}","templated":true}]}}