{"id":1162,"date":"2022-04-29T00:28:52","date_gmt":"2022-04-29T00:28:52","guid":{"rendered":"https:\/\/www.safinel.fr\/?post_type=product&#038;p=1162"},"modified":"2024-02-07T15:06:43","modified_gmt":"2024-02-07T15:06:43","slug":"bockshornklee-butter","status":"publish","type":"product","link":"https:\/\/www.safinel.fr\/de\/product-2\/bockshornklee-butter\/","title":{"rendered":"Bockshornklee-Butter 150g"},"content":{"rendered":"<p>Bei Safinel ist Ihr\u00a0<strong>Wellness-Onlineshop<\/strong>, Wir sind begeistert von nat\u00fcrlichen Neuheiten. Wenn wir einen echten Nugget finden, stellen wir ihn Ihnen sofort vor. Hier also\u00a0<strong>Bockshornklee-Butter<\/strong>. Eine\u00a0<strong>Kosmetik<\/strong>\u00a0Sie ist vor allem f\u00fcr ihre unglaubliche Funktion bekannt: das Volumen von Brust und Ges\u00e4\u00df zu vergr\u00f6\u00dfern. Garantiert ohne Injektionen und ohne chirurgischen Eingriff! Aber diese\u00a0<strong>nat\u00fcrliche Salbe<\/strong>\u00a0weist auch andere sehr interessante Tugenden auf...<\/p>\n<p>Sollen wir sie Ihnen zeigen?<\/p>\n<h2><strong>Zoom auf Bockshornklee-Butter, ein reines Wunder der Natur\u00a0<\/strong><\/h2>\n<p>Unser\u00a0<strong>reine Bockshornklee-Butter, Konzentrat<\/strong>\u00a0stellt sich in Form einer\u00a0<strong>Kosmetikcreme\u00a0<\/strong>von 150 g. Doch bevor wir Ihnen mehr \u00fcber dieses unglaubliche Produkt erz\u00e4hlen, wollen wir ein wenig mehr \u00fcber Bockshornklee erfahren.<\/p>\n<p>Vielleicht kennen Sie ihn unter dem Namen\u00a0<strong>Senegrain, Trigonelle, Fen\u00e9gr\u00e9, Heugras<\/strong>, oder seltener\u00a0<strong>Trigonella<\/strong>, die wissenschaftliche Bezeichnung. Wie auch immer, sie alle bezeichnen dieselbe unglaubliche Pflanze, die in Asien und im Mittelmeerraum beheimatet ist.<\/p>\n<p>Urspr\u00fcnglich wurde dieses Griechisch-Heu als Pferdefutter verwendet. Doch schon bald wurden seine reichhaltigen Samen zu einem beliebten Gew\u00fcrz in der K\u00fcche! Und auch zu therapeutischen Zwecken als\u00a0<strong>Heilpflanze\u00a0<\/strong>mit vielen positiven Eigenschaften.<\/p>\n<p>Die<strong>\u00a0Bockshornklee in K\u00f6rnern<\/strong>\u00a0wurde insbesondere wegen seiner galaktogenen Eigenschaften, zur Appetitanregung sowie wegen seiner positiven Wirkung bei Hypoglyk\u00e4mie gesch\u00e4tzt.<\/p>\n<p>Aber wo Samen sind... ist auch \u00d6l! So ist sein\u00a0<strong>\u00d6l<\/strong>\u00a0ist aus der Kosmetik nicht mehr wegzudenken. Und sie ist auch Bestandteil unserer ber\u00fchmten Bockshornklee-Butter!<\/p>\n<p><strong>Zutaten :<\/strong>\u00a0<strong>Karit\u00e9butter<\/strong>, Bockshornklee\u00f6l, S\u00fc\u00dfmandel\u00f6l, Vitamin E.<\/p>\n<h2><strong>Welche Zusammensetzung hat Bockshornkleesalbe?\u00a0<\/strong><\/h2>\n<p>Unser\u00a0<strong>Trigonella-Creme<\/strong>\u00a0enth\u00e4lt zahlreiche Vitamine, Spurenelemente, Proteine und Antioxidantien. Man muss dazu sagen, dass die Inhaltsstoffe, aus denen sie besteht, f\u00fcr ihre reichhaltige Zusammensetzung bekannt sind, die unserer Haut sehr gut tut.<\/p>\n<p>Im Wesentlichen werden wir finden:<\/p>\n<ul>\n<li>Flavonoide<\/li>\n<li>Vitamin A, C und E sowie Vitamin B1 und B6<\/li>\n<li>Essentielle Fetts\u00e4uren<\/li>\n<li>Mucilagin\u00f6se Fasern<\/li>\n<li>Omega 3, gut f\u00fcr die Epidermis<\/li>\n<li>Aber auch Phosphor, Schwefel, Eisen<\/li>\n<li>Sowie Mineralien wie Kalzium und Magnesium<\/li>\n<\/ul>\n<h2><strong>Bockshornklee-Butter: Ihre Vorteile\u00a0<\/strong><\/h2>\n<p>Kommen wir zu den ernsten Dingen! Was bringt uns dieser mysteri\u00f6se\u00a0<strong>K\u00f6rperbalsam<\/strong>\u00a0?! Es ist wichtig zu wissen, dass es f\u00fcr den K\u00f6rper genauso gut ist wie f\u00fcr die Haare, aber auch f\u00fcr das Gesicht. Ein echtes\u00a0<strong>multifunktionales Sch\u00f6nheitsprodukt<\/strong>, Das ist ein Produkt, das eine ganze Reihe von Kosmetika ersetzen kann...<\/p>\n<p>Die Liste der Vorteile ist ziemlich interessant, wir lassen Sie selbst schauen:<\/p>\n<ul>\n<li>Strafft Brust, Ges\u00e4\u00df, H\u00fcften und die Haut im Allgemeinen ;<\/li>\n<li>Hilft, die Formen zu formen und nat\u00fcrlich an Volumen zu gewinnen ;<\/li>\n<li>Erm\u00f6glicht die Regeneration der Epidermis und sch\u00fctzt vor dem Austrocknen der Haut ;<\/li>\n<li>Auf der Haarseite kann man Bockshornklee-Butter verwenden, um das Wachstum anzuregen ;<\/li>\n<li>Auf dem Gesicht wirkt dieses Kosmetikum gegen Akne ;<\/li>\n<li>Anti-Falten- und Anti-Aging-Wirkung ;<\/li>\n<li>Au\u00dferdem hat es entz\u00fcndungshemmende Eigenschaften, ebenso wie<strong>\u00a0<a href=\"https:\/\/www.safinel.fr\/de\/product-2\/minzkristalle\/\">die Minzkristalle<\/a>\u00a0<\/strong>;<\/li>\n<li>Hilft, die Haut zu n\u00e4hren, sie glatter und geschmeidiger zu machen ;<\/li>\n<li>Diese nat\u00fcrliche Salbe hat eine heilende und beruhigende Wirkung ;<\/li>\n<li>Versorgt das Haar mit Feuchtigkeit und sch\u00fctzt die Spitzen vor dem Austrocknen.<\/li>\n<\/ul>\n<h2><strong>Ihre anderen nat\u00fcrlichen Produkte, um Ihre Vorz\u00fcge hervorzuheben...\u00a0<\/strong><\/h2>\n<p>Unser\u00a0<strong>Bockshornkleesalbe<\/strong>, So unglaublich es auch klingen mag, es ist nicht die einzige Pflanze, die sich ihrer Eigenschaften r\u00fchmen kann. Es gibt noch andere afrikanische Pflanzen, die ebenfalls dazu beitragen k\u00f6nnen, das Volumen von Brust und Ges\u00e4\u00df zu vergr\u00f6\u00dfern. Sie m\u00f6chten bestimmt mehr dar\u00fcber erfahren?! Dann verr\u00e4t Ihnen Ihr Lieblingsshop Safinel alles:<\/p>\n<ul>\n<li><strong>Der Akpi<\/strong>\u00a0: en\u00a0<strong>Samen<\/strong>, in\u00a0<strong>\u00d6l<\/strong>\u00a0oder auch in\u00a0<strong>Pulver<\/strong>, Der Akpi macht von sich reden! Vor allem wegen seiner F\u00e4higkeit\u00a0<strong>Br\u00fcste und Ges\u00e4\u00df vergr\u00f6\u00dfern lassen<\/strong>. Nat\u00fcrlich kann es auch f\u00fcr viele andere Zwecke verwendet werden. So soll er z. B. gegen Unfruchtbarkeit bei Frauen helfen.<\/li>\n<\/ul>\n<ul>\n<li><strong>Kigelia :<\/strong>\u00a0diese Pflanze, zu finden in\u00a0<strong>\u00d6l<\/strong>\u00a0und in\u00a0<strong>Pulver<\/strong>\u00a0auf unserer Wellness-Boutique, ist auch eine Verb\u00fcndete f\u00fcr\u00a0<strong>Brust und Ges\u00e4\u00df straffen.<\/strong>\u00a0Es ist also ein sehr wirksames straffendes, aufpolsterndes und straffendes Naturkosmetikum. Sie kann \u00fcbrigens auch als Erg\u00e4nzung zu unserer\u00a0<strong>Fenrebutter<\/strong>.<\/li>\n<\/ul>\n<h2><strong>Bockshornklee-Butter: Ihre Verwendung\u00a0<\/strong><\/h2>\n<p>Diese\u00a0<strong>Universalbalsam\u00a0<\/strong>besitzt eine Zusammensetzung, die es zu einem multifunktionalen Kosmetikum macht! Unabh\u00e4ngig von Ihrer Haarart oder Ihrem Hauttyp ist es ein Sch\u00f6nheitsprodukt, das schnell einen Platz in Ihrer t\u00e4glichen Routine finden wird!<\/p>\n<h3><strong>F\u00fcr den K\u00f6rper\u00a0<\/strong><\/h3>\n<p>Um das Material leichter einziehen zu lassen, k\u00f6nnen Sie die Haut nach dem Duschen leicht feucht halten. Oder den Balsam zwischen den H\u00e4nden leicht erw\u00e4rmen, um eine \u00f6lige Textur zu erhalten.<\/p>\n<p>Mit dem Ziel\u00a0<strong>das Volumen des Ges\u00e4\u00dfes steigern<\/strong>, Wenn Sie an den Armen, H\u00fcften oder Br\u00fcsten leiden, empfehlen wir Ihnen eine 10-min\u00fctige Massage. Und das morgens und abends. Wie bei jedem nat\u00fcrlichen Produkt ist nat\u00fcrlich auch hier eine gewisse Regelm\u00e4\u00dfigkeit erforderlich. Wir empfehlen eine Dauer von 1 bis 3 Monaten, um sichtbare Ergebnisse zu erzielen!<\/p>\n<h3><strong>F\u00fcr das Gesicht\u00a0<\/strong><\/h3>\n<p>Dieses nicht komedogene Kosmetikum ist ideal f\u00fcr das Gesicht. Sie kann morgens und abends wie jede andere Feuchtigkeitscreme aufgetragen werden. Und das, um Flecken, Mitesser und Aknepickel zu bek\u00e4mpfen, aber dar\u00fcber hinaus auch, um die Zeichen der Hautalterung zu bek\u00e4mpfen.<\/p>\n<h3><strong>F\u00fcr die Haare\u00a0<\/strong><\/h3>\n<p>Die\u00a0<strong>Sheabutter Haare<\/strong>\u00a0ist f\u00fcr seine feuchtigkeitsspendende und n\u00e4hrende Wirkung bekannt. In unsere Kosmetik eingef\u00fchrt, wird die Kombination dieser beiden Inhaltsstoffe daf\u00fcr sorgen, dass das Haar gut mit Feuchtigkeit versorgt bleibt.<\/p>\n<p>Wir empfehlen, es als Pflegeprodukt zu verwenden, das Sie in die Haarfaser einziehen lassen. Sie k\u00f6nnen es so auf die Spitzen und L\u00e4ngen auftragen und \u00fcber Nacht einwirken lassen.<\/p>\n<h2><strong>Vorsichtsma\u00dfnahmen und Aufbewahrung\u00a0<\/strong><\/h2>\n<p>Wir empfehlen Ihnen, Ihren Topf vor allzu neugierigen kleinen H\u00e4nden, wie denen von Kindern, zu sch\u00fctzen.<\/p>\n<p>Au\u00dferdem ist es besser, den\u00a0<strong>Senegrabutter<\/strong>\u00a0vor W\u00e4rmequellen gesch\u00fctzt werden, da dieser schnell ein \u00f6liges Aussehen annehmen kann.<\/p>\n<p>Schlie\u00dflich sollten Sie, obwohl uns keine Kontraindikationen oder Allergierisiken bekannt sind, immer vorher einen Hauttest durchf\u00fchren.<\/p>","protected":false},"excerpt":{"rendered":"<p>Bei Safinel, Ihrem Online-Shop f\u00fcr Wellnessprodukte, sind wir begeistert von nat\u00fcrlichen Neuheiten. Sobald wir ein echtes Juwel finden, stellen wir es Ihnen gerne vor. Hier ist also die Bockshornkleebutter. Ein Kosmetikprodukt, das vor allem f\u00fcr seine unglaubliche Wirkung bekannt ist: Es vergr\u00f6\u00dfert das Volumen der Brust und des Ges\u00e4\u00dfes. Garantiert ohne Injektionen und ohne [\u2026]","protected":false},"featured_media":1163,"template":"","meta":[],"product_brand":[],"product_cat":[41],"product_tag":[],"class_list":{"0":"post-1162","1":"product","2":"type-product","3":"status-publish","4":"has-post-thumbnail","6":"product_cat-produits-naturels-divers","8":"first","9":"outofstock","10":"shipping-taxable","11":"purchasable","12":"product-type-simple"},"yoast_head":"<!-- This site is optimized with the Yoast SEO plugin v26.6 - https:\/\/yoast.com\/wordpress\/plugins\/seo\/ -->\n<title>Beurre de fenugrec | Cr\u00e8me cosm\u00e9tique | Contenance 150g<\/title>\n<meta name=\"description\" content=\"Voici donc\u00a0le beurre de fenugrec. Un\u00a0cosm\u00e9tique\u00a0r\u00e9put\u00e9 pour sa fonction : celle d\u2019augmenter le volume de la poitrine et des fesses.\" \/>\n<meta name=\"robots\" content=\"index, follow, max-snippet:-1, max-image-preview:large, max-video-preview:-1\" \/>\n<link rel=\"canonical\" href=\"https:\/\/www.safinel.fr\/de\/product-2\/bockshornklee-butter\/\" \/>\n<meta property=\"og:locale\" content=\"de_DE\" \/>\n<meta property=\"og:type\" content=\"article\" \/>\n<meta property=\"og:title\" content=\"Beurre de fenugrec | Cr\u00e8me cosm\u00e9tique | Contenance 150g\" \/>\n<meta property=\"og:description\" content=\"Voici donc\u00a0le beurre de fenugrec. Un\u00a0cosm\u00e9tique\u00a0r\u00e9put\u00e9 pour sa fonction : celle d\u2019augmenter le volume de la poitrine et des fesses.\" \/>\n<meta property=\"og:url\" content=\"https:\/\/www.safinel.fr\/de\/product-2\/bockshornklee-butter\/\" \/>\n<meta property=\"og:site_name\" content=\"Safinel\" \/>\n<meta property=\"article:modified_time\" content=\"2024-02-07T15:06:43+00:00\" \/>\n<meta property=\"og:image\" content=\"https:\/\/www.safinel.fr\/wp-content\/uploads\/2022\/04\/beurre-de-fenugrec.jpg\" \/>\n\t<meta property=\"og:image:width\" content=\"600\" \/>\n\t<meta property=\"og:image:height\" content=\"600\" \/>\n\t<meta property=\"og:image:type\" content=\"image\/jpeg\" \/>\n<meta name=\"twitter:card\" content=\"summary_large_image\" \/>\n<meta name=\"twitter:label1\" content=\"Gesch\u00e4tzte Lesezeit\" \/>\n\t<meta name=\"twitter:data1\" content=\"6\u00a0Minuten\" \/>\n<script type=\"application\/ld+json\" class=\"yoast-schema-graph\">{\"@context\":\"https:\/\/schema.org\",\"@graph\":[{\"@type\":\"WebPage\",\"@id\":\"https:\/\/www.safinel.fr\/produit\/beurre-de-fenugrec\/\",\"url\":\"https:\/\/www.safinel.fr\/produit\/beurre-de-fenugrec\/\",\"name\":\"Beurre de fenugrec | Cr\u00e8me cosm\u00e9tique | Contenance 150g\",\"isPartOf\":{\"@id\":\"https:\/\/www.safinel.fr\/#website\"},\"primaryImageOfPage\":{\"@id\":\"https:\/\/www.safinel.fr\/produit\/beurre-de-fenugrec\/#primaryimage\"},\"image\":{\"@id\":\"https:\/\/www.safinel.fr\/produit\/beurre-de-fenugrec\/#primaryimage\"},\"thumbnailUrl\":\"https:\/\/www.safinel.fr\/wp-content\/uploads\/2022\/04\/beurre-de-fenugrec.jpg\",\"datePublished\":\"2022-04-29T00:28:52+00:00\",\"dateModified\":\"2024-02-07T15:06:43+00:00\",\"description\":\"Voici donc\u00a0le beurre de fenugrec. Un\u00a0cosm\u00e9tique\u00a0r\u00e9put\u00e9 pour sa fonction : celle d\u2019augmenter le volume de la poitrine et des fesses.\",\"breadcrumb\":{\"@id\":\"https:\/\/www.safinel.fr\/produit\/beurre-de-fenugrec\/#breadcrumb\"},\"inLanguage\":\"de\",\"potentialAction\":[{\"@type\":\"ReadAction\",\"target\":[\"https:\/\/www.safinel.fr\/produit\/beurre-de-fenugrec\/\"]}]},{\"@type\":\"ImageObject\",\"inLanguage\":\"de\",\"@id\":\"https:\/\/www.safinel.fr\/produit\/beurre-de-fenugrec\/#primaryimage\",\"url\":\"https:\/\/www.safinel.fr\/wp-content\/uploads\/2022\/04\/beurre-de-fenugrec.jpg\",\"contentUrl\":\"https:\/\/www.safinel.fr\/wp-content\/uploads\/2022\/04\/beurre-de-fenugrec.jpg\",\"width\":600,\"height\":600,\"caption\":\"beurre de fenugrec\"},{\"@type\":\"BreadcrumbList\",\"@id\":\"https:\/\/www.safinel.fr\/produit\/beurre-de-fenugrec\/#breadcrumb\",\"itemListElement\":[{\"@type\":\"ListItem\",\"position\":1,\"name\":\"Accueil\",\"item\":\"https:\/\/www.safinel.fr\/\"},{\"@type\":\"ListItem\",\"position\":2,\"name\":\"Boutique\",\"item\":\"https:\/\/www.safinel.fr\/boutique\/\"},{\"@type\":\"ListItem\",\"position\":3,\"name\":\"Beurre de fenugrec 150g\"}]},{\"@type\":\"WebSite\",\"@id\":\"https:\/\/www.safinel.fr\/#website\",\"url\":\"https:\/\/www.safinel.fr\/\",\"name\":\"Safinel\",\"description\":\"\",\"publisher\":{\"@id\":\"https:\/\/www.safinel.fr\/#organization\"},\"potentialAction\":[{\"@type\":\"SearchAction\",\"target\":{\"@type\":\"EntryPoint\",\"urlTemplate\":\"https:\/\/www.safinel.fr\/?s={search_term_string}\"},\"query-input\":{\"@type\":\"PropertyValueSpecification\",\"valueRequired\":true,\"valueName\":\"search_term_string\"}}],\"inLanguage\":\"de\"},{\"@type\":\"Organization\",\"@id\":\"https:\/\/www.safinel.fr\/#organization\",\"name\":\"Safinel\",\"url\":\"https:\/\/www.safinel.fr\/\",\"logo\":{\"@type\":\"ImageObject\",\"inLanguage\":\"de\",\"@id\":\"https:\/\/www.safinel.fr\/#\/schema\/logo\/image\/\",\"url\":\"https:\/\/www.safinel.fr\/wp-content\/uploads\/2021\/05\/boutique-cosmetique.png\",\"contentUrl\":\"https:\/\/www.safinel.fr\/wp-content\/uploads\/2021\/05\/boutique-cosmetique.png\",\"width\":800,\"height\":200,\"caption\":\"Safinel\"},\"image\":{\"@id\":\"https:\/\/www.safinel.fr\/#\/schema\/logo\/image\/\"}}]}<\/script>\n<!-- \/ Yoast SEO plugin. -->","yoast_head_json":{"title":"Bockshornklee-Butter | Kosmetische Creme | Inhalt 150g","description":"Dies ist also die Bockshornklee-Butter. Ein Kosmetikum, das f\u00fcr seine Funktion bekannt ist: das Volumen von Brust und Ges\u00e4\u00df zu vergr\u00f6\u00dfern.","robots":{"index":"index","follow":"follow","max-snippet":"max-snippet:-1","max-image-preview":"max-image-preview:large","max-video-preview":"max-video-preview:-1"},"canonical":"https:\/\/www.safinel.fr\/de\/product-2\/bockshornklee-butter\/","og_locale":"de_DE","og_type":"article","og_title":"Beurre de fenugrec | Cr\u00e8me cosm\u00e9tique | Contenance 150g","og_description":"Voici donc\u00a0le beurre de fenugrec. Un\u00a0cosm\u00e9tique\u00a0r\u00e9put\u00e9 pour sa fonction : celle d\u2019augmenter le volume de la poitrine et des fesses.","og_url":"https:\/\/www.safinel.fr\/de\/product-2\/bockshornklee-butter\/","og_site_name":"Safinel","article_modified_time":"2024-02-07T15:06:43+00:00","og_image":[{"width":600,"height":600,"url":"https:\/\/www.safinel.fr\/wp-content\/uploads\/2022\/04\/beurre-de-fenugrec.jpg","type":"image\/jpeg"}],"twitter_card":"summary_large_image","twitter_misc":{"Gesch\u00e4tzte Lesezeit":"6\u00a0Minuten"},"schema":{"@context":"https:\/\/schema.org","@graph":[{"@type":"WebPage","@id":"https:\/\/www.safinel.fr\/produit\/beurre-de-fenugrec\/","url":"https:\/\/www.safinel.fr\/produit\/beurre-de-fenugrec\/","name":"Bockshornklee-Butter | Kosmetische Creme | Inhalt 150g","isPartOf":{"@id":"https:\/\/www.safinel.fr\/#website"},"primaryImageOfPage":{"@id":"https:\/\/www.safinel.fr\/produit\/beurre-de-fenugrec\/#primaryimage"},"image":{"@id":"https:\/\/www.safinel.fr\/produit\/beurre-de-fenugrec\/#primaryimage"},"thumbnailUrl":"https:\/\/www.safinel.fr\/wp-content\/uploads\/2022\/04\/beurre-de-fenugrec.jpg","datePublished":"2022-04-29T00:28:52+00:00","dateModified":"2024-02-07T15:06:43+00:00","description":"Dies ist also die Bockshornklee-Butter. Ein Kosmetikum, das f\u00fcr seine Funktion bekannt ist: das Volumen von Brust und Ges\u00e4\u00df zu vergr\u00f6\u00dfern.","breadcrumb":{"@id":"https:\/\/www.safinel.fr\/produit\/beurre-de-fenugrec\/#breadcrumb"},"inLanguage":"de","potentialAction":[{"@type":"ReadAction","target":["https:\/\/www.safinel.fr\/produit\/beurre-de-fenugrec\/"]}]},{"@type":"ImageObject","inLanguage":"de","@id":"https:\/\/www.safinel.fr\/produit\/beurre-de-fenugrec\/#primaryimage","url":"https:\/\/www.safinel.fr\/wp-content\/uploads\/2022\/04\/beurre-de-fenugrec.jpg","contentUrl":"https:\/\/www.safinel.fr\/wp-content\/uploads\/2022\/04\/beurre-de-fenugrec.jpg","width":600,"height":600,"caption":"beurre de fenugrec"},{"@type":"BreadcrumbList","@id":"https:\/\/www.safinel.fr\/produit\/beurre-de-fenugrec\/#breadcrumb","itemListElement":[{"@type":"ListItem","position":1,"name":"Accueil","item":"https:\/\/www.safinel.fr\/"},{"@type":"ListItem","position":2,"name":"Boutique","item":"https:\/\/www.safinel.fr\/boutique\/"},{"@type":"ListItem","position":3,"name":"Beurre de fenugrec 150g"}]},{"@type":"WebSite","@id":"https:\/\/www.safinel.fr\/#website","url":"https:\/\/www.safinel.fr\/","name":"Safinel","description":"","publisher":{"@id":"https:\/\/www.safinel.fr\/#organization"},"potentialAction":[{"@type":"SearchAction","target":{"@type":"EntryPoint","urlTemplate":"https:\/\/www.safinel.fr\/?s={search_term_string}"},"query-input":{"@type":"PropertyValueSpecification","valueRequired":true,"valueName":"search_term_string"}}],"inLanguage":"de"},{"@type":"Organization","@id":"https:\/\/www.safinel.fr\/#organization","name":"Safinel","url":"https:\/\/www.safinel.fr\/","logo":{"@type":"ImageObject","inLanguage":"de","@id":"https:\/\/www.safinel.fr\/#\/schema\/logo\/image\/","url":"https:\/\/www.safinel.fr\/wp-content\/uploads\/2021\/05\/boutique-cosmetique.png","contentUrl":"https:\/\/www.safinel.fr\/wp-content\/uploads\/2021\/05\/boutique-cosmetique.png","width":800,"height":200,"caption":"Safinel"},"image":{"@id":"https:\/\/www.safinel.fr\/#\/schema\/logo\/image\/"}}]}},"_links":{"self":[{"href":"https:\/\/www.safinel.fr\/de\/wp-json\/wp\/v2\/product\/1162","targetHints":{"allow":["GET"]}}],"collection":[{"href":"https:\/\/www.safinel.fr\/de\/wp-json\/wp\/v2\/product"}],"about":[{"href":"https:\/\/www.safinel.fr\/de\/wp-json\/wp\/v2\/types\/product"}],"wp:featuredmedia":[{"embeddable":true,"href":"https:\/\/www.safinel.fr\/de\/wp-json\/wp\/v2\/media\/1163"}],"wp:attachment":[{"href":"https:\/\/www.safinel.fr\/de\/wp-json\/wp\/v2\/media?parent=1162"}],"wp:term":[{"taxonomy":"product_brand","embeddable":true,"href":"https:\/\/www.safinel.fr\/de\/wp-json\/wp\/v2\/product_brand?post=1162"},{"taxonomy":"product_cat","embeddable":true,"href":"https:\/\/www.safinel.fr\/de\/wp-json\/wp\/v2\/product_cat?post=1162"},{"taxonomy":"product_tag","embeddable":true,"href":"https:\/\/www.safinel.fr\/de\/wp-json\/wp\/v2\/product_tag?post=1162"}],"curies":[{"name":"wp","href":"https:\/\/api.w.org\/{rel}","templated":true}]}}