{"id":1160,"date":"2022-04-29T00:22:30","date_gmt":"2022-04-29T00:22:30","guid":{"rendered":"https:\/\/www.safinel.fr\/?post_type=product&#038;p=1160"},"modified":"2024-10-16T17:38:47","modified_gmt":"2024-10-16T17:38:47","slug":"papayaseife","status":"publish","type":"product","link":"https:\/\/www.safinel.fr\/de\/product-2\/papayaseife\/","title":{"rendered":"Papayaseife 90g"},"content":{"rendered":"<p>Seine leuchtend orange Farbe und sein k\u00f6stlicher Duft machen besonders Lust auf den<strong>\u00a0Papayaseife<\/strong>. Aber Sie haben noch nicht alles gesehen! Dieses kleine Naturwunder, das haupts\u00e4chlich f\u00fcr trockene Haut empfohlen wird, ist eine wahre Feuchtigkeitsbombe. Neben all ihren anderen Vorteilen...<\/p>\n<p>Sind Sie bereit f\u00fcr einen gesunden Glow und einen strahlenden Teint?<\/p>\n<h2><strong>Zoom auf die Papayaseife\u00a0<\/strong><\/h2>\n<p>Die Papaya ist eine h\u00fcbsche - und k\u00f6stliche - Frucht mit einem unverkennbaren orangefarbenen Fruchtfleisch. Diese exotische Frucht stammt haupts\u00e4chlich aus dem tropischen Amerika, wo sie aus dem\u00a0<strong>Papayabaum<\/strong>, Auch als Carica Papaya bekannt.<\/p>\n<p>Nachdem der Punkt Kultur abgehandelt wurde, kommen wir nun zu unserem intriganten\u00a0<strong>nat\u00fcrliche feste Seife.<\/strong>\u00a0Es wird in Form eines\u00a0<strong>Seifenst\u00fcck<\/strong>\u00a0von 90 g, die Ihnen de facto eine lange Nutzungsdauer garantiert. Aber auch f\u00fcr die ganze Familie!<\/p>\n<p>So bietet Ihnen diese Papayaseife den Nutzen eines\u00a0<strong>Hygieneprodukt<\/strong>\u00a0gew\u00f6hnlich f\u00fcr die Haut, mit au\u00dfergew\u00f6hnlichen Eigenschaften.<\/p>\n<h2><strong>Welche Vorteile hat Papayaseife f\u00fcr die Haut?\u00a0<\/strong><\/h2>\n<p>Diese\u00a0<strong>festes Quadrat\u00a0<\/strong>kann f\u00fcr die t\u00e4gliche Gesichts- und K\u00f6rperhygiene verwendet werden. Hier einige seiner Vorteile :<\/p>\n<ul>\n<li>Sofortige k\u00fchlende Wirkung<\/li>\n<li>Erm\u00f6glicht es, trockene Haut mit Feuchtigkeit und N\u00e4hrstoffen zu versorgen<\/li>\n<li>Reinigt gr\u00fcndlich von Unreinheiten<\/li>\n<li>Au\u00dferdem enth\u00e4lt die Papaya von Natur aus die Vitamine A, B1, B2 und C, die f\u00fcr eine sch\u00f6nere Haut vorteilhaft sind<\/li>\n<li>F\u00f6rdert die Zellerneuerung durch Papain<\/li>\n<li>Verleiht einen frischen, strahlenden Teint<\/li>\n<li>Tr\u00e4gt durch die Verfeinerung der Poren zu einem glatten und ebenm\u00e4\u00dfigen Teint bei<\/li>\n<li>Schlie\u00dflich hilft bei der Bek\u00e4mpfung von Akne<\/li>\n<\/ul>\n<h2><strong>Tipps zur Verwendung der Papayaseife\u00a0<\/strong><\/h2>\n<p>Wir empfehlen Ihnen zun\u00e4chst, die Papayaseife t\u00e4glich zu verwenden, um die Ergebnisse zu beurteilen.<\/p>\n<p>Diese<strong>\u00a0festes Seifenst\u00fcck<\/strong>\u00a0kann also morgens und abends auf dem Gesicht angewendet werden. Die Papayaseife sollte zwischen den H\u00e4nden aufgesch\u00e4umt werden. Anschlie\u00dfend sollten Sie sich mit einer Feuchtigkeitscreme eincremen.<\/p>\n<p>F\u00fcr den K\u00f6rper kann man in erster Linie die\u00a0<a href=\"https:\/\/www.safinel.fr\/de\/product-2\/karite-schlagsahne\/\"><strong>Karit\u00e9-Schlagsahne<\/strong><\/a>\u00a0um den K\u00f6rper vor kalkhaltigem Wasser zu sch\u00fctzen. Anschlie\u00dfend wird die Papayaseife verwendet, um sich wie mit jeder anderen Seife zu waschen.<\/p>\n<h2><strong>Nat\u00fcrliche Selbstf\u00fcrsorge bei Safinel\u00a0<\/strong><\/h2>\n<p>Exotische Fr\u00fcchte haben einen festen Platz in unserem<strong>\u00a0Natur- und Wellness-Shop.<\/strong>\u00a0\u00dcbrigens ist Ihnen vielleicht schon unsere Kategorie \u00ab\u00a0<strong>tropische Frucht<\/strong>\u00a0\u00bb ?<\/p>\n<p>Falls nicht, z\u00f6gern Sie nicht, dort vorbeizuschauen. Dort finden Sie unter anderem<strong>\u00a0Orangenpulver<\/strong>, der\u00a0<strong>Granatapfelschale\u00a0<\/strong>oder auch der\u00a0<a href=\"https:\/\/www.safinel.fr\/de\/product-2\/affenbrotbaum-pulver-bouye\/\"><strong>Baobab-Pulver<\/strong><\/a>, aus dem Affenbrot. Diese\u00a0<strong>kosmetische Puder<\/strong>\u00a0sind ideal, um selbstgemachte Kosmetika herzustellen.<\/p>\n<h3><strong>Wie sollte man ihn aufbewahren?\u00a0<\/strong><\/h3>\n<p>Dieses feste Quadrat kann sehr ergiebig sein, allerdings nur, wenn es besonders gut aufbewahrt wird. Eine Seife, die auf dem Rand der Badewanne liegt, wird wahrscheinlich weich und nutzt sich schneller ab.<\/p>\n<p>Daher sollten Sie zur richtigen Aufbewahrung dieses\u00a0<strong>feste Kosmetika<\/strong>, Wenn Sie sich nicht sicher sind, ob Sie das Ger\u00e4t auf einem\u00a0<strong>Seifenschale\u00a0<\/strong>geeignet. Dieses Zubeh\u00f6r wird daf\u00fcr sorgen, dass \u00fcbersch\u00fcssiges Wasser abflie\u00dfen kann und keine Stagnation entsteht, wenn Sie Ihre Papayaseife befeuchten.<\/p>\n<p>Achten Sie schlie\u00dflich darauf, dass Sie es nach dem Gebrauch nicht in die N\u00e4he von Wasser stellen. So kann er gut trocknen.<\/p>","protected":false},"excerpt":{"rendered":"<p>Die leuchtend orange Farbe und der k\u00f6stliche Duft machen besonders Lust darauf, die Papaya-Seife zu entdecken. Aber das ist noch nicht alles! Dieses kleine Naturwunder wird vor allem f\u00fcr trockene Haut empfohlen und ist eine echte Feuchtigkeitsbombe. Zus\u00e4tzlich zu all seinen anderen Vorteilen ... Sind Sie bereit f\u00fcr einen strahlenden Teint und ein gesundes Aussehen? [\u2026]","protected":false},"featured_media":1161,"template":"","meta":[],"product_brand":[],"product_cat":[41,123],"product_tag":[],"class_list":{"0":"post-1160","1":"product","2":"type-product","3":"status-publish","4":"has-post-thumbnail","6":"product_cat-produits-naturels-divers","7":"product_cat-savon","9":"first","10":"instock","11":"shipping-taxable","12":"purchasable","13":"product-type-simple"},"yoast_head":"<!-- This site is optimized with the Yoast SEO plugin v26.6 - https:\/\/yoast.com\/wordpress\/plugins\/seo\/ -->\n<title>Savon papaye 90g I Bienfaits nombreux pour le corps<\/title>\n<meta name=\"description\" content=\"Sa couleur orange vif et sa senteur d\u00e9licieuse donnent particuli\u00e8rement envie de d\u00e9couvrir le\u00a0savon papaye. D\u00e9couvrez-le !\" \/>\n<meta name=\"robots\" content=\"index, follow, max-snippet:-1, max-image-preview:large, max-video-preview:-1\" \/>\n<link rel=\"canonical\" href=\"https:\/\/www.safinel.fr\/de\/product-2\/papayaseife\/\" \/>\n<meta property=\"og:locale\" content=\"de_DE\" \/>\n<meta property=\"og:type\" content=\"article\" \/>\n<meta property=\"og:title\" content=\"Savon papaye 90g I Bienfaits nombreux pour le corps\" \/>\n<meta property=\"og:description\" content=\"Sa couleur orange vif et sa senteur d\u00e9licieuse donnent particuli\u00e8rement envie de d\u00e9couvrir le\u00a0savon papaye. D\u00e9couvrez-le !\" \/>\n<meta property=\"og:url\" content=\"https:\/\/www.safinel.fr\/de\/product-2\/papayaseife\/\" \/>\n<meta property=\"og:site_name\" content=\"Safinel\" \/>\n<meta property=\"article:modified_time\" content=\"2024-10-16T17:38:47+00:00\" \/>\n<meta property=\"og:image\" content=\"https:\/\/www.safinel.fr\/wp-content\/uploads\/2022\/04\/savon-papaye.jpg\" \/>\n\t<meta property=\"og:image:width\" content=\"600\" \/>\n\t<meta property=\"og:image:height\" content=\"600\" \/>\n\t<meta property=\"og:image:type\" content=\"image\/jpeg\" \/>\n<meta name=\"twitter:card\" content=\"summary_large_image\" \/>\n<meta name=\"twitter:label1\" content=\"Gesch\u00e4tzte Lesezeit\" \/>\n\t<meta name=\"twitter:data1\" content=\"3\u00a0Minuten\" \/>\n<script type=\"application\/ld+json\" class=\"yoast-schema-graph\">{\"@context\":\"https:\/\/schema.org\",\"@graph\":[{\"@type\":\"WebPage\",\"@id\":\"https:\/\/www.safinel.fr\/produit\/savon-papaye\/\",\"url\":\"https:\/\/www.safinel.fr\/produit\/savon-papaye\/\",\"name\":\"Savon papaye 90g I Bienfaits nombreux pour le corps\",\"isPartOf\":{\"@id\":\"https:\/\/www.safinel.fr\/#website\"},\"primaryImageOfPage\":{\"@id\":\"https:\/\/www.safinel.fr\/produit\/savon-papaye\/#primaryimage\"},\"image\":{\"@id\":\"https:\/\/www.safinel.fr\/produit\/savon-papaye\/#primaryimage\"},\"thumbnailUrl\":\"https:\/\/www.safinel.fr\/wp-content\/uploads\/2022\/04\/savon-papaye.jpg\",\"datePublished\":\"2022-04-29T00:22:30+00:00\",\"dateModified\":\"2024-10-16T17:38:47+00:00\",\"description\":\"Sa couleur orange vif et sa senteur d\u00e9licieuse donnent particuli\u00e8rement envie de d\u00e9couvrir le\u00a0savon papaye. D\u00e9couvrez-le !\",\"breadcrumb\":{\"@id\":\"https:\/\/www.safinel.fr\/produit\/savon-papaye\/#breadcrumb\"},\"inLanguage\":\"de\",\"potentialAction\":[{\"@type\":\"ReadAction\",\"target\":[\"https:\/\/www.safinel.fr\/produit\/savon-papaye\/\"]}]},{\"@type\":\"ImageObject\",\"inLanguage\":\"de\",\"@id\":\"https:\/\/www.safinel.fr\/produit\/savon-papaye\/#primaryimage\",\"url\":\"https:\/\/www.safinel.fr\/wp-content\/uploads\/2022\/04\/savon-papaye.jpg\",\"contentUrl\":\"https:\/\/www.safinel.fr\/wp-content\/uploads\/2022\/04\/savon-papaye.jpg\",\"width\":600,\"height\":600,\"caption\":\"Savon papaye 100g\"},{\"@type\":\"BreadcrumbList\",\"@id\":\"https:\/\/www.safinel.fr\/produit\/savon-papaye\/#breadcrumb\",\"itemListElement\":[{\"@type\":\"ListItem\",\"position\":1,\"name\":\"Accueil\",\"item\":\"https:\/\/www.safinel.fr\/\"},{\"@type\":\"ListItem\",\"position\":2,\"name\":\"Boutique\",\"item\":\"https:\/\/www.safinel.fr\/boutique\/\"},{\"@type\":\"ListItem\",\"position\":3,\"name\":\"Savon papaye 90g\"}]},{\"@type\":\"WebSite\",\"@id\":\"https:\/\/www.safinel.fr\/#website\",\"url\":\"https:\/\/www.safinel.fr\/\",\"name\":\"Safinel\",\"description\":\"\",\"publisher\":{\"@id\":\"https:\/\/www.safinel.fr\/#organization\"},\"potentialAction\":[{\"@type\":\"SearchAction\",\"target\":{\"@type\":\"EntryPoint\",\"urlTemplate\":\"https:\/\/www.safinel.fr\/?s={search_term_string}\"},\"query-input\":{\"@type\":\"PropertyValueSpecification\",\"valueRequired\":true,\"valueName\":\"search_term_string\"}}],\"inLanguage\":\"de\"},{\"@type\":\"Organization\",\"@id\":\"https:\/\/www.safinel.fr\/#organization\",\"name\":\"Safinel\",\"url\":\"https:\/\/www.safinel.fr\/\",\"logo\":{\"@type\":\"ImageObject\",\"inLanguage\":\"de\",\"@id\":\"https:\/\/www.safinel.fr\/#\/schema\/logo\/image\/\",\"url\":\"https:\/\/www.safinel.fr\/wp-content\/uploads\/2021\/05\/boutique-cosmetique.png\",\"contentUrl\":\"https:\/\/www.safinel.fr\/wp-content\/uploads\/2021\/05\/boutique-cosmetique.png\",\"width\":800,\"height\":200,\"caption\":\"Safinel\"},\"image\":{\"@id\":\"https:\/\/www.safinel.fr\/#\/schema\/logo\/image\/\"}}]}<\/script>\n<!-- \/ Yoast SEO plugin. -->","yoast_head_json":{"title":"Papayaseife 90g I Zahlreiche Vorteile f\u00fcr den K\u00f6rper","description":"Ihre leuchtend orange Farbe und ihr k\u00f6stlicher Duft machen besonders viel Lust darauf, die Papayaseife zu entdecken. Entdecken Sie sie!","robots":{"index":"index","follow":"follow","max-snippet":"max-snippet:-1","max-image-preview":"max-image-preview:large","max-video-preview":"max-video-preview:-1"},"canonical":"https:\/\/www.safinel.fr\/de\/product-2\/papayaseife\/","og_locale":"de_DE","og_type":"article","og_title":"Savon papaye 90g I Bienfaits nombreux pour le corps","og_description":"Sa couleur orange vif et sa senteur d\u00e9licieuse donnent particuli\u00e8rement envie de d\u00e9couvrir le\u00a0savon papaye. D\u00e9couvrez-le !","og_url":"https:\/\/www.safinel.fr\/de\/product-2\/papayaseife\/","og_site_name":"Safinel","article_modified_time":"2024-10-16T17:38:47+00:00","og_image":[{"width":600,"height":600,"url":"https:\/\/www.safinel.fr\/wp-content\/uploads\/2022\/04\/savon-papaye.jpg","type":"image\/jpeg"}],"twitter_card":"summary_large_image","twitter_misc":{"Gesch\u00e4tzte Lesezeit":"3\u00a0Minuten"},"schema":{"@context":"https:\/\/schema.org","@graph":[{"@type":"WebPage","@id":"https:\/\/www.safinel.fr\/produit\/savon-papaye\/","url":"https:\/\/www.safinel.fr\/produit\/savon-papaye\/","name":"Papayaseife 90g I Zahlreiche Vorteile f\u00fcr den K\u00f6rper","isPartOf":{"@id":"https:\/\/www.safinel.fr\/#website"},"primaryImageOfPage":{"@id":"https:\/\/www.safinel.fr\/produit\/savon-papaye\/#primaryimage"},"image":{"@id":"https:\/\/www.safinel.fr\/produit\/savon-papaye\/#primaryimage"},"thumbnailUrl":"https:\/\/www.safinel.fr\/wp-content\/uploads\/2022\/04\/savon-papaye.jpg","datePublished":"2022-04-29T00:22:30+00:00","dateModified":"2024-10-16T17:38:47+00:00","description":"Ihre leuchtend orange Farbe und ihr k\u00f6stlicher Duft machen besonders viel Lust darauf, die Papayaseife zu entdecken. Entdecken Sie sie!","breadcrumb":{"@id":"https:\/\/www.safinel.fr\/produit\/savon-papaye\/#breadcrumb"},"inLanguage":"de","potentialAction":[{"@type":"ReadAction","target":["https:\/\/www.safinel.fr\/produit\/savon-papaye\/"]}]},{"@type":"ImageObject","inLanguage":"de","@id":"https:\/\/www.safinel.fr\/produit\/savon-papaye\/#primaryimage","url":"https:\/\/www.safinel.fr\/wp-content\/uploads\/2022\/04\/savon-papaye.jpg","contentUrl":"https:\/\/www.safinel.fr\/wp-content\/uploads\/2022\/04\/savon-papaye.jpg","width":600,"height":600,"caption":"Savon papaye 100g"},{"@type":"BreadcrumbList","@id":"https:\/\/www.safinel.fr\/produit\/savon-papaye\/#breadcrumb","itemListElement":[{"@type":"ListItem","position":1,"name":"Accueil","item":"https:\/\/www.safinel.fr\/"},{"@type":"ListItem","position":2,"name":"Boutique","item":"https:\/\/www.safinel.fr\/boutique\/"},{"@type":"ListItem","position":3,"name":"Savon papaye 90g"}]},{"@type":"WebSite","@id":"https:\/\/www.safinel.fr\/#website","url":"https:\/\/www.safinel.fr\/","name":"Safinel","description":"","publisher":{"@id":"https:\/\/www.safinel.fr\/#organization"},"potentialAction":[{"@type":"SearchAction","target":{"@type":"EntryPoint","urlTemplate":"https:\/\/www.safinel.fr\/?s={search_term_string}"},"query-input":{"@type":"PropertyValueSpecification","valueRequired":true,"valueName":"search_term_string"}}],"inLanguage":"de"},{"@type":"Organization","@id":"https:\/\/www.safinel.fr\/#organization","name":"Safinel","url":"https:\/\/www.safinel.fr\/","logo":{"@type":"ImageObject","inLanguage":"de","@id":"https:\/\/www.safinel.fr\/#\/schema\/logo\/image\/","url":"https:\/\/www.safinel.fr\/wp-content\/uploads\/2021\/05\/boutique-cosmetique.png","contentUrl":"https:\/\/www.safinel.fr\/wp-content\/uploads\/2021\/05\/boutique-cosmetique.png","width":800,"height":200,"caption":"Safinel"},"image":{"@id":"https:\/\/www.safinel.fr\/#\/schema\/logo\/image\/"}}]}},"_links":{"self":[{"href":"https:\/\/www.safinel.fr\/de\/wp-json\/wp\/v2\/product\/1160","targetHints":{"allow":["GET"]}}],"collection":[{"href":"https:\/\/www.safinel.fr\/de\/wp-json\/wp\/v2\/product"}],"about":[{"href":"https:\/\/www.safinel.fr\/de\/wp-json\/wp\/v2\/types\/product"}],"wp:featuredmedia":[{"embeddable":true,"href":"https:\/\/www.safinel.fr\/de\/wp-json\/wp\/v2\/media\/1161"}],"wp:attachment":[{"href":"https:\/\/www.safinel.fr\/de\/wp-json\/wp\/v2\/media?parent=1160"}],"wp:term":[{"taxonomy":"product_brand","embeddable":true,"href":"https:\/\/www.safinel.fr\/de\/wp-json\/wp\/v2\/product_brand?post=1160"},{"taxonomy":"product_cat","embeddable":true,"href":"https:\/\/www.safinel.fr\/de\/wp-json\/wp\/v2\/product_cat?post=1160"},{"taxonomy":"product_tag","embeddable":true,"href":"https:\/\/www.safinel.fr\/de\/wp-json\/wp\/v2\/product_tag?post=1160"}],"curies":[{"name":"wp","href":"https:\/\/api.w.org\/{rel}","templated":true}]}}