{"id":116,"date":"2021-06-01T16:05:25","date_gmt":"2021-06-01T16:05:25","guid":{"rendered":"https:\/\/www.safinel.fr\/?post_type=product&#038;p=116"},"modified":"2025-04-12T16:24:43","modified_gmt":"2025-04-12T16:24:43","slug":"muskatellersalbei","status":"publish","type":"product","link":"https:\/\/www.safinel.fr\/de\/product-2\/muskatellersalbei\/","title":{"rendered":"Muskatellersalbei"},"content":{"rendered":"<p>Der Muskatellersalbei mit seinem lateinischen Namen \u00abSalvia sclarea\u00bb ist eine mehrj\u00e4hrige krautige Pflanze, die im gesamten Mittelmeerraum vorkommt. Seine Lebensdauer ist sehr kurz. Auch in Westasien ist die Pflanze anzutreffen. Sie wird haupts\u00e4chlich wegen ihrer Bl\u00fcten und Bl\u00e4tter angebaut, denen therapeutische Eigenschaften zugeschrieben werden. Sie wird fast ausschlie\u00dflich von Frauen verwendet. Sie dient zur Verbesserung der Fruchtbarkeit, aber auch zur Regulierung und Behandlung bestimmter nat\u00fcrlicher St\u00f6rungen.<\/p>\n<p>Sie k\u00f6nnen Muskatellersalbei als \u00e4therisches \u00d6l finden und verwenden. Sie k\u00f6nnen aber auch die oberirdischen Teile verwenden, wie wir sie Ihnen hier anbieten.<\/p>\n<h2><b>Die Vorteile des Muskatellersalbeis<\/b><\/h2>\n<p>Die Wirkung des Muskatellersalbeis ist weit verbreitet. In der Volkskultur ist er sehr vorteilhaft bei der Behandlung von Kopfhaut- und Hautproblemen. Heutzutage wird er jedoch zur Bek\u00e4mpfung von Nebenwirkungen eingesetzt, die durch bestimmte St\u00f6rungen oder Mangelerscheinungen hervorgerufen werden. Dies gilt insbesondere f\u00fcr Beschwerden, die durch Amenorrh\u00f6e, schmerzhafte Menstruation oder die Vormenopause verursacht werden k\u00f6nnen. Muskatellersalbei soll eine echte Wirkung auf die Linderung von Hitzewallungen haben.<\/p>\n<p>Dank seiner antimykotischen Eigenschaften kann es auch bei bestimmten Problemen helfen, die mit der hormonellen Umstellung zusammenh\u00e4ngen. Ein Beispiel daf\u00fcr ist das Auftreten von Pilzinfektionen in der Scheide oder auf der Haut.<\/p>\n<p>Dar\u00fcber hinaus hat Muskatellersalbei offenbar Auswirkungen auf die Verbesserung der Fruchtbarkeit von Frauen. Er ist an der Erh\u00f6hung der \u00d6strogenproduktion beteiligt und f\u00f6rdert die Regulierung des Menstruationszyklus.<\/p>\n<p>Indem er auf die \u00d6strogenproduktion einwirkt, beeinflusst Muskatellersalbei die nat\u00fcrliche Produktion von luteinisierenden Hormonen. Da diese wertvollen Hormone in einem kausalen Zusammenhang mit der Ausl\u00f6sung des Eisprungs stehen.<\/p>\n<p>Es soll auch auf die Produktion von Progesteron wirken, um die Geb\u00e4rmutterschleimhaut auf die Einnistung der Eizelle vorzubereiten. Ihre \u00f6strogene Wirkung hilft also bei hormonellen St\u00f6rungen wie dem Ausbleiben der Menstruation.<\/p>\n<p>Abgesehen von seiner Wirkung auf die weibliche Fruchtbarkeit bringt Muskatellersalbei auch<span class=\"Apple-converted-space\">\u00a0 <\/span>ein dermatologisches Plus. Dies ist auf seine talgregulierenden Eigenschaften zur\u00fcckzuf\u00fchren, die sich positiv auf Akne, Hautprobleme und fettige Kopfhaut auswirken.<\/p>\n<p>Schlie\u00dflich k\u00f6nnen wir noch hinzuf\u00fcgen, dass Muskatellersalbei aufgrund seiner stimulierenden Wirkung den sexuellen Tonus f\u00f6rdert.<\/p>\n<h2><b>Tipps zur Verwendung<\/b><\/h2>\n<p>Der Muskatellersalbei, den wir Ihnen hier in seinem oberirdischen Teil vorstellen, kann je nach Vorliebe auf verschiedene Arten verzehrt werden.<\/p>\n<p>In der Praxis kann man sie als Tee genauso wie den <a href=\"https:\/\/www.safinel.fr\/de\/product-2\/roter-klee-ganze-blumen\/\"><strong>Rotklee<\/strong><\/a>.<\/p>\n<p>In diesem Fall :<\/p>\n<ul>\n<li>Sie m\u00fcssen Wasser zum Kochen bringen und<span class=\"Apple-converted-space\">\u00a0 <\/span>gie\u00dfen Sie es dann \u00fcber die Bl\u00fcten und Bl\u00e4tter, die Sie zuvor in eine Tasse gegeben haben.<\/li>\n<li>Lassen Sie den Tee etwa 5 Minuten ziehen, bevor Sie mit der Verkostung beginnen.<\/li>\n<\/ul>\n<p>Es ist auch denkbar, einen Absud aus Muskatellersalbei herzustellen. Dazu<\/p>\n<ul>\n<li>Weiche die Pflanzen in kaltem Wasser ein und bringe das Ganze etwa 3 Minuten zum Kochen.<\/li>\n<\/ul>\n<p>Schlie\u00dflich, wenn Sie lieber eine Mazeration zubereiten m\u00f6chten.<\/p>\n<p><strong>Nichts einfacher als das:<\/strong><\/p>\n<ul>\n<li>Die Pflanzen in eine Fl\u00fcssigkeit wie \u00d6l, Wasser oder auch Essig legen.<\/li>\n<li>Lassen Sie die Haut 45 Minuten bis 2 Stunden ruhen, bevor Sie sie auf den lokalisierten Hautbereich auftragen.<\/li>\n<\/ul>","protected":false},"excerpt":{"rendered":"<p>Le sauge sclar\u00e9e de son nom latin \u00ab\u00a0Salvia sclarea\u00a0\u00bb est une plante herbac\u00e9e vivace pr\u00e9sente sur tout le pourtour m\u00e9diterran\u00e9en. La dur\u00e9e de vie de cette derni\u00e8re est tr\u00e8s courte. On peut \u00e9galement retrouver cette plante en Asie occidentale. Elle est principalement cultiv\u00e9e pour ses fleurs et ses feuilles auxquelles on conf\u00e8re des propri\u00e9t\u00e9s th\u00e9rapeutiques. [&#8230;]","protected":false},"featured_media":56,"template":"","meta":[],"product_brand":[],"product_cat":[15,27,19],"product_tag":[],"class_list":{"0":"post-116","1":"product","2":"type-product","3":"status-publish","4":"has-post-thumbnail","6":"product_cat-fertilite","7":"product_cat-plantes-medicinales","8":"product_cat-thes-tisanes","10":"first","11":"instock","12":"shipping-taxable","13":"purchasable","14":"product-type-variable"},"yoast_head":"<!-- This site is optimized with the Yoast SEO plugin v26.6 - https:\/\/yoast.com\/wordpress\/plugins\/seo\/ -->\n<title>Sauge sclar\u00e9e (Salvia sclarea) | Tisane et infusion | Safinel.fr<\/title>\n<meta name=\"description\" content=\"Le sauge sclar\u00e9e de son nom latin &quot;Salvia sclarea&quot; est une plante herbac\u00e9e vivace pr\u00e9sente sur tout le pourtour m\u00e9diterran\u00e9en.\" \/>\n<meta name=\"robots\" content=\"index, follow, max-snippet:-1, max-image-preview:large, max-video-preview:-1\" \/>\n<link rel=\"canonical\" href=\"https:\/\/www.safinel.fr\/de\/product-2\/muskatellersalbei\/\" \/>\n<meta property=\"og:locale\" content=\"de_DE\" \/>\n<meta property=\"og:type\" content=\"article\" \/>\n<meta property=\"og:title\" content=\"Sauge sclar\u00e9e (Salvia sclarea) | Tisane et infusion | Safinel.fr\" \/>\n<meta property=\"og:description\" content=\"Le sauge sclar\u00e9e de son nom latin &quot;Salvia sclarea&quot; est une plante herbac\u00e9e vivace pr\u00e9sente sur tout le pourtour m\u00e9diterran\u00e9en.\" \/>\n<meta property=\"og:url\" content=\"https:\/\/www.safinel.fr\/de\/product-2\/muskatellersalbei\/\" \/>\n<meta property=\"og:site_name\" content=\"Safinel\" \/>\n<meta property=\"article:modified_time\" content=\"2025-04-12T16:24:43+00:00\" \/>\n<meta property=\"og:image\" content=\"https:\/\/www.safinel.fr\/wp-content\/uploads\/2021\/05\/sauge-site.jpg\" \/>\n\t<meta property=\"og:image:width\" content=\"357\" \/>\n\t<meta property=\"og:image:height\" content=\"400\" \/>\n\t<meta property=\"og:image:type\" content=\"image\/jpeg\" \/>\n<meta name=\"twitter:card\" content=\"summary_large_image\" \/>\n<meta name=\"twitter:label1\" content=\"Gesch\u00e4tzte Lesezeit\" \/>\n\t<meta name=\"twitter:data1\" content=\"3\u00a0Minuten\" \/>\n<script type=\"application\/ld+json\" class=\"yoast-schema-graph\">{\"@context\":\"https:\/\/schema.org\",\"@graph\":[{\"@type\":\"WebPage\",\"@id\":\"https:\/\/www.safinel.fr\/produit\/sauge-sclaree\/\",\"url\":\"https:\/\/www.safinel.fr\/produit\/sauge-sclaree\/\",\"name\":\"Sauge sclar\u00e9e (Salvia sclarea) | Tisane et infusion | Safinel.fr\",\"isPartOf\":{\"@id\":\"https:\/\/www.safinel.fr\/#website\"},\"primaryImageOfPage\":{\"@id\":\"https:\/\/www.safinel.fr\/produit\/sauge-sclaree\/#primaryimage\"},\"image\":{\"@id\":\"https:\/\/www.safinel.fr\/produit\/sauge-sclaree\/#primaryimage\"},\"thumbnailUrl\":\"https:\/\/www.safinel.fr\/wp-content\/uploads\/2021\/05\/sauge-site.jpg\",\"datePublished\":\"2021-06-01T16:05:25+00:00\",\"dateModified\":\"2025-04-12T16:24:43+00:00\",\"description\":\"Le sauge sclar\u00e9e de son nom latin \\\"Salvia sclarea\\\" est une plante herbac\u00e9e vivace pr\u00e9sente sur tout le pourtour m\u00e9diterran\u00e9en.\",\"breadcrumb\":{\"@id\":\"https:\/\/www.safinel.fr\/produit\/sauge-sclaree\/#breadcrumb\"},\"inLanguage\":\"de\",\"potentialAction\":[{\"@type\":\"ReadAction\",\"target\":[\"https:\/\/www.safinel.fr\/produit\/sauge-sclaree\/\"]}]},{\"@type\":\"ImageObject\",\"inLanguage\":\"de\",\"@id\":\"https:\/\/www.safinel.fr\/produit\/sauge-sclaree\/#primaryimage\",\"url\":\"https:\/\/www.safinel.fr\/wp-content\/uploads\/2021\/05\/sauge-site.jpg\",\"contentUrl\":\"https:\/\/www.safinel.fr\/wp-content\/uploads\/2021\/05\/sauge-site.jpg\",\"width\":357,\"height\":400,\"caption\":\"Sauge sclar\u00e9e (Salvia sclarea)\"},{\"@type\":\"BreadcrumbList\",\"@id\":\"https:\/\/www.safinel.fr\/produit\/sauge-sclaree\/#breadcrumb\",\"itemListElement\":[{\"@type\":\"ListItem\",\"position\":1,\"name\":\"Accueil\",\"item\":\"https:\/\/www.safinel.fr\/\"},{\"@type\":\"ListItem\",\"position\":2,\"name\":\"Boutique\",\"item\":\"https:\/\/www.safinel.fr\/boutique\/\"},{\"@type\":\"ListItem\",\"position\":3,\"name\":\"Sauge sclar\u00e9e\"}]},{\"@type\":\"WebSite\",\"@id\":\"https:\/\/www.safinel.fr\/#website\",\"url\":\"https:\/\/www.safinel.fr\/\",\"name\":\"Safinel\",\"description\":\"\",\"publisher\":{\"@id\":\"https:\/\/www.safinel.fr\/#organization\"},\"potentialAction\":[{\"@type\":\"SearchAction\",\"target\":{\"@type\":\"EntryPoint\",\"urlTemplate\":\"https:\/\/www.safinel.fr\/?s={search_term_string}\"},\"query-input\":{\"@type\":\"PropertyValueSpecification\",\"valueRequired\":true,\"valueName\":\"search_term_string\"}}],\"inLanguage\":\"de\"},{\"@type\":\"Organization\",\"@id\":\"https:\/\/www.safinel.fr\/#organization\",\"name\":\"Safinel\",\"url\":\"https:\/\/www.safinel.fr\/\",\"logo\":{\"@type\":\"ImageObject\",\"inLanguage\":\"de\",\"@id\":\"https:\/\/www.safinel.fr\/#\/schema\/logo\/image\/\",\"url\":\"https:\/\/www.safinel.fr\/wp-content\/uploads\/2021\/05\/boutique-cosmetique.png\",\"contentUrl\":\"https:\/\/www.safinel.fr\/wp-content\/uploads\/2021\/05\/boutique-cosmetique.png\",\"width\":800,\"height\":200,\"caption\":\"Safinel\"},\"image\":{\"@id\":\"https:\/\/www.safinel.fr\/#\/schema\/logo\/image\/\"}}]}<\/script>\n<!-- \/ Yoast SEO plugin. -->","yoast_head_json":{"title":"Muskatellersalbei (Salvia sclarea) | Kr\u00e4utertee &amp; Fr\u00fcchtetee | Safinel.de","description":"Der Muskatellersalbei mit seinem lateinischen Namen \"Salvia sclarea\" ist eine mehrj\u00e4hrige krautige Pflanze, die im gesamten Mittelmeerraum vorkommt.","robots":{"index":"index","follow":"follow","max-snippet":"max-snippet:-1","max-image-preview":"max-image-preview:large","max-video-preview":"max-video-preview:-1"},"canonical":"https:\/\/www.safinel.fr\/de\/product-2\/muskatellersalbei\/","og_locale":"de_DE","og_type":"article","og_title":"Sauge sclar\u00e9e (Salvia sclarea) | Tisane et infusion | Safinel.fr","og_description":"Le sauge sclar\u00e9e de son nom latin \"Salvia sclarea\" est une plante herbac\u00e9e vivace pr\u00e9sente sur tout le pourtour m\u00e9diterran\u00e9en.","og_url":"https:\/\/www.safinel.fr\/de\/product-2\/muskatellersalbei\/","og_site_name":"Safinel","article_modified_time":"2025-04-12T16:24:43+00:00","og_image":[{"width":357,"height":400,"url":"https:\/\/www.safinel.fr\/wp-content\/uploads\/2021\/05\/sauge-site.jpg","type":"image\/jpeg"}],"twitter_card":"summary_large_image","twitter_misc":{"Gesch\u00e4tzte Lesezeit":"3\u00a0Minuten"},"schema":{"@context":"https:\/\/schema.org","@graph":[{"@type":"WebPage","@id":"https:\/\/www.safinel.fr\/produit\/sauge-sclaree\/","url":"https:\/\/www.safinel.fr\/produit\/sauge-sclaree\/","name":"Muskatellersalbei (Salvia sclarea) | Kr\u00e4utertee &amp; Fr\u00fcchtetee | Safinel.de","isPartOf":{"@id":"https:\/\/www.safinel.fr\/#website"},"primaryImageOfPage":{"@id":"https:\/\/www.safinel.fr\/produit\/sauge-sclaree\/#primaryimage"},"image":{"@id":"https:\/\/www.safinel.fr\/produit\/sauge-sclaree\/#primaryimage"},"thumbnailUrl":"https:\/\/www.safinel.fr\/wp-content\/uploads\/2021\/05\/sauge-site.jpg","datePublished":"2021-06-01T16:05:25+00:00","dateModified":"2025-04-12T16:24:43+00:00","description":"Der Muskatellersalbei mit seinem lateinischen Namen \"Salvia sclarea\" ist eine mehrj\u00e4hrige krautige Pflanze, die im gesamten Mittelmeerraum vorkommt.","breadcrumb":{"@id":"https:\/\/www.safinel.fr\/produit\/sauge-sclaree\/#breadcrumb"},"inLanguage":"de","potentialAction":[{"@type":"ReadAction","target":["https:\/\/www.safinel.fr\/produit\/sauge-sclaree\/"]}]},{"@type":"ImageObject","inLanguage":"de","@id":"https:\/\/www.safinel.fr\/produit\/sauge-sclaree\/#primaryimage","url":"https:\/\/www.safinel.fr\/wp-content\/uploads\/2021\/05\/sauge-site.jpg","contentUrl":"https:\/\/www.safinel.fr\/wp-content\/uploads\/2021\/05\/sauge-site.jpg","width":357,"height":400,"caption":"Sauge sclar\u00e9e (Salvia sclarea)"},{"@type":"BreadcrumbList","@id":"https:\/\/www.safinel.fr\/produit\/sauge-sclaree\/#breadcrumb","itemListElement":[{"@type":"ListItem","position":1,"name":"Accueil","item":"https:\/\/www.safinel.fr\/"},{"@type":"ListItem","position":2,"name":"Boutique","item":"https:\/\/www.safinel.fr\/boutique\/"},{"@type":"ListItem","position":3,"name":"Sauge sclar\u00e9e"}]},{"@type":"WebSite","@id":"https:\/\/www.safinel.fr\/#website","url":"https:\/\/www.safinel.fr\/","name":"Safinel","description":"","publisher":{"@id":"https:\/\/www.safinel.fr\/#organization"},"potentialAction":[{"@type":"SearchAction","target":{"@type":"EntryPoint","urlTemplate":"https:\/\/www.safinel.fr\/?s={search_term_string}"},"query-input":{"@type":"PropertyValueSpecification","valueRequired":true,"valueName":"search_term_string"}}],"inLanguage":"de"},{"@type":"Organization","@id":"https:\/\/www.safinel.fr\/#organization","name":"Safinel","url":"https:\/\/www.safinel.fr\/","logo":{"@type":"ImageObject","inLanguage":"de","@id":"https:\/\/www.safinel.fr\/#\/schema\/logo\/image\/","url":"https:\/\/www.safinel.fr\/wp-content\/uploads\/2021\/05\/boutique-cosmetique.png","contentUrl":"https:\/\/www.safinel.fr\/wp-content\/uploads\/2021\/05\/boutique-cosmetique.png","width":800,"height":200,"caption":"Safinel"},"image":{"@id":"https:\/\/www.safinel.fr\/#\/schema\/logo\/image\/"}}]}},"_links":{"self":[{"href":"https:\/\/www.safinel.fr\/de\/wp-json\/wp\/v2\/product\/116","targetHints":{"allow":["GET"]}}],"collection":[{"href":"https:\/\/www.safinel.fr\/de\/wp-json\/wp\/v2\/product"}],"about":[{"href":"https:\/\/www.safinel.fr\/de\/wp-json\/wp\/v2\/types\/product"}],"wp:featuredmedia":[{"embeddable":true,"href":"https:\/\/www.safinel.fr\/de\/wp-json\/wp\/v2\/media\/56"}],"wp:attachment":[{"href":"https:\/\/www.safinel.fr\/de\/wp-json\/wp\/v2\/media?parent=116"}],"wp:term":[{"taxonomy":"product_brand","embeddable":true,"href":"https:\/\/www.safinel.fr\/de\/wp-json\/wp\/v2\/product_brand?post=116"},{"taxonomy":"product_cat","embeddable":true,"href":"https:\/\/www.safinel.fr\/de\/wp-json\/wp\/v2\/product_cat?post=116"},{"taxonomy":"product_tag","embeddable":true,"href":"https:\/\/www.safinel.fr\/de\/wp-json\/wp\/v2\/product_tag?post=116"}],"curies":[{"name":"wp","href":"https:\/\/api.w.org\/{rel}","templated":true}]}}