{"id":1157,"date":"2022-04-29T00:19:08","date_gmt":"2022-04-29T00:19:08","guid":{"rendered":"https:\/\/www.safinel.fr\/?post_type=product&#038;p=1157"},"modified":"2023-12-28T17:15:16","modified_gmt":"2023-12-28T17:15:16","slug":"kurkumaseife","status":"publish","type":"product","link":"https:\/\/www.safinel.fr\/de\/product-2\/kurkumaseife\/","title":{"rendered":"Kurkuma-Seife 90g"},"content":{"rendered":"<p>Die\u00a0<strong>Hautprobleme<\/strong>\u00a0aller Art sind an der Tagesordnung?! Akne, Schuppenflechte, Ekzeme oder auch empfindliche Haut k\u00f6nnen im Alltag eine echte Belastung sein. Die Bedeutung des Aussehens spielt eine gro\u00dfe Rolle f\u00fcr das Selbstbewusstsein. Aus diesem Grund haben wir wahrscheinlich ein Produkt, das Sie interessieren k\u00f6nnte! Es ist Zeit f\u00fcr den\u00a0<strong>Kurkuma-Seife<\/strong>.<\/p>\n<h2><strong>Die Urspr\u00fcnge der Kurkumaseife\u00a0<\/strong><\/h2>\n<p>Die Kurkuma geh\u00f6rt zur Familie der Zingiberaceae und ist eine krautige, rhizomartige Pflanze, die urspr\u00fcnglich aus Asien stammt. Zu Pulver zermahlen, macht sie so Platz f\u00fcr die\u00a0<strong>ber\u00fchmtes Gew\u00fcrz\u00a0<\/strong>bekannt und anerkannt in der westlichen, aber auch in der \u00f6stlichen Kochkunst.<\/p>\n<p>Als Hauptbestandteil von Curry ist es auch ein wichtiger Faktor f\u00fcr die Wirtschaft des Landes, in dem es hergestellt wird. Au\u00dferdem wird das Gew\u00fcrz wahrscheinlich wegen seines positiven Beitrags zu bestimmten Gerichten gesch\u00e4tzt. Es hat aber auch noch andere Qualit\u00e4ten, z. B. in den Bereichen\u00a0<strong>Kosmetik<\/strong>.<\/p>\n<h2><strong>Platz f\u00fcr die Pr\u00e4sentationen der ber\u00fchmten Kurkumaseife\u00a0<\/strong><\/h2>\n<p>Was ist, wenn die Zeit gekommen ist, um zu sprechen\u00a0<strong>Seifenst\u00fcck<\/strong>\u00a0? Ihre\u00a0<strong>Naturkosmetikladen\u00a0<\/strong>m\u00f6chte ein Produkt ins Rampenlicht r\u00fccken, das eventuell zu Ihnen passen k\u00f6nnte!<\/p>\n<p>Kurkuma wird in der\u00a0<strong>ayurvedische Medizin<\/strong>\u00a0f\u00fcr seine antiseptischen, entz\u00fcndungshemmenden und antibakteriellen Eigenschaften. Dar\u00fcber hinaus ist es auch f\u00fcr seine Qualit\u00e4ten bekannt\u00a0<strong>Anti-Aging<\/strong>\u00a0und antimikrobielle Wirkung hat, wird es zunehmend im Bereich der\u00a0<strong>Sch\u00f6nheitsprodukte.\u00a0<\/strong><\/p>\n<p>Entdecken Sie ohne weitere Verz\u00f6gerung den<strong>\u00a0Kurkumaseife<\/strong>... Seine Zusammensetzung<strong>\u00a0100% nat\u00fcrlich<\/strong>\u00a0ist ein echtes Plus f\u00fcr alle, die ihre Haut pflegen m\u00f6chten. Seine wundersch\u00f6ne goldene Farbe rechtfertigt die Bezeichnung<strong>\u00a0Indischer Safran<\/strong>. Durch seine kubische Form von 100 G kann er schnell zum unverzichtbaren Bestandteil Ihres Badezimmers werden.<\/p>\n<h2><strong>Die Vorteile von Kurkumaseife\u00a0<\/strong><\/h2>\n<p>Da wir nun Klarheit \u00fcber diesen\u00a0<strong>Seife aus Brot,\u00a0<\/strong>w\u00e4re es dann nicht an der Zeit, \u00fcber die Vorteile zu sprechen? F\u00fcr Ihre K\u00f6rperpflege ben\u00f6tigen Sie Produkte, denen Sie vertrauen k\u00f6nnen. Aus diesem Grund m\u00f6chte Ihr Safinel Online-Shop, dass Sie einen Artikel entdecken, der einen Unterschied in Ihrem Alltag machen k\u00f6nnte.<\/p>\n<p>Warten Sie keine Sekunde l\u00e4nger, machen Sie Platz f\u00fcr die Tugenden dieses\u00a0<strong>Reinigungsmittel\u00a0<\/strong>:<\/p>\n<ul>\n<li>Kann ein Pluspunkt sein<strong>\u00a0gegen Akne<\/strong><\/li>\n<li>N\u00fctzlich gegen Ekzeme<\/li>\n<li>Ein Trumpf gegen Psoriasis<\/li>\n<li>Gilt als sanftes Peeling<\/li>\n<li>Kann helfen bei\u00a0<strong>den Alterungsprozess verlangsamen<\/strong><\/li>\n<li>Kann ein Pluspunkt sein, um das Auftreten von Falten zu verlangsamen<\/li>\n<li>Gut, um eine geschmeidige Haut zu erhalten<\/li>\n<li>N\u00fctzlich f\u00fcr\u00a0<strong>den Teint aufhellen<\/strong><\/li>\n<li>Tr\u00e4gt zu einer besseren Elastizit\u00e4t der Haut bei<\/li>\n<\/ul>\n<p>Wie wir gesehen haben, ist unser\u00a0<strong>Naturseife<\/strong>\u00a0enth\u00e4lt eine Vielzahl von Vorteilen f\u00fcr die Haut. Es ist also ideal f\u00fcr alle, die sich einen\u00a0<strong>Naturkosmetik<\/strong>.<\/p>\n<p>Wir wissen, wie schwierig es ist, einem Produkt zu vertrauen, vor allem, wenn es direkt mit der Haut in Ber\u00fchrung kommt! Dennoch ist Ihr Shop von<strong>\u00a0nat\u00fcrliche Pflege<\/strong>\u00a0ist stets bem\u00fcht, Ihnen qualitativ hochwertige Produkte anzubieten. Aus diesem Grund m\u00f6chten wir Ihnen diesen Artikel vorstellen.\u00a0<strong>Kurkuma-Kosmetik\u00a0<\/strong>100% nat\u00fcrlich.<\/p>\n<h2><strong>Unsere Tipps f\u00fcr die richtige Anwendung von Kurkumaseife \u00a0<\/strong><\/h2>\n<p>Wenn Ihre Wahl auf dieses Naturprodukt f\u00e4llt, dann lassen Sie uns gemeinsam einige Details zur Anwendung betrachten. Zun\u00e4chst einmal ist es wichtig zu wissen, dass dieses\u00a0<strong>feste Seife<\/strong>\u00a0kann zu jeder Tageszeit verwendet werden!<\/p>\n<p>Wir empfehlen Ihnen jedoch eine zweimalige Anwendung pro Tag. Die erste am Morgen, damit sie Sie vor bestimmten\u00a0<strong>Hautaggressionen<\/strong>. Und die zweite am Abend, um Ihre Haut zu reinigen. Eine h\u00e4ufige und wiederholte Anwendung kann vorteilhaft sein, um schneller Ergebnisse zu erzielen. Danach sollten Sie eine Feuchtigkeitscreme verwenden, z. B. von<strong>\u00a0Aloe-vera-Gel,\u00a0<\/strong>um vor D\u00fcrre zu sch\u00fctzen.<\/p>\n<p>Auf der praktischen Seite ist die Verwendung dieses<strong>\u00a0\u00f6kologisches Hygieneprodukt<\/strong>\u00a0erfolgt wie bei einem\u00a0<strong>klassisches Seifenst\u00fcck<\/strong>. Nachdem Sie den Zielbereich, den Sie behandeln m\u00f6chten, angefeuchtet haben, tragen Sie die Seife auf diesen Bereich auf. Sie k\u00f6nnen die Seife einige Minuten einwirken lassen oder direkt absp\u00fclen. Z\u00f6gern Sie nicht, den Vorgang t\u00e4glich zu wiederholen.<\/p>\n<p>Sie haben verstanden, dass dieses gesunde 100%-Produkt ein Plus f\u00fcr Ihre Toilette und Ihre Haut ist! Es ist an der Zeit, dass Sie sich von dieser Pflege verf\u00fchren lassen und von ihren Vorteilen profitieren.<\/p>\n<h2><strong>F\u00fcr welchen Hauttyp?\u00a0<\/strong><\/h2>\n<p>Kosmetika sind h\u00e4ufig einem bestimmten Hauttyp vorbehalten. Eine der St\u00e4rken von Kosmetika ist jedoch, dass sie f\u00fcr alle Hauttypen geeignet sind, selbst f\u00fcr die, die als empfindlich gelten. Ob f\u00fcr M\u00e4nner oder dann sogar f\u00fcr Frauen, Sie brauchen sich nicht zu dr\u00e4ngen, es wird f\u00fcr jeden etwas dabei sein!<\/p>\n<p><strong>Heller Teint<\/strong>\u00a0oder aber dunkel, dann z\u00f6gern Sie nicht und lassen Sie sich von dieser wundersch\u00f6nen Seife mit ihren vielen positiven Eigenschaften \u00fcberzeugen! Wir wissen, wie wichtig es ist, dass man in seinen\u00a0<strong>Hygieneprodukte<\/strong>, Die Seife ist ein Muss. Kurkumaseife ist wahrscheinlich die Seife, die Ihnen noch fehlt. F\u00fcr die Familie oder f\u00fcr Sie pers\u00f6nlich ist es wichtig, sich daran zu erinnern, dass diese\u00a0<strong>Gesichtsreiniger<\/strong>\u00a0kann auch Teil Ihres<strong>\u00a0K\u00f6rperhygiene<\/strong>.<\/p>\n<p>Denn dieser nat\u00fcrliche Reiniger kann auch Teil Ihrer Intim- und K\u00f6rperpflege sein. Es ist Zeit f\u00fcr Sie, sich verf\u00fchren zu lassen und dieses neue Hygieneprodukt zu erwerben.<\/p>\n<h3><strong>Ihre Naturkosmetik-Boutique, das ist auch...<\/strong><\/h3>\n<p>Wenn auch Sie die Angebote Ihres Online-Shops Safinel zu sch\u00e4tzen wissen, dann wissen Sie, dass Sie noch nichts gesehen haben! Bleiben wir beim Thema Natur und entdecken Sie den<strong>\u00a0<a href=\"https:\/\/www.safinel.fr\/de\/product-2\/bockshornklee-butter\/\">Bockshornklee-Butter<\/a>\u00a0<\/strong>oder das<strong>\u00a0<a href=\"https:\/\/www.safinel.fr\/de\/product-2\/kakao-delephant\/\">Elefantenkacke<\/a> !<\/strong>\u00a0Diese beiden Naturkosmetika werden wahrscheinlich viele verzaubern!<\/p>\n<p>Letzteres ist ein hervorragender\u00a0<strong>Naturheilmittel\u00a0<\/strong>f\u00fcr viele Beschwerden. Auch wenn es \u00fcberraschend ist, lassen Sie sich nicht von Aprioris aufhalten, sondern \u00fcberzeugen Sie sich selbst!<\/p>\n<p>Dar\u00fcber hinaus ist Bockshornklee-Butter ein Pluspunkt, der dabei hilft\u00a0<strong>den Po straffen<\/strong>\u00a0und die Br\u00fcste der Frauen. F\u00fcr diejenigen, die der Brust wieder eine gewisse<strong>\u00a0Tonus<\/strong>\u00a0zu ihrem K\u00f6rper, ist dieses Produkt wahrscheinlich genau das Richtige f\u00fcr Sie.<\/p>\n<p>Wie Sie sicher schon bemerkt haben, ist Ihr Online-Shop immer auf der Suche nach\u00a0<strong>Naturprodukte\u00a0<\/strong>die f\u00fcr Ihren Alltag von Vorteil sein k\u00f6nnen. Aus diesem Grund m\u00f6chten wir Ihnen viele unserer Produkte vorstellen, damit Sie sich darin wohlf\u00fchlen k\u00f6nnen.<\/p>","protected":false},"excerpt":{"rendered":"<p>Hautprobleme aller Art sind an der Tagesordnung?! Akne, Psoriasis, Ekzeme oder empfindliche Haut k\u00f6nnen im Alltag eine echte Belastung sein. Das Aussehen spielt eine gro\u00dfe Rolle f\u00fcr das Selbstbewusstsein. Deshalb haben wir wahrscheinlich ein Produkt, das Sie interessieren k\u00f6nnte! Es [\u2026]","protected":false},"featured_media":1158,"template":"","meta":[],"product_brand":[],"product_cat":[41,123],"product_tag":[],"class_list":{"0":"post-1157","1":"product","2":"type-product","3":"status-publish","4":"has-post-thumbnail","6":"product_cat-produits-naturels-divers","7":"product_cat-savon","9":"first","10":"instock","11":"shipping-taxable","12":"purchasable","13":"product-type-simple"},"yoast_head":"<!-- This site is optimized with the Yoast SEO plugin v26.6 - https:\/\/yoast.com\/wordpress\/plugins\/seo\/ -->\n<title>Savon au curcuma | Bienfaits nombreux | Visage &amp; peaux<\/title>\n<meta name=\"description\" content=\"L\u2019importance de l\u2019apparence joue beaucoup sur la confiance en soi. Il est temps de faire la rencontre avec le\u00a0Savon au curcuma.\" \/>\n<meta name=\"robots\" content=\"index, follow, max-snippet:-1, max-image-preview:large, max-video-preview:-1\" \/>\n<link rel=\"canonical\" href=\"https:\/\/www.safinel.fr\/de\/product-2\/kurkumaseife\/\" \/>\n<meta property=\"og:locale\" content=\"de_DE\" \/>\n<meta property=\"og:type\" content=\"article\" \/>\n<meta property=\"og:title\" content=\"Savon au curcuma | Bienfaits nombreux | Visage &amp; peaux\" \/>\n<meta property=\"og:description\" content=\"L\u2019importance de l\u2019apparence joue beaucoup sur la confiance en soi. Il est temps de faire la rencontre avec le\u00a0Savon au curcuma.\" \/>\n<meta property=\"og:url\" content=\"https:\/\/www.safinel.fr\/de\/product-2\/kurkumaseife\/\" \/>\n<meta property=\"og:site_name\" content=\"Safinel\" \/>\n<meta property=\"article:modified_time\" content=\"2023-12-28T17:15:16+00:00\" \/>\n<meta property=\"og:image\" content=\"https:\/\/www.safinel.fr\/wp-content\/uploads\/2022\/04\/savon-au-curcuma.jpg\" \/>\n\t<meta property=\"og:image:width\" content=\"600\" \/>\n\t<meta property=\"og:image:height\" content=\"600\" \/>\n\t<meta property=\"og:image:type\" content=\"image\/jpeg\" \/>\n<meta name=\"twitter:card\" content=\"summary_large_image\" \/>\n<meta name=\"twitter:label1\" content=\"Gesch\u00e4tzte Lesezeit\" \/>\n\t<meta name=\"twitter:data1\" content=\"6\u00a0Minuten\" \/>\n<script type=\"application\/ld+json\" class=\"yoast-schema-graph\">{\"@context\":\"https:\/\/schema.org\",\"@graph\":[{\"@type\":\"WebPage\",\"@id\":\"https:\/\/www.safinel.fr\/produit\/savon-curcuma\/\",\"url\":\"https:\/\/www.safinel.fr\/produit\/savon-curcuma\/\",\"name\":\"Savon au curcuma | Bienfaits nombreux | Visage & peaux\",\"isPartOf\":{\"@id\":\"https:\/\/www.safinel.fr\/#website\"},\"primaryImageOfPage\":{\"@id\":\"https:\/\/www.safinel.fr\/produit\/savon-curcuma\/#primaryimage\"},\"image\":{\"@id\":\"https:\/\/www.safinel.fr\/produit\/savon-curcuma\/#primaryimage\"},\"thumbnailUrl\":\"https:\/\/www.safinel.fr\/wp-content\/uploads\/2022\/04\/savon-au-curcuma.jpg\",\"datePublished\":\"2022-04-29T00:19:08+00:00\",\"dateModified\":\"2023-12-28T17:15:16+00:00\",\"description\":\"L\u2019importance de l\u2019apparence joue beaucoup sur la confiance en soi. Il est temps de faire la rencontre avec le\u00a0Savon au curcuma.\",\"breadcrumb\":{\"@id\":\"https:\/\/www.safinel.fr\/produit\/savon-curcuma\/#breadcrumb\"},\"inLanguage\":\"de\",\"potentialAction\":[{\"@type\":\"ReadAction\",\"target\":[\"https:\/\/www.safinel.fr\/produit\/savon-curcuma\/\"]}]},{\"@type\":\"ImageObject\",\"inLanguage\":\"de\",\"@id\":\"https:\/\/www.safinel.fr\/produit\/savon-curcuma\/#primaryimage\",\"url\":\"https:\/\/www.safinel.fr\/wp-content\/uploads\/2022\/04\/savon-au-curcuma.jpg\",\"contentUrl\":\"https:\/\/www.safinel.fr\/wp-content\/uploads\/2022\/04\/savon-au-curcuma.jpg\",\"width\":600,\"height\":600,\"caption\":\"savon au curcuma\"},{\"@type\":\"BreadcrumbList\",\"@id\":\"https:\/\/www.safinel.fr\/produit\/savon-curcuma\/#breadcrumb\",\"itemListElement\":[{\"@type\":\"ListItem\",\"position\":1,\"name\":\"Accueil\",\"item\":\"https:\/\/www.safinel.fr\/\"},{\"@type\":\"ListItem\",\"position\":2,\"name\":\"Boutique\",\"item\":\"https:\/\/www.safinel.fr\/boutique\/\"},{\"@type\":\"ListItem\",\"position\":3,\"name\":\"Savon au curcuma 90g\"}]},{\"@type\":\"WebSite\",\"@id\":\"https:\/\/www.safinel.fr\/#website\",\"url\":\"https:\/\/www.safinel.fr\/\",\"name\":\"Safinel\",\"description\":\"\",\"publisher\":{\"@id\":\"https:\/\/www.safinel.fr\/#organization\"},\"potentialAction\":[{\"@type\":\"SearchAction\",\"target\":{\"@type\":\"EntryPoint\",\"urlTemplate\":\"https:\/\/www.safinel.fr\/?s={search_term_string}\"},\"query-input\":{\"@type\":\"PropertyValueSpecification\",\"valueRequired\":true,\"valueName\":\"search_term_string\"}}],\"inLanguage\":\"de\"},{\"@type\":\"Organization\",\"@id\":\"https:\/\/www.safinel.fr\/#organization\",\"name\":\"Safinel\",\"url\":\"https:\/\/www.safinel.fr\/\",\"logo\":{\"@type\":\"ImageObject\",\"inLanguage\":\"de\",\"@id\":\"https:\/\/www.safinel.fr\/#\/schema\/logo\/image\/\",\"url\":\"https:\/\/www.safinel.fr\/wp-content\/uploads\/2021\/05\/boutique-cosmetique.png\",\"contentUrl\":\"https:\/\/www.safinel.fr\/wp-content\/uploads\/2021\/05\/boutique-cosmetique.png\",\"width\":800,\"height\":200,\"caption\":\"Safinel\"},\"image\":{\"@id\":\"https:\/\/www.safinel.fr\/#\/schema\/logo\/image\/\"}}]}<\/script>\n<!-- \/ Yoast SEO plugin. -->","yoast_head_json":{"title":"Kurkuma-Seife | Zahlreiche Vorteile | Gesicht &amp; Haut","description":"Die Bedeutung des Aussehens spielt eine gro\u00dfe Rolle f\u00fcr das Selbstbewusstsein. Es ist Zeit f\u00fcr eine Begegnung mit der Kurkuma-Seife.","robots":{"index":"index","follow":"follow","max-snippet":"max-snippet:-1","max-image-preview":"max-image-preview:large","max-video-preview":"max-video-preview:-1"},"canonical":"https:\/\/www.safinel.fr\/de\/product-2\/kurkumaseife\/","og_locale":"de_DE","og_type":"article","og_title":"Savon au curcuma | Bienfaits nombreux | Visage & peaux","og_description":"L\u2019importance de l\u2019apparence joue beaucoup sur la confiance en soi. Il est temps de faire la rencontre avec le\u00a0Savon au curcuma.","og_url":"https:\/\/www.safinel.fr\/de\/product-2\/kurkumaseife\/","og_site_name":"Safinel","article_modified_time":"2023-12-28T17:15:16+00:00","og_image":[{"width":600,"height":600,"url":"https:\/\/www.safinel.fr\/wp-content\/uploads\/2022\/04\/savon-au-curcuma.jpg","type":"image\/jpeg"}],"twitter_card":"summary_large_image","twitter_misc":{"Gesch\u00e4tzte Lesezeit":"6\u00a0Minuten"},"schema":{"@context":"https:\/\/schema.org","@graph":[{"@type":"WebPage","@id":"https:\/\/www.safinel.fr\/produit\/savon-curcuma\/","url":"https:\/\/www.safinel.fr\/produit\/savon-curcuma\/","name":"Kurkuma-Seife | Zahlreiche Vorteile | Gesicht &amp; Haut","isPartOf":{"@id":"https:\/\/www.safinel.fr\/#website"},"primaryImageOfPage":{"@id":"https:\/\/www.safinel.fr\/produit\/savon-curcuma\/#primaryimage"},"image":{"@id":"https:\/\/www.safinel.fr\/produit\/savon-curcuma\/#primaryimage"},"thumbnailUrl":"https:\/\/www.safinel.fr\/wp-content\/uploads\/2022\/04\/savon-au-curcuma.jpg","datePublished":"2022-04-29T00:19:08+00:00","dateModified":"2023-12-28T17:15:16+00:00","description":"Die Bedeutung des Aussehens spielt eine gro\u00dfe Rolle f\u00fcr das Selbstbewusstsein. Es ist Zeit f\u00fcr eine Begegnung mit der Kurkuma-Seife.","breadcrumb":{"@id":"https:\/\/www.safinel.fr\/produit\/savon-curcuma\/#breadcrumb"},"inLanguage":"de","potentialAction":[{"@type":"ReadAction","target":["https:\/\/www.safinel.fr\/produit\/savon-curcuma\/"]}]},{"@type":"ImageObject","inLanguage":"de","@id":"https:\/\/www.safinel.fr\/produit\/savon-curcuma\/#primaryimage","url":"https:\/\/www.safinel.fr\/wp-content\/uploads\/2022\/04\/savon-au-curcuma.jpg","contentUrl":"https:\/\/www.safinel.fr\/wp-content\/uploads\/2022\/04\/savon-au-curcuma.jpg","width":600,"height":600,"caption":"savon au curcuma"},{"@type":"BreadcrumbList","@id":"https:\/\/www.safinel.fr\/produit\/savon-curcuma\/#breadcrumb","itemListElement":[{"@type":"ListItem","position":1,"name":"Accueil","item":"https:\/\/www.safinel.fr\/"},{"@type":"ListItem","position":2,"name":"Boutique","item":"https:\/\/www.safinel.fr\/boutique\/"},{"@type":"ListItem","position":3,"name":"Savon au curcuma 90g"}]},{"@type":"WebSite","@id":"https:\/\/www.safinel.fr\/#website","url":"https:\/\/www.safinel.fr\/","name":"Safinel","description":"","publisher":{"@id":"https:\/\/www.safinel.fr\/#organization"},"potentialAction":[{"@type":"SearchAction","target":{"@type":"EntryPoint","urlTemplate":"https:\/\/www.safinel.fr\/?s={search_term_string}"},"query-input":{"@type":"PropertyValueSpecification","valueRequired":true,"valueName":"search_term_string"}}],"inLanguage":"de"},{"@type":"Organization","@id":"https:\/\/www.safinel.fr\/#organization","name":"Safinel","url":"https:\/\/www.safinel.fr\/","logo":{"@type":"ImageObject","inLanguage":"de","@id":"https:\/\/www.safinel.fr\/#\/schema\/logo\/image\/","url":"https:\/\/www.safinel.fr\/wp-content\/uploads\/2021\/05\/boutique-cosmetique.png","contentUrl":"https:\/\/www.safinel.fr\/wp-content\/uploads\/2021\/05\/boutique-cosmetique.png","width":800,"height":200,"caption":"Safinel"},"image":{"@id":"https:\/\/www.safinel.fr\/#\/schema\/logo\/image\/"}}]}},"_links":{"self":[{"href":"https:\/\/www.safinel.fr\/de\/wp-json\/wp\/v2\/product\/1157","targetHints":{"allow":["GET"]}}],"collection":[{"href":"https:\/\/www.safinel.fr\/de\/wp-json\/wp\/v2\/product"}],"about":[{"href":"https:\/\/www.safinel.fr\/de\/wp-json\/wp\/v2\/types\/product"}],"wp:featuredmedia":[{"embeddable":true,"href":"https:\/\/www.safinel.fr\/de\/wp-json\/wp\/v2\/media\/1158"}],"wp:attachment":[{"href":"https:\/\/www.safinel.fr\/de\/wp-json\/wp\/v2\/media?parent=1157"}],"wp:term":[{"taxonomy":"product_brand","embeddable":true,"href":"https:\/\/www.safinel.fr\/de\/wp-json\/wp\/v2\/product_brand?post=1157"},{"taxonomy":"product_cat","embeddable":true,"href":"https:\/\/www.safinel.fr\/de\/wp-json\/wp\/v2\/product_cat?post=1157"},{"taxonomy":"product_tag","embeddable":true,"href":"https:\/\/www.safinel.fr\/de\/wp-json\/wp\/v2\/product_tag?post=1157"}],"curies":[{"name":"wp","href":"https:\/\/api.w.org\/{rel}","templated":true}]}}