{"id":112,"date":"2021-06-01T15:57:24","date_gmt":"2021-06-01T15:57:24","guid":{"rendered":"https:\/\/www.safinel.fr\/?post_type=product&#038;p=112"},"modified":"2025-11-11T20:20:31","modified_gmt":"2025-11-11T20:20:31","slug":"djeka-blatter","status":"publish","type":"product","link":"https:\/\/www.safinel.fr\/de\/product-2\/djeka-blatter\/","title":{"rendered":"Djeka-Bl\u00e4tter"},"content":{"rendered":"<p>Die Bl\u00e4tter des Djeka-Baumes sind seit jeher bei den Frauen Westafrikas bekannt und werden von ihnen verwendet. Sie sind ein wahrer Verb\u00fcndeter bei der Pflege des intimsten Teils der Frau. Sie werden unter der wissenschaftlichen Bezeichnung \u00abAlchornea Cordifolia\u00bb gef\u00fchrt. Es ist unbestreitbar, dass Sie, nachdem Sie von den zahlreichen Vorteilen gelesen haben, die die Djeka-Bl\u00e4tter in die Wellness-Routine der Frau einbringen k\u00f6nnen, nicht z\u00f6gern werden, sie in Ihre Intimpflege aufzunehmen.<\/p>\n<h2><b>Die lang ersehnten Vorteile von Djeka<\/b><\/h2>\n<p>Djeka-Bl\u00e4tter sind daf\u00fcr bekannt, ein sehr wirksames nat\u00fcrliches Antibiotikum und Antiseptikum zu sein, nicht zu verwechseln mit der <a href=\"https:\/\/www.huiles-de-ricin.com\/plantes-graines\/11-feuille-de-jujubier.html\" target=\"_blank\" rel=\"noopener\"><strong>Sidr-Blatt<\/strong><\/a>. Ihnen wird n\u00e4mlich die F\u00e4higkeit zugeschrieben, nicht nur auf die Geb\u00e4rmutter, sondern auch auf den Bauch wirken zu k\u00f6nnen.<\/p>\n<p>So lindert es die Schmerzen, die durch bestimmte Darmprobleme wie Geschw\u00fcre oder auch Wurmbefall verursacht werden. Dar\u00fcber hinaus unterst\u00fctzt das Blatt die gr\u00fcndliche Reinigung des Darms von Unreinheiten.<span class=\"Apple-converted-space\">\u00a0<\/span><\/p>\n<p>Au\u00dferdem wird ihm eine tonisierende Wirkung auf die Vagina zugeschrieben. Das Djeka-Blatt hat die besondere Eigenschaft, dass es zur St\u00e4rkung und Straffung des Perineums beitr\u00e4gt. Dies ist nach der Entbindung notwendig, um Blasenschw\u00e4che und andere Unannehmlichkeiten zu vermeiden. Aufgrund dieser au\u00dfergew\u00f6hnlichen F\u00e4higkeit hat das Djeka-Blatt auch den Spitznamen \u00abklebrig-eng\u00bb erhalten.<\/p>\n<p>Djeka-Bl\u00e4tter sind auch ein echter Verb\u00fcndeter bei der Pflege der <a href=\"https:\/\/www.safinel.fr\/de\/product-2\/vetiverwurzeln\/\"><strong>Vaginalflora<\/strong><\/a>. Sie stoppen nicht nur den vaginalen Juckreiz, sondern mildern und lindern auch wirksam Menstruationsschmerzen.<\/p>\n<p>Schlie\u00dflich soll das Djeka-Blatt auch gegen Karies und Zahnschmerzen helfen. Vor allem, wenn es als Tee eingenommen wird.<\/p>\n<h3><b>Djeka-Bl\u00e4tter: Anwendungstipps und Gebrauchsanweisung<\/b><\/h3>\n<p>Zun\u00e4chst einmal ist es wichtig, darauf hinzuweisen, dass dieses Blatt nicht von schwangeren Frauen verwendet werden sollte. Wie bereits erw\u00e4hnt, sollte das Blatt erst nach der Entbindung verwendet werden.<\/p>\n<p>Das Djeka-Blatt kann auf viele verschiedene Arten verwendet werden, je nachdem, welche Vorteile Sie sich davon versprechen.<\/p>\n<ul>\n<li>F\u00fcr einen Tee m\u00fcssen Sie die Djeka-Bl\u00e4tter gr\u00fcndlich waschen, bevor Sie sie etwa 10 Minuten lang in Wasser kochen. Anschlie\u00dfend k\u00f6nnen Sie die Mischung filtern und \u00fcber den Tag verteilt trinken. Auf diese Weise wird der Geb\u00e4rmutterbereich innerlich gereinigt.<\/li>\n<\/ul>\n<ul>\n<li>Sie k\u00f6nnen die Djeka-Bl\u00e4tter auch f\u00fcr Ihre Intimhygiene verwenden. Um Ihr Intimwaschwasser herzustellen, m\u00fcssen Sie Ihre Djeka-Bl\u00e4tter waschen und 10 bis 15 Minuten in Wasser kochen.<\/li>\n<li>Lassen Sie den Sud anschlie\u00dfend abk\u00fchlen. Wenn er fertig ist, f\u00fcllen Sie ihn in ein Gef\u00e4\u00df oder einen Beh\u00e4lter um, damit Sie ihn beim Waschen leichter verwenden k\u00f6nnen.<\/li>\n<\/ul>\n<p><span class=\"Apple-converted-space\">\u00a0<\/span>Auf diese Weise hilft sie Ihnen, \u00fcbelriechenden Ausfluss und<span class=\"Apple-converted-space\">\u00a0<\/span>Vaginales Jucken.<\/p>\n<ul>\n<li>Um den Vaginalbereich optimal zu pflegen, empfehlen wir Ihnen, die Djeka-Bl\u00e4tter zu kochen. Anschlie\u00dfend gie\u00dfen Sie die Mischung in ein Gef\u00e4\u00df, das gro\u00df genug ist, um sich dar\u00fcber zu hocken.<span class=\"Apple-converted-space\">\u00a0<\/span><\/li>\n<\/ul>\n<p>Warten Sie dann etwa 20 Minuten, damit sich der Dampf im Intimbereich verteilen kann.<span class=\"Apple-converted-space\">\u00a0<\/span><\/p>","protected":false},"excerpt":{"rendered":"<p>Die Bl\u00e4tter der Djeka-Pflanze sind seit jeher bei den Frauen Westafrikas bekannt und werden von ihnen verwendet. Sie sind ein echter Verb\u00fcndeter f\u00fcr die Pflege der intimsten K\u00f6rperpartie der Frau. Ihr wissenschaftlicher Name lautet \u00abAlchornea Cordifolia\u00bb. Nach der Lekt\u00fcre der zahlreichen Vorteile, die das Djeka-Blatt in [\u2026]","protected":false},"featured_media":76,"template":"","meta":[],"product_brand":[],"product_cat":[15,23,27,19],"product_tag":[],"class_list":{"0":"post-112","1":"product","2":"type-product","3":"status-publish","4":"has-post-thumbnail","6":"product_cat-fertilite","7":"product_cat-hygiene-feminine","8":"product_cat-plantes-medicinales","9":"product_cat-thes-tisanes","11":"first","12":"outofstock","13":"shipping-taxable","14":"purchasable","15":"product-type-variable"},"yoast_head":"<!-- This site is optimized with the Yoast SEO plugin v26.6 - https:\/\/yoast.com\/wordpress\/plugins\/seo\/ -->\n<title>Feuilles de djeka (Alchornea Cordifolia) | Livraison rapide<\/title>\n<meta name=\"description\" content=\"Les feuilles de Djeka sont \u00e9galement un v\u00e9ritable alli\u00e9 pour l&#039;entretien de la flore vaginale. Livraison rapide et soign\u00e9e en France.\" \/>\n<meta name=\"robots\" content=\"index, follow, max-snippet:-1, max-image-preview:large, max-video-preview:-1\" \/>\n<link rel=\"canonical\" href=\"https:\/\/www.safinel.fr\/de\/product-2\/djeka-blatter\/\" \/>\n<meta property=\"og:locale\" content=\"de_DE\" \/>\n<meta property=\"og:type\" content=\"article\" \/>\n<meta property=\"og:title\" content=\"Feuilles de djeka (Alchornea Cordifolia) | Livraison rapide\" \/>\n<meta property=\"og:description\" content=\"Les feuilles de Djeka sont \u00e9galement un v\u00e9ritable alli\u00e9 pour l&#039;entretien de la flore vaginale. Livraison rapide et soign\u00e9e en France.\" \/>\n<meta property=\"og:url\" content=\"https:\/\/www.safinel.fr\/de\/product-2\/djeka-blatter\/\" \/>\n<meta property=\"og:site_name\" content=\"Safinel\" \/>\n<meta property=\"article:modified_time\" content=\"2025-11-11T20:20:31+00:00\" \/>\n<meta property=\"og:image\" content=\"https:\/\/www.safinel.fr\/wp-content\/uploads\/2021\/05\/djeka-poudre-site.jpg\" \/>\n\t<meta property=\"og:image:width\" content=\"327\" \/>\n\t<meta property=\"og:image:height\" content=\"400\" \/>\n\t<meta property=\"og:image:type\" content=\"image\/jpeg\" \/>\n<meta name=\"twitter:card\" content=\"summary_large_image\" \/>\n<meta name=\"twitter:label1\" content=\"Gesch\u00e4tzte Lesezeit\" \/>\n\t<meta name=\"twitter:data1\" content=\"3\u00a0Minuten\" \/>\n<script type=\"application\/ld+json\" class=\"yoast-schema-graph\">{\"@context\":\"https:\/\/schema.org\",\"@graph\":[{\"@type\":\"WebPage\",\"@id\":\"https:\/\/www.safinel.fr\/produit\/feuilles-de-djeka\/\",\"url\":\"https:\/\/www.safinel.fr\/produit\/feuilles-de-djeka\/\",\"name\":\"Feuilles de djeka (Alchornea Cordifolia) | Livraison rapide\",\"isPartOf\":{\"@id\":\"https:\/\/www.safinel.fr\/#website\"},\"primaryImageOfPage\":{\"@id\":\"https:\/\/www.safinel.fr\/produit\/feuilles-de-djeka\/#primaryimage\"},\"image\":{\"@id\":\"https:\/\/www.safinel.fr\/produit\/feuilles-de-djeka\/#primaryimage\"},\"thumbnailUrl\":\"https:\/\/www.safinel.fr\/wp-content\/uploads\/2021\/05\/djeka-poudre-site.jpg\",\"datePublished\":\"2021-06-01T15:57:24+00:00\",\"dateModified\":\"2025-11-11T20:20:31+00:00\",\"description\":\"Les feuilles de Djeka sont \u00e9galement un v\u00e9ritable alli\u00e9 pour l'entretien de la flore vaginale. Livraison rapide et soign\u00e9e en France.\",\"breadcrumb\":{\"@id\":\"https:\/\/www.safinel.fr\/produit\/feuilles-de-djeka\/#breadcrumb\"},\"inLanguage\":\"de\",\"potentialAction\":[{\"@type\":\"ReadAction\",\"target\":[\"https:\/\/www.safinel.fr\/produit\/feuilles-de-djeka\/\"]}]},{\"@type\":\"ImageObject\",\"inLanguage\":\"de\",\"@id\":\"https:\/\/www.safinel.fr\/produit\/feuilles-de-djeka\/#primaryimage\",\"url\":\"https:\/\/www.safinel.fr\/wp-content\/uploads\/2021\/05\/djeka-poudre-site.jpg\",\"contentUrl\":\"https:\/\/www.safinel.fr\/wp-content\/uploads\/2021\/05\/djeka-poudre-site.jpg\",\"width\":327,\"height\":400,\"caption\":\"Feuilles de djeka (Alchornea Cordifolia)\"},{\"@type\":\"BreadcrumbList\",\"@id\":\"https:\/\/www.safinel.fr\/produit\/feuilles-de-djeka\/#breadcrumb\",\"itemListElement\":[{\"@type\":\"ListItem\",\"position\":1,\"name\":\"Accueil\",\"item\":\"https:\/\/www.safinel.fr\/\"},{\"@type\":\"ListItem\",\"position\":2,\"name\":\"Boutique\",\"item\":\"https:\/\/www.safinel.fr\/boutique\/\"},{\"@type\":\"ListItem\",\"position\":3,\"name\":\"Feuilles de Djeka\"}]},{\"@type\":\"WebSite\",\"@id\":\"https:\/\/www.safinel.fr\/#website\",\"url\":\"https:\/\/www.safinel.fr\/\",\"name\":\"Safinel\",\"description\":\"\",\"publisher\":{\"@id\":\"https:\/\/www.safinel.fr\/#organization\"},\"potentialAction\":[{\"@type\":\"SearchAction\",\"target\":{\"@type\":\"EntryPoint\",\"urlTemplate\":\"https:\/\/www.safinel.fr\/?s={search_term_string}\"},\"query-input\":{\"@type\":\"PropertyValueSpecification\",\"valueRequired\":true,\"valueName\":\"search_term_string\"}}],\"inLanguage\":\"de\"},{\"@type\":\"Organization\",\"@id\":\"https:\/\/www.safinel.fr\/#organization\",\"name\":\"Safinel\",\"url\":\"https:\/\/www.safinel.fr\/\",\"logo\":{\"@type\":\"ImageObject\",\"inLanguage\":\"de\",\"@id\":\"https:\/\/www.safinel.fr\/#\/schema\/logo\/image\/\",\"url\":\"https:\/\/www.safinel.fr\/wp-content\/uploads\/2021\/05\/boutique-cosmetique.png\",\"contentUrl\":\"https:\/\/www.safinel.fr\/wp-content\/uploads\/2021\/05\/boutique-cosmetique.png\",\"width\":800,\"height\":200,\"caption\":\"Safinel\"},\"image\":{\"@id\":\"https:\/\/www.safinel.fr\/#\/schema\/logo\/image\/\"}}]}<\/script>\n<!-- \/ Yoast SEO plugin. -->","yoast_head_json":{"title":"Djeka-Bl\u00e4tter (Alchornea Cordifolia) | Schnelle Lieferung","description":"Die Djeka-Bl\u00e4tter sind auch ein echter Verb\u00fcndeter bei der Pflege der Vaginalflora. Schnelle und sorgf\u00e4ltige Lieferung in Frankreich.","robots":{"index":"index","follow":"follow","max-snippet":"max-snippet:-1","max-image-preview":"max-image-preview:large","max-video-preview":"max-video-preview:-1"},"canonical":"https:\/\/www.safinel.fr\/de\/product-2\/djeka-blatter\/","og_locale":"de_DE","og_type":"article","og_title":"Feuilles de djeka (Alchornea Cordifolia) | Livraison rapide","og_description":"Les feuilles de Djeka sont \u00e9galement un v\u00e9ritable alli\u00e9 pour l'entretien de la flore vaginale. Livraison rapide et soign\u00e9e en France.","og_url":"https:\/\/www.safinel.fr\/de\/product-2\/djeka-blatter\/","og_site_name":"Safinel","article_modified_time":"2025-11-11T20:20:31+00:00","og_image":[{"width":327,"height":400,"url":"https:\/\/www.safinel.fr\/wp-content\/uploads\/2021\/05\/djeka-poudre-site.jpg","type":"image\/jpeg"}],"twitter_card":"summary_large_image","twitter_misc":{"Gesch\u00e4tzte Lesezeit":"3\u00a0Minuten"},"schema":{"@context":"https:\/\/schema.org","@graph":[{"@type":"WebPage","@id":"https:\/\/www.safinel.fr\/produit\/feuilles-de-djeka\/","url":"https:\/\/www.safinel.fr\/produit\/feuilles-de-djeka\/","name":"Djeka-Bl\u00e4tter (Alchornea Cordifolia) | Schnelle Lieferung","isPartOf":{"@id":"https:\/\/www.safinel.fr\/#website"},"primaryImageOfPage":{"@id":"https:\/\/www.safinel.fr\/produit\/feuilles-de-djeka\/#primaryimage"},"image":{"@id":"https:\/\/www.safinel.fr\/produit\/feuilles-de-djeka\/#primaryimage"},"thumbnailUrl":"https:\/\/www.safinel.fr\/wp-content\/uploads\/2021\/05\/djeka-poudre-site.jpg","datePublished":"2021-06-01T15:57:24+00:00","dateModified":"2025-11-11T20:20:31+00:00","description":"Die Djeka-Bl\u00e4tter sind auch ein echter Verb\u00fcndeter bei der Pflege der Vaginalflora. Schnelle und sorgf\u00e4ltige Lieferung in Frankreich.","breadcrumb":{"@id":"https:\/\/www.safinel.fr\/produit\/feuilles-de-djeka\/#breadcrumb"},"inLanguage":"de","potentialAction":[{"@type":"ReadAction","target":["https:\/\/www.safinel.fr\/produit\/feuilles-de-djeka\/"]}]},{"@type":"ImageObject","inLanguage":"de","@id":"https:\/\/www.safinel.fr\/produit\/feuilles-de-djeka\/#primaryimage","url":"https:\/\/www.safinel.fr\/wp-content\/uploads\/2021\/05\/djeka-poudre-site.jpg","contentUrl":"https:\/\/www.safinel.fr\/wp-content\/uploads\/2021\/05\/djeka-poudre-site.jpg","width":327,"height":400,"caption":"Feuilles de djeka (Alchornea Cordifolia)"},{"@type":"BreadcrumbList","@id":"https:\/\/www.safinel.fr\/produit\/feuilles-de-djeka\/#breadcrumb","itemListElement":[{"@type":"ListItem","position":1,"name":"Accueil","item":"https:\/\/www.safinel.fr\/"},{"@type":"ListItem","position":2,"name":"Boutique","item":"https:\/\/www.safinel.fr\/boutique\/"},{"@type":"ListItem","position":3,"name":"Feuilles de Djeka"}]},{"@type":"WebSite","@id":"https:\/\/www.safinel.fr\/#website","url":"https:\/\/www.safinel.fr\/","name":"Safinel","description":"","publisher":{"@id":"https:\/\/www.safinel.fr\/#organization"},"potentialAction":[{"@type":"SearchAction","target":{"@type":"EntryPoint","urlTemplate":"https:\/\/www.safinel.fr\/?s={search_term_string}"},"query-input":{"@type":"PropertyValueSpecification","valueRequired":true,"valueName":"search_term_string"}}],"inLanguage":"de"},{"@type":"Organization","@id":"https:\/\/www.safinel.fr\/#organization","name":"Safinel","url":"https:\/\/www.safinel.fr\/","logo":{"@type":"ImageObject","inLanguage":"de","@id":"https:\/\/www.safinel.fr\/#\/schema\/logo\/image\/","url":"https:\/\/www.safinel.fr\/wp-content\/uploads\/2021\/05\/boutique-cosmetique.png","contentUrl":"https:\/\/www.safinel.fr\/wp-content\/uploads\/2021\/05\/boutique-cosmetique.png","width":800,"height":200,"caption":"Safinel"},"image":{"@id":"https:\/\/www.safinel.fr\/#\/schema\/logo\/image\/"}}]}},"_links":{"self":[{"href":"https:\/\/www.safinel.fr\/de\/wp-json\/wp\/v2\/product\/112","targetHints":{"allow":["GET"]}}],"collection":[{"href":"https:\/\/www.safinel.fr\/de\/wp-json\/wp\/v2\/product"}],"about":[{"href":"https:\/\/www.safinel.fr\/de\/wp-json\/wp\/v2\/types\/product"}],"wp:featuredmedia":[{"embeddable":true,"href":"https:\/\/www.safinel.fr\/de\/wp-json\/wp\/v2\/media\/76"}],"wp:attachment":[{"href":"https:\/\/www.safinel.fr\/de\/wp-json\/wp\/v2\/media?parent=112"}],"wp:term":[{"taxonomy":"product_brand","embeddable":true,"href":"https:\/\/www.safinel.fr\/de\/wp-json\/wp\/v2\/product_brand?post=112"},{"taxonomy":"product_cat","embeddable":true,"href":"https:\/\/www.safinel.fr\/de\/wp-json\/wp\/v2\/product_cat?post=112"},{"taxonomy":"product_tag","embeddable":true,"href":"https:\/\/www.safinel.fr\/de\/wp-json\/wp\/v2\/product_tag?post=112"}],"curies":[{"name":"wp","href":"https:\/\/api.w.org\/{rel}","templated":true}]}}