{"id":11050,"date":"2024-01-20T14:43:52","date_gmt":"2024-01-20T14:43:52","guid":{"rendered":"https:\/\/www.safinel.fr\/?post_type=product&#038;p=11050"},"modified":"2025-06-28T01:23:25","modified_gmt":"2025-06-28T01:23:25","slug":"aufhellende-seife-white-secret","status":"publish","type":"product","link":"https:\/\/www.safinel.fr\/de\/product-2\/aufhellende-seife-white-secret\/","title":{"rendered":"Aufhellende Seife (K\u00f6rper &amp; Gesicht) 90g - White Secret"},"content":{"rendered":"<p>Die <strong>feste aufhellende Seife White Secret<\/strong>\u00a0ist ein Muss f\u00fcr Ihre Hautpflegeroutine. Denn diese vielseitige Kosmetikseife, die f\u00fcr K\u00f6rper und Gesicht entwickelt wurde, bietet zahlreiche Vorteile f\u00fcr die Haut. Sie ist nicht nur pflegend, sondern zeichnet sich auch durch ihre aufhellenden Eigenschaften aus und bietet damit einen unbestreitbaren Sch\u00f6nheitsvorteil f\u00fcr eine strahlende und leuchtende Haut.<\/p>\n<h2><strong>Feste Seife ist wieder in Mode!<\/strong><\/h2>\n<p>Mit einem Comeback der traditionellen Sch\u00f6nheitsprodukte setzt sich die feste Seife ebenso durch wie <a href=\"https:\/\/www.safinel.fr\/de\/product-2\/superaufhellendes-ol-mit-kollagen\/\"><strong>Magic Oil<\/strong><\/a>, Die Hautpflege ist eine bevorzugte Wahl, wenn es um die Pflege der Haut geht.<\/p>\n<p>Das White Secret Seifenst\u00fcck bietet insbesondere eine praktische und umweltfreundliche Alternative zu fl\u00fcssigem Duschgel. Und das, w\u00e4hrend sie gleichzeitig einzigartige Vorteile f\u00fcr die Haut bietet und so die Reinigungsroutine zu einem Moment puren Vergn\u00fcgens und Wohlbefindens macht.<\/p>\n<h2><strong>Die aufhellende Seife f\u00fcr eine bemerkenswerte Haut!<\/strong><\/h2>\n<p>Die\u00a0<strong>fester Reiniger\u00a0<\/strong>White Secret zeichnet sich durch seine aufhellende Wirkung aus. Sie hilft, dunkle Flecken und Unreinheiten zu mildern und einen gleichm\u00e4\u00dfigen Hautton zu erzielen. Seine spezielle Formel tr\u00e4gt dazu bei, die nat\u00fcrliche Ausstrahlung der Haut zu enth\u00fcllen und ihr ein helleres, ebenm\u00e4\u00dfigeres Aussehen zu verleihen - f\u00fcr eine bemerkenswert sch\u00f6ne Haut.<\/p>\n<h3><strong>Wie verwende ich die White Secret Aufhellungsseife?<\/strong><\/h3>\n<p>Um den gr\u00f6\u00dftm\u00f6glichen Nutzen aus\u00a0<strong>aufhellende Vorteile\u00a0<\/strong>der festen Seife White Secret wird empfohlen, sie t\u00e4glich zu verwenden.<\/p>\n<p>Dazu :<\/p>\n<ul>\n<li>Sch\u00e4umen Sie die Seife zwischen Ihren H\u00e4nden auf<\/li>\n<li>Dann tragen Sie den Schaum mit kreisenden Bewegungen auf Gesicht und K\u00f6rper auf.<\/li>\n<li>Sp\u00fclen Sie die Haut gr\u00fcndlich mit lauwarmem Wasser ab und trocknen Sie sie sanft ab.<\/li>\n<\/ul>\n<p>Wie Sie sicher bemerkt haben, sollten Sie f\u00fcr eine optimale Wirkung den Kontakt mit den Augen vermeiden und die Seife nach Gebrauch an einem k\u00fchlen und trockenen Ort aufbewahren.<\/p>\n<p>White Secret bietet ein luxuri\u00f6ses Reinigungserlebnis und einen Moment des Wohlbefindens und der Sch\u00f6nheit. Schenken Sie Ihrer Haut endlich den Glanz und die Geschmeidigkeit, die sie verdient, mit diesem\u00a0<strong>Kosmetikseife<\/strong>\u00a0bemerkenswert.<\/p>","protected":false},"excerpt":{"rendered":"<p><img decoding=\"async\" class=\"size-full wp-image-5091 aligncenter\" src=\"https:\/\/www.safinel.fr\/wp-content\/uploads\/2021\/06\/BANNIERE-ICONE-SAFINEL.webp\" alt=\"Satines-R\u00fcckversicherung\" width=\"800\" height=\"200\" srcset=\"https:\/\/www.safinel.fr\/wp-content\/uploads\/2021\/06\/BANNIERE-ICONE-SAFINEL.webp 800w, https:\/\/www.safinel.fr\/wp-content\/uploads\/2021\/06\/BANNIERE-ICONE-SAFINEL-600x150.webp 600w, https:\/\/www.safinel.fr\/wp-content\/uploads\/2021\/06\/BANNIERE-ICONE-SAFINEL-768x192.webp 768w\" sizes=\"(max-width: 800px) 100vw, 800px\" \/><\/p>","protected":false},"featured_media":11051,"template":"","meta":[],"product_brand":[],"product_cat":[123],"product_tag":[],"class_list":{"0":"post-11050","1":"product","2":"type-product","3":"status-publish","4":"has-post-thumbnail","6":"product_cat-savon","8":"first","9":"instock","10":"shipping-taxable","11":"purchasable","12":"product-type-simple"},"yoast_head":"<!-- This site is optimized with the Yoast SEO plugin v26.6 - https:\/\/yoast.com\/wordpress\/plugins\/seo\/ -->\n<title>Savon \u00e9claircissant | Corps &amp; visage | White Secret<\/title>\n<meta name=\"description\" content=\"Le savon solide \u00e9claircissant White Secret\u00a0est un indispensable de votre routine de soins cutan\u00e9s. Adoptez-le sans plus attendre !\" \/>\n<meta name=\"robots\" content=\"index, follow, max-snippet:-1, max-image-preview:large, max-video-preview:-1\" \/>\n<link rel=\"canonical\" href=\"https:\/\/www.safinel.fr\/de\/product-2\/aufhellende-seife-white-secret\/\" \/>\n<meta property=\"og:locale\" content=\"de_DE\" \/>\n<meta property=\"og:type\" content=\"article\" \/>\n<meta property=\"og:title\" content=\"Savon \u00e9claircissant | Corps &amp; visage | White Secret\" \/>\n<meta property=\"og:description\" content=\"Le savon solide \u00e9claircissant White Secret\u00a0est un indispensable de votre routine de soins cutan\u00e9s. Adoptez-le sans plus attendre !\" \/>\n<meta property=\"og:url\" content=\"https:\/\/www.safinel.fr\/de\/product-2\/aufhellende-seife-white-secret\/\" \/>\n<meta property=\"og:site_name\" content=\"Safinel\" \/>\n<meta property=\"article:modified_time\" content=\"2025-06-28T01:23:25+00:00\" \/>\n<meta property=\"og:image\" content=\"https:\/\/www.safinel.fr\/wp-content\/uploads\/2024\/01\/Savon-Eclaircissant-Corps-Visage-White-Secret-\u2013-90g-.jpg\" \/>\n\t<meta property=\"og:image:width\" content=\"600\" \/>\n\t<meta property=\"og:image:height\" content=\"600\" \/>\n\t<meta property=\"og:image:type\" content=\"image\/jpeg\" \/>\n<meta name=\"twitter:card\" content=\"summary_large_image\" \/>\n<meta name=\"twitter:label1\" content=\"Gesch\u00e4tzte Lesezeit\" \/>\n\t<meta name=\"twitter:data1\" content=\"2\u00a0Minuten\" \/>\n<script type=\"application\/ld+json\" class=\"yoast-schema-graph\">{\"@context\":\"https:\/\/schema.org\",\"@graph\":[{\"@type\":\"WebPage\",\"@id\":\"https:\/\/www.safinel.fr\/produit\/savon-eclaircissant-white-secret\/\",\"url\":\"https:\/\/www.safinel.fr\/produit\/savon-eclaircissant-white-secret\/\",\"name\":\"Savon \u00e9claircissant | Corps & visage | White Secret\",\"isPartOf\":{\"@id\":\"https:\/\/www.safinel.fr\/#website\"},\"primaryImageOfPage\":{\"@id\":\"https:\/\/www.safinel.fr\/produit\/savon-eclaircissant-white-secret\/#primaryimage\"},\"image\":{\"@id\":\"https:\/\/www.safinel.fr\/produit\/savon-eclaircissant-white-secret\/#primaryimage\"},\"thumbnailUrl\":\"https:\/\/www.safinel.fr\/wp-content\/uploads\/2024\/01\/Savon-Eclaircissant-Corps-Visage-White-Secret-\u2013-90g-.jpg\",\"datePublished\":\"2024-01-20T14:43:52+00:00\",\"dateModified\":\"2025-06-28T01:23:25+00:00\",\"description\":\"Le savon solide \u00e9claircissant White Secret\u00a0est un indispensable de votre routine de soins cutan\u00e9s. Adoptez-le sans plus attendre !\",\"breadcrumb\":{\"@id\":\"https:\/\/www.safinel.fr\/produit\/savon-eclaircissant-white-secret\/#breadcrumb\"},\"inLanguage\":\"de\",\"potentialAction\":[{\"@type\":\"ReadAction\",\"target\":[\"https:\/\/www.safinel.fr\/produit\/savon-eclaircissant-white-secret\/\"]}]},{\"@type\":\"ImageObject\",\"inLanguage\":\"de\",\"@id\":\"https:\/\/www.safinel.fr\/produit\/savon-eclaircissant-white-secret\/#primaryimage\",\"url\":\"https:\/\/www.safinel.fr\/wp-content\/uploads\/2024\/01\/Savon-Eclaircissant-Corps-Visage-White-Secret-\u2013-90g-.jpg\",\"contentUrl\":\"https:\/\/www.safinel.fr\/wp-content\/uploads\/2024\/01\/Savon-Eclaircissant-Corps-Visage-White-Secret-\u2013-90g-.jpg\",\"width\":600,\"height\":600,\"caption\":\"Savon \u00e9claircissant (Corps & visage) 90g - White Secret\"},{\"@type\":\"BreadcrumbList\",\"@id\":\"https:\/\/www.safinel.fr\/produit\/savon-eclaircissant-white-secret\/#breadcrumb\",\"itemListElement\":[{\"@type\":\"ListItem\",\"position\":1,\"name\":\"Accueil\",\"item\":\"https:\/\/www.safinel.fr\/\"},{\"@type\":\"ListItem\",\"position\":2,\"name\":\"Boutique\",\"item\":\"https:\/\/www.safinel.fr\/boutique\/\"},{\"@type\":\"ListItem\",\"position\":3,\"name\":\"Savon \u00e9claircissant (Corps &#038; visage) 90g &#8211; White Secret\"}]},{\"@type\":\"WebSite\",\"@id\":\"https:\/\/www.safinel.fr\/#website\",\"url\":\"https:\/\/www.safinel.fr\/\",\"name\":\"Safinel\",\"description\":\"\",\"publisher\":{\"@id\":\"https:\/\/www.safinel.fr\/#organization\"},\"potentialAction\":[{\"@type\":\"SearchAction\",\"target\":{\"@type\":\"EntryPoint\",\"urlTemplate\":\"https:\/\/www.safinel.fr\/?s={search_term_string}\"},\"query-input\":{\"@type\":\"PropertyValueSpecification\",\"valueRequired\":true,\"valueName\":\"search_term_string\"}}],\"inLanguage\":\"de\"},{\"@type\":\"Organization\",\"@id\":\"https:\/\/www.safinel.fr\/#organization\",\"name\":\"Safinel\",\"url\":\"https:\/\/www.safinel.fr\/\",\"logo\":{\"@type\":\"ImageObject\",\"inLanguage\":\"de\",\"@id\":\"https:\/\/www.safinel.fr\/#\/schema\/logo\/image\/\",\"url\":\"https:\/\/www.safinel.fr\/wp-content\/uploads\/2021\/05\/boutique-cosmetique.png\",\"contentUrl\":\"https:\/\/www.safinel.fr\/wp-content\/uploads\/2021\/05\/boutique-cosmetique.png\",\"width\":800,\"height\":200,\"caption\":\"Safinel\"},\"image\":{\"@id\":\"https:\/\/www.safinel.fr\/#\/schema\/logo\/image\/\"}}]}<\/script>\n<!-- \/ Yoast SEO plugin. -->","yoast_head_json":{"title":"Aufhellende Seife | K\u00f6rper &amp; Gesicht | White Secret","description":"Die White Secret Aufhellende Feste Seife ist ein Muss f\u00fcr Ihre Hautpflegeroutine. Nehmen Sie sie sofort in Ihr Sortiment auf!","robots":{"index":"index","follow":"follow","max-snippet":"max-snippet:-1","max-image-preview":"max-image-preview:large","max-video-preview":"max-video-preview:-1"},"canonical":"https:\/\/www.safinel.fr\/de\/product-2\/aufhellende-seife-white-secret\/","og_locale":"de_DE","og_type":"article","og_title":"Savon \u00e9claircissant | Corps & visage | White Secret","og_description":"Le savon solide \u00e9claircissant White Secret\u00a0est un indispensable de votre routine de soins cutan\u00e9s. Adoptez-le sans plus attendre !","og_url":"https:\/\/www.safinel.fr\/de\/product-2\/aufhellende-seife-white-secret\/","og_site_name":"Safinel","article_modified_time":"2025-06-28T01:23:25+00:00","og_image":[{"width":600,"height":600,"url":"https:\/\/www.safinel.fr\/wp-content\/uploads\/2024\/01\/Savon-Eclaircissant-Corps-Visage-White-Secret-\u2013-90g-.jpg","type":"image\/jpeg"}],"twitter_card":"summary_large_image","twitter_misc":{"Gesch\u00e4tzte Lesezeit":"2\u00a0Minuten"},"schema":{"@context":"https:\/\/schema.org","@graph":[{"@type":"WebPage","@id":"https:\/\/www.safinel.fr\/produit\/savon-eclaircissant-white-secret\/","url":"https:\/\/www.safinel.fr\/produit\/savon-eclaircissant-white-secret\/","name":"Aufhellende Seife | K\u00f6rper &amp; Gesicht | White Secret","isPartOf":{"@id":"https:\/\/www.safinel.fr\/#website"},"primaryImageOfPage":{"@id":"https:\/\/www.safinel.fr\/produit\/savon-eclaircissant-white-secret\/#primaryimage"},"image":{"@id":"https:\/\/www.safinel.fr\/produit\/savon-eclaircissant-white-secret\/#primaryimage"},"thumbnailUrl":"https:\/\/www.safinel.fr\/wp-content\/uploads\/2024\/01\/Savon-Eclaircissant-Corps-Visage-White-Secret-\u2013-90g-.jpg","datePublished":"2024-01-20T14:43:52+00:00","dateModified":"2025-06-28T01:23:25+00:00","description":"Die White Secret Aufhellende Feste Seife ist ein Muss f\u00fcr Ihre Hautpflegeroutine. Nehmen Sie sie sofort in Ihr Sortiment auf!","breadcrumb":{"@id":"https:\/\/www.safinel.fr\/produit\/savon-eclaircissant-white-secret\/#breadcrumb"},"inLanguage":"de","potentialAction":[{"@type":"ReadAction","target":["https:\/\/www.safinel.fr\/produit\/savon-eclaircissant-white-secret\/"]}]},{"@type":"ImageObject","inLanguage":"de","@id":"https:\/\/www.safinel.fr\/produit\/savon-eclaircissant-white-secret\/#primaryimage","url":"https:\/\/www.safinel.fr\/wp-content\/uploads\/2024\/01\/Savon-Eclaircissant-Corps-Visage-White-Secret-\u2013-90g-.jpg","contentUrl":"https:\/\/www.safinel.fr\/wp-content\/uploads\/2024\/01\/Savon-Eclaircissant-Corps-Visage-White-Secret-\u2013-90g-.jpg","width":600,"height":600,"caption":"Savon \u00e9claircissant (Corps & visage) 90g - White Secret"},{"@type":"BreadcrumbList","@id":"https:\/\/www.safinel.fr\/produit\/savon-eclaircissant-white-secret\/#breadcrumb","itemListElement":[{"@type":"ListItem","position":1,"name":"Accueil","item":"https:\/\/www.safinel.fr\/"},{"@type":"ListItem","position":2,"name":"Boutique","item":"https:\/\/www.safinel.fr\/boutique\/"},{"@type":"ListItem","position":3,"name":"Savon \u00e9claircissant (Corps &#038; visage) 90g &#8211; White Secret"}]},{"@type":"WebSite","@id":"https:\/\/www.safinel.fr\/#website","url":"https:\/\/www.safinel.fr\/","name":"Safinel","description":"","publisher":{"@id":"https:\/\/www.safinel.fr\/#organization"},"potentialAction":[{"@type":"SearchAction","target":{"@type":"EntryPoint","urlTemplate":"https:\/\/www.safinel.fr\/?s={search_term_string}"},"query-input":{"@type":"PropertyValueSpecification","valueRequired":true,"valueName":"search_term_string"}}],"inLanguage":"de"},{"@type":"Organization","@id":"https:\/\/www.safinel.fr\/#organization","name":"Safinel","url":"https:\/\/www.safinel.fr\/","logo":{"@type":"ImageObject","inLanguage":"de","@id":"https:\/\/www.safinel.fr\/#\/schema\/logo\/image\/","url":"https:\/\/www.safinel.fr\/wp-content\/uploads\/2021\/05\/boutique-cosmetique.png","contentUrl":"https:\/\/www.safinel.fr\/wp-content\/uploads\/2021\/05\/boutique-cosmetique.png","width":800,"height":200,"caption":"Safinel"},"image":{"@id":"https:\/\/www.safinel.fr\/#\/schema\/logo\/image\/"}}]}},"_links":{"self":[{"href":"https:\/\/www.safinel.fr\/de\/wp-json\/wp\/v2\/product\/11050","targetHints":{"allow":["GET"]}}],"collection":[{"href":"https:\/\/www.safinel.fr\/de\/wp-json\/wp\/v2\/product"}],"about":[{"href":"https:\/\/www.safinel.fr\/de\/wp-json\/wp\/v2\/types\/product"}],"wp:featuredmedia":[{"embeddable":true,"href":"https:\/\/www.safinel.fr\/de\/wp-json\/wp\/v2\/media\/11051"}],"wp:attachment":[{"href":"https:\/\/www.safinel.fr\/de\/wp-json\/wp\/v2\/media?parent=11050"}],"wp:term":[{"taxonomy":"product_brand","embeddable":true,"href":"https:\/\/www.safinel.fr\/de\/wp-json\/wp\/v2\/product_brand?post=11050"},{"taxonomy":"product_cat","embeddable":true,"href":"https:\/\/www.safinel.fr\/de\/wp-json\/wp\/v2\/product_cat?post=11050"},{"taxonomy":"product_tag","embeddable":true,"href":"https:\/\/www.safinel.fr\/de\/wp-json\/wp\/v2\/product_tag?post=11050"}],"curies":[{"name":"wp","href":"https:\/\/api.w.org\/{rel}","templated":true}]}}