{"id":10971,"date":"2024-01-17T16:39:39","date_gmt":"2024-01-17T16:39:39","guid":{"rendered":"https:\/\/www.safinel.fr\/?post_type=product&#038;p=10971"},"modified":"2025-11-30T21:10:01","modified_gmt":"2025-11-30T21:10:01","slug":"softwave-haar","status":"publish","type":"product","link":"https:\/\/www.safinel.fr\/de\/product-2\/softwave-haar\/","title":{"rendered":"Softwave (Afrikanisches Produkt wave Haar)"},"content":{"rendered":"<p>Haben Sie schon immer von sch\u00f6nem, lockigem oder welligem Haar getr\u00e4umt? Haben Sie genug von st\u00e4ndig krausem Haar und w\u00fcnschen sich eine geschmeidige, gl\u00e4nzende M\u00e4hne? Die Antwort auf Ihre Haarprobleme k\u00f6nnte in einem afrikanischen Wave-Hair-Produkt liegen. In diesem Artikel stellen wir Ihnen die Vorteile dieser innovativen und effektiven L\u00f6sung vor, um Haare zu bekommen.\u00a0<strong>softwaves<\/strong>\u00a0perfekt.<\/p>\n<h2><strong>Afrikanische Produkte zur Haarwellung: eine technologische Innovation<\/strong><\/h2>\n<p>Die Verwendung von Haarpflegeprodukten afrikanischen Ursprungs reicht Jahrhunderte zur\u00fcck, doch erst in j\u00fcngster Zeit wurde ihre Verwendung dank der Fortschritte in der Medizin auch auf den Rest der Welt \u00fcbertragen.\u00a0<strong>Technologie<\/strong>. Dazu geh\u00f6rt das afrikanische Produkt \u00abwave\u00bb, das dem Haar eine nat\u00fcrliche wellige Textur verleiht, die auch als Softwaves bezeichnet wird.<\/p>\n<h3><strong>Eine nat\u00fcrliche Zusammensetzung, die die Haarfaser respektiert<\/strong><\/h3>\n<p>Afrikanische Produkte zur Haarwelle bestehen in der Regel aus nat\u00fcrlichen Inhaltsstoffen wie Pflanzen\u00f6len, Sheabutter, Bienenwachs und Pflanzenextrakten. Diese Elemente zeichnen sich dadurch aus, dass sie dem Haar sehr gut tun, da sie es tiefgreifend n\u00e4hren und vor \u00e4u\u00dferen Einfl\u00fcssen sch\u00fctzen. Au\u00dferdem verringert sich durch ihre Verwendung das Risiko von Allergien und unerw\u00fcnschten Nebenwirkungen.<\/p>\n<h3><strong>Einfache Anwendung f\u00fcr ein schnelles Ergebnis<\/strong><\/h3>\n<p>Ein weiterer gro\u00dfer Vorteil von afrikanischen Wave-Hair-Produkten ist zweifellos ihre einfache Anwendung. Sie k\u00f6nnen diese Art von Produkten gem\u00e4\u00df der mitgelieferten Gebrauchsanweisung auf Ihr feuchtes oder trockenes Haar auftragen. Der Vorgang geht in der Regel recht schnell (einige Minuten bis eine halbe Stunde). Danach m\u00fcssen Sie Ihr Haar nur noch nat\u00fcrlich trocknen lassen oder einen F\u00f6hn verwenden, um ein optimales Ergebnis zu erzielen. Sobald das Haar trocken ist, sind Sie bereit, Ihre neue Frisur zur Schau zu stellen\u00a0<strong>softwave<\/strong>.<\/p>\n<h2><strong>Die Vorteile von Softwaves, die mit dem African Wave Hair Produkt erzielt werden<\/strong><\/h2>\n<p>Sich f\u00fcr ein afrikanisches Wave-Hair-Produkt zu entscheiden, um Softwaves zu erhalten, hat mehrere Vorteile:<\/p>\n<ol>\n<li><strong>Nat\u00fcrliche Neugestaltung der Haarform :<\/strong>\u00a0Im Gegensatz zu Gl\u00e4tteisen, Lockenst\u00e4ben und anderen Heizger\u00e4ten, die Ihr Haar bei zu h\u00e4ufiger Anwendung ernsthaft sch\u00e4digen k\u00f6nnen, schonen diese Produkte die Haarfaser auf sanfte Weise, um nat\u00fcrliche Wellen zu erzeugen. Sie eignen sich daher besonders f\u00fcr Menschen mit feinem, br\u00fcchigem oder empfindlichem Haar.<\/li>\n<li><strong>N\u00e4hren und reparieren Sie Ihr Haar :<\/strong>\u00a0wie bereits erw\u00e4hnt, wirken die nat\u00fcrlichen Inhaltsstoffe, die in diesen Produkten enthalten sind, tief in Ihrem Haar und versorgen es mit den N\u00e4hrstoffen, die es braucht. Ihr Haar wird dadurch kr\u00e4ftiger, gl\u00e4nzender und strahlender und ges\u00fcnder.<\/li>\n<li><strong>Effektive Kontrolle von Frizz :<\/strong>\u00a0die softwaves, die durch die Verwendung eines afrikanischen wave hair-Produkts erzielt werden, b\u00e4ndigen krauses Haar selbst unter feuchten Bedingungen effektiv. Dadurch erhalten Sie den ganzen Tag \u00fcber eine saubere und gepflegte Frisur.<\/li>\n<\/ol>\n<h2><strong>Kriterien, die Sie bei der Auswahl Ihres Africain Wave Hair-Produkts ber\u00fccksichtigen sollten<\/strong><\/h2>\n<p>Um das richtige Africain Wave Hair-Produkt f\u00fcr Ihre Bed\u00fcrfnisse auszuw\u00e4hlen, sollten Sie Folgendes beachten:<\/p>\n<ul>\n<li><strong>Zusammensetzung :<\/strong>\u00a0achten Sie darauf, dass das Produkt haupts\u00e4chlich nat\u00fcrliche Inhaltsstoffe enth\u00e4lt, die die Haarfaser schonen.<\/li>\n<li><strong>Haartyp :<\/strong>\u00a0einige Produkte funktionieren am besten bei dickem oder krausem Haar. \u00dcberpr\u00fcfen Sie also, ob das Produkt f\u00fcr den Haartyp geeignet ist, den Sie bearbeiten m\u00f6chten.<\/li>\n<li><strong>Die Setzzeit :<\/strong>\u00a0achten Sie darauf, ein Produkt mit schneller Anwendung zu w\u00e4hlen, wenn Sie es eilig haben oder wenn Sie vor einer Party oder einer wichtigen Veranstaltung schnell Softwaves herstellen m\u00f6chten.<\/li>\n<li><strong>Preis :<\/strong>\u00a0wie bei jedem Kauf ist es wichtig, den richtigen Kompromiss zwischen Qualit\u00e4t und Preis zu finden. Seien Sie sich bewusst, dass ein billiges Produkt weniger wirksam sein kann, aber auch, dass ein zu teures Produkt nicht unbedingt besser f\u00fcr Ihr Haar ist.<\/li>\n<\/ul>\n<p>Alles in allem sind afrikanische Wave-Hair-Produkte eine effektive und innovative L\u00f6sung, um Softwaves zu erzielen, ohne die Haarfaser zu sch\u00e4digen. Ihre Anwendung bietet zahlreiche Vorteile sowohl f\u00fcr die \u00c4sthetik als auch f\u00fcr die Gesundheit Ihres Haars. Z\u00f6gern Sie nicht, sich weiter zu informieren und diese wundersamen Produkte selbst auszuprobieren!<\/p>","protected":false},"excerpt":{"rendered":"<p><img decoding=\"async\" class=\"size-full wp-image-5091 aligncenter\" src=\"https:\/\/www.safinel.fr\/wp-content\/uploads\/2021\/06\/BANNIERE-ICONE-SAFINEL.webp\" alt=\"Satines-R\u00fcckversicherung\" width=\"800\" height=\"200\" srcset=\"https:\/\/www.safinel.fr\/wp-content\/uploads\/2021\/06\/BANNIERE-ICONE-SAFINEL.webp 800w, https:\/\/www.safinel.fr\/wp-content\/uploads\/2021\/06\/BANNIERE-ICONE-SAFINEL-600x150.webp 600w, https:\/\/www.safinel.fr\/wp-content\/uploads\/2021\/06\/BANNIERE-ICONE-SAFINEL-768x192.webp 768w\" sizes=\"(max-width: 800px) 100vw, 800px\" \/><\/p>","protected":false},"featured_media":10973,"template":"","meta":[],"product_brand":[],"product_cat":[146],"product_tag":[],"class_list":{"0":"post-10971","1":"product","2":"type-product","3":"status-publish","4":"has-post-thumbnail","6":"product_cat-produit-cheveux","8":"first","9":"outofstock","10":"shipping-taxable","11":"purchasable","12":"product-type-simple"},"yoast_head":"<!-- This site is optimized with the Yoast SEO plugin v26.6 - https:\/\/yoast.com\/wordpress\/plugins\/seo\/ -->\n<title>Softwave | Produit africain wave cheveux | Bienfaits nombreux<\/title>\n<meta name=\"description\" content=\"Vous avez toujours r\u00eav\u00e9 d&#039;avoir des cheveux magnifiques, boucl\u00e9s ou ondul\u00e9s\u00a0? D\u00e9couvrez Softwave, le produit africain wave cheveux.\" \/>\n<meta name=\"robots\" content=\"index, follow, max-snippet:-1, max-image-preview:large, max-video-preview:-1\" \/>\n<link rel=\"canonical\" href=\"https:\/\/www.safinel.fr\/de\/product-2\/softwave-haar\/\" \/>\n<meta property=\"og:locale\" content=\"de_DE\" \/>\n<meta property=\"og:type\" content=\"article\" \/>\n<meta property=\"og:title\" content=\"Softwave | Produit africain wave cheveux | Bienfaits nombreux\" \/>\n<meta property=\"og:description\" content=\"Vous avez toujours r\u00eav\u00e9 d&#039;avoir des cheveux magnifiques, boucl\u00e9s ou ondul\u00e9s\u00a0? D\u00e9couvrez Softwave, le produit africain wave cheveux.\" \/>\n<meta property=\"og:url\" content=\"https:\/\/www.safinel.fr\/de\/product-2\/softwave-haar\/\" \/>\n<meta property=\"og:site_name\" content=\"Safinel\" \/>\n<meta property=\"article:modified_time\" content=\"2025-11-30T21:10:01+00:00\" \/>\n<meta property=\"og:image\" content=\"https:\/\/www.safinel.fr\/wp-content\/uploads\/2024\/01\/Softwave-Produit-africain-wave-cheveux.jpg\" \/>\n\t<meta property=\"og:image:width\" content=\"600\" \/>\n\t<meta property=\"og:image:height\" content=\"600\" \/>\n\t<meta property=\"og:image:type\" content=\"image\/jpeg\" \/>\n<meta name=\"twitter:card\" content=\"summary_large_image\" \/>\n<meta name=\"twitter:label1\" content=\"Gesch\u00e4tzte Lesezeit\" \/>\n\t<meta name=\"twitter:data1\" content=\"3\u00a0Minuten\" \/>\n<script type=\"application\/ld+json\" class=\"yoast-schema-graph\">{\"@context\":\"https:\/\/schema.org\",\"@graph\":[{\"@type\":\"WebPage\",\"@id\":\"https:\/\/www.safinel.fr\/produit\/softwave-cheveux\/\",\"url\":\"https:\/\/www.safinel.fr\/produit\/softwave-cheveux\/\",\"name\":\"Softwave | Produit africain wave cheveux | Bienfaits nombreux\",\"isPartOf\":{\"@id\":\"https:\/\/www.safinel.fr\/#website\"},\"primaryImageOfPage\":{\"@id\":\"https:\/\/www.safinel.fr\/produit\/softwave-cheveux\/#primaryimage\"},\"image\":{\"@id\":\"https:\/\/www.safinel.fr\/produit\/softwave-cheveux\/#primaryimage\"},\"thumbnailUrl\":\"https:\/\/www.safinel.fr\/wp-content\/uploads\/2024\/01\/Softwave-Produit-africain-wave-cheveux.jpg\",\"datePublished\":\"2024-01-17T16:39:39+00:00\",\"dateModified\":\"2025-11-30T21:10:01+00:00\",\"description\":\"Vous avez toujours r\u00eav\u00e9 d'avoir des cheveux magnifiques, boucl\u00e9s ou ondul\u00e9s\u00a0? D\u00e9couvrez Softwave, le produit africain wave cheveux.\",\"breadcrumb\":{\"@id\":\"https:\/\/www.safinel.fr\/produit\/softwave-cheveux\/#breadcrumb\"},\"inLanguage\":\"de\",\"potentialAction\":[{\"@type\":\"ReadAction\",\"target\":[\"https:\/\/www.safinel.fr\/produit\/softwave-cheveux\/\"]}]},{\"@type\":\"ImageObject\",\"inLanguage\":\"de\",\"@id\":\"https:\/\/www.safinel.fr\/produit\/softwave-cheveux\/#primaryimage\",\"url\":\"https:\/\/www.safinel.fr\/wp-content\/uploads\/2024\/01\/Softwave-Produit-africain-wave-cheveux.jpg\",\"contentUrl\":\"https:\/\/www.safinel.fr\/wp-content\/uploads\/2024\/01\/Softwave-Produit-africain-wave-cheveux.jpg\",\"width\":600,\"height\":600,\"caption\":\"Softwave (Produit africain wave cheveux)\"},{\"@type\":\"BreadcrumbList\",\"@id\":\"https:\/\/www.safinel.fr\/produit\/softwave-cheveux\/#breadcrumb\",\"itemListElement\":[{\"@type\":\"ListItem\",\"position\":1,\"name\":\"Accueil\",\"item\":\"https:\/\/www.safinel.fr\/\"},{\"@type\":\"ListItem\",\"position\":2,\"name\":\"Boutique\",\"item\":\"https:\/\/www.safinel.fr\/boutique\/\"},{\"@type\":\"ListItem\",\"position\":3,\"name\":\"Softwave (Produit africain wave cheveux)\"}]},{\"@type\":\"WebSite\",\"@id\":\"https:\/\/www.safinel.fr\/#website\",\"url\":\"https:\/\/www.safinel.fr\/\",\"name\":\"Safinel\",\"description\":\"\",\"publisher\":{\"@id\":\"https:\/\/www.safinel.fr\/#organization\"},\"potentialAction\":[{\"@type\":\"SearchAction\",\"target\":{\"@type\":\"EntryPoint\",\"urlTemplate\":\"https:\/\/www.safinel.fr\/?s={search_term_string}\"},\"query-input\":{\"@type\":\"PropertyValueSpecification\",\"valueRequired\":true,\"valueName\":\"search_term_string\"}}],\"inLanguage\":\"de\"},{\"@type\":\"Organization\",\"@id\":\"https:\/\/www.safinel.fr\/#organization\",\"name\":\"Safinel\",\"url\":\"https:\/\/www.safinel.fr\/\",\"logo\":{\"@type\":\"ImageObject\",\"inLanguage\":\"de\",\"@id\":\"https:\/\/www.safinel.fr\/#\/schema\/logo\/image\/\",\"url\":\"https:\/\/www.safinel.fr\/wp-content\/uploads\/2021\/05\/boutique-cosmetique.png\",\"contentUrl\":\"https:\/\/www.safinel.fr\/wp-content\/uploads\/2021\/05\/boutique-cosmetique.png\",\"width\":800,\"height\":200,\"caption\":\"Safinel\"},\"image\":{\"@id\":\"https:\/\/www.safinel.fr\/#\/schema\/logo\/image\/\"}}]}<\/script>\n<!-- \/ Yoast SEO plugin. -->","yoast_head_json":{"title":"Softwave | Afrikanisches Produkt wave Haar | Zahlreiche Vorteile","description":"Haben Sie schon immer von wundersch\u00f6nem, lockigem oder welligem Haar getr\u00e4umt? Entdecken Sie Softwave, das afrikanische Wave-Hair-Produkt.","robots":{"index":"index","follow":"follow","max-snippet":"max-snippet:-1","max-image-preview":"max-image-preview:large","max-video-preview":"max-video-preview:-1"},"canonical":"https:\/\/www.safinel.fr\/de\/product-2\/softwave-haar\/","og_locale":"de_DE","og_type":"article","og_title":"Softwave | Produit africain wave cheveux | Bienfaits nombreux","og_description":"Vous avez toujours r\u00eav\u00e9 d'avoir des cheveux magnifiques, boucl\u00e9s ou ondul\u00e9s\u00a0? D\u00e9couvrez Softwave, le produit africain wave cheveux.","og_url":"https:\/\/www.safinel.fr\/de\/product-2\/softwave-haar\/","og_site_name":"Safinel","article_modified_time":"2025-11-30T21:10:01+00:00","og_image":[{"width":600,"height":600,"url":"https:\/\/www.safinel.fr\/wp-content\/uploads\/2024\/01\/Softwave-Produit-africain-wave-cheveux.jpg","type":"image\/jpeg"}],"twitter_card":"summary_large_image","twitter_misc":{"Gesch\u00e4tzte Lesezeit":"3\u00a0Minuten"},"schema":{"@context":"https:\/\/schema.org","@graph":[{"@type":"WebPage","@id":"https:\/\/www.safinel.fr\/produit\/softwave-cheveux\/","url":"https:\/\/www.safinel.fr\/produit\/softwave-cheveux\/","name":"Softwave | Afrikanisches Produkt wave Haar | Zahlreiche Vorteile","isPartOf":{"@id":"https:\/\/www.safinel.fr\/#website"},"primaryImageOfPage":{"@id":"https:\/\/www.safinel.fr\/produit\/softwave-cheveux\/#primaryimage"},"image":{"@id":"https:\/\/www.safinel.fr\/produit\/softwave-cheveux\/#primaryimage"},"thumbnailUrl":"https:\/\/www.safinel.fr\/wp-content\/uploads\/2024\/01\/Softwave-Produit-africain-wave-cheveux.jpg","datePublished":"2024-01-17T16:39:39+00:00","dateModified":"2025-11-30T21:10:01+00:00","description":"Haben Sie schon immer von wundersch\u00f6nem, lockigem oder welligem Haar getr\u00e4umt? Entdecken Sie Softwave, das afrikanische Wave-Hair-Produkt.","breadcrumb":{"@id":"https:\/\/www.safinel.fr\/produit\/softwave-cheveux\/#breadcrumb"},"inLanguage":"de","potentialAction":[{"@type":"ReadAction","target":["https:\/\/www.safinel.fr\/produit\/softwave-cheveux\/"]}]},{"@type":"ImageObject","inLanguage":"de","@id":"https:\/\/www.safinel.fr\/produit\/softwave-cheveux\/#primaryimage","url":"https:\/\/www.safinel.fr\/wp-content\/uploads\/2024\/01\/Softwave-Produit-africain-wave-cheveux.jpg","contentUrl":"https:\/\/www.safinel.fr\/wp-content\/uploads\/2024\/01\/Softwave-Produit-africain-wave-cheveux.jpg","width":600,"height":600,"caption":"Softwave (Produit africain wave cheveux)"},{"@type":"BreadcrumbList","@id":"https:\/\/www.safinel.fr\/produit\/softwave-cheveux\/#breadcrumb","itemListElement":[{"@type":"ListItem","position":1,"name":"Accueil","item":"https:\/\/www.safinel.fr\/"},{"@type":"ListItem","position":2,"name":"Boutique","item":"https:\/\/www.safinel.fr\/boutique\/"},{"@type":"ListItem","position":3,"name":"Softwave (Produit africain wave cheveux)"}]},{"@type":"WebSite","@id":"https:\/\/www.safinel.fr\/#website","url":"https:\/\/www.safinel.fr\/","name":"Safinel","description":"","publisher":{"@id":"https:\/\/www.safinel.fr\/#organization"},"potentialAction":[{"@type":"SearchAction","target":{"@type":"EntryPoint","urlTemplate":"https:\/\/www.safinel.fr\/?s={search_term_string}"},"query-input":{"@type":"PropertyValueSpecification","valueRequired":true,"valueName":"search_term_string"}}],"inLanguage":"de"},{"@type":"Organization","@id":"https:\/\/www.safinel.fr\/#organization","name":"Safinel","url":"https:\/\/www.safinel.fr\/","logo":{"@type":"ImageObject","inLanguage":"de","@id":"https:\/\/www.safinel.fr\/#\/schema\/logo\/image\/","url":"https:\/\/www.safinel.fr\/wp-content\/uploads\/2021\/05\/boutique-cosmetique.png","contentUrl":"https:\/\/www.safinel.fr\/wp-content\/uploads\/2021\/05\/boutique-cosmetique.png","width":800,"height":200,"caption":"Safinel"},"image":{"@id":"https:\/\/www.safinel.fr\/#\/schema\/logo\/image\/"}}]}},"_links":{"self":[{"href":"https:\/\/www.safinel.fr\/de\/wp-json\/wp\/v2\/product\/10971","targetHints":{"allow":["GET"]}}],"collection":[{"href":"https:\/\/www.safinel.fr\/de\/wp-json\/wp\/v2\/product"}],"about":[{"href":"https:\/\/www.safinel.fr\/de\/wp-json\/wp\/v2\/types\/product"}],"wp:featuredmedia":[{"embeddable":true,"href":"https:\/\/www.safinel.fr\/de\/wp-json\/wp\/v2\/media\/10973"}],"wp:attachment":[{"href":"https:\/\/www.safinel.fr\/de\/wp-json\/wp\/v2\/media?parent=10971"}],"wp:term":[{"taxonomy":"product_brand","embeddable":true,"href":"https:\/\/www.safinel.fr\/de\/wp-json\/wp\/v2\/product_brand?post=10971"},{"taxonomy":"product_cat","embeddable":true,"href":"https:\/\/www.safinel.fr\/de\/wp-json\/wp\/v2\/product_cat?post=10971"},{"taxonomy":"product_tag","embeddable":true,"href":"https:\/\/www.safinel.fr\/de\/wp-json\/wp\/v2\/product_tag?post=10971"}],"curies":[{"name":"wp","href":"https:\/\/api.w.org\/{rel}","templated":true}]}}