{"id":10946,"date":"2024-01-17T12:37:33","date_gmt":"2024-01-17T12:37:33","guid":{"rendered":"https:\/\/www.safinel.fr\/?post_type=product&#038;p=10946"},"modified":"2024-08-06T14:15:05","modified_gmt":"2024-08-06T14:15:05","slug":"attote-in-naturlichem-pulver","status":"publish","type":"product","link":"https:\/\/www.safinel.fr\/de\/product-2\/attote-in-naturlichem-pulver\/","title":{"rendered":"Nat\u00fcrliches pflanzliches Attotepulver"},"content":{"rendered":"<p>L\u2019<strong>Attote in Pulverform<\/strong>\u00a0ist ein traditionelles Pr\u00e4parat aus Afrika, das insbesondere wegen seiner zahlreichen positiven Wirkungen auf die Gesundheit und die Vitalit\u00e4t des K\u00f6rpers verwendet wird. Erfahren Sie mehr \u00fcber die unglaublichen Eigenschaften dieses nat\u00fcrlichen Nahrungserg\u00e4nzungsmittels und wie Sie es in Ihren Alltag integrieren k\u00f6nnen, um von seinen Vorteilen zu profitieren.<\/p>\n<h2><strong>Was ist Attotepulver?<\/strong><\/h2>\n<p>Attote, auch bekannt unter dem wissenschaftlichen Namen\u00a0<em>Dissotis Rotundifolia<\/em>, ist eine tropische Pflanze, die haupts\u00e4chlich in Westafrika w\u00e4chst. Sie wird seit Jahrhunderten von der lokalen Bev\u00f6lkerung zur Zubereitung eines energiespendenden und revitalisierenden Getr\u00e4nks verwendet, das vor oder nach anstrengenden k\u00f6rperlichen Aktivit\u00e4ten wie landwirtschaftlicher Arbeit oder langen Wanderungen getrunken wird.<\/p>\n<p>Dieses Getr\u00e4nk wird aus den getrockneten Bl\u00e4ttern der Pflanze gewonnen, die f\u00fcr eine schnelle und einfache Verwendung fein gemahlen werden. Das Pulver kann dann mit Wasser, Milch oder einer anderen Fl\u00fcssigkeit Ihrer Wahl vermischt werden, um ein k\u00f6stliches Getr\u00e4nk zuzubereiten, das reich an wichtigen N\u00e4hrstoffen wie Vitaminen, Mineralien und Antioxidantien ist.<\/p>\n<h2><strong>Die gesundheitlichen Vorteile von Attotepulver<\/strong><\/h2>\n<ul>\n<li><strong>Nat\u00fcrliche Energiequelle<\/strong><\/li>\n<\/ul>\n<p>Attotepulver wird gesch\u00e4tzt f\u00fcr seine\u00a0<strong>stimulierende und energiespendende Eigenschaften<\/strong>, Sie helfen bei der Bek\u00e4mpfung von k\u00f6rperlicher und geistiger Ersch\u00f6pfung. Diese <a href=\"https:\/\/www.safinel.fr\/de\/product-2\/jus-attote\/\"><strong>nat\u00fcrliches Getr\u00e4nk<\/strong><\/a> ist ideal, um Ihnen in Zeiten geringerer Fitness neue Energie zu geben oder Ihre sportliche Leistung zu steigern, ohne auf industriell hergestellte Energydrinks zur\u00fcckgreifen zu m\u00fcssen, die oft reich an Zucker und k\u00fcnstlichen Zusatzstoffen sind.<\/p>\n<ul>\n<li><strong>Eine Unterst\u00fctzung f\u00fcr das Immunsystem<\/strong><\/li>\n<\/ul>\n<p>Dank seines hohen Gehalts an Vitamin C, Antioxidantien und anderen Phyton\u00e4hrstoffverbindungen hilft Attotepulver auch dabei, die nat\u00fcrlichen Abwehrkr\u00e4fte des K\u00f6rpers zu st\u00e4rken. Wenn Sie dieses Getr\u00e4nk regelm\u00e4\u00dfig zu sich nehmen, k\u00f6nnen Sie so dazu beitragen, h\u00e4ufigen Infektionen und Krankheiten vorzubeugen und gleichzeitig f\u00fcr ein gut funktionierendes Immunsystem zu sorgen.<\/p>\n<ul>\n<li><strong>Hilft bei der Verdauung<\/strong><\/li>\n<\/ul>\n<p>Attote-Pulver ist reich an Ballaststoffen, die eine gute Verdauung und einen regelm\u00e4\u00dfigen Stuhlgang f\u00f6rdern. Da es die Gesundheit des Verdauungssystems verbessert, kann es unter anderem zur Linderung verschiedener Darmbeschwerden wie Bl\u00e4hungen, Bauchschmerzen und Verdauungsst\u00f6rungen beitragen.<\/p>\n<ul>\n<li><strong>Ein Verb\u00fcndeter f\u00fcr die kardiovaskul\u00e4re Gesundheit<\/strong><\/li>\n<\/ul>\n<p>Einige Studien deuten darauf hin, dass pulverisiertes Attotin positive Auswirkungen auf die Gesundheit des Herzens und der Blutgef\u00e4\u00dfe haben k\u00f6nnte. Tats\u00e4chlich tragen die in der Pflanze enthaltenen Antioxidantien und andere N\u00e4hrstoffe dazu bei, die Gef\u00e4\u00dfzellen vor oxidativen Sch\u00e4den zu sch\u00fctzen, w\u00e4hrend sie gleichzeitig helfen, den Blutdruck zu regulieren und die Durchblutung zu verbessern.<\/p>\n<h2><strong>Wie konsumiert man dieses afrikanische Getr\u00e4nk?<\/strong><\/h2>\n<p>Die Einnahme von Attotepulver ist einfach und praktisch, da es in der Regel in einzelnen Beuteln angeboten wird, die leicht zu transportieren und zu verwenden sind. Hier sind einige Ideen, wie Sie dieses nat\u00fcrliche Pr\u00e4parat in Ihre t\u00e4gliche Routine integrieren k\u00f6nnen :<\/p>\n<ol>\n<li><strong>In einem Getr\u00e4nk :<\/strong>\u00a0mischen Sie einfach einen Teel\u00f6ffel Attotepulver mit Wasser, Milch oder Fruchtsaft und genie\u00dfen Sie dieses k\u00f6stliche, erfrischende und belebende Getr\u00e4nk. Sie k\u00f6nnen auch einige Eisw\u00fcrfel hinzuf\u00fcgen und das Ganze mixen, um einen noch frischeren und leckereren Smoothie zu erhalten.<\/li>\n<li><strong>Zum Fr\u00fchst\u00fcck :<\/strong>\u00a0streuen Sie eine kleine Menge Attotepulver \u00fcber Ihr M\u00fcsli, Ihren Joghurt oder Porridge, um schon morgens von seinen Vorteilen zu profitieren, ohne den Geschmack Ihrer Lieblingsspeisen wesentlich zu ver\u00e4ndern.<\/li>\n<li><strong>In der K\u00fcche :<\/strong>\u00a0integrieren Sie Attotepulver in s\u00fc\u00dfe oder herzhafte Rezepte wie Suppen, Saucen, Desserts oder Geb\u00e4ck, um ihnen einen exotischen Touch zu verleihen und von seinen ern\u00e4hrungsphysiologischen Vorteilen zu profitieren.<\/li>\n<\/ol>\n<h3><strong>Die Wahl des Attotepulvers<\/strong><\/h3>\n<p>Um die Vorteile von Attotepulver voll aussch\u00f6pfen zu k\u00f6nnen, ist es wichtig, sich f\u00fcr ein Qualit\u00e4tsprodukt zu entscheiden, das aus einer zuverl\u00e4ssigen und umweltfreundlichen Quelle stammt. Auf dem Markt finden Sie verschiedene Marken und Aufmachungen des Pulvers, z. B. einzelne Beutel oder Schachteln mit mehreren Portionen.<\/p>\n<p>Bei Ihrer\u00a0<strong>Auswahl<\/strong>, Bei der Auswahl des Produkts sollten Sie vor allem darauf achten, dass es sich um ein nat\u00fcrliches 100%-Produkt ohne k\u00fcnstliche Zusatz- und Konservierungsstoffe handelt und dass es sich um ein Produkt mit Bio- oder Fairtrade-Zertifizierung handelt, die eine Produktion garantiert, bei der die Arbeiter und die biologische Vielfalt respektiert werden. Z\u00f6gern Sie schlie\u00dflich nicht, Preise und Formate zu vergleichen, um das Attotepulver zu finden, das Ihren Bed\u00fcrfnissen und Ihrem Budget am besten entspricht.<\/p>\n<p>Wenn Sie also das Attotepulver in Ihren Alltag integrieren, k\u00f6nnen Sie von seinen zahlreichen gesundheitlichen Vorteilen profitieren und gleichzeitig neue Geschmacksrichtungen und Texturen entdecken, die Ihrer Ern\u00e4hrung einen Hauch von Exotik und Vitalit\u00e4t verleihen. Worauf warten Sie also noch, um dem Charme dieses afrikanischen Zaubertranks zu erliegen?<\/p>","protected":false},"excerpt":{"rendered":"<p><strong>Herkunft : <\/strong>Hergestellt in der Elfenbeink\u00fcste.<\/p>\n<p>1 Beutel Pulver in max. 50 cl lauwarmes Wasser geben.<\/p>\n<p><img decoding=\"async\" class=\"size-full wp-image-5091 aligncenter\" src=\"https:\/\/www.safinel.fr\/wp-content\/uploads\/2021\/06\/BANNIERE-ICONE-SAFINEL.webp\" alt=\"Satines-R\u00fcckversicherung\" width=\"800\" height=\"200\" srcset=\"https:\/\/www.safinel.fr\/wp-content\/uploads\/2021\/06\/BANNIERE-ICONE-SAFINEL.webp 800w, https:\/\/www.safinel.fr\/wp-content\/uploads\/2021\/06\/BANNIERE-ICONE-SAFINEL-600x150.webp 600w, https:\/\/www.safinel.fr\/wp-content\/uploads\/2021\/06\/BANNIERE-ICONE-SAFINEL-768x192.webp 768w\" sizes=\"(max-width: 800px) 100vw, 800px\" \/><\/p>","protected":false},"featured_media":10951,"template":"","meta":[],"product_brand":[],"product_cat":[91],"product_tag":[],"class_list":{"0":"post-10946","1":"product","2":"type-product","3":"status-publish","4":"has-post-thumbnail","6":"product_cat-boisson-aphrodisiaque-africaine","8":"first","9":"instock","10":"shipping-taxable","11":"purchasable","12":"product-type-variable"},"yoast_head":"<!-- This site is optimized with the Yoast SEO plugin v26.6 - https:\/\/yoast.com\/wordpress\/plugins\/seo\/ -->\n<title>Attote en poudre \u00e0 base de plantes | Fabriqu\u00e9 en C\u00f4te d&#039;Ivoire<\/title>\n<meta name=\"description\" content=\"L&#039;attote en poudre\u00a0est une pr\u00e9paration originaire d&#039;Afrique, notamment utilis\u00e9e pour ses nombreuses vertus sur la sant\u00e9 et la vitalit\u00e9 du corps\" \/>\n<meta name=\"robots\" content=\"index, follow, max-snippet:-1, max-image-preview:large, max-video-preview:-1\" \/>\n<link rel=\"canonical\" href=\"https:\/\/www.safinel.fr\/de\/product-2\/attote-in-naturlichem-pulver\/\" \/>\n<meta property=\"og:locale\" content=\"de_DE\" \/>\n<meta property=\"og:type\" content=\"article\" \/>\n<meta property=\"og:title\" content=\"Attote en poudre \u00e0 base de plantes | Fabriqu\u00e9 en C\u00f4te d&#039;Ivoire\" \/>\n<meta property=\"og:description\" content=\"L&#039;attote en poudre\u00a0est une pr\u00e9paration originaire d&#039;Afrique, notamment utilis\u00e9e pour ses nombreuses vertus sur la sant\u00e9 et la vitalit\u00e9 du corps\" \/>\n<meta property=\"og:url\" content=\"https:\/\/www.safinel.fr\/de\/product-2\/attote-in-naturlichem-pulver\/\" \/>\n<meta property=\"og:site_name\" content=\"Safinel\" \/>\n<meta property=\"article:modified_time\" content=\"2024-08-06T14:15:05+00:00\" \/>\n<meta property=\"og:image\" content=\"https:\/\/www.safinel.fr\/wp-content\/uploads\/2024\/01\/attote-en-poudre.jpg\" \/>\n\t<meta property=\"og:image:width\" content=\"600\" \/>\n\t<meta property=\"og:image:height\" content=\"600\" \/>\n\t<meta property=\"og:image:type\" content=\"image\/jpeg\" \/>\n<meta name=\"twitter:card\" content=\"summary_large_image\" \/>\n<meta name=\"twitter:label1\" content=\"Gesch\u00e4tzte Lesezeit\" \/>\n\t<meta name=\"twitter:data1\" content=\"4\u00a0Minuten\" \/>\n<script type=\"application\/ld+json\" class=\"yoast-schema-graph\">{\"@context\":\"https:\/\/schema.org\",\"@graph\":[{\"@type\":\"WebPage\",\"@id\":\"https:\/\/www.safinel.fr\/produit\/attote-en-poudre-naturelle\/\",\"url\":\"https:\/\/www.safinel.fr\/produit\/attote-en-poudre-naturelle\/\",\"name\":\"Attote en poudre \u00e0 base de plantes | Fabriqu\u00e9 en C\u00f4te d'Ivoire\",\"isPartOf\":{\"@id\":\"https:\/\/www.safinel.fr\/#website\"},\"primaryImageOfPage\":{\"@id\":\"https:\/\/www.safinel.fr\/produit\/attote-en-poudre-naturelle\/#primaryimage\"},\"image\":{\"@id\":\"https:\/\/www.safinel.fr\/produit\/attote-en-poudre-naturelle\/#primaryimage\"},\"thumbnailUrl\":\"https:\/\/www.safinel.fr\/wp-content\/uploads\/2024\/01\/attote-en-poudre.jpg\",\"datePublished\":\"2024-01-17T12:37:33+00:00\",\"dateModified\":\"2024-08-06T14:15:05+00:00\",\"description\":\"L'attote en poudre\u00a0est une pr\u00e9paration originaire d'Afrique, notamment utilis\u00e9e pour ses nombreuses vertus sur la sant\u00e9 et la vitalit\u00e9 du corps\",\"breadcrumb\":{\"@id\":\"https:\/\/www.safinel.fr\/produit\/attote-en-poudre-naturelle\/#breadcrumb\"},\"inLanguage\":\"de\",\"potentialAction\":[{\"@type\":\"ReadAction\",\"target\":[\"https:\/\/www.safinel.fr\/produit\/attote-en-poudre-naturelle\/\"]}]},{\"@type\":\"ImageObject\",\"inLanguage\":\"de\",\"@id\":\"https:\/\/www.safinel.fr\/produit\/attote-en-poudre-naturelle\/#primaryimage\",\"url\":\"https:\/\/www.safinel.fr\/wp-content\/uploads\/2024\/01\/attote-en-poudre.jpg\",\"contentUrl\":\"https:\/\/www.safinel.fr\/wp-content\/uploads\/2024\/01\/attote-en-poudre.jpg\",\"width\":600,\"height\":600,\"caption\":\"Attote en poudre naturelle \u00e0 base de plantes\"},{\"@type\":\"BreadcrumbList\",\"@id\":\"https:\/\/www.safinel.fr\/produit\/attote-en-poudre-naturelle\/#breadcrumb\",\"itemListElement\":[{\"@type\":\"ListItem\",\"position\":1,\"name\":\"Accueil\",\"item\":\"https:\/\/www.safinel.fr\/\"},{\"@type\":\"ListItem\",\"position\":2,\"name\":\"Boutique\",\"item\":\"https:\/\/www.safinel.fr\/boutique\/\"},{\"@type\":\"ListItem\",\"position\":3,\"name\":\"Attote en poudre naturelle \u00e0 base de plantes\"}]},{\"@type\":\"WebSite\",\"@id\":\"https:\/\/www.safinel.fr\/#website\",\"url\":\"https:\/\/www.safinel.fr\/\",\"name\":\"Safinel\",\"description\":\"\",\"publisher\":{\"@id\":\"https:\/\/www.safinel.fr\/#organization\"},\"potentialAction\":[{\"@type\":\"SearchAction\",\"target\":{\"@type\":\"EntryPoint\",\"urlTemplate\":\"https:\/\/www.safinel.fr\/?s={search_term_string}\"},\"query-input\":{\"@type\":\"PropertyValueSpecification\",\"valueRequired\":true,\"valueName\":\"search_term_string\"}}],\"inLanguage\":\"de\"},{\"@type\":\"Organization\",\"@id\":\"https:\/\/www.safinel.fr\/#organization\",\"name\":\"Safinel\",\"url\":\"https:\/\/www.safinel.fr\/\",\"logo\":{\"@type\":\"ImageObject\",\"inLanguage\":\"de\",\"@id\":\"https:\/\/www.safinel.fr\/#\/schema\/logo\/image\/\",\"url\":\"https:\/\/www.safinel.fr\/wp-content\/uploads\/2021\/05\/boutique-cosmetique.png\",\"contentUrl\":\"https:\/\/www.safinel.fr\/wp-content\/uploads\/2021\/05\/boutique-cosmetique.png\",\"width\":800,\"height\":200,\"caption\":\"Safinel\"},\"image\":{\"@id\":\"https:\/\/www.safinel.fr\/#\/schema\/logo\/image\/\"}}]}<\/script>\n<!-- \/ Yoast SEO plugin. -->","yoast_head_json":{"title":"Attotepulver auf pflanzlicher Basis | Hergestellt in der Elfenbeink\u00fcste","description":"Attotepulver ist ein aus Afrika stammendes Pr\u00e4parat, das insbesondere wegen seiner zahlreichen positiven Eigenschaften f\u00fcr die Gesundheit und Vitalit\u00e4t des K\u00f6rpers verwendet wird","robots":{"index":"index","follow":"follow","max-snippet":"max-snippet:-1","max-image-preview":"max-image-preview:large","max-video-preview":"max-video-preview:-1"},"canonical":"https:\/\/www.safinel.fr\/de\/product-2\/attote-in-naturlichem-pulver\/","og_locale":"de_DE","og_type":"article","og_title":"Attote en poudre \u00e0 base de plantes | Fabriqu\u00e9 en C\u00f4te d'Ivoire","og_description":"L'attote en poudre\u00a0est une pr\u00e9paration originaire d'Afrique, notamment utilis\u00e9e pour ses nombreuses vertus sur la sant\u00e9 et la vitalit\u00e9 du corps","og_url":"https:\/\/www.safinel.fr\/de\/product-2\/attote-in-naturlichem-pulver\/","og_site_name":"Safinel","article_modified_time":"2024-08-06T14:15:05+00:00","og_image":[{"width":600,"height":600,"url":"https:\/\/www.safinel.fr\/wp-content\/uploads\/2024\/01\/attote-en-poudre.jpg","type":"image\/jpeg"}],"twitter_card":"summary_large_image","twitter_misc":{"Gesch\u00e4tzte Lesezeit":"4\u00a0Minuten"},"schema":{"@context":"https:\/\/schema.org","@graph":[{"@type":"WebPage","@id":"https:\/\/www.safinel.fr\/produit\/attote-en-poudre-naturelle\/","url":"https:\/\/www.safinel.fr\/produit\/attote-en-poudre-naturelle\/","name":"Attotepulver auf pflanzlicher Basis | Hergestellt in der Elfenbeink\u00fcste","isPartOf":{"@id":"https:\/\/www.safinel.fr\/#website"},"primaryImageOfPage":{"@id":"https:\/\/www.safinel.fr\/produit\/attote-en-poudre-naturelle\/#primaryimage"},"image":{"@id":"https:\/\/www.safinel.fr\/produit\/attote-en-poudre-naturelle\/#primaryimage"},"thumbnailUrl":"https:\/\/www.safinel.fr\/wp-content\/uploads\/2024\/01\/attote-en-poudre.jpg","datePublished":"2024-01-17T12:37:33+00:00","dateModified":"2024-08-06T14:15:05+00:00","description":"Attotepulver ist ein aus Afrika stammendes Pr\u00e4parat, das insbesondere wegen seiner zahlreichen positiven Eigenschaften f\u00fcr die Gesundheit und Vitalit\u00e4t des K\u00f6rpers verwendet wird","breadcrumb":{"@id":"https:\/\/www.safinel.fr\/produit\/attote-en-poudre-naturelle\/#breadcrumb"},"inLanguage":"de","potentialAction":[{"@type":"ReadAction","target":["https:\/\/www.safinel.fr\/produit\/attote-en-poudre-naturelle\/"]}]},{"@type":"ImageObject","inLanguage":"de","@id":"https:\/\/www.safinel.fr\/produit\/attote-en-poudre-naturelle\/#primaryimage","url":"https:\/\/www.safinel.fr\/wp-content\/uploads\/2024\/01\/attote-en-poudre.jpg","contentUrl":"https:\/\/www.safinel.fr\/wp-content\/uploads\/2024\/01\/attote-en-poudre.jpg","width":600,"height":600,"caption":"Attote en poudre naturelle \u00e0 base de plantes"},{"@type":"BreadcrumbList","@id":"https:\/\/www.safinel.fr\/produit\/attote-en-poudre-naturelle\/#breadcrumb","itemListElement":[{"@type":"ListItem","position":1,"name":"Accueil","item":"https:\/\/www.safinel.fr\/"},{"@type":"ListItem","position":2,"name":"Boutique","item":"https:\/\/www.safinel.fr\/boutique\/"},{"@type":"ListItem","position":3,"name":"Attote en poudre naturelle \u00e0 base de plantes"}]},{"@type":"WebSite","@id":"https:\/\/www.safinel.fr\/#website","url":"https:\/\/www.safinel.fr\/","name":"Safinel","description":"","publisher":{"@id":"https:\/\/www.safinel.fr\/#organization"},"potentialAction":[{"@type":"SearchAction","target":{"@type":"EntryPoint","urlTemplate":"https:\/\/www.safinel.fr\/?s={search_term_string}"},"query-input":{"@type":"PropertyValueSpecification","valueRequired":true,"valueName":"search_term_string"}}],"inLanguage":"de"},{"@type":"Organization","@id":"https:\/\/www.safinel.fr\/#organization","name":"Safinel","url":"https:\/\/www.safinel.fr\/","logo":{"@type":"ImageObject","inLanguage":"de","@id":"https:\/\/www.safinel.fr\/#\/schema\/logo\/image\/","url":"https:\/\/www.safinel.fr\/wp-content\/uploads\/2021\/05\/boutique-cosmetique.png","contentUrl":"https:\/\/www.safinel.fr\/wp-content\/uploads\/2021\/05\/boutique-cosmetique.png","width":800,"height":200,"caption":"Safinel"},"image":{"@id":"https:\/\/www.safinel.fr\/#\/schema\/logo\/image\/"}}]}},"_links":{"self":[{"href":"https:\/\/www.safinel.fr\/de\/wp-json\/wp\/v2\/product\/10946","targetHints":{"allow":["GET"]}}],"collection":[{"href":"https:\/\/www.safinel.fr\/de\/wp-json\/wp\/v2\/product"}],"about":[{"href":"https:\/\/www.safinel.fr\/de\/wp-json\/wp\/v2\/types\/product"}],"wp:featuredmedia":[{"embeddable":true,"href":"https:\/\/www.safinel.fr\/de\/wp-json\/wp\/v2\/media\/10951"}],"wp:attachment":[{"href":"https:\/\/www.safinel.fr\/de\/wp-json\/wp\/v2\/media?parent=10946"}],"wp:term":[{"taxonomy":"product_brand","embeddable":true,"href":"https:\/\/www.safinel.fr\/de\/wp-json\/wp\/v2\/product_brand?post=10946"},{"taxonomy":"product_cat","embeddable":true,"href":"https:\/\/www.safinel.fr\/de\/wp-json\/wp\/v2\/product_cat?post=10946"},{"taxonomy":"product_tag","embeddable":true,"href":"https:\/\/www.safinel.fr\/de\/wp-json\/wp\/v2\/product_tag?post=10946"}],"curies":[{"name":"wp","href":"https:\/\/api.w.org\/{rel}","templated":true}]}}