{"id":109,"date":"2021-06-01T15:53:06","date_gmt":"2021-06-01T15:53:06","guid":{"rendered":"https:\/\/www.safinel.fr\/?post_type=product&#038;p=109"},"modified":"2026-01-09T12:24:53","modified_gmt":"2026-01-09T12:24:53","slug":"kacip-fatimah","status":"publish","type":"product","link":"https:\/\/www.safinel.fr\/de\/product-2\/kacip-fatimah\/","title":{"rendered":"Kacip Fatimah"},"content":{"rendered":"<p>Die aus Malaysia stammende Labisia pumila mit ihrem wissenschaftlichen Namen wird allgemein als Kacip Fatimah bezeichnet. Es handelt sich um eine krautige Pflanze, die im Laufe der Zeit immer h\u00e4ufiger verwendet wurde. Aufgrund ihrer weithin anerkannten Wirksamkeit und Effizienz bei der Verbesserung der weiblichen Fruchtbarkeit erfreut sie sich eines durchschlagenden Erfolgs. Ihre wachsende Beliebtheit erkl\u00e4rt sich auch durch ihre positiven Auswirkungen auf den Menstruationszyklus sowie ihre aphrodisische Kraft.<\/p>\n<h2><b>Kacip Fatimah: Was ist das eigentlich?<\/b><\/h2>\n<p>Es handelt sich um eine krautige Pflanze, die vor allem in den Regenw\u00e4ldern Malaysias zu finden ist. Die Pflanze w\u00e4chst besonders gerne auf feuchten B\u00f6den und im Schatten.<span class=\"Apple-converted-space\">\u00a0<\/span><\/p>\n<p>Diese<span class=\"Apple-converted-space\">\u00a0 <\/span>besteht aus Bl\u00e4ttern, die zwischen 20 und 40 cm lang und hoch sind. Diese Bl\u00e4tter bilden kleine, braune Bl\u00fctentrauben. Die Bl\u00fcten werden nicht l\u00e4nger als 5 cm.<\/p>\n<p>Kacip Fatimah wird seit jeher in der traditionellen malaysischen und indonesischen Medizin verwendet. Heute hat sich die Anwendung von Kacip Fatimah dank der Fortschritte in der Kommunikation weltweit verbreitet.<\/p>\n<p>Um es bestm\u00f6glich an die Bed\u00fcrfnisse der Frauen anzupassen, findet man Kacip Fatimah in verschiedenen Formen. Von Kapseln \u00fcber reines Pulver bis hin zu Derivaten in Form von Aufg\u00fcssen oder Kr\u00e4utertees.<span class=\"Apple-converted-space\">\u00a0<\/span><\/p>\n<p>Hier m\u00f6chten wir Ihnen die <b>Kacip Fatima Pulver 100% nat\u00fcrlich<\/b>.<\/p>\n<h2><b>Die verschiedenen Vorteile von Kacip Fatimah<\/b><\/h2>\n<p>Die am weitesten verbreitete Verwendung dieser Pflanze dient dazu, die Frau w\u00e4hrend ihres Menstruationszyklus zu begleiten. Diese Pflanze erleichtert es ihr, indem sie ihr hilft, die Schmerzen dieser nat\u00fcrlichen hormonellen Phase zu ertragen. In geringerem Ma\u00dfe werden aber auch die mit der Geburt verbundenen Schmerzen gelindert. Sie wird auch h\u00e4ufig zur Bek\u00e4mpfung von Scheideninfektionen eingesetzt, die w\u00e4hrend einer hormonellen Umstellung auftreten k\u00f6nnen.<\/p>\n<p>Die Kacip Fatimah verbirgt auch aphrodisierende Eigenschaften. Daher hat sie a fortiori einen gewissen Einfluss auf die Fruchtbarkeit der Frau.<\/p>\n<p>Tats\u00e4chlich soll sie bei manchen Frauen die Embryonalrate erh\u00f6hen. Und dann die Auswirkungen der Menopause verz\u00f6gern.<span class=\"Apple-converted-space\">\u00a0<\/span><\/p>\n<p>Labisia Pumila hat auch eine Reihe anderer positiver Eigenschaften. Sie soll bei Durchfall helfen, indem sie die Bauchmuskeln strafft.<\/p>\n<p>Dar\u00fcber hinaus wirkt es auch gegen Bl\u00e4hungen und V\u00f6llegef\u00fchl und reduziert Darmkr\u00e4mpfe.<\/p>\n<p>Es ist auch daf\u00fcr bekannt, dass es Stress und Alterungsprozesse bek\u00e4mpft. Daher seine Wirkung auf die Verlangsamung von Beschwerden im Zusammenhang mit <a href=\"https:\/\/www.safinel.fr\/de\/product-2\/muskatellersalbei\/\"><strong>die Menopause<\/strong><\/a>.<\/p>\n<h3><strong>Die verschiedenen Arten des Konsums<\/strong><\/h3>\n<p>Sie k\u00f6nnen Kacip Fatimah so einnehmen, wie es Ihnen am besten passt, je nachdem, welches Endprodukt Sie w\u00e4hlen. Wenn Sie sich n\u00e4mlich f\u00fcr die Kapseln entscheiden, m\u00fcssen Sie diese einfach nur wie in der Packungsbeilage beschrieben verzehren.<\/p>\n<p>Wenn Sie es in Pulverform w\u00e4hlen, wie wir es Ihnen anbieten, k\u00f6nnen Sie es konsumieren, indem Sie es in fl\u00fcssige Zubereitungen einr\u00fchren, wie z. B. :<\/p>\n<ul>\n<li>Saft,<span class=\"Apple-converted-space\">\u00a0<\/span><\/li>\n<li>Der Kr\u00e4utertee<\/li>\n<li>Smoothies.<span class=\"Apple-converted-space\">\u00a0<\/span><\/li>\n<\/ul>\n<p>Es ist auch denkbar, sie in den Kern von Porridge und Joghurt zu geben. Das h\u00e4ngt nat\u00fcrlich vom pers\u00f6nlichen Geschmack ab.<\/p>","protected":false},"excerpt":{"rendered":"<p>Die aus Malaysia stammende \u00abLabisia pumila\u00bb, wie sie wissenschaftlich hei\u00dft, wird gemeinhin als Kacip Fatimah bezeichnet. Es handelt sich um eine krautige Pflanze, deren Verwendung im Laufe der Zeit immer mehr Verbreitung gefunden hat. Dank ihrer weithin anerkannten Wirksamkeit und Leistungsf\u00e4higkeit bei der Verbesserung der weiblichen Fruchtbarkeit erfreut sie sich eines durchschlagenden Erfolgs. Ihre wachsende Beliebtheit l\u00e4sst sich auch durch [\u2026] erkl\u00e4ren.","protected":false},"featured_media":63,"template":"","meta":[],"product_brand":[],"product_cat":[15,23,27,19],"product_tag":[],"class_list":{"0":"post-109","1":"product","2":"type-product","3":"status-publish","4":"has-post-thumbnail","6":"product_cat-fertilite","7":"product_cat-hygiene-feminine","8":"product_cat-plantes-medicinales","9":"product_cat-thes-tisanes","11":"first","12":"instock","13":"shipping-taxable","14":"purchasable","15":"product-type-variable"},"yoast_head":"<!-- This site is optimized with the Yoast SEO plugin v26.6 - https:\/\/yoast.com\/wordpress\/plugins\/seo\/ -->\n<title>Kacip Fatimah (Labisia pumila) | Achat, bienfaits et utilisations<\/title>\n<meta name=\"description\" content=\"Originaire de Malaisie, \u00ab\u00a0Labisia pumila\u00a0\u00bb de son nom scientifique est commun\u00e9ment appel\u00e9e Kacip Fatimah. Herbac\u00e9e aux bienfaits nombreux.\" \/>\n<meta name=\"robots\" content=\"index, follow, max-snippet:-1, max-image-preview:large, max-video-preview:-1\" \/>\n<link rel=\"canonical\" href=\"https:\/\/www.safinel.fr\/de\/product-2\/kacip-fatimah\/\" \/>\n<meta property=\"og:locale\" content=\"de_DE\" \/>\n<meta property=\"og:type\" content=\"article\" \/>\n<meta property=\"og:title\" content=\"Kacip Fatimah (Labisia pumila) | Achat, bienfaits et utilisations\" \/>\n<meta property=\"og:description\" content=\"Originaire de Malaisie, \u00ab\u00a0Labisia pumila\u00a0\u00bb de son nom scientifique est commun\u00e9ment appel\u00e9e Kacip Fatimah. Herbac\u00e9e aux bienfaits nombreux.\" \/>\n<meta property=\"og:url\" content=\"https:\/\/www.safinel.fr\/de\/product-2\/kacip-fatimah\/\" \/>\n<meta property=\"og:site_name\" content=\"Safinel\" \/>\n<meta property=\"article:modified_time\" content=\"2026-01-09T12:24:53+00:00\" \/>\n<meta property=\"og:image\" content=\"https:\/\/www.safinel.fr\/wp-content\/uploads\/2021\/05\/kacip-fatimah-site.jpg\" \/>\n\t<meta property=\"og:image:width\" content=\"362\" \/>\n\t<meta property=\"og:image:height\" content=\"400\" \/>\n\t<meta property=\"og:image:type\" content=\"image\/jpeg\" \/>\n<meta name=\"twitter:card\" content=\"summary_large_image\" \/>\n<meta name=\"twitter:label1\" content=\"Gesch\u00e4tzte Lesezeit\" \/>\n\t<meta name=\"twitter:data1\" content=\"3\u00a0Minuten\" \/>\n<script type=\"application\/ld+json\" class=\"yoast-schema-graph\">{\"@context\":\"https:\/\/schema.org\",\"@graph\":[{\"@type\":\"WebPage\",\"@id\":\"https:\/\/www.safinel.fr\/produit\/kacip-fatimah\/\",\"url\":\"https:\/\/www.safinel.fr\/produit\/kacip-fatimah\/\",\"name\":\"Kacip Fatimah (Labisia pumila) | Achat, bienfaits et utilisations\",\"isPartOf\":{\"@id\":\"https:\/\/www.safinel.fr\/#website\"},\"primaryImageOfPage\":{\"@id\":\"https:\/\/www.safinel.fr\/produit\/kacip-fatimah\/#primaryimage\"},\"image\":{\"@id\":\"https:\/\/www.safinel.fr\/produit\/kacip-fatimah\/#primaryimage\"},\"thumbnailUrl\":\"https:\/\/www.safinel.fr\/wp-content\/uploads\/2021\/05\/kacip-fatimah-site.jpg\",\"datePublished\":\"2021-06-01T15:53:06+00:00\",\"dateModified\":\"2026-01-09T12:24:53+00:00\",\"description\":\"Originaire de Malaisie, \u00ab\u00a0Labisia pumila\u00a0\u00bb de son nom scientifique est commun\u00e9ment appel\u00e9e Kacip Fatimah. Herbac\u00e9e aux bienfaits nombreux.\",\"breadcrumb\":{\"@id\":\"https:\/\/www.safinel.fr\/produit\/kacip-fatimah\/#breadcrumb\"},\"inLanguage\":\"de\",\"potentialAction\":[{\"@type\":\"ReadAction\",\"target\":[\"https:\/\/www.safinel.fr\/produit\/kacip-fatimah\/\"]}]},{\"@type\":\"ImageObject\",\"inLanguage\":\"de\",\"@id\":\"https:\/\/www.safinel.fr\/produit\/kacip-fatimah\/#primaryimage\",\"url\":\"https:\/\/www.safinel.fr\/wp-content\/uploads\/2021\/05\/kacip-fatimah-site.jpg\",\"contentUrl\":\"https:\/\/www.safinel.fr\/wp-content\/uploads\/2021\/05\/kacip-fatimah-site.jpg\",\"width\":362,\"height\":400,\"caption\":\"Kacip Fatimah (Labisia pumila)\"},{\"@type\":\"BreadcrumbList\",\"@id\":\"https:\/\/www.safinel.fr\/produit\/kacip-fatimah\/#breadcrumb\",\"itemListElement\":[{\"@type\":\"ListItem\",\"position\":1,\"name\":\"Accueil\",\"item\":\"https:\/\/www.safinel.fr\/\"},{\"@type\":\"ListItem\",\"position\":2,\"name\":\"Boutique\",\"item\":\"https:\/\/www.safinel.fr\/boutique\/\"},{\"@type\":\"ListItem\",\"position\":3,\"name\":\"Kacip Fatimah\"}]},{\"@type\":\"WebSite\",\"@id\":\"https:\/\/www.safinel.fr\/#website\",\"url\":\"https:\/\/www.safinel.fr\/\",\"name\":\"Safinel\",\"description\":\"\",\"publisher\":{\"@id\":\"https:\/\/www.safinel.fr\/#organization\"},\"potentialAction\":[{\"@type\":\"SearchAction\",\"target\":{\"@type\":\"EntryPoint\",\"urlTemplate\":\"https:\/\/www.safinel.fr\/?s={search_term_string}\"},\"query-input\":{\"@type\":\"PropertyValueSpecification\",\"valueRequired\":true,\"valueName\":\"search_term_string\"}}],\"inLanguage\":\"de\"},{\"@type\":\"Organization\",\"@id\":\"https:\/\/www.safinel.fr\/#organization\",\"name\":\"Safinel\",\"url\":\"https:\/\/www.safinel.fr\/\",\"logo\":{\"@type\":\"ImageObject\",\"inLanguage\":\"de\",\"@id\":\"https:\/\/www.safinel.fr\/#\/schema\/logo\/image\/\",\"url\":\"https:\/\/www.safinel.fr\/wp-content\/uploads\/2021\/05\/boutique-cosmetique.png\",\"contentUrl\":\"https:\/\/www.safinel.fr\/wp-content\/uploads\/2021\/05\/boutique-cosmetique.png\",\"width\":800,\"height\":200,\"caption\":\"Safinel\"},\"image\":{\"@id\":\"https:\/\/www.safinel.fr\/#\/schema\/logo\/image\/\"}}]}<\/script>\n<!-- \/ Yoast SEO plugin. -->","yoast_head_json":{"title":"Kacip Fatimah (Labisia pumila) | Kauf, Vorteile und Verwendung","description":"Die aus Malaysia stammende Labisia pumila (wissenschaftlicher Name) wird allgemein als Kacip Fatimah bezeichnet. Kr\u00e4uterpflanze mit zahlreichen Vorteilen.","robots":{"index":"index","follow":"follow","max-snippet":"max-snippet:-1","max-image-preview":"max-image-preview:large","max-video-preview":"max-video-preview:-1"},"canonical":"https:\/\/www.safinel.fr\/de\/product-2\/kacip-fatimah\/","og_locale":"de_DE","og_type":"article","og_title":"Kacip Fatimah (Labisia pumila) | Achat, bienfaits et utilisations","og_description":"Originaire de Malaisie, \u00ab\u00a0Labisia pumila\u00a0\u00bb de son nom scientifique est commun\u00e9ment appel\u00e9e Kacip Fatimah. Herbac\u00e9e aux bienfaits nombreux.","og_url":"https:\/\/www.safinel.fr\/de\/product-2\/kacip-fatimah\/","og_site_name":"Safinel","article_modified_time":"2026-01-09T12:24:53+00:00","og_image":[{"width":362,"height":400,"url":"https:\/\/www.safinel.fr\/wp-content\/uploads\/2021\/05\/kacip-fatimah-site.jpg","type":"image\/jpeg"}],"twitter_card":"summary_large_image","twitter_misc":{"Gesch\u00e4tzte Lesezeit":"3\u00a0Minuten"},"schema":{"@context":"https:\/\/schema.org","@graph":[{"@type":"WebPage","@id":"https:\/\/www.safinel.fr\/produit\/kacip-fatimah\/","url":"https:\/\/www.safinel.fr\/produit\/kacip-fatimah\/","name":"Kacip Fatimah (Labisia pumila) | Kauf, Vorteile und Verwendung","isPartOf":{"@id":"https:\/\/www.safinel.fr\/#website"},"primaryImageOfPage":{"@id":"https:\/\/www.safinel.fr\/produit\/kacip-fatimah\/#primaryimage"},"image":{"@id":"https:\/\/www.safinel.fr\/produit\/kacip-fatimah\/#primaryimage"},"thumbnailUrl":"https:\/\/www.safinel.fr\/wp-content\/uploads\/2021\/05\/kacip-fatimah-site.jpg","datePublished":"2021-06-01T15:53:06+00:00","dateModified":"2026-01-09T12:24:53+00:00","description":"Die aus Malaysia stammende Labisia pumila (wissenschaftlicher Name) wird allgemein als Kacip Fatimah bezeichnet. Kr\u00e4uterpflanze mit zahlreichen Vorteilen.","breadcrumb":{"@id":"https:\/\/www.safinel.fr\/produit\/kacip-fatimah\/#breadcrumb"},"inLanguage":"de","potentialAction":[{"@type":"ReadAction","target":["https:\/\/www.safinel.fr\/produit\/kacip-fatimah\/"]}]},{"@type":"ImageObject","inLanguage":"de","@id":"https:\/\/www.safinel.fr\/produit\/kacip-fatimah\/#primaryimage","url":"https:\/\/www.safinel.fr\/wp-content\/uploads\/2021\/05\/kacip-fatimah-site.jpg","contentUrl":"https:\/\/www.safinel.fr\/wp-content\/uploads\/2021\/05\/kacip-fatimah-site.jpg","width":362,"height":400,"caption":"Kacip Fatimah (Labisia pumila)"},{"@type":"BreadcrumbList","@id":"https:\/\/www.safinel.fr\/produit\/kacip-fatimah\/#breadcrumb","itemListElement":[{"@type":"ListItem","position":1,"name":"Accueil","item":"https:\/\/www.safinel.fr\/"},{"@type":"ListItem","position":2,"name":"Boutique","item":"https:\/\/www.safinel.fr\/boutique\/"},{"@type":"ListItem","position":3,"name":"Kacip Fatimah"}]},{"@type":"WebSite","@id":"https:\/\/www.safinel.fr\/#website","url":"https:\/\/www.safinel.fr\/","name":"Safinel","description":"","publisher":{"@id":"https:\/\/www.safinel.fr\/#organization"},"potentialAction":[{"@type":"SearchAction","target":{"@type":"EntryPoint","urlTemplate":"https:\/\/www.safinel.fr\/?s={search_term_string}"},"query-input":{"@type":"PropertyValueSpecification","valueRequired":true,"valueName":"search_term_string"}}],"inLanguage":"de"},{"@type":"Organization","@id":"https:\/\/www.safinel.fr\/#organization","name":"Safinel","url":"https:\/\/www.safinel.fr\/","logo":{"@type":"ImageObject","inLanguage":"de","@id":"https:\/\/www.safinel.fr\/#\/schema\/logo\/image\/","url":"https:\/\/www.safinel.fr\/wp-content\/uploads\/2021\/05\/boutique-cosmetique.png","contentUrl":"https:\/\/www.safinel.fr\/wp-content\/uploads\/2021\/05\/boutique-cosmetique.png","width":800,"height":200,"caption":"Safinel"},"image":{"@id":"https:\/\/www.safinel.fr\/#\/schema\/logo\/image\/"}}]}},"_links":{"self":[{"href":"https:\/\/www.safinel.fr\/de\/wp-json\/wp\/v2\/product\/109","targetHints":{"allow":["GET"]}}],"collection":[{"href":"https:\/\/www.safinel.fr\/de\/wp-json\/wp\/v2\/product"}],"about":[{"href":"https:\/\/www.safinel.fr\/de\/wp-json\/wp\/v2\/types\/product"}],"wp:featuredmedia":[{"embeddable":true,"href":"https:\/\/www.safinel.fr\/de\/wp-json\/wp\/v2\/media\/63"}],"wp:attachment":[{"href":"https:\/\/www.safinel.fr\/de\/wp-json\/wp\/v2\/media?parent=109"}],"wp:term":[{"taxonomy":"product_brand","embeddable":true,"href":"https:\/\/www.safinel.fr\/de\/wp-json\/wp\/v2\/product_brand?post=109"},{"taxonomy":"product_cat","embeddable":true,"href":"https:\/\/www.safinel.fr\/de\/wp-json\/wp\/v2\/product_cat?post=109"},{"taxonomy":"product_tag","embeddable":true,"href":"https:\/\/www.safinel.fr\/de\/wp-json\/wp\/v2\/product_tag?post=109"}],"curies":[{"name":"wp","href":"https:\/\/api.w.org\/{rel}","templated":true}]}}