{"id":1056,"date":"2022-04-12T16:58:46","date_gmt":"2022-04-12T16:58:46","guid":{"rendered":"https:\/\/www.safinel.fr\/?post_type=product&#038;p=1056"},"modified":"2024-02-09T19:21:02","modified_gmt":"2024-02-09T19:21:02","slug":"minzkristalle","status":"publish","type":"product","link":"https:\/\/www.safinel.fr\/de\/product-2\/minzkristalle\/","title":{"rendered":"Pfefferminzkristalle 5g"},"content":{"rendered":"<p><strong>Minzkristalle<\/strong>, oder\u00a0<strong>Mentholkristalle<\/strong>, sind ein absolutes Muss in Ihrer nat\u00fcrlichen Apotheke. Besonders bekannt sind sie als\u00a0<strong>als Analgetika<\/strong>, Sie haben eine Vielzahl von Eigenschaften. Sie bieten uns aber auch eine breite Palette an Verwendungsm\u00f6glichkeiten f\u00fcr unsere selbstgemachten Produkte.<\/p>\n<p>Wieder einmal bietet Ihnen Safinel ein ungew\u00f6hnliches, seltenes, aber sehr n\u00fctzliches Produkt f\u00fcr den Alltag. Entdecken Sie es ohne weitere Verz\u00f6gerung...<\/p>\n<h2><strong>Minzkristalle aus Marokko: eine erfrischende Neuheit!\u00a0<\/strong><\/h2>\n<p>Ihr Aussehen mag an Glas erinnern, so rein und makellos scheinen sie zu sein. Doch das ist nicht der Fall. Diese\u00a0<strong>kristalline Substanz\u00a0<\/strong>wird durch Kaltextraktion und anschlie\u00dfende Kristallisation gewonnen, von\u00a0<strong>\u00e4therisches Pfefferminz\u00f6l\u00a0<\/strong>ausgesetzt bei -22\u00b0.<\/p>\n<p>Es liegt uns jedoch fern, einen Physik-Chemie-Kurs beginnen zu wollen, obwohl das durchaus interessant sein k\u00f6nnte. Was unsere Neugier im Wesentlichen weckt, ist die Tatsache, dass wir wissen wollen... wozu diese ber\u00fchmten Minzkristalle dienen?!<\/p>\n<p>Man muss wissen, dass sie als Inhaltsstoff in Arzneimitteln verwendet werden. Aber auch in Kosmetika, in der K\u00f6rper- und Gesichtspflege oder in der Hygiene. Sie sind f\u00fcr alle Hauttypen geeignet, obwohl man vor ihrer Verwendung einige Vorsichtsma\u00dfnahmen treffen sollte.<\/p>\n<p>In der Tat k\u00f6nnen sie sehr viele Bed\u00fcrfnisse erf\u00fcllen und sind ein\u00a0<strong>starker Aktivstoff<\/strong>\u00a0f\u00fcr viele verschiedene Zwecke. Bevor wir uns genau ansehen, wie man sie verwendet, werfen wir zun\u00e4chst einen Blick auf ihre Eigenschaften!<\/p>\n<h2><strong>Die Vorteile von Pfefferminzkristallen<\/strong><\/h2>\n<p>Die Eigenschaften und Tugenden dieser\u00a0<strong>Verm\u00f6genswerte<\/strong>\u00a0sind zahlreich und erstrecken sich auf verschiedene Bereiche. Sie sind echte Must-haves, sowohl in Ihrer Naturapotheke als auch in Ihrer Kosmetiktasche!<\/p>\n<ul>\n<li><strong>Analgetika<\/strong>\u00a0nat\u00fcrlichen, wirken sie als\u00a0<strong>Schmerzmittel<\/strong>\u00a0dank ihres \u00abEisw\u00fcrfel\u00bb-Effekts. Sie stimulieren die Rezeptoren in der Haut, sodass diese desensibilisiert werden. Dadurch werden Schmerzen bei Prellungen, Muskeln, Gelenken, Bluterg\u00fcssen usw. gelindert.<\/li>\n<\/ul>\n<ul>\n<li>Eigenschaften\u00a0<strong>entz\u00fcndungshemmende Mittel<\/strong>\u00a0die helfen, juckende Haut und Irritationen zu lindern ;<\/li>\n<\/ul>\n<ul>\n<li>Ideal f\u00fcr eine gute Mundgesundheit, dank ihrer\u00a0<strong>k\u00fchlende Wirkung<\/strong>. Sie sind\u00a0<strong>antibakteriell, antiviral<\/strong>, Sie helfen, den Atem frisch zu halten; ;<\/li>\n<\/ul>\n<ul>\n<li>Diese Mentholkristalle sind\u00a0<strong>abschwellende Mittel<\/strong>\u00a0;<\/li>\n<\/ul>\n<ul>\n<li>Beruhigen bei Insektenstichen ;<\/li>\n<\/ul>\n<ul>\n<li>Auf der kosmetischen Seite sorgen sie f\u00fcr eine nat\u00fcrliche Aufpolsterung der Lippen, ohne dass ein chirurgischer Eingriff n\u00f6tig ist; ;<\/li>\n<\/ul>\n<ul>\n<li>Tragen dazu bei, die Atemwege bei Erk\u00e4ltungen zu entlasten, u. a. ;<\/li>\n<\/ul>\n<ul>\n<li>Linderung von Kopfschmerzen durch Auftragen auf die Schl\u00e4fen ;<\/li>\n<\/ul>\n<ul>\n<li>Gegen Haarausfall genauso wie <a href=\"https:\/\/www.miel-imperial.com\/accueil\/30-huile-de-haba-saouda-habachia-.html\" target=\"_blank\" rel=\"noopener\"><strong>Schwarzk\u00fcmmel\u00f6l<\/strong><\/a> ;<\/li>\n<\/ul>\n<ul>\n<li>N\u00fctzlich gegen den Effekt schwerer Beine sowie gegen Muskelerm\u00fcdung im Allgemeinen.<\/li>\n<\/ul>\n<h2><strong>Welche Verwendungsm\u00f6glichkeiten gibt es?\u00a0<\/strong><\/h2>\n<p>Die Verwendung von Pfefferminzkristallen h\u00e4ngt de facto davon ab, welchen Bedarf man hat. Hier sind einige Anhaltspunkte, die Ihnen Aufschluss dar\u00fcber geben, welche M\u00f6glichkeiten sich Ihnen bieten:<\/p>\n<p><strong>Einatmen\u00a0<\/strong><\/p>\n<p>Ein Dampfbad ist ein wirksames Mittel, um die Nase zu befreien und so die Rhinitis zu bek\u00e4mpfen. Dieses wird jedoch noch wirksamer, wenn Sie einige<strong>\u00a0Kristallglitter aus Minze<\/strong>\u00a0in das hei\u00dfe Wasser ein. Der ausstr\u00f6mende Dampf wird sofort wirken.<\/p>\n<p><strong>Selbstgemachte Zahnpasta\u00a0<\/strong><\/p>\n<p>Feste Zahnpasta ist in letzter Zeit sehr in Mode gekommen. Sie ist kosteng\u00fcnstig, umweltfreundlich und vor allem ges\u00fcnder f\u00fcr die Gesundheit. Es wird m\u00f6glich sein, ihr Kristalle hinzuzuf\u00fcgen, um Mundgeruch zu bek\u00e4mpfen.<\/p>\n<p><strong>Als Balsam\u00a0<\/strong><\/p>\n<p>Es ist m\u00f6glich, einen Muskelbalsam herzustellen, um z. B. Muskelschmerzen zu lindern.<\/p>\n<p><strong>Beruhigende Anti-M\u00fccken-Creme\u00a0<\/strong><\/p>\n<p>Auf M\u00fcckenpickel und andere Insektenstiche auftragen, um die Stelle zu beruhigen und das Kratzen zu verhindern.<\/p>\n<h3><strong>Verwendung von Pfefferminzkristallen f\u00fcr die Liebe<\/strong><\/h3>\n<p>Es ist wichtig zu wissen, dass Pfefferminzkristalle aus mehreren Wirkstoffen bestehen, die die Entstehung und das Wachstum des sexuellen Verlangens verbessern. Sie gelten als nat\u00fcrliches Aphrodisiakum, da sie stimulierende und belebende Eigenschaften besitzen. Ihre Wirkung ist im ganzen K\u00f6rper sp\u00fcrbar, sogar bis hin zu den Sexualorganen.<\/p>\n<h2><strong>Rezeptidee mit Minzkristallen und Honig (Bienenwachs)<\/strong><\/h2>\n<p>Trockene, dehydrierte Lippen, denen es an Volumen fehlt? Die<strong>\u00a0aufpolsternder Lippenpflegestift mit Menthol<\/strong>\u00a0ist ein Kosmetikum, das sich leicht herstellen l\u00e4sst. So hinterl\u00e4sst er Ihre Lippen weich, samtig und vor allem mit einem nat\u00fcrlichen Volumeneffekt.<\/p>\n<p>Hier geht es zum Rezept!<\/p>\n<p>Material :<\/p>\n<ul>\n<li>Eine Sch\u00fcssel<\/li>\n<li>Leerer Lippenpflegestift oder sterilisiertes leeres kleines Glas<\/li>\n<li>Ein Mini-Schneebesen f\u00fcr kosmetische Zwecke<\/li>\n<li>Eine Pipette<\/li>\n<\/ul>\n<p>Zutaten :<\/p>\n<ul>\n<li>0,8g Bienenwachs<\/li>\n<li>2 g Kakaobutter<\/li>\n<li>2mL Distel\u00f6l<\/li>\n<li>0,1g Pfefferminzkristalle<\/li>\n<li>Vitamin E<\/li>\n<\/ul>\n<p>Vorbereitung :<\/p>\n<ol>\n<li>Im ersten Schritt die Kakaobutter und das Wachs in einer Sch\u00fcssel \u00fcber einem Wasserbad schmelzen; ;<\/li>\n<li>F\u00fcge dann das \u00d6l und den zuvor gemahlenen Kristall hinzu ;<\/li>\n<li>Die Sch\u00fcssel aus dem Wasser nehmen und 1 Tropfen Vitamin E hinzuf\u00fcgen ;<\/li>\n<li>Vermischen Sie alles, um eine homogene Mischung zu erhalten; ;<\/li>\n<li>Schlie\u00dflich mit der Pipette in den gew\u00e4hlten Beh\u00e4lter \u00fcberf\u00fchren ;<\/li>\n<li>Mindestens 3 Stunden im K\u00fchlschrank abk\u00fchlen lassen.<\/li>\n<\/ol>\n<ul>\n<li>Sch\u00f6nheitstipp: Es ist auch m\u00f6glich, einen Duftstoff hinzuzuf\u00fcgen, um einen unwiderstehlich leckeren Lippenbalsam zu erhalten. Mineralisches Perlmutt kann ebenfalls verwendet werden, um den Lippen einen zus\u00e4tzlichen Glanz zu verleihen!<\/li>\n<\/ul>\n<h2><strong>Mit Safinel Pflegeprodukte und Kosmetika selbst herstellen!\u00a0<\/strong><\/h2>\n<p>In unserem Naturkosmetik-Shop Safinel finden Sie eine gro\u00dfe Auswahl an gebrauchsfertigen Produkten. Zum Beispiel,\u00a0<strong>die mentholhaltige Zahnpasta mit Siwak<\/strong>, oder der\u00a0<strong>festes Shampoo mit Nigella<\/strong>.<\/p>\n<p>Aber auch viele Rohprodukte, die wir in unsere selbstgemachten Gerichte einbauen k\u00f6nnen! Die Umstellung auf nat\u00fcrliche und selbstgemachte Produkte war noch nie so einfach.<\/p>\n<p>Hier finden Sie eine gro\u00dfe Auswahl an Heilpflanzen, deren Eigenschaften und Verwendungsm\u00f6glichkeiten ebenso vielf\u00e4ltig wie erstaunlich sind:<\/p>\n<ul>\n<li>Die\u00a0<a href=\"https:\/\/www.safinel.fr\/de\/product-2\/akpi-in-pulverform\/\"><strong>Akpi-Pulver<\/strong><\/a>, Die meisten von ihnen sind in der Lage, sich selbst zu helfen.\u00a0<strong>Honig<\/strong>. Und die Sie auch in\u00a0<a href=\"https:\/\/www.safinel.fr\/de\/product-2\/dakpi-ol\/\"><strong>\u00d6l<\/strong><\/a>.<\/li>\n<li><strong>Soja-Lecithin<\/strong>, die zur Herstellung von Pflegeprodukten f\u00fcr trockene Haut verwendet werden kann.<\/li>\n<li>Oder unsere zahlreichen ayurvedischen Pulver, wie das\u00a0<a href=\"https:\/\/www.safinel.fr\/de\/product-2\/bhringaraj-pulver-100g\/\"><strong>Bhringaraj<\/strong><\/a>\u00a0oder das\u00a0<a href=\"https:\/\/www.safinel.fr\/de\/product-2\/reetha-pulver\/\"><strong>Reetha<\/strong><\/a>, Sie k\u00f6nnen auch mit pflanzlichen \u00d6len gemischt werden.<\/li>\n<\/ul>\n<h2><strong>Die Vorteile von Pfefferminzkristallen f\u00fcr eine frische und gesunde Intimpflege<\/strong><\/h2>\n<p>Die Intimpflege ist eine wichtige t\u00e4gliche Handlung, um die Hygiene und das Wohlbefinden des Intimbereichs zu erhalten. Minzkristalle sind ein Naturprodukt mit k\u00fchlenden und beruhigenden Eigenschaften, die verwendet werden k\u00f6nnen, um eine sanfte Reinigung zu gew\u00e4hrleisten und Unannehmlichkeiten wie Reizungen und Juckreiz zu vermeiden. In diesem Artikel werden wir die Eigenschaften von Minzkristallen und ihre Verwendung bei der Intimpflege erkunden.<\/p>\n<h2><strong>Warum sollten Sie sich f\u00fcr Pfefferminzkristalle entscheiden?<\/strong><\/h2>\n<p>Pfefferminzkristalle entstehen durch die Kristallisation von Menthol, einer organischen Verbindung, die aus dem \u00e4therischen \u00d6l der Pfefferminze gewonnen wird. Sie haben mehrere Eigenschaften, die sie zu einem hervorragenden Inhaltsstoff f\u00fcr die Pflege und Reinigung des Intimbereichs machen:<\/p>\n<ul>\n<li><strong>Erfrischende Eigenschaften<\/strong> Minzkristalle: Minzkristalle sorgen f\u00fcr ein sofortiges Gef\u00fchl von Frische und Leichtigkeit, ideal, um sich den ganzen Tag lang sauber und wohl zu f\u00fchlen.<\/li>\n<li><strong>Antibakterielle Wirkung<\/strong> Menthol: Menthol hat antiseptische und antimikrobielle Eigenschaften, die dabei helfen, Bakterien zu beseitigen, die f\u00fcr schlechte Ger\u00fcche und Infektionen verantwortlich sind.<\/li>\n<li><strong>Beruhigende Wirkung<\/strong> : Minzkristalle haben auch eine beruhigende Wirkung auf die Haut, was bei Reizungen, Juckreiz und R\u00f6tungen helfen kann, die durch Reibung oder die Verwendung ungeeigneter Produkte verursacht werden.<\/li>\n<li><strong>Nat\u00fcrlich und ohne Risiko<\/strong> : Im Gegensatz zu chemischen und synthetischen Produkten sind Minzkristalle eine nat\u00fcrliche, nicht reizende L\u00f6sung f\u00fcr die Intimhygiene.<\/li>\n<\/ul>\n<h2><strong>Wie verwende ich Minzkristalle f\u00fcr die Intimhygiene?<\/strong><\/h2>\n<p>Pfefferminzkristalle k\u00f6nnen auf verschiedene Arten verwendet werden, um eine optimale Intimhygiene zu gew\u00e4hrleisten. Hier sind einige Tipps, wie Sie ihre Vorteile voll aussch\u00f6pfen k\u00f6nnen:<\/p>\n<h3><strong>Bereiten Sie eine Reinigungsl\u00f6sung vor<\/strong><\/h3>\n<p>Um eine sanfte, erfrischende Lotion aus Minzkristallen herzustellen, verd\u00fcnnen Sie einfach eine kleine Menge der Kristalle in lauwarmem Wasser. Achten Sie darauf, gr\u00fcndlich zu mischen, bis sich die Kristalle aufgel\u00f6st haben. Es wird empfohlen, die Konzentration der L\u00f6sung auf einem kleinen Hautbereich zu testen, bevor Sie sie im Intimbereich anwenden, um sicherzustellen, dass sie keine Reizungen verursacht.<\/p>\n<h3><strong>Minzkristalle in die Toilettenroutine einbauen<\/strong><\/h3>\n<p>Bei der t\u00e4glichen Reinigung des Intimbereichs kann man die Pfefferminzkristalll\u00f6sung mit einem Waschlappen oder einem weichen Schwamm auftragen. Es ist wichtig, die Haut nicht zu reiben oder zu reizen, sondern sanft zu klopfen, um den Bereich sanft zu reinigen und zu erfrischen.<\/p>\n<p>Nach der Anwendung der Pfefferminzkristalll\u00f6sung ist es sehr wichtig, dass Sie die Haut mit klarem, lauwarmem Wasser gr\u00fcndlich absp\u00fclen und anschlie\u00dfend mit einem sauberen, weichen Handtuch sorgf\u00e4ltig abtrocknen.<\/p>\n<h3><strong>Ein entspannendes Bad mit Minzkristallen nehmen<\/strong><\/h3>\n<p>Um die beruhigende und erfrischende Wirkung von Pfefferminzkristallen zu nutzen, kann man sie auch im Badewasser aufl\u00f6sen. Dazu geben Sie einfach ein paar Essl\u00f6ffel der Kristalle in das lauwarme Wasser und r\u00fchren um, bis sie sich vollst\u00e4ndig aufgel\u00f6st haben. Ein Bad mit Pfefferminzkristallen reinigt und erfrischt nicht nur den Intimbereich, sondern entspannt auch K\u00f6rper und Geist.<\/p>\n<h3><strong>Einige Vorsichtsma\u00dfnahmen zu Mentholkristallen\u00a0<\/strong><\/h3>\n<p>Dieses Produkt muss vorsichtig gehandhabt werden. Bewahren Sie es au\u00dferhalb der Reichweite von Kindern in einem luftdicht verschlossenen Beh\u00e4lter auf und sch\u00fctzen Sie es vor Hitze und Licht.<\/p>\n<p>Befolge die angegebenen Dosierungen sorgf\u00e4ltig und \u00fcberschreite nie die empfohlenen Mengen.<\/p>\n<p>Diese Mentholkristalle sind in den folgenden F\u00e4llen nicht empfehlenswert bzw. verboten:<\/p>\n<ul>\n<li>Kinder unter 8 Jahren<\/li>\n<li>Bei Epileptikern, Asthmatikern oder Allergikern<\/li>\n<li>Innerlich, beim Verschlucken<\/li>\n<li>Im Bad<\/li>\n<li>Auf Schleimh\u00e4uten, Augen sowie auf Haut mit L\u00e4sionen<\/li>\n<li>Schwangere und stillende Frauen<\/li>\n<\/ul>\n<p>Schlie\u00dflich sollten Sie wissen, dass dieses Produkt nicht pur auf die Haut aufgetragen werden darf, sondern nur lokal auf einer kleinen Fl\u00e4che angewendet werden sollte.<\/p>\n<p><strong>Ersetzt keine Medikamente oder den Besuch bei einem Gesundheitsexperten.\u00a0<\/strong><\/p>","protected":false},"excerpt":{"rendered":"<p><img decoding=\"async\" class=\"size-full wp-image-5091 aligncenter\" src=\"https:\/\/www.safinel.fr\/wp-content\/uploads\/2021\/06\/BANNIERE-ICONE-SAFINEL.webp\" alt=\"Satines-R\u00fcckversicherung\" width=\"800\" height=\"200\" srcset=\"https:\/\/www.safinel.fr\/wp-content\/uploads\/2021\/06\/BANNIERE-ICONE-SAFINEL.webp 800w, https:\/\/www.safinel.fr\/wp-content\/uploads\/2021\/06\/BANNIERE-ICONE-SAFINEL-600x150.webp 600w, https:\/\/www.safinel.fr\/wp-content\/uploads\/2021\/06\/BANNIERE-ICONE-SAFINEL-768x192.webp 768w\" sizes=\"(max-width: 800px) 100vw, 800px\" \/><\/p>","protected":false},"featured_media":1057,"template":"","meta":[],"product_brand":[],"product_cat":[41],"product_tag":[],"class_list":{"0":"post-1056","1":"product","2":"type-product","3":"status-publish","4":"has-post-thumbnail","6":"product_cat-produits-naturels-divers","8":"first","9":"instock","10":"shipping-taxable","11":"purchasable","12":"product-type-simple"},"yoast_head":"<!-- This site is optimized with the Yoast SEO plugin v26.6 - https:\/\/yoast.com\/wordpress\/plugins\/seo\/ -->\n<title>Cristaux de menthe du Maroc | Contenance 5g | Achat s\u00e9curis\u00e9<\/title>\n<meta name=\"description\" content=\"Les cristaux de menthe, ou\u00a0cristaux de menthol, sont de v\u00e9ritables incontournables dans votre pharmacie naturelle. D\u00e9couvrez notre s\u00e9lection !\" \/>\n<meta name=\"robots\" content=\"index, follow, max-snippet:-1, max-image-preview:large, max-video-preview:-1\" \/>\n<link rel=\"canonical\" href=\"https:\/\/www.safinel.fr\/de\/product-2\/minzkristalle\/\" \/>\n<meta property=\"og:locale\" content=\"de_DE\" \/>\n<meta property=\"og:type\" content=\"article\" \/>\n<meta property=\"og:title\" content=\"Cristaux de menthe du Maroc | Contenance 5g | Achat s\u00e9curis\u00e9\" \/>\n<meta property=\"og:description\" content=\"Les cristaux de menthe, ou\u00a0cristaux de menthol, sont de v\u00e9ritables incontournables dans votre pharmacie naturelle. D\u00e9couvrez notre s\u00e9lection !\" \/>\n<meta property=\"og:url\" content=\"https:\/\/www.safinel.fr\/de\/product-2\/minzkristalle\/\" \/>\n<meta property=\"og:site_name\" content=\"Safinel\" \/>\n<meta property=\"article:modified_time\" content=\"2024-02-09T19:21:02+00:00\" \/>\n<meta property=\"og:image\" content=\"https:\/\/www.safinel.fr\/wp-content\/uploads\/2022\/04\/cristaux-de-menthe.jpg\" \/>\n\t<meta property=\"og:image:width\" content=\"600\" \/>\n\t<meta property=\"og:image:height\" content=\"600\" \/>\n\t<meta property=\"og:image:type\" content=\"image\/jpeg\" \/>\n<meta name=\"twitter:card\" content=\"summary_large_image\" \/>\n<meta name=\"twitter:label1\" content=\"Gesch\u00e4tzte Lesezeit\" \/>\n\t<meta name=\"twitter:data1\" content=\"6\u00a0Minuten\" \/>\n<script type=\"application\/ld+json\" class=\"yoast-schema-graph\">{\"@context\":\"https:\/\/schema.org\",\"@graph\":[{\"@type\":\"WebPage\",\"@id\":\"https:\/\/www.safinel.fr\/produit\/cristaux-de-menthe\/\",\"url\":\"https:\/\/www.safinel.fr\/produit\/cristaux-de-menthe\/\",\"name\":\"Cristaux de menthe du Maroc | Contenance 5g | Achat s\u00e9curis\u00e9\",\"isPartOf\":{\"@id\":\"https:\/\/www.safinel.fr\/#website\"},\"primaryImageOfPage\":{\"@id\":\"https:\/\/www.safinel.fr\/produit\/cristaux-de-menthe\/#primaryimage\"},\"image\":{\"@id\":\"https:\/\/www.safinel.fr\/produit\/cristaux-de-menthe\/#primaryimage\"},\"thumbnailUrl\":\"https:\/\/www.safinel.fr\/wp-content\/uploads\/2022\/04\/cristaux-de-menthe.jpg\",\"datePublished\":\"2022-04-12T16:58:46+00:00\",\"dateModified\":\"2024-02-09T19:21:02+00:00\",\"description\":\"Les cristaux de menthe, ou\u00a0cristaux de menthol, sont de v\u00e9ritables incontournables dans votre pharmacie naturelle. D\u00e9couvrez notre s\u00e9lection !\",\"breadcrumb\":{\"@id\":\"https:\/\/www.safinel.fr\/produit\/cristaux-de-menthe\/#breadcrumb\"},\"inLanguage\":\"de\",\"potentialAction\":[{\"@type\":\"ReadAction\",\"target\":[\"https:\/\/www.safinel.fr\/produit\/cristaux-de-menthe\/\"]}]},{\"@type\":\"ImageObject\",\"inLanguage\":\"de\",\"@id\":\"https:\/\/www.safinel.fr\/produit\/cristaux-de-menthe\/#primaryimage\",\"url\":\"https:\/\/www.safinel.fr\/wp-content\/uploads\/2022\/04\/cristaux-de-menthe.jpg\",\"contentUrl\":\"https:\/\/www.safinel.fr\/wp-content\/uploads\/2022\/04\/cristaux-de-menthe.jpg\",\"width\":600,\"height\":600,\"caption\":\"Cristaux de menthe 5g\"},{\"@type\":\"BreadcrumbList\",\"@id\":\"https:\/\/www.safinel.fr\/produit\/cristaux-de-menthe\/#breadcrumb\",\"itemListElement\":[{\"@type\":\"ListItem\",\"position\":1,\"name\":\"Accueil\",\"item\":\"https:\/\/www.safinel.fr\/\"},{\"@type\":\"ListItem\",\"position\":2,\"name\":\"Boutique\",\"item\":\"https:\/\/www.safinel.fr\/boutique\/\"},{\"@type\":\"ListItem\",\"position\":3,\"name\":\"Cristaux de menthe 5g\"}]},{\"@type\":\"WebSite\",\"@id\":\"https:\/\/www.safinel.fr\/#website\",\"url\":\"https:\/\/www.safinel.fr\/\",\"name\":\"Safinel\",\"description\":\"\",\"publisher\":{\"@id\":\"https:\/\/www.safinel.fr\/#organization\"},\"potentialAction\":[{\"@type\":\"SearchAction\",\"target\":{\"@type\":\"EntryPoint\",\"urlTemplate\":\"https:\/\/www.safinel.fr\/?s={search_term_string}\"},\"query-input\":{\"@type\":\"PropertyValueSpecification\",\"valueRequired\":true,\"valueName\":\"search_term_string\"}}],\"inLanguage\":\"de\"},{\"@type\":\"Organization\",\"@id\":\"https:\/\/www.safinel.fr\/#organization\",\"name\":\"Safinel\",\"url\":\"https:\/\/www.safinel.fr\/\",\"logo\":{\"@type\":\"ImageObject\",\"inLanguage\":\"de\",\"@id\":\"https:\/\/www.safinel.fr\/#\/schema\/logo\/image\/\",\"url\":\"https:\/\/www.safinel.fr\/wp-content\/uploads\/2021\/05\/boutique-cosmetique.png\",\"contentUrl\":\"https:\/\/www.safinel.fr\/wp-content\/uploads\/2021\/05\/boutique-cosmetique.png\",\"width\":800,\"height\":200,\"caption\":\"Safinel\"},\"image\":{\"@id\":\"https:\/\/www.safinel.fr\/#\/schema\/logo\/image\/\"}}]}<\/script>\n<!-- \/ Yoast SEO plugin. -->","yoast_head_json":{"title":"Pfefferminzkristalle aus Marokko | Inhalt 5g | Sicherer Einkauf","description":"Pfefferminzkristalle oder Mentholkristalle sind echte Must-haves in Ihrer nat\u00fcrlichen Apotheke. Entdecken Sie unsere Auswahl!","robots":{"index":"index","follow":"follow","max-snippet":"max-snippet:-1","max-image-preview":"max-image-preview:large","max-video-preview":"max-video-preview:-1"},"canonical":"https:\/\/www.safinel.fr\/de\/product-2\/minzkristalle\/","og_locale":"de_DE","og_type":"article","og_title":"Cristaux de menthe du Maroc | Contenance 5g | Achat s\u00e9curis\u00e9","og_description":"Les cristaux de menthe, ou\u00a0cristaux de menthol, sont de v\u00e9ritables incontournables dans votre pharmacie naturelle. D\u00e9couvrez notre s\u00e9lection !","og_url":"https:\/\/www.safinel.fr\/de\/product-2\/minzkristalle\/","og_site_name":"Safinel","article_modified_time":"2024-02-09T19:21:02+00:00","og_image":[{"width":600,"height":600,"url":"https:\/\/www.safinel.fr\/wp-content\/uploads\/2022\/04\/cristaux-de-menthe.jpg","type":"image\/jpeg"}],"twitter_card":"summary_large_image","twitter_misc":{"Gesch\u00e4tzte Lesezeit":"6\u00a0Minuten"},"schema":{"@context":"https:\/\/schema.org","@graph":[{"@type":"WebPage","@id":"https:\/\/www.safinel.fr\/produit\/cristaux-de-menthe\/","url":"https:\/\/www.safinel.fr\/produit\/cristaux-de-menthe\/","name":"Pfefferminzkristalle aus Marokko | Inhalt 5g | Sicherer Einkauf","isPartOf":{"@id":"https:\/\/www.safinel.fr\/#website"},"primaryImageOfPage":{"@id":"https:\/\/www.safinel.fr\/produit\/cristaux-de-menthe\/#primaryimage"},"image":{"@id":"https:\/\/www.safinel.fr\/produit\/cristaux-de-menthe\/#primaryimage"},"thumbnailUrl":"https:\/\/www.safinel.fr\/wp-content\/uploads\/2022\/04\/cristaux-de-menthe.jpg","datePublished":"2022-04-12T16:58:46+00:00","dateModified":"2024-02-09T19:21:02+00:00","description":"Pfefferminzkristalle oder Mentholkristalle sind echte Must-haves in Ihrer nat\u00fcrlichen Apotheke. Entdecken Sie unsere Auswahl!","breadcrumb":{"@id":"https:\/\/www.safinel.fr\/produit\/cristaux-de-menthe\/#breadcrumb"},"inLanguage":"de","potentialAction":[{"@type":"ReadAction","target":["https:\/\/www.safinel.fr\/produit\/cristaux-de-menthe\/"]}]},{"@type":"ImageObject","inLanguage":"de","@id":"https:\/\/www.safinel.fr\/produit\/cristaux-de-menthe\/#primaryimage","url":"https:\/\/www.safinel.fr\/wp-content\/uploads\/2022\/04\/cristaux-de-menthe.jpg","contentUrl":"https:\/\/www.safinel.fr\/wp-content\/uploads\/2022\/04\/cristaux-de-menthe.jpg","width":600,"height":600,"caption":"Cristaux de menthe 5g"},{"@type":"BreadcrumbList","@id":"https:\/\/www.safinel.fr\/produit\/cristaux-de-menthe\/#breadcrumb","itemListElement":[{"@type":"ListItem","position":1,"name":"Accueil","item":"https:\/\/www.safinel.fr\/"},{"@type":"ListItem","position":2,"name":"Boutique","item":"https:\/\/www.safinel.fr\/boutique\/"},{"@type":"ListItem","position":3,"name":"Cristaux de menthe 5g"}]},{"@type":"WebSite","@id":"https:\/\/www.safinel.fr\/#website","url":"https:\/\/www.safinel.fr\/","name":"Safinel","description":"","publisher":{"@id":"https:\/\/www.safinel.fr\/#organization"},"potentialAction":[{"@type":"SearchAction","target":{"@type":"EntryPoint","urlTemplate":"https:\/\/www.safinel.fr\/?s={search_term_string}"},"query-input":{"@type":"PropertyValueSpecification","valueRequired":true,"valueName":"search_term_string"}}],"inLanguage":"de"},{"@type":"Organization","@id":"https:\/\/www.safinel.fr\/#organization","name":"Safinel","url":"https:\/\/www.safinel.fr\/","logo":{"@type":"ImageObject","inLanguage":"de","@id":"https:\/\/www.safinel.fr\/#\/schema\/logo\/image\/","url":"https:\/\/www.safinel.fr\/wp-content\/uploads\/2021\/05\/boutique-cosmetique.png","contentUrl":"https:\/\/www.safinel.fr\/wp-content\/uploads\/2021\/05\/boutique-cosmetique.png","width":800,"height":200,"caption":"Safinel"},"image":{"@id":"https:\/\/www.safinel.fr\/#\/schema\/logo\/image\/"}}]}},"_links":{"self":[{"href":"https:\/\/www.safinel.fr\/de\/wp-json\/wp\/v2\/product\/1056","targetHints":{"allow":["GET"]}}],"collection":[{"href":"https:\/\/www.safinel.fr\/de\/wp-json\/wp\/v2\/product"}],"about":[{"href":"https:\/\/www.safinel.fr\/de\/wp-json\/wp\/v2\/types\/product"}],"wp:featuredmedia":[{"embeddable":true,"href":"https:\/\/www.safinel.fr\/de\/wp-json\/wp\/v2\/media\/1057"}],"wp:attachment":[{"href":"https:\/\/www.safinel.fr\/de\/wp-json\/wp\/v2\/media?parent=1056"}],"wp:term":[{"taxonomy":"product_brand","embeddable":true,"href":"https:\/\/www.safinel.fr\/de\/wp-json\/wp\/v2\/product_brand?post=1056"},{"taxonomy":"product_cat","embeddable":true,"href":"https:\/\/www.safinel.fr\/de\/wp-json\/wp\/v2\/product_cat?post=1056"},{"taxonomy":"product_tag","embeddable":true,"href":"https:\/\/www.safinel.fr\/de\/wp-json\/wp\/v2\/product_tag?post=1056"}],"curies":[{"name":"wp","href":"https:\/\/api.w.org\/{rel}","templated":true}]}}