{"id":1047,"date":"2022-04-11T18:49:39","date_gmt":"2022-04-11T18:49:39","guid":{"rendered":"https:\/\/www.safinel.fr\/?post_type=product&#038;p=1047"},"modified":"2024-03-19T16:36:58","modified_gmt":"2024-03-19T16:36:58","slug":"granatapfelschale-50g","status":"publish","type":"product","link":"https:\/\/www.safinel.fr\/de\/product-2\/granatapfelschale-50g\/","title":{"rendered":"Granatapfelschale 50g"},"content":{"rendered":"<p>Heute haben Sie Gl\u00fcck, denn wir werden \u00fcber Obst sprechen!\u00a0<strong>Exotismus<\/strong>\u00a0steht im Mittelpunkt, Kerne und angenehme Aromen, machen Sie sich auf eine \u00dcberraschung gefasst! Auf in die<strong>\u00a0Granatapfelschale.\u00a0<\/strong>Sie haben es sehr gut verstanden!<\/p>\n<p>Wir werden noch mehr sagen, also bleiben Sie konzentriert.<\/p>\n<h2><strong>Die Schale des Granatapfels: Eine Frucht, eine Geschichte!\u00a0<\/strong><\/h2>\n<p>Zun\u00e4chst einmal lernen wir seinen Obstbaum aus der Familie der Lythraceae kennen, er hei\u00dft\u00a0<strong>der Grenadier<\/strong>\u00a0! Gew\u00f6hnlich bekannt f\u00fcr ihre k\u00f6stlichen kleinen roten Fr\u00fcchte, die sehr saftig und s\u00fc\u00df sind. Es ist jedoch \u00fcblich, diese Frucht zu genie\u00dfen, die zwar einen angenehmen Geschmack hat und reich an N\u00e4hrstoffen ist, aber kennen Sie die Tugenden der\u00a0<strong>Granatapfelschale<\/strong>\u00a0?<\/p>\n<p>Oftmals beiseite geschoben, sind\u00a0<strong>Granatapfelschalen<\/strong>\u00a0sind jedoch seit Jahrhunderten f\u00fcr ihre wohltuende Wirkung bekannt... Aus diesem Grund hat Ihr Online-Shop, der sich auf\u00a0<strong>Naturprodukte\u00a0<\/strong>bietet sie Ihnen in einem Beh\u00e4lter mit 50 G an.<\/p>\n<h2><strong>Die Schale des Granatapfels und ihre versteckten Vorteile...\u00a0<\/strong><\/h2>\n<p>Es ist an der Zeit, die Granatapfelschale kennen zu lernen. Bei manchen Gemeinschaften gilt sie als\u00a0<strong>medizinische Behandlung<\/strong>, In den letzten Jahren hat die Pflanze die Grenzen \u00fcberschritten, damit die Menschen von ihrer Wirkung profitieren k\u00f6nnen.<\/p>\n<ul>\n<li>Kann f\u00fcr einige vorteilhaft sein<strong>\u00a0Krankheiten im Zusammenhang mit dem Dickdarm<\/strong>\u00a0wie Colitis ulcerosa.<\/li>\n<li>Auch bekannt als hilfreich bei Magengeschw\u00fcren<\/li>\n<li>Da sie reich an Vitamin C ist, kann sie von Vorteil sein, um die\u00a0<strong>Immunsystem<\/strong><\/li>\n<li>Gut f\u00fcr das Verdauungssystem, kann auch gegen Durchfall helfen<\/li>\n<li>Kann sich als wirksam gegen Akne erweisen<\/li>\n<\/ul>\n<h3><strong>Fr\u00fcchte stehen bei Safinel im Mittelpunkt!<\/strong><\/h3>\n<p>In der Tat ist Ihr Fachgesch\u00e4ft f\u00fcr<strong>\u00a0Naturprodukte<\/strong>\u00a0stellt die Fr\u00fcchte in den Vordergrund!\u00a0<a href=\"https:\/\/www.safinel.fr\/de\/product-2\/getrocknete-jujuben-100g\/\"><strong>Getrocknete Jujuben<\/strong><\/a>\u00a0oder<strong>\u00a0<a href=\"https:\/\/www.safinel.fr\/de\/product-2\/4-seitige-frucht-3-stuck\/\">Frucht 4 Seiten<\/a><\/strong>, Es ist klar, dass die Natur uns verw\u00f6hnt. F\u00fcr diejenigen, die besonders gerne<strong>\u00a0nat\u00fcrliche Behandlungen<\/strong>, Dann sind Sie hier genau richtig. Z\u00f6gern Sie nicht l\u00e4nger und nutzen Sie unsere\u00a0<strong>nat\u00fcrliche Produkte 100%<\/strong>.<\/p>","protected":false},"excerpt":{"rendered":"<p>Heute haben Sie Gl\u00fcck, denn wir sprechen \u00fcber Fr\u00fcchte! Exotisches steht im Mittelpunkt, Kerne und angenehme Aromen \u2013 lassen Sie sich \u00fcberraschen! Auf geht's zur Granatapfelschale. Sie haben richtig verstanden! Wir werden mehr dar\u00fcber erz\u00e4hlen, also bleiben Sie dran. Die Granatapfelschale: Eine Frucht, eine Geschichte!  Zun\u00e4chst einmal [\u2026]","protected":false},"featured_media":1023,"template":"","meta":[],"product_brand":[],"product_cat":[59,41],"product_tag":[],"class_list":{"0":"post-1047","1":"product","2":"type-product","3":"status-publish","4":"has-post-thumbnail","6":"product_cat-fruit-tropical","7":"product_cat-produits-naturels-divers","9":"first","10":"outofstock","11":"shipping-taxable","12":"purchasable","13":"product-type-simple"},"yoast_head":"<!-- This site is optimized with the Yoast SEO plugin v26.6 - https:\/\/yoast.com\/wordpress\/plugins\/seo\/ -->\n<title>Peau de grenade | Bienfaits nombreux | Achat en ligne s\u00e9curis\u00e9<\/title>\n<meta name=\"description\" content=\"En avant pour la\u00a0peau de grenade, une peau de fruit poss\u00e9dant des bienfaits nombreux au quotidien ! Achat rapide et s\u00e9curis\u00e9.\" \/>\n<meta name=\"robots\" content=\"index, follow, max-snippet:-1, max-image-preview:large, max-video-preview:-1\" \/>\n<link rel=\"canonical\" href=\"https:\/\/www.safinel.fr\/de\/product-2\/granatapfelschale-50g\/\" \/>\n<meta property=\"og:locale\" content=\"de_DE\" \/>\n<meta property=\"og:type\" content=\"article\" \/>\n<meta property=\"og:title\" content=\"Peau de grenade | Bienfaits nombreux | Achat en ligne s\u00e9curis\u00e9\" \/>\n<meta property=\"og:description\" content=\"En avant pour la\u00a0peau de grenade, une peau de fruit poss\u00e9dant des bienfaits nombreux au quotidien ! Achat rapide et s\u00e9curis\u00e9.\" \/>\n<meta property=\"og:url\" content=\"https:\/\/www.safinel.fr\/de\/product-2\/granatapfelschale-50g\/\" \/>\n<meta property=\"og:site_name\" content=\"Safinel\" \/>\n<meta property=\"article:modified_time\" content=\"2024-03-19T16:36:58+00:00\" \/>\n<meta property=\"og:image\" content=\"https:\/\/www.safinel.fr\/wp-content\/uploads\/2022\/04\/peau-de-grenade.jpg\" \/>\n\t<meta property=\"og:image:width\" content=\"600\" \/>\n\t<meta property=\"og:image:height\" content=\"600\" \/>\n\t<meta property=\"og:image:type\" content=\"image\/jpeg\" \/>\n<meta name=\"twitter:card\" content=\"summary_large_image\" \/>\n<meta name=\"twitter:label1\" content=\"Gesch\u00e4tzte Lesezeit\" \/>\n\t<meta name=\"twitter:data1\" content=\"2\u00a0Minuten\" \/>\n<script type=\"application\/ld+json\" class=\"yoast-schema-graph\">{\"@context\":\"https:\/\/schema.org\",\"@graph\":[{\"@type\":\"WebPage\",\"@id\":\"https:\/\/www.safinel.fr\/produit\/peau-de-grenade-50g\/\",\"url\":\"https:\/\/www.safinel.fr\/produit\/peau-de-grenade-50g\/\",\"name\":\"Peau de grenade | Bienfaits nombreux | Achat en ligne s\u00e9curis\u00e9\",\"isPartOf\":{\"@id\":\"https:\/\/www.safinel.fr\/#website\"},\"primaryImageOfPage\":{\"@id\":\"https:\/\/www.safinel.fr\/produit\/peau-de-grenade-50g\/#primaryimage\"},\"image\":{\"@id\":\"https:\/\/www.safinel.fr\/produit\/peau-de-grenade-50g\/#primaryimage\"},\"thumbnailUrl\":\"https:\/\/www.safinel.fr\/wp-content\/uploads\/2022\/04\/peau-de-grenade.jpg\",\"datePublished\":\"2022-04-11T18:49:39+00:00\",\"dateModified\":\"2024-03-19T16:36:58+00:00\",\"description\":\"En avant pour la\u00a0peau de grenade, une peau de fruit poss\u00e9dant des bienfaits nombreux au quotidien ! Achat rapide et s\u00e9curis\u00e9.\",\"breadcrumb\":{\"@id\":\"https:\/\/www.safinel.fr\/produit\/peau-de-grenade-50g\/#breadcrumb\"},\"inLanguage\":\"de\",\"potentialAction\":[{\"@type\":\"ReadAction\",\"target\":[\"https:\/\/www.safinel.fr\/produit\/peau-de-grenade-50g\/\"]}]},{\"@type\":\"ImageObject\",\"inLanguage\":\"de\",\"@id\":\"https:\/\/www.safinel.fr\/produit\/peau-de-grenade-50g\/#primaryimage\",\"url\":\"https:\/\/www.safinel.fr\/wp-content\/uploads\/2022\/04\/peau-de-grenade.jpg\",\"contentUrl\":\"https:\/\/www.safinel.fr\/wp-content\/uploads\/2022\/04\/peau-de-grenade.jpg\",\"width\":600,\"height\":600,\"caption\":\"Peau de grenade\"},{\"@type\":\"BreadcrumbList\",\"@id\":\"https:\/\/www.safinel.fr\/produit\/peau-de-grenade-50g\/#breadcrumb\",\"itemListElement\":[{\"@type\":\"ListItem\",\"position\":1,\"name\":\"Accueil\",\"item\":\"https:\/\/www.safinel.fr\/\"},{\"@type\":\"ListItem\",\"position\":2,\"name\":\"Boutique\",\"item\":\"https:\/\/www.safinel.fr\/boutique\/\"},{\"@type\":\"ListItem\",\"position\":3,\"name\":\"Peau de grenade 50g\"}]},{\"@type\":\"WebSite\",\"@id\":\"https:\/\/www.safinel.fr\/#website\",\"url\":\"https:\/\/www.safinel.fr\/\",\"name\":\"Safinel\",\"description\":\"\",\"publisher\":{\"@id\":\"https:\/\/www.safinel.fr\/#organization\"},\"potentialAction\":[{\"@type\":\"SearchAction\",\"target\":{\"@type\":\"EntryPoint\",\"urlTemplate\":\"https:\/\/www.safinel.fr\/?s={search_term_string}\"},\"query-input\":{\"@type\":\"PropertyValueSpecification\",\"valueRequired\":true,\"valueName\":\"search_term_string\"}}],\"inLanguage\":\"de\"},{\"@type\":\"Organization\",\"@id\":\"https:\/\/www.safinel.fr\/#organization\",\"name\":\"Safinel\",\"url\":\"https:\/\/www.safinel.fr\/\",\"logo\":{\"@type\":\"ImageObject\",\"inLanguage\":\"de\",\"@id\":\"https:\/\/www.safinel.fr\/#\/schema\/logo\/image\/\",\"url\":\"https:\/\/www.safinel.fr\/wp-content\/uploads\/2021\/05\/boutique-cosmetique.png\",\"contentUrl\":\"https:\/\/www.safinel.fr\/wp-content\/uploads\/2021\/05\/boutique-cosmetique.png\",\"width\":800,\"height\":200,\"caption\":\"Safinel\"},\"image\":{\"@id\":\"https:\/\/www.safinel.fr\/#\/schema\/logo\/image\/\"}}]}<\/script>\n<!-- \/ Yoast SEO plugin. -->","yoast_head_json":{"title":"Granatapfelschale | Zahlreiche Vorteile | Sicherer Online-Einkauf","description":"Die Granatapfelschale ist eine Fruchtschale mit vielen Vorteilen f\u00fcr den Alltag. Schneller und sicherer Einkauf.","robots":{"index":"index","follow":"follow","max-snippet":"max-snippet:-1","max-image-preview":"max-image-preview:large","max-video-preview":"max-video-preview:-1"},"canonical":"https:\/\/www.safinel.fr\/de\/product-2\/granatapfelschale-50g\/","og_locale":"de_DE","og_type":"article","og_title":"Peau de grenade | Bienfaits nombreux | Achat en ligne s\u00e9curis\u00e9","og_description":"En avant pour la\u00a0peau de grenade, une peau de fruit poss\u00e9dant des bienfaits nombreux au quotidien ! Achat rapide et s\u00e9curis\u00e9.","og_url":"https:\/\/www.safinel.fr\/de\/product-2\/granatapfelschale-50g\/","og_site_name":"Safinel","article_modified_time":"2024-03-19T16:36:58+00:00","og_image":[{"width":600,"height":600,"url":"https:\/\/www.safinel.fr\/wp-content\/uploads\/2022\/04\/peau-de-grenade.jpg","type":"image\/jpeg"}],"twitter_card":"summary_large_image","twitter_misc":{"Gesch\u00e4tzte Lesezeit":"2\u00a0Minuten"},"schema":{"@context":"https:\/\/schema.org","@graph":[{"@type":"WebPage","@id":"https:\/\/www.safinel.fr\/produit\/peau-de-grenade-50g\/","url":"https:\/\/www.safinel.fr\/produit\/peau-de-grenade-50g\/","name":"Granatapfelschale | Zahlreiche Vorteile | Sicherer Online-Einkauf","isPartOf":{"@id":"https:\/\/www.safinel.fr\/#website"},"primaryImageOfPage":{"@id":"https:\/\/www.safinel.fr\/produit\/peau-de-grenade-50g\/#primaryimage"},"image":{"@id":"https:\/\/www.safinel.fr\/produit\/peau-de-grenade-50g\/#primaryimage"},"thumbnailUrl":"https:\/\/www.safinel.fr\/wp-content\/uploads\/2022\/04\/peau-de-grenade.jpg","datePublished":"2022-04-11T18:49:39+00:00","dateModified":"2024-03-19T16:36:58+00:00","description":"Die Granatapfelschale ist eine Fruchtschale mit vielen Vorteilen f\u00fcr den Alltag. Schneller und sicherer Einkauf.","breadcrumb":{"@id":"https:\/\/www.safinel.fr\/produit\/peau-de-grenade-50g\/#breadcrumb"},"inLanguage":"de","potentialAction":[{"@type":"ReadAction","target":["https:\/\/www.safinel.fr\/produit\/peau-de-grenade-50g\/"]}]},{"@type":"ImageObject","inLanguage":"de","@id":"https:\/\/www.safinel.fr\/produit\/peau-de-grenade-50g\/#primaryimage","url":"https:\/\/www.safinel.fr\/wp-content\/uploads\/2022\/04\/peau-de-grenade.jpg","contentUrl":"https:\/\/www.safinel.fr\/wp-content\/uploads\/2022\/04\/peau-de-grenade.jpg","width":600,"height":600,"caption":"Peau de grenade"},{"@type":"BreadcrumbList","@id":"https:\/\/www.safinel.fr\/produit\/peau-de-grenade-50g\/#breadcrumb","itemListElement":[{"@type":"ListItem","position":1,"name":"Accueil","item":"https:\/\/www.safinel.fr\/"},{"@type":"ListItem","position":2,"name":"Boutique","item":"https:\/\/www.safinel.fr\/boutique\/"},{"@type":"ListItem","position":3,"name":"Peau de grenade 50g"}]},{"@type":"WebSite","@id":"https:\/\/www.safinel.fr\/#website","url":"https:\/\/www.safinel.fr\/","name":"Safinel","description":"","publisher":{"@id":"https:\/\/www.safinel.fr\/#organization"},"potentialAction":[{"@type":"SearchAction","target":{"@type":"EntryPoint","urlTemplate":"https:\/\/www.safinel.fr\/?s={search_term_string}"},"query-input":{"@type":"PropertyValueSpecification","valueRequired":true,"valueName":"search_term_string"}}],"inLanguage":"de"},{"@type":"Organization","@id":"https:\/\/www.safinel.fr\/#organization","name":"Safinel","url":"https:\/\/www.safinel.fr\/","logo":{"@type":"ImageObject","inLanguage":"de","@id":"https:\/\/www.safinel.fr\/#\/schema\/logo\/image\/","url":"https:\/\/www.safinel.fr\/wp-content\/uploads\/2021\/05\/boutique-cosmetique.png","contentUrl":"https:\/\/www.safinel.fr\/wp-content\/uploads\/2021\/05\/boutique-cosmetique.png","width":800,"height":200,"caption":"Safinel"},"image":{"@id":"https:\/\/www.safinel.fr\/#\/schema\/logo\/image\/"}}]}},"_links":{"self":[{"href":"https:\/\/www.safinel.fr\/de\/wp-json\/wp\/v2\/product\/1047","targetHints":{"allow":["GET"]}}],"collection":[{"href":"https:\/\/www.safinel.fr\/de\/wp-json\/wp\/v2\/product"}],"about":[{"href":"https:\/\/www.safinel.fr\/de\/wp-json\/wp\/v2\/types\/product"}],"wp:featuredmedia":[{"embeddable":true,"href":"https:\/\/www.safinel.fr\/de\/wp-json\/wp\/v2\/media\/1023"}],"wp:attachment":[{"href":"https:\/\/www.safinel.fr\/de\/wp-json\/wp\/v2\/media?parent=1047"}],"wp:term":[{"taxonomy":"product_brand","embeddable":true,"href":"https:\/\/www.safinel.fr\/de\/wp-json\/wp\/v2\/product_brand?post=1047"},{"taxonomy":"product_cat","embeddable":true,"href":"https:\/\/www.safinel.fr\/de\/wp-json\/wp\/v2\/product_cat?post=1047"},{"taxonomy":"product_tag","embeddable":true,"href":"https:\/\/www.safinel.fr\/de\/wp-json\/wp\/v2\/product_tag?post=1047"}],"curies":[{"name":"wp","href":"https:\/\/api.w.org\/{rel}","templated":true}]}}