{"id":1046,"date":"2022-04-11T18:44:51","date_gmt":"2022-04-11T18:44:51","guid":{"rendered":"https:\/\/www.safinel.fr\/?post_type=product&#038;p=1046"},"modified":"2026-01-07T14:58:35","modified_gmt":"2026-01-07T14:58:35","slug":"guavenblatter","status":"publish","type":"product","link":"https:\/\/www.safinel.fr\/de\/product-2\/guavenblatter\/","title":{"rendered":"Guavenbl\u00e4tter 50g"},"content":{"rendered":"<p>L<strong>\u2019Obstbaum,<\/strong>\u00a0so sch\u00f6n und angenehm er auch sein mag, kann zwar Fr\u00fcchte mit einem angenehmen Geschmack haben, aber auch Bl\u00e4tter oder sogar Rinde mit Eigenschaften und Eigenschaften, die den K\u00f6rper bereichern. Die<strong>\u00a0Guavenbl\u00e4tter<\/strong>\u00a0nehmen Platz, machen Sie sich auf eine \u00dcberraschung gefasst!<\/p>\n<h2><strong>Pr\u00e4sentation von Guavenbl\u00e4ttern\u00a0<\/strong><\/h2>\n<p>Zun\u00e4chst einmal wollen wir den Baum kennenlernen, von dem diese zarten und wundersch\u00f6nen Bl\u00e4tter stammen. Er hei\u00dft\u00a0<strong>psidium guajava<\/strong>, Sie geh\u00f6rt zur Familie der Myrtengew\u00e4chse (Myrtaceae). Sie stammt aus tropischen Regionen und ist gew\u00f6hnlich f\u00fcr ihre s\u00fc\u00dfen und erfrischenden Fr\u00fcchte bekannt,\u00a0<strong>die Guave<\/strong>\u00a0! Doch nicht weit von seinen Fr\u00fcchten entfernt befinden sich Bl\u00e4tter mit zahlreichen Vorteilen!<\/p>\n<p>Entdecken Sie ohne weitere Verz\u00f6gerung in ihrem 50g-Beh\u00e4lter, der f\u00fcr Sie verarbeitet und zubereitet wurde, die ber\u00fchmten<strong> Guavenbl\u00e4tter<\/strong>.<\/p>\n<h2><strong>Was sind die Vorteile von Guavenbl\u00e4ttern?\u00a0<\/strong><\/h2>\n<p>Sind Sie bereit, die Tugenden der<strong>\u00a0Bl\u00e4tter von Psidium guajava\u00a0<\/strong>?<\/p>\n<ul>\n<li>K\u00f6nnen eine Hilfe sein bei\u00a0<strong>den Cholesterinspiegel regulieren<\/strong><\/li>\n<li>Sie sind bekannt daf\u00fcr, dass sie bei Mundbeschwerden wie schmerzhaftem Zahnfleisch, Wunden oder Entz\u00fcndungen helfen.<\/li>\n<li>F\u00fcr diejenigen, die Probleme mit Akne haben, k\u00f6nnen Guajakbl\u00e4tter eine L\u00f6sung sein!<\/li>\n<li>K\u00f6nnen auch eine\u00a0<strong>Zuckerregulierung<\/strong><\/li>\n<li>Sie sind auch daf\u00fcr bekannt, Haarausfall vorzubeugen<\/li>\n<\/ul>\n<h3><strong>Obstb\u00e4ume stehen im Mittelpunkt!\u00a0<\/strong><\/h3>\n<p>B\u00e4ume werden oft wegen ihrer Fr\u00fcchte gesch\u00e4tzt, aber manchmal verbergen sie auch viele Vorteile, von denen wir nichts wissen. Wie zum Beispiel bei den<strong>\u00a0<a href=\"https:\/\/www.safinel.fr\/de\/product-2\/mangoschalenrinde\/\">Mangoschalen<\/a><\/strong>\u00a0oder mit der\u00a0<a href=\"https:\/\/www.safinel.fr\/de\/product-2\/granatapfelschale-50g\/\"><strong>Granatapfelschale<\/strong><\/a>\u00a0!<\/p>\n<p>Obstb\u00e4ume gefallen durch die zarten, saftigen Beeren, die sie hervorbringen, aber auch durch die Reicht\u00fcmer, die sich in ihnen verbergen.<\/p>\n<p>Um diesen zu genie\u00dfen<strong>\u00a0nat\u00fcrliche medizinische Behandlung<\/strong>, Die Infusion ist eine der wirksamsten L\u00f6sungen. Egal, ob Sie versuchen<strong>\u00a0Ihre Beschwerden heilen<\/strong>\u00a0oder um Ihren K\u00f6rper zu regulieren:<\/p>\n<ol>\n<li>Nehmen Sie einen Topf zur Hand, um Wasser zum Kochen zu bringen.<\/li>\n<li>Dann anschlie\u00dfend dort die\u00a0<strong>Guavenbl\u00e4tter<\/strong>\u00a0zum Ziehen lassen.<\/li>\n<li>Zum Schluss sollten Sie sich gedulden und Ihre neuen Gesundheitsgef\u00e4hrten geb\u00fchrend genie\u00dfen!<\/li>\n<\/ol>","protected":false},"excerpt":{"rendered":"<p>Der Obstbaum, so sch\u00f6n und angenehm er auch sein mag, kann zwar Fr\u00fcchte mit angenehmem Geschmack haben, aber auch Bl\u00e4tter oder sogar Rinden mit Eigenschaften und Vorz\u00fcgen, die f\u00fcr den K\u00f6rper bereichernd sind. Die Bl\u00e4tter des Guavenbaums nehmen ihren Platz ein, machen Sie sich bereit, \u00fcberrascht zu werden! Vorstellung der Guavenbl\u00e4tter  Zun\u00e4chst einmal wollen wir uns mit dem Baum vertraut machen, von dem diese [\u2026] stammen.","protected":false},"featured_media":1026,"template":"","meta":[],"product_brand":[],"product_cat":[27],"product_tag":[],"class_list":{"0":"post-1046","1":"product","2":"type-product","3":"status-publish","4":"has-post-thumbnail","6":"product_cat-plantes-medicinales","8":"first","9":"outofstock","10":"shipping-taxable","11":"purchasable","12":"product-type-simple"},"yoast_head":"<!-- This site is optimized with the Yoast SEO plugin v26.6 - https:\/\/yoast.com\/wordpress\/plugins\/seo\/ -->\n<title>Feuilles de goyave | Bienfaits et vertus nombreux | Achat en ligne<\/title>\n<meta name=\"description\" content=\"Les\u00a0feuilles de goyavier\u00a0prennent place, pr\u00e9parez-vous \u00e0 \u00eatre surpris !\u00a0D\u00e9couvrez notre s\u00e9lection sans plus attendre !\" \/>\n<meta name=\"robots\" content=\"index, follow, max-snippet:-1, max-image-preview:large, max-video-preview:-1\" \/>\n<link rel=\"canonical\" href=\"https:\/\/www.safinel.fr\/de\/product-2\/guavenblatter\/\" \/>\n<meta property=\"og:locale\" content=\"de_DE\" \/>\n<meta property=\"og:type\" content=\"article\" \/>\n<meta property=\"og:title\" content=\"Feuilles de goyave | Bienfaits et vertus nombreux | Achat en ligne\" \/>\n<meta property=\"og:description\" content=\"Les\u00a0feuilles de goyavier\u00a0prennent place, pr\u00e9parez-vous \u00e0 \u00eatre surpris !\u00a0D\u00e9couvrez notre s\u00e9lection sans plus attendre !\" \/>\n<meta property=\"og:url\" content=\"https:\/\/www.safinel.fr\/de\/product-2\/guavenblatter\/\" \/>\n<meta property=\"og:site_name\" content=\"Safinel\" \/>\n<meta property=\"article:modified_time\" content=\"2026-01-07T14:58:35+00:00\" \/>\n<meta property=\"og:image\" content=\"https:\/\/www.safinel.fr\/wp-content\/uploads\/2022\/04\/feuilles-de-goyavier.jpg\" \/>\n\t<meta property=\"og:image:width\" content=\"600\" \/>\n\t<meta property=\"og:image:height\" content=\"600\" \/>\n\t<meta property=\"og:image:type\" content=\"image\/jpeg\" \/>\n<meta name=\"twitter:card\" content=\"summary_large_image\" \/>\n<meta name=\"twitter:label1\" content=\"Gesch\u00e4tzte Lesezeit\" \/>\n\t<meta name=\"twitter:data1\" content=\"2\u00a0Minuten\" \/>\n<script type=\"application\/ld+json\" class=\"yoast-schema-graph\">{\"@context\":\"https:\/\/schema.org\",\"@graph\":[{\"@type\":\"WebPage\",\"@id\":\"https:\/\/www.safinel.fr\/produit\/feuilles-de-goyavier\/\",\"url\":\"https:\/\/www.safinel.fr\/produit\/feuilles-de-goyavier\/\",\"name\":\"Feuilles de goyave | Bienfaits et vertus nombreux | Achat en ligne\",\"isPartOf\":{\"@id\":\"https:\/\/www.safinel.fr\/#website\"},\"primaryImageOfPage\":{\"@id\":\"https:\/\/www.safinel.fr\/produit\/feuilles-de-goyavier\/#primaryimage\"},\"image\":{\"@id\":\"https:\/\/www.safinel.fr\/produit\/feuilles-de-goyavier\/#primaryimage\"},\"thumbnailUrl\":\"https:\/\/www.safinel.fr\/wp-content\/uploads\/2022\/04\/feuilles-de-goyavier.jpg\",\"datePublished\":\"2022-04-11T18:44:51+00:00\",\"dateModified\":\"2026-01-07T14:58:35+00:00\",\"description\":\"Les\u00a0feuilles de goyavier\u00a0prennent place, pr\u00e9parez-vous \u00e0 \u00eatre surpris !\u00a0D\u00e9couvrez notre s\u00e9lection sans plus attendre !\",\"breadcrumb\":{\"@id\":\"https:\/\/www.safinel.fr\/produit\/feuilles-de-goyavier\/#breadcrumb\"},\"inLanguage\":\"de\",\"potentialAction\":[{\"@type\":\"ReadAction\",\"target\":[\"https:\/\/www.safinel.fr\/produit\/feuilles-de-goyavier\/\"]}]},{\"@type\":\"ImageObject\",\"inLanguage\":\"de\",\"@id\":\"https:\/\/www.safinel.fr\/produit\/feuilles-de-goyavier\/#primaryimage\",\"url\":\"https:\/\/www.safinel.fr\/wp-content\/uploads\/2022\/04\/feuilles-de-goyavier.jpg\",\"contentUrl\":\"https:\/\/www.safinel.fr\/wp-content\/uploads\/2022\/04\/feuilles-de-goyavier.jpg\",\"width\":600,\"height\":600,\"caption\":\"Feuilles de goyavier\"},{\"@type\":\"BreadcrumbList\",\"@id\":\"https:\/\/www.safinel.fr\/produit\/feuilles-de-goyavier\/#breadcrumb\",\"itemListElement\":[{\"@type\":\"ListItem\",\"position\":1,\"name\":\"Accueil\",\"item\":\"https:\/\/www.safinel.fr\/\"},{\"@type\":\"ListItem\",\"position\":2,\"name\":\"Boutique\",\"item\":\"https:\/\/www.safinel.fr\/boutique\/\"},{\"@type\":\"ListItem\",\"position\":3,\"name\":\"Feuilles de goyave 50g\"}]},{\"@type\":\"WebSite\",\"@id\":\"https:\/\/www.safinel.fr\/#website\",\"url\":\"https:\/\/www.safinel.fr\/\",\"name\":\"Safinel\",\"description\":\"\",\"publisher\":{\"@id\":\"https:\/\/www.safinel.fr\/#organization\"},\"potentialAction\":[{\"@type\":\"SearchAction\",\"target\":{\"@type\":\"EntryPoint\",\"urlTemplate\":\"https:\/\/www.safinel.fr\/?s={search_term_string}\"},\"query-input\":{\"@type\":\"PropertyValueSpecification\",\"valueRequired\":true,\"valueName\":\"search_term_string\"}}],\"inLanguage\":\"de\"},{\"@type\":\"Organization\",\"@id\":\"https:\/\/www.safinel.fr\/#organization\",\"name\":\"Safinel\",\"url\":\"https:\/\/www.safinel.fr\/\",\"logo\":{\"@type\":\"ImageObject\",\"inLanguage\":\"de\",\"@id\":\"https:\/\/www.safinel.fr\/#\/schema\/logo\/image\/\",\"url\":\"https:\/\/www.safinel.fr\/wp-content\/uploads\/2021\/05\/boutique-cosmetique.png\",\"contentUrl\":\"https:\/\/www.safinel.fr\/wp-content\/uploads\/2021\/05\/boutique-cosmetique.png\",\"width\":800,\"height\":200,\"caption\":\"Safinel\"},\"image\":{\"@id\":\"https:\/\/www.safinel.fr\/#\/schema\/logo\/image\/\"}}]}<\/script>\n<!-- \/ Yoast SEO plugin. -->","yoast_head_json":{"title":"Guavenbl\u00e4tter | Zahlreiche Vorteile und Tugenden | Online kaufen","description":"Die Guavenbl\u00e4tter nehmen ihren Platz ein, machen Sie sich auf eine \u00dcberraschung gefasst! Entdecken Sie unsere Auswahl ohne weitere Verz\u00f6gerung!","robots":{"index":"index","follow":"follow","max-snippet":"max-snippet:-1","max-image-preview":"max-image-preview:large","max-video-preview":"max-video-preview:-1"},"canonical":"https:\/\/www.safinel.fr\/de\/product-2\/guavenblatter\/","og_locale":"de_DE","og_type":"article","og_title":"Feuilles de goyave | Bienfaits et vertus nombreux | Achat en ligne","og_description":"Les\u00a0feuilles de goyavier\u00a0prennent place, pr\u00e9parez-vous \u00e0 \u00eatre surpris !\u00a0D\u00e9couvrez notre s\u00e9lection sans plus attendre !","og_url":"https:\/\/www.safinel.fr\/de\/product-2\/guavenblatter\/","og_site_name":"Safinel","article_modified_time":"2026-01-07T14:58:35+00:00","og_image":[{"width":600,"height":600,"url":"https:\/\/www.safinel.fr\/wp-content\/uploads\/2022\/04\/feuilles-de-goyavier.jpg","type":"image\/jpeg"}],"twitter_card":"summary_large_image","twitter_misc":{"Gesch\u00e4tzte Lesezeit":"2\u00a0Minuten"},"schema":{"@context":"https:\/\/schema.org","@graph":[{"@type":"WebPage","@id":"https:\/\/www.safinel.fr\/produit\/feuilles-de-goyavier\/","url":"https:\/\/www.safinel.fr\/produit\/feuilles-de-goyavier\/","name":"Guavenbl\u00e4tter | Zahlreiche Vorteile und Tugenden | Online kaufen","isPartOf":{"@id":"https:\/\/www.safinel.fr\/#website"},"primaryImageOfPage":{"@id":"https:\/\/www.safinel.fr\/produit\/feuilles-de-goyavier\/#primaryimage"},"image":{"@id":"https:\/\/www.safinel.fr\/produit\/feuilles-de-goyavier\/#primaryimage"},"thumbnailUrl":"https:\/\/www.safinel.fr\/wp-content\/uploads\/2022\/04\/feuilles-de-goyavier.jpg","datePublished":"2022-04-11T18:44:51+00:00","dateModified":"2026-01-07T14:58:35+00:00","description":"Die Guavenbl\u00e4tter nehmen ihren Platz ein, machen Sie sich auf eine \u00dcberraschung gefasst! Entdecken Sie unsere Auswahl ohne weitere Verz\u00f6gerung!","breadcrumb":{"@id":"https:\/\/www.safinel.fr\/produit\/feuilles-de-goyavier\/#breadcrumb"},"inLanguage":"de","potentialAction":[{"@type":"ReadAction","target":["https:\/\/www.safinel.fr\/produit\/feuilles-de-goyavier\/"]}]},{"@type":"ImageObject","inLanguage":"de","@id":"https:\/\/www.safinel.fr\/produit\/feuilles-de-goyavier\/#primaryimage","url":"https:\/\/www.safinel.fr\/wp-content\/uploads\/2022\/04\/feuilles-de-goyavier.jpg","contentUrl":"https:\/\/www.safinel.fr\/wp-content\/uploads\/2022\/04\/feuilles-de-goyavier.jpg","width":600,"height":600,"caption":"Feuilles de goyavier"},{"@type":"BreadcrumbList","@id":"https:\/\/www.safinel.fr\/produit\/feuilles-de-goyavier\/#breadcrumb","itemListElement":[{"@type":"ListItem","position":1,"name":"Accueil","item":"https:\/\/www.safinel.fr\/"},{"@type":"ListItem","position":2,"name":"Boutique","item":"https:\/\/www.safinel.fr\/boutique\/"},{"@type":"ListItem","position":3,"name":"Feuilles de goyave 50g"}]},{"@type":"WebSite","@id":"https:\/\/www.safinel.fr\/#website","url":"https:\/\/www.safinel.fr\/","name":"Safinel","description":"","publisher":{"@id":"https:\/\/www.safinel.fr\/#organization"},"potentialAction":[{"@type":"SearchAction","target":{"@type":"EntryPoint","urlTemplate":"https:\/\/www.safinel.fr\/?s={search_term_string}"},"query-input":{"@type":"PropertyValueSpecification","valueRequired":true,"valueName":"search_term_string"}}],"inLanguage":"de"},{"@type":"Organization","@id":"https:\/\/www.safinel.fr\/#organization","name":"Safinel","url":"https:\/\/www.safinel.fr\/","logo":{"@type":"ImageObject","inLanguage":"de","@id":"https:\/\/www.safinel.fr\/#\/schema\/logo\/image\/","url":"https:\/\/www.safinel.fr\/wp-content\/uploads\/2021\/05\/boutique-cosmetique.png","contentUrl":"https:\/\/www.safinel.fr\/wp-content\/uploads\/2021\/05\/boutique-cosmetique.png","width":800,"height":200,"caption":"Safinel"},"image":{"@id":"https:\/\/www.safinel.fr\/#\/schema\/logo\/image\/"}}]}},"_links":{"self":[{"href":"https:\/\/www.safinel.fr\/de\/wp-json\/wp\/v2\/product\/1046","targetHints":{"allow":["GET"]}}],"collection":[{"href":"https:\/\/www.safinel.fr\/de\/wp-json\/wp\/v2\/product"}],"about":[{"href":"https:\/\/www.safinel.fr\/de\/wp-json\/wp\/v2\/types\/product"}],"wp:featuredmedia":[{"embeddable":true,"href":"https:\/\/www.safinel.fr\/de\/wp-json\/wp\/v2\/media\/1026"}],"wp:attachment":[{"href":"https:\/\/www.safinel.fr\/de\/wp-json\/wp\/v2\/media?parent=1046"}],"wp:term":[{"taxonomy":"product_brand","embeddable":true,"href":"https:\/\/www.safinel.fr\/de\/wp-json\/wp\/v2\/product_brand?post=1046"},{"taxonomy":"product_cat","embeddable":true,"href":"https:\/\/www.safinel.fr\/de\/wp-json\/wp\/v2\/product_cat?post=1046"},{"taxonomy":"product_tag","embeddable":true,"href":"https:\/\/www.safinel.fr\/de\/wp-json\/wp\/v2\/product_tag?post=1046"}],"curies":[{"name":"wp","href":"https:\/\/api.w.org\/{rel}","templated":true}]}}