{"id":1045,"date":"2022-04-11T12:04:41","date_gmt":"2022-04-11T12:04:41","guid":{"rendered":"https:\/\/www.safinel.fr\/?post_type=product&#038;p=1045"},"modified":"2024-02-12T17:25:18","modified_gmt":"2024-02-12T17:25:18","slug":"akpi-in-pulverform","status":"publish","type":"product","link":"https:\/\/www.safinel.fr\/de\/product-2\/akpi-in-pulverform\/","title":{"rendered":"Akpi Pulver 100g"},"content":{"rendered":"<p>Wer mit der afrikanischen K\u00fcche vertraut ist, kennt sie vielleicht schon...<strong>\u00a0Akpi in Pulverform<\/strong>\u00a0wird in der Tat als kulinarische Zutat verwendet. Aber diese\u00a0<strong>Samen<\/strong>\u00a0hat auch kosmetische Eigenschaften, die f\u00fcr Damen sehr interessant sind. Sie kann unter anderem\u2019<strong>das Volumen der H\u00fcften, des Ges\u00e4\u00dfes sowie der Brust vergr\u00f6\u00dfern<\/strong>. Und das ist noch nicht alles ...<\/p>\n<h2><strong>Akpi in Pulverform: eine gebrauchsfertige Form!\u00a0<\/strong><\/h2>\n<p><strong>Der Akpi-Samen\u00a0<\/strong>stammt von einem \u00f6lhaltigen Baum und wird haupts\u00e4chlich in der Elfenbeink\u00fcste sowie in Kamerun verwendet, wo es den Namen\u00a0<strong>Djansan<\/strong>.<\/p>\n<p>Diese goldfarbene Mandelsorte wird in der\u00a0<strong>afrikanische K\u00fcche<\/strong>, Als nat\u00fcrlicher Geschmacksverst\u00e4rker.<\/p>\n<p>Au\u00dferdem ist sein hoher Gehalt an\u00a0<strong>\u00d6l<\/strong>\u00a0macht diese Frucht zu einem hervorragenden kosmetischen Inhaltsstoff. Die vor allem zur Herstellung von Seifen dient.<\/p>\n<p>Bei Safinel bieten wir Ihnen dennoch Akpi in Pulverform wegen seiner anderen Eigenschaften an. Entdecken Sie also dieses<strong>\u00a0afrikanische Pflanze<\/strong>\u00a0in Beuteln zu 100 g.<\/p>\n<h2><strong>Die Vorteile von Akpi-Pulver\u00a0<\/strong><\/h2>\n<p>Djansan wird wegen seiner medizinischen Eigenschaften gesch\u00e4tzt. So werden ihm zahlreiche Heilwirkungen zugeschrieben:<\/p>\n<ul>\n<li>Gegen Ruhr<\/li>\n<li>G\u00fcnstig bei Verstopfung<\/li>\n<li>N\u00fctzlich bei Augeninfektionen<\/li>\n<li>Enth\u00e4lt viele Mineralien (Kalzium, Magnesium, Kalium...)<\/li>\n<li>Aber auch auf die Unfruchtbarkeit bei Frauen, indem es den Eisprung f\u00f6rdert<\/li>\n<\/ul>\n<p>Dar\u00fcber hinaus ist diese\u00a0<strong>nat\u00fcrliches Pflanzenpulver\u00a0<\/strong>bietet uns seine Vorteile als\u00a0<strong>afrikanische Kosmetik<\/strong>\u00a0:<\/p>\n<ul>\n<li>Verbunden mit dem\u00a0<strong>Bockshornklee<\/strong>, Dieser Samen tr\u00e4gt dazu bei, den Umfang von Ges\u00e4\u00df, Brust und H\u00fcften zu vergr\u00f6\u00dfern.<\/li>\n<li>Wird f\u00fcr die Sch\u00f6nheit der Haut verwendet, um die Zeichen der Hautalterung sowie Dehnungsstreifen zu bek\u00e4mpfen.<\/li>\n<li>Genau wie der\u00a0<a href=\"https:\/\/www.safinel.fr\/de\/product-2\/kapoor-kachli\/\"><strong>Kapoor kachli<\/strong><\/a>, es beschleunigt das Haarwachstum<\/li>\n<\/ul>\n<h3><strong>Verwendungen von Djansan\u00a0<\/strong><\/h3>\n<p>Das Akpi-Pulver wird haupts\u00e4chlich als Maske verwendet, indem es zu einer Paste verarbeitet wird. Anschlie\u00dfend k\u00f6nnen Sie je nach Bedarf verschiedene andere nat\u00fcrliche Zutaten einarbeiten.<\/p>\n<p>Um die Gr\u00f6\u00dfe des Ges\u00e4\u00dfes zu vergr\u00f6\u00dfern oder \u00e4hnliches, z. B. :<\/p>\n<ol>\n<li>Mischen Sie 3 Essl\u00f6ffel\u00a0<strong>afrikanisches Pulver<\/strong>\u00a0mit Wasser ;<\/li>\n<li>F\u00fcgen Sie Bockshornklee\u00f6l und\u00a0<strong><a href=\"https:\/\/www.safinel.fr\/de\/product-2\/karite-vegetal-butter-brut-certified-organic-100ml\/\">Karit\u00e9butter<\/a> ;<\/strong><\/li>\n<li>Anschlie\u00dfend alles zu einer homogenen Creme verr\u00fchren ;<\/li>\n<li>Tragen Sie es schlie\u00dflich auf die zu behandelnden Stellen wie Brust oder Po auf.<\/li>\n<\/ol>\n<p>Im K\u00fchlschrank aufbewahren.<\/p>","protected":false},"excerpt":{"rendered":"<p>Kenner der afrikanischen K\u00fcche kennen es vielleicht schon... Akpi-Pulver wird n\u00e4mlich als Kochzutat verwendet. Aber dieser Samen hat auch sehr interessante kosmetische Eigenschaften f\u00fcr Frauen. Er erm\u00f6glicht unter anderem eine Vergr\u00f6\u00dferung des Volumens der H\u00fcften, des Ges\u00e4\u00dfes und der Brust. Und das ist noch nicht alles... Akpi-Pulver: ein [\u2026]","protected":false},"featured_media":1025,"template":"","meta":[],"product_brand":[],"product_cat":[27,110],"product_tag":[],"class_list":{"0":"post-1045","1":"product","2":"type-product","3":"status-publish","4":"has-post-thumbnail","6":"product_cat-plantes-medicinales","7":"product_cat-poudre-cheveux-ayurvedique","9":"first","10":"outofstock","11":"shipping-taxable","12":"purchasable","13":"product-type-simple"},"yoast_head":"<!-- This site is optimized with the Yoast SEO plugin v26.6 - https:\/\/yoast.com\/wordpress\/plugins\/seo\/ -->\n<title>Akpi en poudre | (Djansan) | Bienfaits nombreux \u00e0 d\u00e9couvrir<\/title>\n<meta name=\"description\" content=\"L\u2019akpi en poudre\u00a0est, en effet, employ\u00e9e comme ingr\u00e9dient culinaire. Mais cette\u00a0graine\u00a0poss\u00e8de \u00e9galement des vertus cosm\u00e9tiques.\" \/>\n<meta name=\"robots\" content=\"index, follow, max-snippet:-1, max-image-preview:large, max-video-preview:-1\" \/>\n<link rel=\"canonical\" href=\"https:\/\/www.safinel.fr\/de\/product-2\/akpi-in-pulverform\/\" \/>\n<meta property=\"og:locale\" content=\"de_DE\" \/>\n<meta property=\"og:type\" content=\"article\" \/>\n<meta property=\"og:title\" content=\"Akpi en poudre | (Djansan) | Bienfaits nombreux \u00e0 d\u00e9couvrir\" \/>\n<meta property=\"og:description\" content=\"L\u2019akpi en poudre\u00a0est, en effet, employ\u00e9e comme ingr\u00e9dient culinaire. Mais cette\u00a0graine\u00a0poss\u00e8de \u00e9galement des vertus cosm\u00e9tiques.\" \/>\n<meta property=\"og:url\" content=\"https:\/\/www.safinel.fr\/de\/product-2\/akpi-in-pulverform\/\" \/>\n<meta property=\"og:site_name\" content=\"Safinel\" \/>\n<meta property=\"article:modified_time\" content=\"2024-02-12T17:25:18+00:00\" \/>\n<meta property=\"og:image\" content=\"https:\/\/www.safinel.fr\/wp-content\/uploads\/2022\/04\/akpi-en-poudre.jpg\" \/>\n\t<meta property=\"og:image:width\" content=\"600\" \/>\n\t<meta property=\"og:image:height\" content=\"600\" \/>\n\t<meta property=\"og:image:type\" content=\"image\/jpeg\" \/>\n<meta name=\"twitter:card\" content=\"summary_large_image\" \/>\n<meta name=\"twitter:label1\" content=\"Gesch\u00e4tzte Lesezeit\" \/>\n\t<meta name=\"twitter:data1\" content=\"2\u00a0Minuten\" \/>\n<script type=\"application\/ld+json\" class=\"yoast-schema-graph\">{\"@context\":\"https:\/\/schema.org\",\"@graph\":[{\"@type\":\"WebPage\",\"@id\":\"https:\/\/www.safinel.fr\/produit\/akpi-en-poudre\/\",\"url\":\"https:\/\/www.safinel.fr\/produit\/akpi-en-poudre\/\",\"name\":\"Akpi en poudre | (Djansan) | Bienfaits nombreux \u00e0 d\u00e9couvrir\",\"isPartOf\":{\"@id\":\"https:\/\/www.safinel.fr\/#website\"},\"primaryImageOfPage\":{\"@id\":\"https:\/\/www.safinel.fr\/produit\/akpi-en-poudre\/#primaryimage\"},\"image\":{\"@id\":\"https:\/\/www.safinel.fr\/produit\/akpi-en-poudre\/#primaryimage\"},\"thumbnailUrl\":\"https:\/\/www.safinel.fr\/wp-content\/uploads\/2022\/04\/akpi-en-poudre.jpg\",\"datePublished\":\"2022-04-11T12:04:41+00:00\",\"dateModified\":\"2024-02-12T17:25:18+00:00\",\"description\":\"L\u2019akpi en poudre\u00a0est, en effet, employ\u00e9e comme ingr\u00e9dient culinaire. Mais cette\u00a0graine\u00a0poss\u00e8de \u00e9galement des vertus cosm\u00e9tiques.\",\"breadcrumb\":{\"@id\":\"https:\/\/www.safinel.fr\/produit\/akpi-en-poudre\/#breadcrumb\"},\"inLanguage\":\"de\",\"potentialAction\":[{\"@type\":\"ReadAction\",\"target\":[\"https:\/\/www.safinel.fr\/produit\/akpi-en-poudre\/\"]}]},{\"@type\":\"ImageObject\",\"inLanguage\":\"de\",\"@id\":\"https:\/\/www.safinel.fr\/produit\/akpi-en-poudre\/#primaryimage\",\"url\":\"https:\/\/www.safinel.fr\/wp-content\/uploads\/2022\/04\/akpi-en-poudre.jpg\",\"contentUrl\":\"https:\/\/www.safinel.fr\/wp-content\/uploads\/2022\/04\/akpi-en-poudre.jpg\",\"width\":600,\"height\":600,\"caption\":\"Akpi en poudre\"},{\"@type\":\"BreadcrumbList\",\"@id\":\"https:\/\/www.safinel.fr\/produit\/akpi-en-poudre\/#breadcrumb\",\"itemListElement\":[{\"@type\":\"ListItem\",\"position\":1,\"name\":\"Accueil\",\"item\":\"https:\/\/www.safinel.fr\/\"},{\"@type\":\"ListItem\",\"position\":2,\"name\":\"Boutique\",\"item\":\"https:\/\/www.safinel.fr\/boutique\/\"},{\"@type\":\"ListItem\",\"position\":3,\"name\":\"Akpi en poudre 100g\"}]},{\"@type\":\"WebSite\",\"@id\":\"https:\/\/www.safinel.fr\/#website\",\"url\":\"https:\/\/www.safinel.fr\/\",\"name\":\"Safinel\",\"description\":\"\",\"publisher\":{\"@id\":\"https:\/\/www.safinel.fr\/#organization\"},\"potentialAction\":[{\"@type\":\"SearchAction\",\"target\":{\"@type\":\"EntryPoint\",\"urlTemplate\":\"https:\/\/www.safinel.fr\/?s={search_term_string}\"},\"query-input\":{\"@type\":\"PropertyValueSpecification\",\"valueRequired\":true,\"valueName\":\"search_term_string\"}}],\"inLanguage\":\"de\"},{\"@type\":\"Organization\",\"@id\":\"https:\/\/www.safinel.fr\/#organization\",\"name\":\"Safinel\",\"url\":\"https:\/\/www.safinel.fr\/\",\"logo\":{\"@type\":\"ImageObject\",\"inLanguage\":\"de\",\"@id\":\"https:\/\/www.safinel.fr\/#\/schema\/logo\/image\/\",\"url\":\"https:\/\/www.safinel.fr\/wp-content\/uploads\/2021\/05\/boutique-cosmetique.png\",\"contentUrl\":\"https:\/\/www.safinel.fr\/wp-content\/uploads\/2021\/05\/boutique-cosmetique.png\",\"width\":800,\"height\":200,\"caption\":\"Safinel\"},\"image\":{\"@id\":\"https:\/\/www.safinel.fr\/#\/schema\/logo\/image\/\"}}]}<\/script>\n<!-- \/ Yoast SEO plugin. -->","yoast_head_json":{"title":"Akpi Pulver | (Djansan) | Zahlreiche Vorteile zu entdecken","description":"Akpi-Pulver wird in der Tat als kulinarische Zutat verwendet. Akpi kann aber auch als Kosmetikum verwendet werden.","robots":{"index":"index","follow":"follow","max-snippet":"max-snippet:-1","max-image-preview":"max-image-preview:large","max-video-preview":"max-video-preview:-1"},"canonical":"https:\/\/www.safinel.fr\/de\/product-2\/akpi-in-pulverform\/","og_locale":"de_DE","og_type":"article","og_title":"Akpi en poudre | (Djansan) | Bienfaits nombreux \u00e0 d\u00e9couvrir","og_description":"L\u2019akpi en poudre\u00a0est, en effet, employ\u00e9e comme ingr\u00e9dient culinaire. Mais cette\u00a0graine\u00a0poss\u00e8de \u00e9galement des vertus cosm\u00e9tiques.","og_url":"https:\/\/www.safinel.fr\/de\/product-2\/akpi-in-pulverform\/","og_site_name":"Safinel","article_modified_time":"2024-02-12T17:25:18+00:00","og_image":[{"width":600,"height":600,"url":"https:\/\/www.safinel.fr\/wp-content\/uploads\/2022\/04\/akpi-en-poudre.jpg","type":"image\/jpeg"}],"twitter_card":"summary_large_image","twitter_misc":{"Gesch\u00e4tzte Lesezeit":"2\u00a0Minuten"},"schema":{"@context":"https:\/\/schema.org","@graph":[{"@type":"WebPage","@id":"https:\/\/www.safinel.fr\/produit\/akpi-en-poudre\/","url":"https:\/\/www.safinel.fr\/produit\/akpi-en-poudre\/","name":"Akpi Pulver | (Djansan) | Zahlreiche Vorteile zu entdecken","isPartOf":{"@id":"https:\/\/www.safinel.fr\/#website"},"primaryImageOfPage":{"@id":"https:\/\/www.safinel.fr\/produit\/akpi-en-poudre\/#primaryimage"},"image":{"@id":"https:\/\/www.safinel.fr\/produit\/akpi-en-poudre\/#primaryimage"},"thumbnailUrl":"https:\/\/www.safinel.fr\/wp-content\/uploads\/2022\/04\/akpi-en-poudre.jpg","datePublished":"2022-04-11T12:04:41+00:00","dateModified":"2024-02-12T17:25:18+00:00","description":"Akpi-Pulver wird in der Tat als kulinarische Zutat verwendet. Akpi kann aber auch als Kosmetikum verwendet werden.","breadcrumb":{"@id":"https:\/\/www.safinel.fr\/produit\/akpi-en-poudre\/#breadcrumb"},"inLanguage":"de","potentialAction":[{"@type":"ReadAction","target":["https:\/\/www.safinel.fr\/produit\/akpi-en-poudre\/"]}]},{"@type":"ImageObject","inLanguage":"de","@id":"https:\/\/www.safinel.fr\/produit\/akpi-en-poudre\/#primaryimage","url":"https:\/\/www.safinel.fr\/wp-content\/uploads\/2022\/04\/akpi-en-poudre.jpg","contentUrl":"https:\/\/www.safinel.fr\/wp-content\/uploads\/2022\/04\/akpi-en-poudre.jpg","width":600,"height":600,"caption":"Akpi en poudre"},{"@type":"BreadcrumbList","@id":"https:\/\/www.safinel.fr\/produit\/akpi-en-poudre\/#breadcrumb","itemListElement":[{"@type":"ListItem","position":1,"name":"Accueil","item":"https:\/\/www.safinel.fr\/"},{"@type":"ListItem","position":2,"name":"Boutique","item":"https:\/\/www.safinel.fr\/boutique\/"},{"@type":"ListItem","position":3,"name":"Akpi en poudre 100g"}]},{"@type":"WebSite","@id":"https:\/\/www.safinel.fr\/#website","url":"https:\/\/www.safinel.fr\/","name":"Safinel","description":"","publisher":{"@id":"https:\/\/www.safinel.fr\/#organization"},"potentialAction":[{"@type":"SearchAction","target":{"@type":"EntryPoint","urlTemplate":"https:\/\/www.safinel.fr\/?s={search_term_string}"},"query-input":{"@type":"PropertyValueSpecification","valueRequired":true,"valueName":"search_term_string"}}],"inLanguage":"de"},{"@type":"Organization","@id":"https:\/\/www.safinel.fr\/#organization","name":"Safinel","url":"https:\/\/www.safinel.fr\/","logo":{"@type":"ImageObject","inLanguage":"de","@id":"https:\/\/www.safinel.fr\/#\/schema\/logo\/image\/","url":"https:\/\/www.safinel.fr\/wp-content\/uploads\/2021\/05\/boutique-cosmetique.png","contentUrl":"https:\/\/www.safinel.fr\/wp-content\/uploads\/2021\/05\/boutique-cosmetique.png","width":800,"height":200,"caption":"Safinel"},"image":{"@id":"https:\/\/www.safinel.fr\/#\/schema\/logo\/image\/"}}]}},"_links":{"self":[{"href":"https:\/\/www.safinel.fr\/de\/wp-json\/wp\/v2\/product\/1045","targetHints":{"allow":["GET"]}}],"collection":[{"href":"https:\/\/www.safinel.fr\/de\/wp-json\/wp\/v2\/product"}],"about":[{"href":"https:\/\/www.safinel.fr\/de\/wp-json\/wp\/v2\/types\/product"}],"wp:featuredmedia":[{"embeddable":true,"href":"https:\/\/www.safinel.fr\/de\/wp-json\/wp\/v2\/media\/1025"}],"wp:attachment":[{"href":"https:\/\/www.safinel.fr\/de\/wp-json\/wp\/v2\/media?parent=1045"}],"wp:term":[{"taxonomy":"product_brand","embeddable":true,"href":"https:\/\/www.safinel.fr\/de\/wp-json\/wp\/v2\/product_brand?post=1045"},{"taxonomy":"product_cat","embeddable":true,"href":"https:\/\/www.safinel.fr\/de\/wp-json\/wp\/v2\/product_cat?post=1045"},{"taxonomy":"product_tag","embeddable":true,"href":"https:\/\/www.safinel.fr\/de\/wp-json\/wp\/v2\/product_tag?post=1045"}],"curies":[{"name":"wp","href":"https:\/\/api.w.org\/{rel}","templated":true}]}}