{"id":1044,"date":"2022-04-11T10:45:08","date_gmt":"2022-04-11T10:45:08","guid":{"rendered":"https:\/\/www.safinel.fr\/?post_type=product&#038;p=1044"},"modified":"2023-12-28T17:15:13","modified_gmt":"2023-12-28T17:15:13","slug":"akpi-in-samen","status":"publish","type":"product","link":"https:\/\/www.safinel.fr\/de\/product-2\/akpi-in-samen\/","title":{"rendered":"Akpi in Samen 100g"},"content":{"rendered":"<p>Das Ausma\u00df der Vorteile<strong>\u00a0der Natur<\/strong>\u00a0Er ist bekannt f\u00fcr seine zahlreichen positiven Eigenschaften in verschiedenen Bereichen. Sowohl in der K\u00fcche als auch im Wellnessbereich ist die Pflanze sehr beliebt.\u2019<strong>akpi in samen<\/strong>\u00a0steht im Mittelpunkt!<\/p>\n<p>Wie immer ist Ihr Safinel-Shop stets darauf bedacht, Ihnen\u00a0<strong>Naturprodukte<\/strong>\u00a0die zu Ihnen passen k\u00f6nnten.<\/p>\n<h2><strong>Akpi in Samen: Haben Sie schon einmal davon geh\u00f6rt?<\/strong><\/h2>\n<p>Packen Sie Ihre Sachen, wir wechseln den Kontinent, nehmen Sie Platz, Richtung Afrika! Wie Sie wissen, hat dieser Kontinent eine\u00a0<strong>Naturreichtum<\/strong>\u00a0der bemerkenswertesten.<\/p>\n<p>Haben Sie schon einmal vom\u00a0<strong>Ricinodendron heudelotii<\/strong>\u00a0? Keine Sorge, wir verraten Ihnen mehr! Der Ricinodendron ist ein\u00a0<strong>Baum aus Afrika<\/strong>\u00a0in dem man eine Art von\u00a0<strong>Haseln\u00fcsse namens Akpi<\/strong>\u00a0! Diese sind sehr umworben und werden aus verschiedenen Gr\u00fcnden eingesetzt!<\/p>\n<h2><strong>Die Vorteile von Akpi-Samen\u00a0<\/strong><\/h2>\n<p>Sie haben die M\u00f6glichkeit, Akpi als Samen zu finden, oder aber\u00a0<strong>in Pulverform<\/strong>. Beide enthalten zahlreiche Tugenden!<\/p>\n<p>So ist dieser\u00a0<strong>Naturprodukt<\/strong>\u00a0bekannt ist :<\/p>\n<ul>\n<li>Wie der<strong>\u00a0Bockshornklee,\u00a0<\/strong>die akpipe kann helfen\u00a0<strong>den Po straffen<\/strong>\u00a0und die Brust<\/li>\n<li>Hilfe bei der Bek\u00e4mpfung von<strong>\u00a0Hautprobleme<\/strong>\u00a0(Falten, Augenringe, Dehnungsstreifen)<\/li>\n<li>Kann auch helfen, die Muskeln nach k\u00f6rperlicher Anstrengung zu entlasten<\/li>\n<li>Manchmal in einigen afrikanischen Gerichten verwendet werden<\/li>\n<\/ul>\n<p>Schwangere Frauen sollten sich unbedingt an ihren Arzt wenden.<\/p>\n<h3><strong>Die Natur ist gut! Wir wollen mehr davon \u00a0<\/strong><\/h3>\n<p>Wenn Ihnen gef\u00e4llt, was Ihr Spezialist in<strong>\u00a0Naturprodukte<\/strong>, Sie werden noch viel mehr entdecken!\u00a0<a href=\"https:\/\/www.safinel.fr\/de\/product-2\/scharfe-brennnessel-100g\/\"><strong>Scharfe Brennnessel<\/strong><\/a>,\u00a0<strong>Muskatellersalbei<\/strong>\u00a0oder\u00a0<a href=\"https:\/\/www.safinel.fr\/de\/product-2\/afrikanischer-fruchtbarkeitstee\/\"><strong>afrikanischer Fruchtbarkeitstee<\/strong>,<\/a> die Natur wartet nur auf Sie.<\/p>\n<p>Es ist richtig, dass einige Probleme abgemildert werden k\u00f6nnen durch\u00a0<strong>Heilpflanzen<\/strong>. Aus diesem Grund m\u00f6chte Safinel Ihnen einige von ihnen vorstellen, damit Sie die Macht entdecken, die sich um Sie herum verbirgt! Verlieren Sie keine Zeit mehr und kommen Sie in den Genuss unserer zahlreichen Produkte, die Sie begeistern werden!<\/p>","protected":false},"excerpt":{"rendered":"<p>Die Natur ist bekannt f\u00fcr ihre zahlreichen positiven Eigenschaften, die sie in verschiedenen Bereichen aus\u00fcbt. Ob in der K\u00fcche oder im Wellnessbereich, die Akpi-Samen stehen im Mittelpunkt! Wie immer ist Ihr Safinel-Shop darauf bedacht, Ihnen nat\u00fcrliche Produkte anzubieten, die auch f\u00fcr Sie geeignet sein k\u00f6nnten. Akpi-Samen: in [...].","protected":false},"featured_media":1024,"template":"","meta":[],"product_brand":[],"product_cat":[41],"product_tag":[],"class_list":{"0":"post-1044","1":"product","2":"type-product","3":"status-publish","4":"has-post-thumbnail","6":"product_cat-produits-naturels-divers","8":"first","9":"instock","10":"shipping-taxable","11":"purchasable","12":"product-type-simple"},"yoast_head":"<!-- This site is optimized with the Yoast SEO plugin v26.6 - https:\/\/yoast.com\/wordpress\/plugins\/seo\/ -->\n<title>Akpi en graine | Graine naturelle aux bienfaits nombreux<\/title>\n<meta name=\"description\" content=\"En cuisine ou c\u00f4t\u00e9 bien-\u00eatre, l\u2019akpi en graine\u00a0est \u00e0 l\u2019honneur !\u00a0Adoptez-l\u00e0 sans plus attendre en quelques clics !\" \/>\n<meta name=\"robots\" content=\"index, follow, max-snippet:-1, max-image-preview:large, max-video-preview:-1\" \/>\n<link rel=\"canonical\" href=\"https:\/\/www.safinel.fr\/de\/product-2\/akpi-in-samen\/\" \/>\n<meta property=\"og:locale\" content=\"de_DE\" \/>\n<meta property=\"og:type\" content=\"article\" \/>\n<meta property=\"og:title\" content=\"Akpi en graine | Graine naturelle aux bienfaits nombreux\" \/>\n<meta property=\"og:description\" content=\"En cuisine ou c\u00f4t\u00e9 bien-\u00eatre, l\u2019akpi en graine\u00a0est \u00e0 l\u2019honneur !\u00a0Adoptez-l\u00e0 sans plus attendre en quelques clics !\" \/>\n<meta property=\"og:url\" content=\"https:\/\/www.safinel.fr\/de\/product-2\/akpi-in-samen\/\" \/>\n<meta property=\"og:site_name\" content=\"Safinel\" \/>\n<meta property=\"article:modified_time\" content=\"2023-12-28T17:15:13+00:00\" \/>\n<meta property=\"og:image\" content=\"https:\/\/www.safinel.fr\/wp-content\/uploads\/2022\/04\/akpi-en-graine.jpg\" \/>\n\t<meta property=\"og:image:width\" content=\"600\" \/>\n\t<meta property=\"og:image:height\" content=\"600\" \/>\n\t<meta property=\"og:image:type\" content=\"image\/jpeg\" \/>\n<meta name=\"twitter:card\" content=\"summary_large_image\" \/>\n<meta name=\"twitter:label1\" content=\"Gesch\u00e4tzte Lesezeit\" \/>\n\t<meta name=\"twitter:data1\" content=\"2\u00a0Minuten\" \/>\n<script type=\"application\/ld+json\" class=\"yoast-schema-graph\">{\"@context\":\"https:\/\/schema.org\",\"@graph\":[{\"@type\":\"WebPage\",\"@id\":\"https:\/\/www.safinel.fr\/produit\/akpi-en-graine\/\",\"url\":\"https:\/\/www.safinel.fr\/produit\/akpi-en-graine\/\",\"name\":\"Akpi en graine | Graine naturelle aux bienfaits nombreux\",\"isPartOf\":{\"@id\":\"https:\/\/www.safinel.fr\/#website\"},\"primaryImageOfPage\":{\"@id\":\"https:\/\/www.safinel.fr\/produit\/akpi-en-graine\/#primaryimage\"},\"image\":{\"@id\":\"https:\/\/www.safinel.fr\/produit\/akpi-en-graine\/#primaryimage\"},\"thumbnailUrl\":\"https:\/\/www.safinel.fr\/wp-content\/uploads\/2022\/04\/akpi-en-graine.jpg\",\"datePublished\":\"2022-04-11T10:45:08+00:00\",\"dateModified\":\"2023-12-28T17:15:13+00:00\",\"description\":\"En cuisine ou c\u00f4t\u00e9 bien-\u00eatre, l\u2019akpi en graine\u00a0est \u00e0 l\u2019honneur !\u00a0Adoptez-l\u00e0 sans plus attendre en quelques clics !\",\"breadcrumb\":{\"@id\":\"https:\/\/www.safinel.fr\/produit\/akpi-en-graine\/#breadcrumb\"},\"inLanguage\":\"de\",\"potentialAction\":[{\"@type\":\"ReadAction\",\"target\":[\"https:\/\/www.safinel.fr\/produit\/akpi-en-graine\/\"]}]},{\"@type\":\"ImageObject\",\"inLanguage\":\"de\",\"@id\":\"https:\/\/www.safinel.fr\/produit\/akpi-en-graine\/#primaryimage\",\"url\":\"https:\/\/www.safinel.fr\/wp-content\/uploads\/2022\/04\/akpi-en-graine.jpg\",\"contentUrl\":\"https:\/\/www.safinel.fr\/wp-content\/uploads\/2022\/04\/akpi-en-graine.jpg\",\"width\":600,\"height\":600,\"caption\":\"Akpi en graine 100g\"},{\"@type\":\"BreadcrumbList\",\"@id\":\"https:\/\/www.safinel.fr\/produit\/akpi-en-graine\/#breadcrumb\",\"itemListElement\":[{\"@type\":\"ListItem\",\"position\":1,\"name\":\"Accueil\",\"item\":\"https:\/\/www.safinel.fr\/\"},{\"@type\":\"ListItem\",\"position\":2,\"name\":\"Boutique\",\"item\":\"https:\/\/www.safinel.fr\/boutique\/\"},{\"@type\":\"ListItem\",\"position\":3,\"name\":\"Akpi en graine 100g\"}]},{\"@type\":\"WebSite\",\"@id\":\"https:\/\/www.safinel.fr\/#website\",\"url\":\"https:\/\/www.safinel.fr\/\",\"name\":\"Safinel\",\"description\":\"\",\"publisher\":{\"@id\":\"https:\/\/www.safinel.fr\/#organization\"},\"potentialAction\":[{\"@type\":\"SearchAction\",\"target\":{\"@type\":\"EntryPoint\",\"urlTemplate\":\"https:\/\/www.safinel.fr\/?s={search_term_string}\"},\"query-input\":{\"@type\":\"PropertyValueSpecification\",\"valueRequired\":true,\"valueName\":\"search_term_string\"}}],\"inLanguage\":\"de\"},{\"@type\":\"Organization\",\"@id\":\"https:\/\/www.safinel.fr\/#organization\",\"name\":\"Safinel\",\"url\":\"https:\/\/www.safinel.fr\/\",\"logo\":{\"@type\":\"ImageObject\",\"inLanguage\":\"de\",\"@id\":\"https:\/\/www.safinel.fr\/#\/schema\/logo\/image\/\",\"url\":\"https:\/\/www.safinel.fr\/wp-content\/uploads\/2021\/05\/boutique-cosmetique.png\",\"contentUrl\":\"https:\/\/www.safinel.fr\/wp-content\/uploads\/2021\/05\/boutique-cosmetique.png\",\"width\":800,\"height\":200,\"caption\":\"Safinel\"},\"image\":{\"@id\":\"https:\/\/www.safinel.fr\/#\/schema\/logo\/image\/\"}}]}<\/script>\n<!-- \/ Yoast SEO plugin. -->","yoast_head_json":{"title":"Akpi in Samen | Nat\u00fcrliche Samen mit vielen Vorteilen","description":"Ob in der K\u00fcche oder im Wellnessbereich, die Akpi-Samen sind der Renner! Mit nur wenigen Klicks k\u00f6nnen Sie sie adoptieren!","robots":{"index":"index","follow":"follow","max-snippet":"max-snippet:-1","max-image-preview":"max-image-preview:large","max-video-preview":"max-video-preview:-1"},"canonical":"https:\/\/www.safinel.fr\/de\/product-2\/akpi-in-samen\/","og_locale":"de_DE","og_type":"article","og_title":"Akpi en graine | Graine naturelle aux bienfaits nombreux","og_description":"En cuisine ou c\u00f4t\u00e9 bien-\u00eatre, l\u2019akpi en graine\u00a0est \u00e0 l\u2019honneur !\u00a0Adoptez-l\u00e0 sans plus attendre en quelques clics !","og_url":"https:\/\/www.safinel.fr\/de\/product-2\/akpi-in-samen\/","og_site_name":"Safinel","article_modified_time":"2023-12-28T17:15:13+00:00","og_image":[{"width":600,"height":600,"url":"https:\/\/www.safinel.fr\/wp-content\/uploads\/2022\/04\/akpi-en-graine.jpg","type":"image\/jpeg"}],"twitter_card":"summary_large_image","twitter_misc":{"Gesch\u00e4tzte Lesezeit":"2\u00a0Minuten"},"schema":{"@context":"https:\/\/schema.org","@graph":[{"@type":"WebPage","@id":"https:\/\/www.safinel.fr\/produit\/akpi-en-graine\/","url":"https:\/\/www.safinel.fr\/produit\/akpi-en-graine\/","name":"Akpi in Samen | Nat\u00fcrliche Samen mit vielen Vorteilen","isPartOf":{"@id":"https:\/\/www.safinel.fr\/#website"},"primaryImageOfPage":{"@id":"https:\/\/www.safinel.fr\/produit\/akpi-en-graine\/#primaryimage"},"image":{"@id":"https:\/\/www.safinel.fr\/produit\/akpi-en-graine\/#primaryimage"},"thumbnailUrl":"https:\/\/www.safinel.fr\/wp-content\/uploads\/2022\/04\/akpi-en-graine.jpg","datePublished":"2022-04-11T10:45:08+00:00","dateModified":"2023-12-28T17:15:13+00:00","description":"Ob in der K\u00fcche oder im Wellnessbereich, die Akpi-Samen sind der Renner! Mit nur wenigen Klicks k\u00f6nnen Sie sie adoptieren!","breadcrumb":{"@id":"https:\/\/www.safinel.fr\/produit\/akpi-en-graine\/#breadcrumb"},"inLanguage":"de","potentialAction":[{"@type":"ReadAction","target":["https:\/\/www.safinel.fr\/produit\/akpi-en-graine\/"]}]},{"@type":"ImageObject","inLanguage":"de","@id":"https:\/\/www.safinel.fr\/produit\/akpi-en-graine\/#primaryimage","url":"https:\/\/www.safinel.fr\/wp-content\/uploads\/2022\/04\/akpi-en-graine.jpg","contentUrl":"https:\/\/www.safinel.fr\/wp-content\/uploads\/2022\/04\/akpi-en-graine.jpg","width":600,"height":600,"caption":"Akpi en graine 100g"},{"@type":"BreadcrumbList","@id":"https:\/\/www.safinel.fr\/produit\/akpi-en-graine\/#breadcrumb","itemListElement":[{"@type":"ListItem","position":1,"name":"Accueil","item":"https:\/\/www.safinel.fr\/"},{"@type":"ListItem","position":2,"name":"Boutique","item":"https:\/\/www.safinel.fr\/boutique\/"},{"@type":"ListItem","position":3,"name":"Akpi en graine 100g"}]},{"@type":"WebSite","@id":"https:\/\/www.safinel.fr\/#website","url":"https:\/\/www.safinel.fr\/","name":"Safinel","description":"","publisher":{"@id":"https:\/\/www.safinel.fr\/#organization"},"potentialAction":[{"@type":"SearchAction","target":{"@type":"EntryPoint","urlTemplate":"https:\/\/www.safinel.fr\/?s={search_term_string}"},"query-input":{"@type":"PropertyValueSpecification","valueRequired":true,"valueName":"search_term_string"}}],"inLanguage":"de"},{"@type":"Organization","@id":"https:\/\/www.safinel.fr\/#organization","name":"Safinel","url":"https:\/\/www.safinel.fr\/","logo":{"@type":"ImageObject","inLanguage":"de","@id":"https:\/\/www.safinel.fr\/#\/schema\/logo\/image\/","url":"https:\/\/www.safinel.fr\/wp-content\/uploads\/2021\/05\/boutique-cosmetique.png","contentUrl":"https:\/\/www.safinel.fr\/wp-content\/uploads\/2021\/05\/boutique-cosmetique.png","width":800,"height":200,"caption":"Safinel"},"image":{"@id":"https:\/\/www.safinel.fr\/#\/schema\/logo\/image\/"}}]}},"_links":{"self":[{"href":"https:\/\/www.safinel.fr\/de\/wp-json\/wp\/v2\/product\/1044","targetHints":{"allow":["GET"]}}],"collection":[{"href":"https:\/\/www.safinel.fr\/de\/wp-json\/wp\/v2\/product"}],"about":[{"href":"https:\/\/www.safinel.fr\/de\/wp-json\/wp\/v2\/types\/product"}],"wp:featuredmedia":[{"embeddable":true,"href":"https:\/\/www.safinel.fr\/de\/wp-json\/wp\/v2\/media\/1024"}],"wp:attachment":[{"href":"https:\/\/www.safinel.fr\/de\/wp-json\/wp\/v2\/media?parent=1044"}],"wp:term":[{"taxonomy":"product_brand","embeddable":true,"href":"https:\/\/www.safinel.fr\/de\/wp-json\/wp\/v2\/product_brand?post=1044"},{"taxonomy":"product_cat","embeddable":true,"href":"https:\/\/www.safinel.fr\/de\/wp-json\/wp\/v2\/product_cat?post=1044"},{"taxonomy":"product_tag","embeddable":true,"href":"https:\/\/www.safinel.fr\/de\/wp-json\/wp\/v2\/product_tag?post=1044"}],"curies":[{"name":"wp","href":"https:\/\/api.w.org\/{rel}","templated":true}]}}