{"id":10432,"date":"2023-12-25T18:40:53","date_gmt":"2023-12-25T18:40:53","guid":{"rendered":"https:\/\/www.safinel.fr\/?post_type=product&#038;p=10432"},"modified":"2024-07-05T15:02:26","modified_gmt":"2024-07-05T15:02:26","slug":"colasaft","status":"publish","type":"product","link":"https:\/\/www.safinel.fr\/de\/product-2\/colasaft\/","title":{"rendered":"Cola-Saft"},"content":{"rendered":"<p>Getr\u00e4nke auf der Basis von\u00a0<strong>cola<\/strong>\u00a0stehen seit jeher f\u00fcr Energie und Frische. Immer mehr Verbraucher greifen zu Cola-S\u00e4ften, um von ihren positiven Eigenschaften zu profitieren. In diesem Artikel verraten wir Ihnen alle Geheimnisse dieses einzigartig schmeckenden Getr\u00e4nks, seine verschiedenen Arten, seine Inhaltsstoffe und seine Vorteile f\u00fcr unsere Gesundheit.<\/p>\n<h2><strong>Cola: eine schmackhafte Mischung aus nat\u00fcrlichen Zutaten<\/strong><\/h2>\n<p>Eines der charakteristischen Merkmale von Cola-Saft ist seine reichhaltige und vielf\u00e4ltige Zusammensetzung. Abgesehen von kohlens\u00e4urehaltigem Wasser enth\u00e4lt er mehrere pflanzliche Zutaten, die ihm sein besonderes Aroma und seine anregenden Eigenschaften verleihen. Hier sind einige der wichtigsten Zutaten:<\/p>\n<ul>\n<li><a href=\"https:\/\/www.safinel.fr\/de\/product-2\/kleine-cola\/\"><strong>Die Kolanuss<\/strong><\/a>\u00a0: Sie ist die wichtigste Zutat, die bei der Herstellung von Cola-Saft verwendet wird. Diese aus Afrika stammende Nuss enth\u00e4lt Koffein, was ihr stimulierende und belebende Eigenschaften verleiht.<\/li>\n<li><strong>Zucker oder Maissirup<\/strong>\u00a0: Sie sind in den meisten Rezepten f\u00fcr Cola-Saft enthalten, um den Geschmack zu mildern.<\/li>\n<li><strong>Aromatische Pflanzenextrakte<\/strong>\u00a0Vanille, Zimt, Muskat... Diese Gew\u00fcrze verleihen der Mischung eine subtile und k\u00f6stliche Note.<\/li>\n<\/ul>\n<p>Neben diesen Bestandteilen gibt es auch Cola-Saft, der hergestellt wird aus\u00a0<strong>Ingwer<\/strong>, Dies verleiht ihnen einen leicht scharfen und erfrischenden Geschmack.<\/p>\n<h2><strong>Sorten von Colasaft<\/strong><\/h2>\n<p>Es gibt zwei Hauptkategorien von Cola-Saft:<\/p>\n<ol>\n<li><strong>Der klassische Cola-Saft<\/strong>\u00a0: Es ist das Getr\u00e4nk, das wir alle kennen und wegen seines s\u00fc\u00dfen Geschmacks und der Blasenbildung sch\u00e4tzen. Einige Marken haben sich dazu verpflichtet, den Zuckerzusatz in ihren Produkten zu reduzieren oder verwenden nat\u00fcrliche S\u00fc\u00dfstoffe als Alternative zu herk\u00f6mmlichem Zucker. So kann man denselben angenehmen Geschmack genie\u00dfen und gleichzeitig Kalorien einsparen.<\/li>\n<li><strong>Gesunder Cola-Saft<\/strong> : Bei den Getr\u00e4nken in dieser Reihe liegt der Schwerpunkt auf der Qualit\u00e4t der Inhaltsstoffe und den ern\u00e4hrungsphysiologischen Vorteilen. Die Zusammensetzung kann st\u00e4rker auf Heilpflanzenextrakte und nat\u00fcrliche Aromen ausgerichtet sein. Einige Hersteller bieten auch koffeinfreie Colas f\u00fcr Personen an, die empfindlich auf Koffein reagieren.<\/li>\n<\/ol>\n<h3><strong>Verschiedene Optionen, um jeden Geschmack zu treffen<\/strong><\/h3>\n<p>Einige Varianten versuchen, mit einzigartigen Geschmacksrichtungen zu innovieren:<\/p>\n<ul>\n<li><strong>Cola-Ingwer-Saft<\/strong>\u00a0: Die Anwesenheit von Ingwer verleiht dem Getr\u00e4nk eine scharfe und dynamisierende Note. Er kann auch Vorteile f\u00fcr die Verdauung bieten und Bl\u00e4hungen reduzieren.<\/li>\n<li><strong>Cola-Kirschsaft<\/strong>\u00a0: Angenehm fruchtiger Geschmack durch Zugabe von Kirschextrakten, ideal f\u00fcr alle, die ein s\u00fc\u00dferes Getr\u00e4nk suchen.<\/li>\n<li><strong>Eine gro\u00dfe Auswahl an Optionen ohne Zucker oder mit nat\u00fcrlichen S\u00fc\u00dfstoffen<\/strong>, So kann jeder Verbraucher das Getr\u00e4nk w\u00e4hlen, das seinen Vorlieben und Ern\u00e4hrungsbed\u00fcrfnissen am besten entspricht.<\/li>\n<\/ul>\n<h2><strong>Die gesundheitlichen Vorteile von Cola-Saft<\/strong><\/h2>\n<p>Auch wenn Cola-Saft allgemein eher als Genuss- denn als Gesundheitsgetr\u00e4nk gilt, gibt es dennoch einige Vorteile - vor allem, wenn man sich f\u00fcr Varianten mit nat\u00fcrlichen und wenig verarbeiteten Zutaten entscheidet.<\/p>\n<ul>\n<li><strong>Stimulierende und energetisierende Wirkung<\/strong>\u00a0: Dank des Koffeins aus der Kolanuss oder dem Ingwer k\u00f6nnen diese Getr\u00e4nke bei vor\u00fcbergehender M\u00fcdigkeit helfen und die Konzentration verbessern.<\/li>\n<li><strong>Hilft bei der Verdauung<\/strong> : der Saft mit <a href=\"https:\/\/www.safinel.fr\/de\/product-2\/ingwer\/\"><strong>Ingwer<\/strong><\/a> ist daf\u00fcr bekannt, die Verdauung zu f\u00f6rdern und Verdauungsbeschwerden wie \u00dcbelkeit und Bl\u00e4hungen zu lindern.<\/li>\n<li><strong>Gehalt an Antioxidantien<\/strong>\u00a0: Einige Varianten des gesunden Cola-Safts sind mit Pflanzenextrakten angereichert, die reich an Antioxidantien sind, die unser Immunsystem st\u00e4rken und unsere Zellen vor Sch\u00e4den durch freie Radikale sch\u00fctzen.<\/li>\n<\/ul>\n<h3><strong>Weiterf\u00fchrende Fragen: Selbstherstellung<\/strong><\/h3>\n<p>Wer die volle Kontrolle \u00fcber seinen Cola-Saft haben m\u00f6chte, kann ihn auch selbst herstellen. Auf vielen Websites und Blogs finden Sie Rezepte mit einfachen, nat\u00fcrlichen und leicht zug\u00e4nglichen Zutaten:<\/p>\n<ol>\n<li><strong>W\u00e4hlen Sie Ihre Basis <\/strong>\u00a0: Ob Nuss oder Extrakt, informieren Sie sich \u00fcber die verschiedenen M\u00f6glichkeiten, um einen individuellen Saft nach Ihrem Geschmack und Ihren Vorlieben zu entwerfen.<\/li>\n<li><strong>Entscheiden Sie sich f\u00fcr nat\u00fcrliche Aromen<\/strong>\u00a0: Vanille, Zimt, Ingwer... Lassen Sie Ihrer Kreativit\u00e4t freien Lauf und f\u00fcgen Sie die Gew\u00fcrze Ihrer Wahl hinzu, um ein einzigartiges und schmackhaftes Getr\u00e4nk zu erhalten.<\/li>\n<li><strong>Mit Texturen und Temperaturen spielen<\/strong>\u00a0: Geben Sie Eisw\u00fcrfel f\u00fcr ein k\u00fchles Getr\u00e4nk im Sommer hinzu oder genie\u00dfen Sie es bei Zimmertemperatur auf langen Fahrten im Winter.<\/li>\n<\/ol>\n<p>Zusammenfassend l\u00e4sst sich sagen, dass Cola-Saft eine gro\u00dfe und vielf\u00e4ltige Option darstellt, die jedem Gaumen gerecht wird. Ob es sich nun um die klassische Cola oder um gesundheitsf\u00f6rdernde Varianten handelt, jeder kann etwas Passendes finden, sei es in den Regalen der Gesch\u00e4fte oder bei der Herstellung zu Hause. Probieren Sie also ruhig verschiedene Arten von S\u00e4ften aus und genie\u00dfen Sie ihren einzigartigen Geschmack und die Vorteile, die sie f\u00fcr Ihren K\u00f6rper und Ihren Geist haben.<\/p>","protected":false},"excerpt":{"rendered":"<p>Cola-Getr\u00e4nke stehen seit jeher f\u00fcr Energie und Frische. Immer mehr Verbraucher greifen zu Cola-S\u00e4ften, um von deren Vorz\u00fcgen zu profitieren. In diesem Artikel verraten wir Ihnen alle Geheimnisse dieses Getr\u00e4nks mit seinem einzigartigen Geschmack, seine verschiedenen Sorten, seine Inhaltsstoffe und [\u2026]","protected":false},"featured_media":10433,"template":"","meta":[],"product_brand":[],"product_cat":[91],"product_tag":[],"class_list":{"0":"post-10432","1":"product","2":"type-product","3":"status-publish","4":"has-post-thumbnail","6":"product_cat-boisson-aphrodisiaque-africaine","8":"first","9":"outofstock","10":"shipping-taxable","11":"purchasable","12":"product-type-variable"},"yoast_head":"<!-- This site is optimized with the Yoast SEO plugin v26.6 - https:\/\/yoast.com\/wordpress\/plugins\/seo\/ -->\n<title>Jus de cola | Boisson \u00e9nergisante | Bienfaits nombreux<\/title>\n<meta name=\"description\" content=\"De nos jours, de plus en plus de consommateurs se tournent vers les jus de cola pour b\u00e9n\u00e9ficier de leurs vertus. Adoptez cette boisson !\" \/>\n<meta name=\"robots\" content=\"index, follow, max-snippet:-1, max-image-preview:large, max-video-preview:-1\" \/>\n<link rel=\"canonical\" href=\"https:\/\/www.safinel.fr\/de\/product-2\/colasaft\/\" \/>\n<meta property=\"og:locale\" content=\"de_DE\" \/>\n<meta property=\"og:type\" content=\"article\" \/>\n<meta property=\"og:title\" content=\"Jus de cola | Boisson \u00e9nergisante | Bienfaits nombreux\" \/>\n<meta property=\"og:description\" content=\"De nos jours, de plus en plus de consommateurs se tournent vers les jus de cola pour b\u00e9n\u00e9ficier de leurs vertus. Adoptez cette boisson !\" \/>\n<meta property=\"og:url\" content=\"https:\/\/www.safinel.fr\/de\/product-2\/colasaft\/\" \/>\n<meta property=\"og:site_name\" content=\"Safinel\" \/>\n<meta property=\"article:modified_time\" content=\"2024-07-05T15:02:26+00:00\" \/>\n<meta property=\"og:image\" content=\"https:\/\/www.safinel.fr\/wp-content\/uploads\/2023\/12\/jus-de-cola.jpg\" \/>\n\t<meta property=\"og:image:width\" content=\"600\" \/>\n\t<meta property=\"og:image:height\" content=\"600\" \/>\n\t<meta property=\"og:image:type\" content=\"image\/jpeg\" \/>\n<meta name=\"twitter:card\" content=\"summary_large_image\" \/>\n<meta name=\"twitter:label1\" content=\"Gesch\u00e4tzte Lesezeit\" \/>\n\t<meta name=\"twitter:data1\" content=\"4\u00a0Minuten\" \/>\n<script type=\"application\/ld+json\" class=\"yoast-schema-graph\">{\"@context\":\"https:\/\/schema.org\",\"@graph\":[{\"@type\":\"WebPage\",\"@id\":\"https:\/\/www.safinel.fr\/produit\/jus-de-cola\/\",\"url\":\"https:\/\/www.safinel.fr\/produit\/jus-de-cola\/\",\"name\":\"Jus de cola | Boisson \u00e9nergisante | Bienfaits nombreux\",\"isPartOf\":{\"@id\":\"https:\/\/www.safinel.fr\/#website\"},\"primaryImageOfPage\":{\"@id\":\"https:\/\/www.safinel.fr\/produit\/jus-de-cola\/#primaryimage\"},\"image\":{\"@id\":\"https:\/\/www.safinel.fr\/produit\/jus-de-cola\/#primaryimage\"},\"thumbnailUrl\":\"https:\/\/www.safinel.fr\/wp-content\/uploads\/2023\/12\/jus-de-cola.jpg\",\"datePublished\":\"2023-12-25T18:40:53+00:00\",\"dateModified\":\"2024-07-05T15:02:26+00:00\",\"description\":\"De nos jours, de plus en plus de consommateurs se tournent vers les jus de cola pour b\u00e9n\u00e9ficier de leurs vertus. Adoptez cette boisson !\",\"breadcrumb\":{\"@id\":\"https:\/\/www.safinel.fr\/produit\/jus-de-cola\/#breadcrumb\"},\"inLanguage\":\"de\",\"potentialAction\":[{\"@type\":\"ReadAction\",\"target\":[\"https:\/\/www.safinel.fr\/produit\/jus-de-cola\/\"]}]},{\"@type\":\"ImageObject\",\"inLanguage\":\"de\",\"@id\":\"https:\/\/www.safinel.fr\/produit\/jus-de-cola\/#primaryimage\",\"url\":\"https:\/\/www.safinel.fr\/wp-content\/uploads\/2023\/12\/jus-de-cola.jpg\",\"contentUrl\":\"https:\/\/www.safinel.fr\/wp-content\/uploads\/2023\/12\/jus-de-cola.jpg\",\"width\":600,\"height\":600,\"caption\":\"Jus de cola\"},{\"@type\":\"BreadcrumbList\",\"@id\":\"https:\/\/www.safinel.fr\/produit\/jus-de-cola\/#breadcrumb\",\"itemListElement\":[{\"@type\":\"ListItem\",\"position\":1,\"name\":\"Accueil\",\"item\":\"https:\/\/www.safinel.fr\/\"},{\"@type\":\"ListItem\",\"position\":2,\"name\":\"Boutique\",\"item\":\"https:\/\/www.safinel.fr\/boutique\/\"},{\"@type\":\"ListItem\",\"position\":3,\"name\":\"Jus de cola\"}]},{\"@type\":\"WebSite\",\"@id\":\"https:\/\/www.safinel.fr\/#website\",\"url\":\"https:\/\/www.safinel.fr\/\",\"name\":\"Safinel\",\"description\":\"\",\"publisher\":{\"@id\":\"https:\/\/www.safinel.fr\/#organization\"},\"potentialAction\":[{\"@type\":\"SearchAction\",\"target\":{\"@type\":\"EntryPoint\",\"urlTemplate\":\"https:\/\/www.safinel.fr\/?s={search_term_string}\"},\"query-input\":{\"@type\":\"PropertyValueSpecification\",\"valueRequired\":true,\"valueName\":\"search_term_string\"}}],\"inLanguage\":\"de\"},{\"@type\":\"Organization\",\"@id\":\"https:\/\/www.safinel.fr\/#organization\",\"name\":\"Safinel\",\"url\":\"https:\/\/www.safinel.fr\/\",\"logo\":{\"@type\":\"ImageObject\",\"inLanguage\":\"de\",\"@id\":\"https:\/\/www.safinel.fr\/#\/schema\/logo\/image\/\",\"url\":\"https:\/\/www.safinel.fr\/wp-content\/uploads\/2021\/05\/boutique-cosmetique.png\",\"contentUrl\":\"https:\/\/www.safinel.fr\/wp-content\/uploads\/2021\/05\/boutique-cosmetique.png\",\"width\":800,\"height\":200,\"caption\":\"Safinel\"},\"image\":{\"@id\":\"https:\/\/www.safinel.fr\/#\/schema\/logo\/image\/\"}}]}<\/script>\n<!-- \/ Yoast SEO plugin. -->","yoast_head_json":{"title":"Cola-Saft | Energy-Drink | Zahlreiche Vorteile","description":"Heutzutage greifen immer mehr Verbraucher zu Cola-Saft, um von seinen positiven Eigenschaften zu profitieren. Machen Sie sich dieses Getr\u00e4nk zu eigen!","robots":{"index":"index","follow":"follow","max-snippet":"max-snippet:-1","max-image-preview":"max-image-preview:large","max-video-preview":"max-video-preview:-1"},"canonical":"https:\/\/www.safinel.fr\/de\/product-2\/colasaft\/","og_locale":"de_DE","og_type":"article","og_title":"Jus de cola | Boisson \u00e9nergisante | Bienfaits nombreux","og_description":"De nos jours, de plus en plus de consommateurs se tournent vers les jus de cola pour b\u00e9n\u00e9ficier de leurs vertus. Adoptez cette boisson !","og_url":"https:\/\/www.safinel.fr\/de\/product-2\/colasaft\/","og_site_name":"Safinel","article_modified_time":"2024-07-05T15:02:26+00:00","og_image":[{"width":600,"height":600,"url":"https:\/\/www.safinel.fr\/wp-content\/uploads\/2023\/12\/jus-de-cola.jpg","type":"image\/jpeg"}],"twitter_card":"summary_large_image","twitter_misc":{"Gesch\u00e4tzte Lesezeit":"4\u00a0Minuten"},"schema":{"@context":"https:\/\/schema.org","@graph":[{"@type":"WebPage","@id":"https:\/\/www.safinel.fr\/produit\/jus-de-cola\/","url":"https:\/\/www.safinel.fr\/produit\/jus-de-cola\/","name":"Cola-Saft | Energy-Drink | Zahlreiche Vorteile","isPartOf":{"@id":"https:\/\/www.safinel.fr\/#website"},"primaryImageOfPage":{"@id":"https:\/\/www.safinel.fr\/produit\/jus-de-cola\/#primaryimage"},"image":{"@id":"https:\/\/www.safinel.fr\/produit\/jus-de-cola\/#primaryimage"},"thumbnailUrl":"https:\/\/www.safinel.fr\/wp-content\/uploads\/2023\/12\/jus-de-cola.jpg","datePublished":"2023-12-25T18:40:53+00:00","dateModified":"2024-07-05T15:02:26+00:00","description":"Heutzutage greifen immer mehr Verbraucher zu Cola-Saft, um von seinen positiven Eigenschaften zu profitieren. Machen Sie sich dieses Getr\u00e4nk zu eigen!","breadcrumb":{"@id":"https:\/\/www.safinel.fr\/produit\/jus-de-cola\/#breadcrumb"},"inLanguage":"de","potentialAction":[{"@type":"ReadAction","target":["https:\/\/www.safinel.fr\/produit\/jus-de-cola\/"]}]},{"@type":"ImageObject","inLanguage":"de","@id":"https:\/\/www.safinel.fr\/produit\/jus-de-cola\/#primaryimage","url":"https:\/\/www.safinel.fr\/wp-content\/uploads\/2023\/12\/jus-de-cola.jpg","contentUrl":"https:\/\/www.safinel.fr\/wp-content\/uploads\/2023\/12\/jus-de-cola.jpg","width":600,"height":600,"caption":"Jus de cola"},{"@type":"BreadcrumbList","@id":"https:\/\/www.safinel.fr\/produit\/jus-de-cola\/#breadcrumb","itemListElement":[{"@type":"ListItem","position":1,"name":"Accueil","item":"https:\/\/www.safinel.fr\/"},{"@type":"ListItem","position":2,"name":"Boutique","item":"https:\/\/www.safinel.fr\/boutique\/"},{"@type":"ListItem","position":3,"name":"Jus de cola"}]},{"@type":"WebSite","@id":"https:\/\/www.safinel.fr\/#website","url":"https:\/\/www.safinel.fr\/","name":"Safinel","description":"","publisher":{"@id":"https:\/\/www.safinel.fr\/#organization"},"potentialAction":[{"@type":"SearchAction","target":{"@type":"EntryPoint","urlTemplate":"https:\/\/www.safinel.fr\/?s={search_term_string}"},"query-input":{"@type":"PropertyValueSpecification","valueRequired":true,"valueName":"search_term_string"}}],"inLanguage":"de"},{"@type":"Organization","@id":"https:\/\/www.safinel.fr\/#organization","name":"Safinel","url":"https:\/\/www.safinel.fr\/","logo":{"@type":"ImageObject","inLanguage":"de","@id":"https:\/\/www.safinel.fr\/#\/schema\/logo\/image\/","url":"https:\/\/www.safinel.fr\/wp-content\/uploads\/2021\/05\/boutique-cosmetique.png","contentUrl":"https:\/\/www.safinel.fr\/wp-content\/uploads\/2021\/05\/boutique-cosmetique.png","width":800,"height":200,"caption":"Safinel"},"image":{"@id":"https:\/\/www.safinel.fr\/#\/schema\/logo\/image\/"}}]}},"_links":{"self":[{"href":"https:\/\/www.safinel.fr\/de\/wp-json\/wp\/v2\/product\/10432","targetHints":{"allow":["GET"]}}],"collection":[{"href":"https:\/\/www.safinel.fr\/de\/wp-json\/wp\/v2\/product"}],"about":[{"href":"https:\/\/www.safinel.fr\/de\/wp-json\/wp\/v2\/types\/product"}],"wp:featuredmedia":[{"embeddable":true,"href":"https:\/\/www.safinel.fr\/de\/wp-json\/wp\/v2\/media\/10433"}],"wp:attachment":[{"href":"https:\/\/www.safinel.fr\/de\/wp-json\/wp\/v2\/media?parent=10432"}],"wp:term":[{"taxonomy":"product_brand","embeddable":true,"href":"https:\/\/www.safinel.fr\/de\/wp-json\/wp\/v2\/product_brand?post=10432"},{"taxonomy":"product_cat","embeddable":true,"href":"https:\/\/www.safinel.fr\/de\/wp-json\/wp\/v2\/product_cat?post=10432"},{"taxonomy":"product_tag","embeddable":true,"href":"https:\/\/www.safinel.fr\/de\/wp-json\/wp\/v2\/product_tag?post=10432"}],"curies":[{"name":"wp","href":"https:\/\/api.w.org\/{rel}","templated":true}]}}