{"id":10298,"date":"2023-12-17T10:06:27","date_gmt":"2023-12-17T10:06:27","guid":{"rendered":"https:\/\/www.safinel.fr\/?post_type=product&#038;p=10298"},"modified":"2024-05-16T18:46:53","modified_gmt":"2024-05-16T18:46:53","slug":"korpermilch-caro-white","status":"publish","type":"product","link":"https:\/\/www.safinel.fr\/de\/product-2\/korpermilch-caro-white\/","title":{"rendered":"K\u00f6rpermilch caro white 300ml"},"content":{"rendered":"<p>In Ihrem nat\u00fcrlichen Afrika-Shop erwartet Sie eine gro\u00dfe \u00dcberraschung! Machen Sie endlich die Begegnung mit dem\u00a0<strong>Caro White<\/strong>. F\u00fcr diejenigen, die es nicht kennen, ist es ein <a href=\"https:\/\/www.safinel.fr\/de\/product-2\/karottenseife\/\"><strong>Seife mit Karotten\u00f6l<\/strong><\/a> angereichert mit Beta-Carotin, wurde entwickelt, um die Haut gr\u00fcndlich zu reinigen und Unreinheiten zu entfernen.<\/p>\n<p>Dank seiner Peeling-Eigenschaften hilft es, abgestorbene Hautzellen zu entfernen und enth\u00fcllt den Glanz der Haut!<\/p>\n<h2><strong>Eine weiche, geschmeidige und strahlende Haut<\/strong><\/h2>\n<p>Diese Seife mit \u00d6l aus\u00a0<strong>Karotte<\/strong>\u00a0wird mit hochwertigen Inhaltsstoffen wie Wasser, Glycerin oder Karotte formuliert. Diese Kombination sorgf\u00e4ltig ausgew\u00e4hlter Inhaltsstoffe erm\u00f6glicht somit eine wirksame Formel f\u00fcr eine\u00a0<strong>reine und strahlende Haut<\/strong>.<\/p>\n<p>Caro White ist n\u00e4mlich mit Beta-Carotin angereichert, das zahlreiche Vorteile f\u00fcr die Epidermis bietet. Durch die Tiefenreinigung, die Beseitigung von Unreinheiten und das Peeling abgestorbener Hautzellen sorgt es f\u00fcr eine\u00a0<strong>weiche Haut<\/strong>, Die Haut ist geschmeidig und strahlend.<\/p>\n<h2><strong>Die vielen Vorteile von Caro White<\/strong><\/h2>\n<p>Diese Seife hat viele Vorteile f\u00fcr die Haut. Zun\u00e4chst einmal ist sie\u00a0<strong>reinigt gr\u00fcndlich<\/strong>\u00a0und beseitigt Unreinheiten. Und das, w\u00e4hrend die Haut frisch und sauber bleibt!<\/p>\n<p>Zweitens hilft es dank seiner Eigenschaften, die nat\u00fcrliche Ausstrahlung der Haut zu enth\u00fcllen. Dar\u00fcber hinaus bereitet Caro White die Haut auf die Anwendung Ihrer Pflegeprodukte vor, indem es deren Aufnahme optimiert und deren Wirksamkeit verbessert. Nach der Anwendung werden Sie eine weichere und strahlendere Haut feststellen.<\/p>\n<h3><strong>Wie kann man Caro White richtig genie\u00dfen?<\/strong><\/h3>\n<p>Wenn Sie die Vorteile von Caro White voll aussch\u00f6pfen m\u00f6chten, finden Sie hier einige Tipps zur Anwendung.<\/p>\n<ul>\n<li>Tragen Sie das Produkt morgens und\/oder abends auf die zuvor gereinigte Haut auf.\u00a0<strong><a href=\"https:\/\/www.safinel.fr\/de\/product-2\/handgefertigte-feste-afrikanische-schwarze-seife\/\">afrikanische feste schwarze Seife<\/a>\u00a0<\/strong>zum Beispiel.<\/li>\n<li>Vergessen Sie nicht, Gesicht und Hals besonders zu betonen.<\/li>\n<li>Es wird empfohlen, es t\u00e4glich zu verwenden, um optimale Ergebnisse zu erzielen.<\/li>\n<li>Nach der Anwendung sp\u00fclen Sie die Haut gr\u00fcndlich mit lauwarmem Wasser ab, bevor Sie sich abtrocknen.<\/li>\n<\/ul>\n<p>Achten Sie darauf, dass Sie auf der Verpackung des gekauften Produkts die genaue Liste der Inhaltsstoffe finden.<\/p>\n<p>Wenn Sie die Anwendungshinweise befolgen, k\u00f6nnen Sie die Vorteile dieses Produkts voll und ganz genie\u00dfen. Z\u00f6gern Sie nicht, es auszuprobieren und entdecken Sie eine strahlende und gesunde Haut.<\/p>","protected":false},"excerpt":{"rendered":"<p><img decoding=\"async\" class=\"size-full wp-image-5091 aligncenter\" src=\"https:\/\/www.safinel.fr\/wp-content\/uploads\/2021\/06\/BANNIERE-ICONE-SAFINEL.webp\" alt=\"Satines-R\u00fcckversicherung\" width=\"800\" height=\"200\" srcset=\"https:\/\/www.safinel.fr\/wp-content\/uploads\/2021\/06\/BANNIERE-ICONE-SAFINEL.webp 800w, https:\/\/www.safinel.fr\/wp-content\/uploads\/2021\/06\/BANNIERE-ICONE-SAFINEL-600x150.webp 600w, https:\/\/www.safinel.fr\/wp-content\/uploads\/2021\/06\/BANNIERE-ICONE-SAFINEL-768x192.webp 768w\" sizes=\"(max-width: 800px) 100vw, 800px\" \/><\/p>","protected":false},"featured_media":10294,"template":"","meta":[],"product_brand":[],"product_cat":[192],"product_tag":[],"class_list":{"0":"post-10298","1":"product","2":"type-product","3":"status-publish","4":"has-post-thumbnail","6":"product_cat-cremes-eclaircissantes","8":"first","9":"outofstock","10":"shipping-taxable","11":"purchasable","12":"product-type-simple"},"yoast_head":"<!-- This site is optimized with the Yoast SEO plugin v26.6 - https:\/\/yoast.com\/wordpress\/plugins\/seo\/ -->\n<title>Caro white | Lait corporelle aux bienfaits nombreux | 300ml<\/title>\n<meta name=\"description\" content=\"Une surprise de taille vous attend dans votre boutique africaine naturelle ! Faite enfin la rencontre avec le\u00a0Caro White.\" \/>\n<meta name=\"robots\" content=\"index, follow, max-snippet:-1, max-image-preview:large, max-video-preview:-1\" \/>\n<link rel=\"canonical\" href=\"https:\/\/www.safinel.fr\/de\/product-2\/korpermilch-caro-white\/\" \/>\n<meta property=\"og:locale\" content=\"de_DE\" \/>\n<meta property=\"og:type\" content=\"article\" \/>\n<meta property=\"og:title\" content=\"Caro white | Lait corporelle aux bienfaits nombreux | 300ml\" \/>\n<meta property=\"og:description\" content=\"Une surprise de taille vous attend dans votre boutique africaine naturelle ! Faite enfin la rencontre avec le\u00a0Caro White.\" \/>\n<meta property=\"og:url\" content=\"https:\/\/www.safinel.fr\/de\/product-2\/korpermilch-caro-white\/\" \/>\n<meta property=\"og:site_name\" content=\"Safinel\" \/>\n<meta property=\"article:modified_time\" content=\"2024-05-16T18:46:53+00:00\" \/>\n<meta property=\"og:image\" content=\"https:\/\/www.safinel.fr\/wp-content\/uploads\/2023\/12\/lait-carowhite.jpg\" \/>\n\t<meta property=\"og:image:width\" content=\"600\" \/>\n\t<meta property=\"og:image:height\" content=\"600\" \/>\n\t<meta property=\"og:image:type\" content=\"image\/jpeg\" \/>\n<meta name=\"twitter:card\" content=\"summary_large_image\" \/>\n<meta name=\"twitter:label1\" content=\"Gesch\u00e4tzte Lesezeit\" \/>\n\t<meta name=\"twitter:data1\" content=\"2\u00a0Minuten\" \/>\n<script type=\"application\/ld+json\" class=\"yoast-schema-graph\">{\"@context\":\"https:\/\/schema.org\",\"@graph\":[{\"@type\":\"WebPage\",\"@id\":\"https:\/\/www.safinel.fr\/produit\/lait-corporelle-caro-white\/\",\"url\":\"https:\/\/www.safinel.fr\/produit\/lait-corporelle-caro-white\/\",\"name\":\"Caro white | Lait corporelle aux bienfaits nombreux | 300ml\",\"isPartOf\":{\"@id\":\"https:\/\/www.safinel.fr\/#website\"},\"primaryImageOfPage\":{\"@id\":\"https:\/\/www.safinel.fr\/produit\/lait-corporelle-caro-white\/#primaryimage\"},\"image\":{\"@id\":\"https:\/\/www.safinel.fr\/produit\/lait-corporelle-caro-white\/#primaryimage\"},\"thumbnailUrl\":\"https:\/\/www.safinel.fr\/wp-content\/uploads\/2023\/12\/lait-carowhite.jpg\",\"datePublished\":\"2023-12-17T10:06:27+00:00\",\"dateModified\":\"2024-05-16T18:46:53+00:00\",\"description\":\"Une surprise de taille vous attend dans votre boutique africaine naturelle ! Faite enfin la rencontre avec le\u00a0Caro White.\",\"breadcrumb\":{\"@id\":\"https:\/\/www.safinel.fr\/produit\/lait-corporelle-caro-white\/#breadcrumb\"},\"inLanguage\":\"de\",\"potentialAction\":[{\"@type\":\"ReadAction\",\"target\":[\"https:\/\/www.safinel.fr\/produit\/lait-corporelle-caro-white\/\"]}]},{\"@type\":\"ImageObject\",\"inLanguage\":\"de\",\"@id\":\"https:\/\/www.safinel.fr\/produit\/lait-corporelle-caro-white\/#primaryimage\",\"url\":\"https:\/\/www.safinel.fr\/wp-content\/uploads\/2023\/12\/lait-carowhite.jpg\",\"contentUrl\":\"https:\/\/www.safinel.fr\/wp-content\/uploads\/2023\/12\/lait-carowhite.jpg\",\"width\":600,\"height\":600,\"caption\":\"Lait corporelle caro white 300ml\"},{\"@type\":\"BreadcrumbList\",\"@id\":\"https:\/\/www.safinel.fr\/produit\/lait-corporelle-caro-white\/#breadcrumb\",\"itemListElement\":[{\"@type\":\"ListItem\",\"position\":1,\"name\":\"Accueil\",\"item\":\"https:\/\/www.safinel.fr\/\"},{\"@type\":\"ListItem\",\"position\":2,\"name\":\"Boutique\",\"item\":\"https:\/\/www.safinel.fr\/boutique\/\"},{\"@type\":\"ListItem\",\"position\":3,\"name\":\"Lait corporelle caro white 300ml\"}]},{\"@type\":\"WebSite\",\"@id\":\"https:\/\/www.safinel.fr\/#website\",\"url\":\"https:\/\/www.safinel.fr\/\",\"name\":\"Safinel\",\"description\":\"\",\"publisher\":{\"@id\":\"https:\/\/www.safinel.fr\/#organization\"},\"potentialAction\":[{\"@type\":\"SearchAction\",\"target\":{\"@type\":\"EntryPoint\",\"urlTemplate\":\"https:\/\/www.safinel.fr\/?s={search_term_string}\"},\"query-input\":{\"@type\":\"PropertyValueSpecification\",\"valueRequired\":true,\"valueName\":\"search_term_string\"}}],\"inLanguage\":\"de\"},{\"@type\":\"Organization\",\"@id\":\"https:\/\/www.safinel.fr\/#organization\",\"name\":\"Safinel\",\"url\":\"https:\/\/www.safinel.fr\/\",\"logo\":{\"@type\":\"ImageObject\",\"inLanguage\":\"de\",\"@id\":\"https:\/\/www.safinel.fr\/#\/schema\/logo\/image\/\",\"url\":\"https:\/\/www.safinel.fr\/wp-content\/uploads\/2021\/05\/boutique-cosmetique.png\",\"contentUrl\":\"https:\/\/www.safinel.fr\/wp-content\/uploads\/2021\/05\/boutique-cosmetique.png\",\"width\":800,\"height\":200,\"caption\":\"Safinel\"},\"image\":{\"@id\":\"https:\/\/www.safinel.fr\/#\/schema\/logo\/image\/\"}}]}<\/script>\n<!-- \/ Yoast SEO plugin. -->","yoast_head_json":{"title":"Caro white | K\u00f6rpermilch mit zahlreichen Vorteilen | 300ml","description":"In Ihrem nat\u00fcrlichen Afrikashop erwartet Sie eine gro\u00dfe \u00dcberraschung! Machen Sie endlich die Bekanntschaft mit dem Caro White.","robots":{"index":"index","follow":"follow","max-snippet":"max-snippet:-1","max-image-preview":"max-image-preview:large","max-video-preview":"max-video-preview:-1"},"canonical":"https:\/\/www.safinel.fr\/de\/product-2\/korpermilch-caro-white\/","og_locale":"de_DE","og_type":"article","og_title":"Caro white | Lait corporelle aux bienfaits nombreux | 300ml","og_description":"Une surprise de taille vous attend dans votre boutique africaine naturelle ! Faite enfin la rencontre avec le\u00a0Caro White.","og_url":"https:\/\/www.safinel.fr\/de\/product-2\/korpermilch-caro-white\/","og_site_name":"Safinel","article_modified_time":"2024-05-16T18:46:53+00:00","og_image":[{"width":600,"height":600,"url":"https:\/\/www.safinel.fr\/wp-content\/uploads\/2023\/12\/lait-carowhite.jpg","type":"image\/jpeg"}],"twitter_card":"summary_large_image","twitter_misc":{"Gesch\u00e4tzte Lesezeit":"2\u00a0Minuten"},"schema":{"@context":"https:\/\/schema.org","@graph":[{"@type":"WebPage","@id":"https:\/\/www.safinel.fr\/produit\/lait-corporelle-caro-white\/","url":"https:\/\/www.safinel.fr\/produit\/lait-corporelle-caro-white\/","name":"Caro white | K\u00f6rpermilch mit zahlreichen Vorteilen | 300ml","isPartOf":{"@id":"https:\/\/www.safinel.fr\/#website"},"primaryImageOfPage":{"@id":"https:\/\/www.safinel.fr\/produit\/lait-corporelle-caro-white\/#primaryimage"},"image":{"@id":"https:\/\/www.safinel.fr\/produit\/lait-corporelle-caro-white\/#primaryimage"},"thumbnailUrl":"https:\/\/www.safinel.fr\/wp-content\/uploads\/2023\/12\/lait-carowhite.jpg","datePublished":"2023-12-17T10:06:27+00:00","dateModified":"2024-05-16T18:46:53+00:00","description":"In Ihrem nat\u00fcrlichen Afrikashop erwartet Sie eine gro\u00dfe \u00dcberraschung! Machen Sie endlich die Bekanntschaft mit dem Caro White.","breadcrumb":{"@id":"https:\/\/www.safinel.fr\/produit\/lait-corporelle-caro-white\/#breadcrumb"},"inLanguage":"de","potentialAction":[{"@type":"ReadAction","target":["https:\/\/www.safinel.fr\/produit\/lait-corporelle-caro-white\/"]}]},{"@type":"ImageObject","inLanguage":"de","@id":"https:\/\/www.safinel.fr\/produit\/lait-corporelle-caro-white\/#primaryimage","url":"https:\/\/www.safinel.fr\/wp-content\/uploads\/2023\/12\/lait-carowhite.jpg","contentUrl":"https:\/\/www.safinel.fr\/wp-content\/uploads\/2023\/12\/lait-carowhite.jpg","width":600,"height":600,"caption":"Lait corporelle caro white 300ml"},{"@type":"BreadcrumbList","@id":"https:\/\/www.safinel.fr\/produit\/lait-corporelle-caro-white\/#breadcrumb","itemListElement":[{"@type":"ListItem","position":1,"name":"Accueil","item":"https:\/\/www.safinel.fr\/"},{"@type":"ListItem","position":2,"name":"Boutique","item":"https:\/\/www.safinel.fr\/boutique\/"},{"@type":"ListItem","position":3,"name":"Lait corporelle caro white 300ml"}]},{"@type":"WebSite","@id":"https:\/\/www.safinel.fr\/#website","url":"https:\/\/www.safinel.fr\/","name":"Safinel","description":"","publisher":{"@id":"https:\/\/www.safinel.fr\/#organization"},"potentialAction":[{"@type":"SearchAction","target":{"@type":"EntryPoint","urlTemplate":"https:\/\/www.safinel.fr\/?s={search_term_string}"},"query-input":{"@type":"PropertyValueSpecification","valueRequired":true,"valueName":"search_term_string"}}],"inLanguage":"de"},{"@type":"Organization","@id":"https:\/\/www.safinel.fr\/#organization","name":"Safinel","url":"https:\/\/www.safinel.fr\/","logo":{"@type":"ImageObject","inLanguage":"de","@id":"https:\/\/www.safinel.fr\/#\/schema\/logo\/image\/","url":"https:\/\/www.safinel.fr\/wp-content\/uploads\/2021\/05\/boutique-cosmetique.png","contentUrl":"https:\/\/www.safinel.fr\/wp-content\/uploads\/2021\/05\/boutique-cosmetique.png","width":800,"height":200,"caption":"Safinel"},"image":{"@id":"https:\/\/www.safinel.fr\/#\/schema\/logo\/image\/"}}]}},"_links":{"self":[{"href":"https:\/\/www.safinel.fr\/de\/wp-json\/wp\/v2\/product\/10298","targetHints":{"allow":["GET"]}}],"collection":[{"href":"https:\/\/www.safinel.fr\/de\/wp-json\/wp\/v2\/product"}],"about":[{"href":"https:\/\/www.safinel.fr\/de\/wp-json\/wp\/v2\/types\/product"}],"wp:featuredmedia":[{"embeddable":true,"href":"https:\/\/www.safinel.fr\/de\/wp-json\/wp\/v2\/media\/10294"}],"wp:attachment":[{"href":"https:\/\/www.safinel.fr\/de\/wp-json\/wp\/v2\/media?parent=10298"}],"wp:term":[{"taxonomy":"product_brand","embeddable":true,"href":"https:\/\/www.safinel.fr\/de\/wp-json\/wp\/v2\/product_brand?post=10298"},{"taxonomy":"product_cat","embeddable":true,"href":"https:\/\/www.safinel.fr\/de\/wp-json\/wp\/v2\/product_cat?post=10298"},{"taxonomy":"product_tag","embeddable":true,"href":"https:\/\/www.safinel.fr\/de\/wp-json\/wp\/v2\/product_tag?post=10298"}],"curies":[{"name":"wp","href":"https:\/\/api.w.org\/{rel}","templated":true}]}}