{"id":1028,"date":"2022-04-09T20:38:23","date_gmt":"2022-04-09T20:38:23","guid":{"rendered":"https:\/\/www.safinel.fr\/?post_type=product&#038;p=1028"},"modified":"2024-07-01T13:26:14","modified_gmt":"2024-07-01T13:26:14","slug":"afrikanischer-fruchtbarkeitstee","status":"publish","type":"product","link":"https:\/\/www.safinel.fr\/de\/product-2\/afrikanischer-fruchtbarkeitstee\/","title":{"rendered":"Afrikanischer Fruchtbarkeitstee 100g"},"content":{"rendered":"<p>Unser\u00a0<strong>afrikanischer Fruchtbarkeitstee<\/strong>\u00a0ist ein echter Daumenkino f\u00fcr Frauen, die sich ein Kind w\u00fcnschen.<\/p>\n<p>Tats\u00e4chlich ist der Weg f\u00fcr<strong>\u00a0schwanger werden<\/strong>\u00a0ist nicht unbedingt ohne Hindernisse. Erfahren Sie mehr \u00fcber diese\u00a0<strong>nat\u00fcrlicher Aufguss,<\/strong>\u00a0und vertrauen Sie der Natur.<\/p>\n<h2><strong>Afrikanischer Fruchtbarkeitstee: Ein nat\u00fcrlicher Reichtum\u00a0<\/strong><\/h2>\n<p>Diese\u00a0<strong>Heilkr\u00e4utermischung\u00a0<\/strong>wurde geschickt gestaltet, um zu helfen\u00a0<strong>schwanger werden\u00a0\u00a0<\/strong>schnell zu verbessern. So enth\u00e4lt er erlesene, gesundheitsf\u00f6rdernde Inhaltsstoffe. wie die Vier-Seiten-Frucht, Vetiver, Djeka-Bl\u00e4tter, Nepnep<\/p>\n<p>Entdecken Sie diese\u00a0<strong>Fruchtbarkeitstee<\/strong>\u00a0im 100g-Beutel, zum t\u00e4glichen Verzehr, um alle Chancen auf Ihrer Seite zu haben!<\/p>\n<p>Wir wissen, dass die Produkte der<strong>\u00a0Natur<\/strong>\u00a0bieten uns eine Reihe von Vorteilen. Vor allem im Bereich der Fruchtbarkeit. Hier finden Sie daher Produkte wie\u00a0<a href=\"https:\/\/www.safinel.fr\/de\/product-2\/vetiverwurzeln\/\"><strong>die Vetiverwurzeln<\/strong><\/a>\u00a0oder<strong>\u00a0<a href=\"https:\/\/www.safinel.fr\/de\/product-2\/rose-de-jericho-chajarat-mariam\/\">die Rose von Jericho<\/a>.\u00a0<\/strong><\/p>\n<h2><strong>Die Vorteile von Afrikanischem Fruchtbarkeitstee?\u00a0<\/strong><\/h2>\n<p>Diese\u00a0<strong>Mischung aus mehreren Pflanzen<\/strong>\u00a0besitzt vorteilhafte Eigenschaften f\u00fcr\u00a0<strong>die Fruchtbarkeit verbessern<\/strong>. Aus diesem Grund hebt Ihr Spezialist f\u00fcr Naturprodukte diesen Schatz hervor\u00a0<strong>100% nat\u00fcrlich<\/strong>\u00a0!<\/p>\n<p>Dieser Fruchtbarkeitskr\u00e4utertee f\u00fcr Frauen erm\u00f6glicht insbesondere :<\/p>\n<ul>\n<li>Zu helfen\u00a0<strong>die Fruchtbarkeit steigern\u00a0<\/strong><\/li>\n<li>G\u00fcnstig f\u00fcr Frauen, die an Endometriose leiden<\/li>\n<li>Bek\u00e4mpft auf nat\u00fcrliche Weise die Anovulation (Ausbleiben des Eisprungs)<\/li>\n<li>Hilfe bei Geb\u00e4rmuttermyomen<\/li>\n<li>Verringert das Risiko einer Fehlgeburt<\/li>\n<li>N\u00fctzlich gegen verstopfte Eileiter<\/li>\n<li>Hilft schlie\u00dflich, die Geburt zu erleichtern<\/li>\n<\/ul>\n<p><strong>Es ist jedoch zu beachten, dass dieser nat\u00fcrliche Tee keinesfalls eine medikament\u00f6se Behandlung ersetzt. Ebenso wenig wie einen Arztbesuch.\u00a0<\/strong><\/p>\n<p>Im Falle von\u00a0<strong>Problem der Unfruchtbarkeit,<\/strong>\u00a0empfehlen wir Ihnen, dies mit Ihrem Arzt zu besprechen. Unsere Produkte k\u00f6nnen als Nahrungserg\u00e4nzungsmittel auf Ihrem medizinischen Weg dienen.<\/p>\n<h3><strong>Tipps zur Verwendung\u00a0<\/strong><\/h3>\n<p>F\u00fcr diejenigen, die sich diesem<strong>\u00a0nat\u00fcrliche Mischung<\/strong>, Das ist ganz einfach! Sie brauchen eine Tasse, hei\u00dfes Wasser und diesen Kr\u00e4utertee!<\/p>\n<p>Dieser Tee wird zweimal t\u00e4glich eingenommen. D.h. einmal am Morgen und einmal am Abend.<\/p>\n<p><strong>Vorsichtsma\u00dfnahmen :\u00a0<\/strong>\u00dcberschreiten Sie nicht die empfohlenen Dosierungen.<\/p>","protected":false},"excerpt":{"rendered":"<p>Neue Verpackung, verkauft in Kraftbeuteln<\/p>","protected":false},"featured_media":1022,"template":"","meta":[],"product_brand":[],"product_cat":[15,19],"product_tag":[],"class_list":{"0":"post-1028","1":"product","2":"type-product","3":"status-publish","4":"has-post-thumbnail","6":"product_cat-fertilite","7":"product_cat-thes-tisanes","9":"first","10":"outofstock","11":"shipping-taxable","12":"purchasable","13":"product-type-simple"},"yoast_head":"<!-- This site is optimized with the Yoast SEO plugin v26.6 - https:\/\/yoast.com\/wordpress\/plugins\/seo\/ -->\n<title>Tisane de fertilit\u00e9 africaine | Infusion 100% naturelle by Safinel.fr<\/title>\n<meta name=\"description\" content=\"Notre\u00a0tisane de fertilit\u00e9 africaine\u00a0est un v\u00e9ritable coup-de-pouce pour celles qui souhaitent avoir un enfant.\u00a0\" \/>\n<meta name=\"robots\" content=\"index, follow, max-snippet:-1, max-image-preview:large, max-video-preview:-1\" \/>\n<link rel=\"canonical\" href=\"https:\/\/www.safinel.fr\/de\/product-2\/afrikanischer-fruchtbarkeitstee\/\" \/>\n<meta property=\"og:locale\" content=\"de_DE\" \/>\n<meta property=\"og:type\" content=\"article\" \/>\n<meta property=\"og:title\" content=\"Tisane de fertilit\u00e9 africaine | Infusion 100% naturelle by Safinel.fr\" \/>\n<meta property=\"og:description\" content=\"Notre\u00a0tisane de fertilit\u00e9 africaine\u00a0est un v\u00e9ritable coup-de-pouce pour celles qui souhaitent avoir un enfant.\u00a0\" \/>\n<meta property=\"og:url\" content=\"https:\/\/www.safinel.fr\/de\/product-2\/afrikanischer-fruchtbarkeitstee\/\" \/>\n<meta property=\"og:site_name\" content=\"Safinel\" \/>\n<meta property=\"article:modified_time\" content=\"2024-07-01T13:26:14+00:00\" \/>\n<meta property=\"og:image\" content=\"https:\/\/www.safinel.fr\/wp-content\/uploads\/2022\/04\/tisane-fertilite-africaine.jpg\" \/>\n\t<meta property=\"og:image:width\" content=\"600\" \/>\n\t<meta property=\"og:image:height\" content=\"600\" \/>\n\t<meta property=\"og:image:type\" content=\"image\/jpeg\" \/>\n<meta name=\"twitter:card\" content=\"summary_large_image\" \/>\n<meta name=\"twitter:label1\" content=\"Gesch\u00e4tzte Lesezeit\" \/>\n\t<meta name=\"twitter:data1\" content=\"2\u00a0Minuten\" \/>\n<script type=\"application\/ld+json\" class=\"yoast-schema-graph\">{\"@context\":\"https:\/\/schema.org\",\"@graph\":[{\"@type\":\"WebPage\",\"@id\":\"https:\/\/www.safinel.fr\/produit\/tisane-de-fertilite-africaine\/\",\"url\":\"https:\/\/www.safinel.fr\/produit\/tisane-de-fertilite-africaine\/\",\"name\":\"Tisane de fertilit\u00e9 africaine | Infusion 100% naturelle by Safinel.fr\",\"isPartOf\":{\"@id\":\"https:\/\/www.safinel.fr\/#website\"},\"primaryImageOfPage\":{\"@id\":\"https:\/\/www.safinel.fr\/produit\/tisane-de-fertilite-africaine\/#primaryimage\"},\"image\":{\"@id\":\"https:\/\/www.safinel.fr\/produit\/tisane-de-fertilite-africaine\/#primaryimage\"},\"thumbnailUrl\":\"https:\/\/www.safinel.fr\/wp-content\/uploads\/2022\/04\/tisane-fertilite-africaine.jpg\",\"datePublished\":\"2022-04-09T20:38:23+00:00\",\"dateModified\":\"2024-07-01T13:26:14+00:00\",\"description\":\"Notre\u00a0tisane de fertilit\u00e9 africaine\u00a0est un v\u00e9ritable coup-de-pouce pour celles qui souhaitent avoir un enfant.\u00a0\",\"breadcrumb\":{\"@id\":\"https:\/\/www.safinel.fr\/produit\/tisane-de-fertilite-africaine\/#breadcrumb\"},\"inLanguage\":\"de\",\"potentialAction\":[{\"@type\":\"ReadAction\",\"target\":[\"https:\/\/www.safinel.fr\/produit\/tisane-de-fertilite-africaine\/\"]}]},{\"@type\":\"ImageObject\",\"inLanguage\":\"de\",\"@id\":\"https:\/\/www.safinel.fr\/produit\/tisane-de-fertilite-africaine\/#primaryimage\",\"url\":\"https:\/\/www.safinel.fr\/wp-content\/uploads\/2022\/04\/tisane-fertilite-africaine.jpg\",\"contentUrl\":\"https:\/\/www.safinel.fr\/wp-content\/uploads\/2022\/04\/tisane-fertilite-africaine.jpg\",\"width\":600,\"height\":600,\"caption\":\"Tisane de fertilit\u00e9 africaine 100g\"},{\"@type\":\"BreadcrumbList\",\"@id\":\"https:\/\/www.safinel.fr\/produit\/tisane-de-fertilite-africaine\/#breadcrumb\",\"itemListElement\":[{\"@type\":\"ListItem\",\"position\":1,\"name\":\"Accueil\",\"item\":\"https:\/\/www.safinel.fr\/\"},{\"@type\":\"ListItem\",\"position\":2,\"name\":\"Boutique\",\"item\":\"https:\/\/www.safinel.fr\/boutique\/\"},{\"@type\":\"ListItem\",\"position\":3,\"name\":\"Tisane de fertilit\u00e9 africaine 100g\"}]},{\"@type\":\"WebSite\",\"@id\":\"https:\/\/www.safinel.fr\/#website\",\"url\":\"https:\/\/www.safinel.fr\/\",\"name\":\"Safinel\",\"description\":\"\",\"publisher\":{\"@id\":\"https:\/\/www.safinel.fr\/#organization\"},\"potentialAction\":[{\"@type\":\"SearchAction\",\"target\":{\"@type\":\"EntryPoint\",\"urlTemplate\":\"https:\/\/www.safinel.fr\/?s={search_term_string}\"},\"query-input\":{\"@type\":\"PropertyValueSpecification\",\"valueRequired\":true,\"valueName\":\"search_term_string\"}}],\"inLanguage\":\"de\"},{\"@type\":\"Organization\",\"@id\":\"https:\/\/www.safinel.fr\/#organization\",\"name\":\"Safinel\",\"url\":\"https:\/\/www.safinel.fr\/\",\"logo\":{\"@type\":\"ImageObject\",\"inLanguage\":\"de\",\"@id\":\"https:\/\/www.safinel.fr\/#\/schema\/logo\/image\/\",\"url\":\"https:\/\/www.safinel.fr\/wp-content\/uploads\/2021\/05\/boutique-cosmetique.png\",\"contentUrl\":\"https:\/\/www.safinel.fr\/wp-content\/uploads\/2021\/05\/boutique-cosmetique.png\",\"width\":800,\"height\":200,\"caption\":\"Safinel\"},\"image\":{\"@id\":\"https:\/\/www.safinel.fr\/#\/schema\/logo\/image\/\"}}]}<\/script>\n<!-- \/ Yoast SEO plugin. -->","yoast_head_json":{"title":"Afrikanischer Fruchtbarkeitstee | Nat\u00fcrlicher Kr\u00e4utertee 100% by Safinel.de","description":"Unser Afrikanischer Fruchtbarkeitstee ist ein wahrer Daumenkino f\u00fcr Frauen, die sich ein Kind w\u00fcnschen.\u00a0","robots":{"index":"index","follow":"follow","max-snippet":"max-snippet:-1","max-image-preview":"max-image-preview:large","max-video-preview":"max-video-preview:-1"},"canonical":"https:\/\/www.safinel.fr\/de\/product-2\/afrikanischer-fruchtbarkeitstee\/","og_locale":"de_DE","og_type":"article","og_title":"Tisane de fertilit\u00e9 africaine | Infusion 100% naturelle by Safinel.fr","og_description":"Notre\u00a0tisane de fertilit\u00e9 africaine\u00a0est un v\u00e9ritable coup-de-pouce pour celles qui souhaitent avoir un enfant.\u00a0","og_url":"https:\/\/www.safinel.fr\/de\/product-2\/afrikanischer-fruchtbarkeitstee\/","og_site_name":"Safinel","article_modified_time":"2024-07-01T13:26:14+00:00","og_image":[{"width":600,"height":600,"url":"https:\/\/www.safinel.fr\/wp-content\/uploads\/2022\/04\/tisane-fertilite-africaine.jpg","type":"image\/jpeg"}],"twitter_card":"summary_large_image","twitter_misc":{"Gesch\u00e4tzte Lesezeit":"2\u00a0Minuten"},"schema":{"@context":"https:\/\/schema.org","@graph":[{"@type":"WebPage","@id":"https:\/\/www.safinel.fr\/produit\/tisane-de-fertilite-africaine\/","url":"https:\/\/www.safinel.fr\/produit\/tisane-de-fertilite-africaine\/","name":"Afrikanischer Fruchtbarkeitstee | Nat\u00fcrlicher Kr\u00e4utertee 100% by Safinel.de","isPartOf":{"@id":"https:\/\/www.safinel.fr\/#website"},"primaryImageOfPage":{"@id":"https:\/\/www.safinel.fr\/produit\/tisane-de-fertilite-africaine\/#primaryimage"},"image":{"@id":"https:\/\/www.safinel.fr\/produit\/tisane-de-fertilite-africaine\/#primaryimage"},"thumbnailUrl":"https:\/\/www.safinel.fr\/wp-content\/uploads\/2022\/04\/tisane-fertilite-africaine.jpg","datePublished":"2022-04-09T20:38:23+00:00","dateModified":"2024-07-01T13:26:14+00:00","description":"Unser Afrikanischer Fruchtbarkeitstee ist ein wahrer Daumenkino f\u00fcr Frauen, die sich ein Kind w\u00fcnschen.\u00a0","breadcrumb":{"@id":"https:\/\/www.safinel.fr\/produit\/tisane-de-fertilite-africaine\/#breadcrumb"},"inLanguage":"de","potentialAction":[{"@type":"ReadAction","target":["https:\/\/www.safinel.fr\/produit\/tisane-de-fertilite-africaine\/"]}]},{"@type":"ImageObject","inLanguage":"de","@id":"https:\/\/www.safinel.fr\/produit\/tisane-de-fertilite-africaine\/#primaryimage","url":"https:\/\/www.safinel.fr\/wp-content\/uploads\/2022\/04\/tisane-fertilite-africaine.jpg","contentUrl":"https:\/\/www.safinel.fr\/wp-content\/uploads\/2022\/04\/tisane-fertilite-africaine.jpg","width":600,"height":600,"caption":"Tisane de fertilit\u00e9 africaine 100g"},{"@type":"BreadcrumbList","@id":"https:\/\/www.safinel.fr\/produit\/tisane-de-fertilite-africaine\/#breadcrumb","itemListElement":[{"@type":"ListItem","position":1,"name":"Accueil","item":"https:\/\/www.safinel.fr\/"},{"@type":"ListItem","position":2,"name":"Boutique","item":"https:\/\/www.safinel.fr\/boutique\/"},{"@type":"ListItem","position":3,"name":"Tisane de fertilit\u00e9 africaine 100g"}]},{"@type":"WebSite","@id":"https:\/\/www.safinel.fr\/#website","url":"https:\/\/www.safinel.fr\/","name":"Safinel","description":"","publisher":{"@id":"https:\/\/www.safinel.fr\/#organization"},"potentialAction":[{"@type":"SearchAction","target":{"@type":"EntryPoint","urlTemplate":"https:\/\/www.safinel.fr\/?s={search_term_string}"},"query-input":{"@type":"PropertyValueSpecification","valueRequired":true,"valueName":"search_term_string"}}],"inLanguage":"de"},{"@type":"Organization","@id":"https:\/\/www.safinel.fr\/#organization","name":"Safinel","url":"https:\/\/www.safinel.fr\/","logo":{"@type":"ImageObject","inLanguage":"de","@id":"https:\/\/www.safinel.fr\/#\/schema\/logo\/image\/","url":"https:\/\/www.safinel.fr\/wp-content\/uploads\/2021\/05\/boutique-cosmetique.png","contentUrl":"https:\/\/www.safinel.fr\/wp-content\/uploads\/2021\/05\/boutique-cosmetique.png","width":800,"height":200,"caption":"Safinel"},"image":{"@id":"https:\/\/www.safinel.fr\/#\/schema\/logo\/image\/"}}]}},"_links":{"self":[{"href":"https:\/\/www.safinel.fr\/de\/wp-json\/wp\/v2\/product\/1028","targetHints":{"allow":["GET"]}}],"collection":[{"href":"https:\/\/www.safinel.fr\/de\/wp-json\/wp\/v2\/product"}],"about":[{"href":"https:\/\/www.safinel.fr\/de\/wp-json\/wp\/v2\/types\/product"}],"wp:featuredmedia":[{"embeddable":true,"href":"https:\/\/www.safinel.fr\/de\/wp-json\/wp\/v2\/media\/1022"}],"wp:attachment":[{"href":"https:\/\/www.safinel.fr\/de\/wp-json\/wp\/v2\/media?parent=1028"}],"wp:term":[{"taxonomy":"product_brand","embeddable":true,"href":"https:\/\/www.safinel.fr\/de\/wp-json\/wp\/v2\/product_brand?post=1028"},{"taxonomy":"product_cat","embeddable":true,"href":"https:\/\/www.safinel.fr\/de\/wp-json\/wp\/v2\/product_cat?post=1028"},{"taxonomy":"product_tag","embeddable":true,"href":"https:\/\/www.safinel.fr\/de\/wp-json\/wp\/v2\/product_tag?post=1028"}],"curies":[{"name":"wp","href":"https:\/\/api.w.org\/{rel}","templated":true}]}}