{"id":102,"date":"2021-06-01T15:26:01","date_gmt":"2021-06-01T15:26:01","guid":{"rendered":"https:\/\/www.safinel.fr\/?post_type=product&#038;p=102"},"modified":"2025-11-11T20:20:31","modified_gmt":"2025-11-11T20:20:31","slug":"nep-pulver-nep","status":"publish","type":"product","link":"https:\/\/www.safinel.fr\/de\/product-2\/nep-pulver-nep\/","title":{"rendered":"Nep Nep Pulver"},"content":{"rendered":"<p>Die <b>Nep Nep-Pulver<\/b> stammt von einer Frucht mit vielen positiven Eigenschaften, die im tropischen Afrika beheimatet ist. Haben Sie schon einmal von ihr geh\u00f6rt? Sicherlich, wenn Sie aus Afrika kommen... F\u00fcr alle anderen ist das nicht so sicher! Dieser wundersch\u00f6ne Kontinent ist reich an nat\u00fcrlichen Heilmitteln. In der Tat ist die afrikanische Pharmakop\u00f6e hoch entwickelt!<span class=\"Apple-converted-space\">\u00a0<\/span><\/p>\n<p>Die Samen dieser Frucht werden haupts\u00e4chlich verwendet, um daraus ein Damenhygieneprodukt herzustellen! Aber nicht nur.<span class=\"Apple-converted-space\">\u00a0<\/span><\/p>\n<p>Im Moment haben wir die Gelegenheit, Ihnen dieses nat\u00fcrliche Heilmittel mit medizinischen Eigenschaften n\u00e4her zu bringen: <b>das Pulver von Nep Nep<\/b>. Und darauf sind wir nicht wenig stolz!<span class=\"Apple-converted-space\">\u00a0<\/span><\/p>\n<h2><b>Nep Nep Pulver: Aber was ist das?<\/b><\/h2>\n<p>Seit Urzeiten verwenden die Menschen Pflanzen, um sich zu heilen. Heute interessieren wir uns f\u00fcr die Nep Nep, die so unbekannt ist, aber eine be\u00e4ngstigende Wirkung hat.<span class=\"Apple-converted-space\">\u00a0<\/span><\/p>\n<p>Diese tropische Pflanze wird auf dem afrikanischen Kontinent seit Jahrhunderten besonders von Frauen verwendet.<\/p>\n<p>Nep Nep ist der traditionelle Name f\u00fcr die Acacia nilotica, die auch als <b>roter Gummibaum<\/b>. Dieser Baum aus der Familie der Fabaceae ist in Ostafrika und Westasien beheimatet. Man findet ihn aber auch haupts\u00e4chlich in Westafrika. Vor allem im Senegal, wo er sich schnell einen Platz als<b> Heilpflanze.<\/b><\/p>\n<p>Allerdings muss man sagen, dass Nep Nep fast vollst\u00e4ndig nutzbar ist:<\/p>\n<p>Die Wurzeln, \u00c4ste und Rinde der Pflanze k\u00f6nnen gut genutzt werden. Aber es sind vor allem die Fr\u00fcchte, die uns hier interessieren. Die Frucht der Nilotica-Akazie ist eine l\u00e4ngliche, l\u00e4ngliche, abgeflachte, tugendhafte Schote. Diese enth\u00e4lt kleine Samen, die dann zu dem ber\u00fchmten Pulver gemahlen werden.<span class=\"Apple-converted-space\">\u00a0<\/span><\/p>\n<p>So finden Sie auf unserer Safinel-Website diese <b>Nep-Pulver Nep<\/b> in einem Beutel mit 100 oder 200 g f\u00fcr ein unschlagbares Preis-Leistungs-Verh\u00e4ltnis. Dar\u00fcber hinaus ist diese 100% nat\u00fcrlich.<span class=\"Apple-converted-space\">\u00a0<\/span><\/p>\n<h2><b>Nep Nep Puder, der Geliebte der Frauen<span class=\"Apple-converted-space\">\u00a0<\/span><\/b><\/h2>\n<p>Die <b>Nep-Pulver Nep<\/b> wurde schnell zum Freund der Frau und erwies sich haupts\u00e4chlich als <b>f\u00fcr die Frauenhygiene verwendet.<\/b> Aber auch als <b>als Aphrodisiakum<\/b>.<\/p>\n<p>Es handelt sich um eine multifunktionale Heilpflanze. Sie hat also mehrere Tugenden, aus diesen Gr\u00fcnden wollen wir sie gemeinsam entdecken:<\/p>\n<ul>\n<li>Erm\u00f6glicht die Beseitigung von unangenehmem Scheidengeruch. Und ist auch hilfreich bei abnormalem wei\u00dfem Ausfluss sowie gegen Juckreiz ;<\/li>\n<li>N\u00fctzlich gegen Genitalverletzungen, denn seine antibiotischen und entz\u00fcndungshemmenden Eigenschaften verschaffen ihm diesen Vorteil; ;<\/li>\n<li>Hilft, die Vagina zu straffen. Nep Nep wird normalerweise Frauen nach einer Entbindung gegeben; ;<\/li>\n<li>Verbessert das sexuelle Vergn\u00fcgen, es macht die erogenen Zonen viel empfindlicher.<\/li>\n<\/ul>\n<p>Die <b>Nep-Pulver Nep <\/b>hat noch nicht aufgeh\u00f6rt, Sie zu \u00fcberraschen...<span class=\"Apple-converted-space\">\u00a0<\/span><\/p>\n<h3><b>Andere Verwendungszwecke von Nep Nep Pulver<span class=\"Apple-converted-space\">\u00a0<\/span><\/b><\/h3>\n<p>Die <b>Nep-Pulver Nep <\/b>Die Frau ist eine au\u00dfergew\u00f6hnliche Frau und hat neben den bereits erw\u00e4hnten frauenspezifischen Verwendungszwecken noch viele weitere:<span class=\"Apple-converted-space\">\u00a0<\/span><\/p>\n<ul>\n<li><b>Die Nilotica-Akazie<\/b> hilft bei der Bek\u00e4mpfung von Ruhr. Diese Krankheit \u00e4u\u00dfert sich durch Durchfall, der von Blutungen begleitet wird. Da diese Krankheit jedoch schwerwiegend sein kann, sollten Sie bei entsprechenden Symptomen Ihren Arzt aufsuchen; ;<\/li>\n<li>Diese <b>nat\u00fcrliche Nahrungserg\u00e4nzung <\/b>kann auch als Getr\u00e4nk gegen Angina, Bauchschmerzen und Magenprobleme getrunken werden. Tats\u00e4chlich ist die <b>Nep-Pulver Nep <\/b>enth\u00e4lt Natrium, Kalium und Magnesium ;<\/li>\n<li>Und schlie\u00dflich helfen einige Anwendungen des Nep Nep bei Fieber, Diabetes und Hautkrankheiten.<\/li>\n<\/ul>\n<p><i>Wissenswertes: Nep Nep wird in Nigeria und anderen Saharal\u00e4ndern traditionell zum Gerben von Leder verwendet.<\/i><\/p>\n<h3><b>Nep Nep Pulver und seine Anwendung<\/b><\/h3>\n<p>Es gibt viele verschiedene M\u00f6glichkeiten, um diese<b> afrikanischer Samen <\/b>und es kommt darauf an, wof\u00fcr Sie es verwenden m\u00f6chten. Ausgehend von dieser Tatsache nennen wir Ihnen zwei Verwendungszwecke:<span class=\"Apple-converted-space\">\u00a0<\/span><\/p>\n<p>Zun\u00e4chst f\u00fcr die Intimpflege: Mischen Sie einfach lauwarmes Wasser mit der <b>Nep-Pulver Nep<\/b> und die Legierung der beiden Zutaten f\u00fcr Ihre Intimpflege zu verwenden.<span class=\"Apple-converted-space\">\u00a0<\/span><\/p>\n<p>Dann gegen Durchfall: Sie m\u00fcssen Wasser kochen und das Pulver dazugeben. Sie k\u00f6nnen auch noch <a href=\"https:\/\/www.safinel.fr\/de\/product-2\/vetiverwurzeln\/\"><b>Vetiverwurzeln<\/b><\/a> f\u00fcr furchterregende Effekte.<span class=\"Apple-converted-space\">\u00a0 <\/span><\/p>\n<p>So sollten Sie jeden Morgen auf n\u00fcchternen Magen eine Tasse trinken. Und jeden Abend eine Tasse nach dem Essen. Diese <a href=\"https:\/\/www.safinel.fr\/de\/product-2\/kirschschwanze\/\"><b>Detox-Kr\u00e4utertee<\/b><\/a> ist insbesondere zur St\u00e4rkung des Immunsystems unumg\u00e4nglich.<\/p>\n<h3><b>Aufbewahrung von Nep Nep Pulver<span class=\"Apple-converted-space\">\u00a0<\/span><\/b><\/h3>\n<p>Die <b>Nep Nep-Pulver<\/b> hat die Besonderheit, nicht verderblich zu sein. Deshalb ist sie sehr lange haltbar: mehrere Monate oder sogar Jahre.<span class=\"Apple-converted-space\">\u00a0<\/span><\/p>\n<p>Entscheidend f\u00fcr die Langlebigkeit dieses Pulvers ist jedoch, wie gut es aufbewahrt wird.<\/p>\n<p>Aus diesem Grund geben wir Ihnen einige Tipps, wie Sie sie m\u00f6glichst lange genie\u00dfen k\u00f6nnen:<span class=\"Apple-converted-space\">\u00a0<\/span><\/p>\n<ul>\n<li>Erstens, lagern Sie es im Dunkeln: Licht oxidiert die Pflanzen und beschleunigt den Alterungsprozess Ihres Pulvers rasant! Bewahren Sie es daher unbedingt im Dunkeln auf, z. B. in Ihrer Schublade, Ihrem Schrank...<span class=\"Apple-converted-space\">\u00a0<\/span><\/li>\n<\/ul>\n<ul>\n<li>Sch\u00fctzen Sie sie zweitens vor Feuchtigkeit: Sie sollte an einem gesunden und trockenen Ort aufbewahrt werden.<\/li>\n<\/ul>\n<ul>\n<li>Geben Sie sie schlie\u00dflich in eine luftdicht verschlossene Dose oder lassen Sie sie in ihrem Originalbeutel, wobei Sie darauf achten sollten, dass dieser gut verschlossen ist.<span class=\"Apple-converted-space\">\u00a0<\/span><\/li>\n<\/ul>\n<h3><b>Vorsichtsma\u00dfnahmen<\/b><\/h3>\n<p>Wie bei jeder anderen Heilpflanze ist es von gr\u00f6\u00dfter Wichtigkeit, einige Vorsichtsma\u00dfnahmen zu treffen, um Nebenwirkungen zu vermeiden. Nep nep ist zwar ein <b>nat\u00fcrliches Arzneimittel oder sogar als Alicament bezeichnet.<span class=\"Apple-converted-space\">\u00a0<\/span><\/b><\/p>\n<p>Dennoch kann jedes \u00dcberma\u00df zu gesundheitlichen Beeintr\u00e4chtigungen f\u00fchren. Aus diesen Gr\u00fcnden sind hier einige Vorsichtsma\u00dfnahmen aufgef\u00fchrt:<\/p>\n<p>Zun\u00e4chst einmal ist diese kein Ersatz f\u00fcr eine medikament\u00f6se Behandlung. Dar\u00fcber hinaus sollten Sie bei medizinischen Fragen Ihren Arzt konsultieren.<\/p>\n<p>Schlie\u00dflich ist es wichtig, die richtige Dosierung einzuhalten.<\/p>\n<p>Au\u00dferhalb der Reichweite von Kindern aufbewahren.<span class=\"Apple-converted-space\">\u00a0<\/span><\/p>\n<h3><b>Entdecken Sie mehr...<span class=\"Apple-converted-space\">\u00a0<\/span><\/b><\/h3>\n<p>Unsere Website steht f\u00fcr Qualit\u00e4t und Nat\u00fcrlichkeit. Wir bieten Ihnen ausschlie\u00dflich Produkte an, die ethischen und qualitativen Werten entsprechen. So k\u00f6nnen Sie dank unserer gro\u00dfen Auswahl an nat\u00fcrlichen Heilmitteln Ihr Gl\u00fcck finden.<\/p>\n<p>Sie finden zum Beispiel :<span class=\"Apple-converted-space\">\u00a0<\/span><\/p>\n<ul>\n<li>Die <a href=\"https:\/\/www.safinel.fr\/de\/product-2\/4-seitige-frucht-3-stuck\/\"><b>Frucht 4 Seiten<\/b><\/a> : ein starkes Mittel gegen verschiedene Beschwerden und f\u00fcr die Intimhygiene.<span class=\"Apple-converted-space\">\u00a0<\/span><\/li>\n<li>Die <b>Kapseln von falschen Einh\u00f6rnern <\/b>: tonisiert die Geb\u00e4rmutter und f\u00f6rdert die Fruchtbarkeit sowohl bei M\u00e4nnern als auch bei Frauen.<span class=\"Apple-converted-space\">\u00a0<\/span><\/li>\n<li>Und zum Abschluss <b><a href=\"https:\/\/musc-tahara.com\/cosmetiques\/77-queues-de-cerise-50g.html\" target=\"_blank\" rel=\"noopener\">Kirschschw\u00e4nze<\/a>\u00a0<\/b>: ausgezeichnete Gesundheitsverb\u00fcndete.<span class=\"Apple-converted-space\">\u00a0<\/span><\/li>\n<\/ul>\n<p>Ihre Zufriedenheit ist unsere Priorit\u00e4t!<span class=\"Apple-converted-space\">\u00a0<\/span><\/p>","protected":false},"excerpt":{"rendered":"<p>Nep Nep-Pulver stammt aus einer Frucht mit zahlreichen wohltuenden Eigenschaften, die in den tropischen Regionen Afrikas beheimatet ist. Haben Sie schon einmal davon geh\u00f6rt? Wenn Sie aus Afrika kommen, sicherlich ... F\u00fcr alle anderen ist das nicht so sicher! Dieser wundersch\u00f6ne Kontinent ist reich an nat\u00fcrlichen Heilmitteln. Tats\u00e4chlich ist die afrikanische Pharmakop\u00f6e sehr gut entwickelt!  Die Samen dieser [\u2026]","protected":false},"featured_media":75,"template":"","meta":[],"product_brand":[],"product_cat":[15,109,23,27],"product_tag":[],"class_list":{"0":"post-102","1":"product","2":"type-product","3":"status-publish","4":"has-post-thumbnail","6":"product_cat-fertilite","7":"product_cat-exercice-de-kegel","8":"product_cat-hygiene-feminine","9":"product_cat-plantes-medicinales","11":"first","12":"instock","13":"shipping-taxable","14":"purchasable","15":"product-type-variable"},"yoast_head":"<!-- This site is optimized with the Yoast SEO plugin v26.6 - https:\/\/yoast.com\/wordpress\/plugins\/seo\/ -->\n<title>Poudre de Nep Nep | Poudre africaine Acacia nilotica b\u00e9n\u00e9fique<\/title>\n<meta name=\"description\" content=\"La poudre de Nep Nep provient d\u2019un fruit aux nombreux bienfaits originaire des zones d\u2019Afrique tropicale. En avez-vous d\u00e9j\u00e0 entendu parler ?\" \/>\n<meta name=\"robots\" content=\"index, follow, max-snippet:-1, max-image-preview:large, max-video-preview:-1\" \/>\n<link rel=\"canonical\" href=\"https:\/\/www.safinel.fr\/de\/product-2\/nep-pulver-nep\/\" \/>\n<meta property=\"og:locale\" content=\"de_DE\" \/>\n<meta property=\"og:type\" content=\"article\" \/>\n<meta property=\"og:title\" content=\"Poudre de Nep Nep | Poudre africaine Acacia nilotica b\u00e9n\u00e9fique\" \/>\n<meta property=\"og:description\" content=\"La poudre de Nep Nep provient d\u2019un fruit aux nombreux bienfaits originaire des zones d\u2019Afrique tropicale. En avez-vous d\u00e9j\u00e0 entendu parler ?\" \/>\n<meta property=\"og:url\" content=\"https:\/\/www.safinel.fr\/de\/product-2\/nep-pulver-nep\/\" \/>\n<meta property=\"og:site_name\" content=\"Safinel\" \/>\n<meta property=\"article:modified_time\" content=\"2025-11-11T20:20:31+00:00\" \/>\n<meta property=\"og:image\" content=\"https:\/\/www.safinel.fr\/wp-content\/uploads\/2021\/05\/poudre-de-nep-nep-site.jpg\" \/>\n\t<meta property=\"og:image:width\" content=\"307\" \/>\n\t<meta property=\"og:image:height\" content=\"400\" \/>\n\t<meta property=\"og:image:type\" content=\"image\/jpeg\" \/>\n<meta name=\"twitter:card\" content=\"summary_large_image\" \/>\n<meta name=\"twitter:label1\" content=\"Gesch\u00e4tzte Lesezeit\" \/>\n\t<meta name=\"twitter:data1\" content=\"5\u00a0Minuten\" \/>\n<script type=\"application\/ld+json\" class=\"yoast-schema-graph\">{\"@context\":\"https:\/\/schema.org\",\"@graph\":[{\"@type\":\"WebPage\",\"@id\":\"https:\/\/www.safinel.fr\/produit\/poudre-de-nep-nep\/\",\"url\":\"https:\/\/www.safinel.fr\/produit\/poudre-de-nep-nep\/\",\"name\":\"Poudre de Nep Nep | Poudre africaine Acacia nilotica b\u00e9n\u00e9fique\",\"isPartOf\":{\"@id\":\"https:\/\/www.safinel.fr\/#website\"},\"primaryImageOfPage\":{\"@id\":\"https:\/\/www.safinel.fr\/produit\/poudre-de-nep-nep\/#primaryimage\"},\"image\":{\"@id\":\"https:\/\/www.safinel.fr\/produit\/poudre-de-nep-nep\/#primaryimage\"},\"thumbnailUrl\":\"https:\/\/www.safinel.fr\/wp-content\/uploads\/2021\/05\/poudre-de-nep-nep-site.jpg\",\"datePublished\":\"2021-06-01T15:26:01+00:00\",\"dateModified\":\"2025-11-11T20:20:31+00:00\",\"description\":\"La poudre de Nep Nep provient d\u2019un fruit aux nombreux bienfaits originaire des zones d\u2019Afrique tropicale. En avez-vous d\u00e9j\u00e0 entendu parler ?\",\"breadcrumb\":{\"@id\":\"https:\/\/www.safinel.fr\/produit\/poudre-de-nep-nep\/#breadcrumb\"},\"inLanguage\":\"de\",\"potentialAction\":[{\"@type\":\"ReadAction\",\"target\":[\"https:\/\/www.safinel.fr\/produit\/poudre-de-nep-nep\/\"]}]},{\"@type\":\"ImageObject\",\"inLanguage\":\"de\",\"@id\":\"https:\/\/www.safinel.fr\/produit\/poudre-de-nep-nep\/#primaryimage\",\"url\":\"https:\/\/www.safinel.fr\/wp-content\/uploads\/2021\/05\/poudre-de-nep-nep-site.jpg\",\"contentUrl\":\"https:\/\/www.safinel.fr\/wp-content\/uploads\/2021\/05\/poudre-de-nep-nep-site.jpg\",\"width\":307,\"height\":400,\"caption\":\"Poudre de Nep Nep\"},{\"@type\":\"BreadcrumbList\",\"@id\":\"https:\/\/www.safinel.fr\/produit\/poudre-de-nep-nep\/#breadcrumb\",\"itemListElement\":[{\"@type\":\"ListItem\",\"position\":1,\"name\":\"Accueil\",\"item\":\"https:\/\/www.safinel.fr\/\"},{\"@type\":\"ListItem\",\"position\":2,\"name\":\"Boutique\",\"item\":\"https:\/\/www.safinel.fr\/boutique\/\"},{\"@type\":\"ListItem\",\"position\":3,\"name\":\"Poudre de Nep Nep\"}]},{\"@type\":\"WebSite\",\"@id\":\"https:\/\/www.safinel.fr\/#website\",\"url\":\"https:\/\/www.safinel.fr\/\",\"name\":\"Safinel\",\"description\":\"\",\"publisher\":{\"@id\":\"https:\/\/www.safinel.fr\/#organization\"},\"potentialAction\":[{\"@type\":\"SearchAction\",\"target\":{\"@type\":\"EntryPoint\",\"urlTemplate\":\"https:\/\/www.safinel.fr\/?s={search_term_string}\"},\"query-input\":{\"@type\":\"PropertyValueSpecification\",\"valueRequired\":true,\"valueName\":\"search_term_string\"}}],\"inLanguage\":\"de\"},{\"@type\":\"Organization\",\"@id\":\"https:\/\/www.safinel.fr\/#organization\",\"name\":\"Safinel\",\"url\":\"https:\/\/www.safinel.fr\/\",\"logo\":{\"@type\":\"ImageObject\",\"inLanguage\":\"de\",\"@id\":\"https:\/\/www.safinel.fr\/#\/schema\/logo\/image\/\",\"url\":\"https:\/\/www.safinel.fr\/wp-content\/uploads\/2021\/05\/boutique-cosmetique.png\",\"contentUrl\":\"https:\/\/www.safinel.fr\/wp-content\/uploads\/2021\/05\/boutique-cosmetique.png\",\"width\":800,\"height\":200,\"caption\":\"Safinel\"},\"image\":{\"@id\":\"https:\/\/www.safinel.fr\/#\/schema\/logo\/image\/\"}}]}<\/script>\n<!-- \/ Yoast SEO plugin. -->","yoast_head_json":{"title":"Nep Nep Pulver | Afrikanisches Acacia nilotica Pulver vorteilhaft","description":"Nep Nep Pulver stammt aus einer Frucht mit vielen positiven Eigenschaften, die im tropischen Afrika beheimatet ist. Haben Sie schon einmal von ihr geh\u00f6rt?","robots":{"index":"index","follow":"follow","max-snippet":"max-snippet:-1","max-image-preview":"max-image-preview:large","max-video-preview":"max-video-preview:-1"},"canonical":"https:\/\/www.safinel.fr\/de\/product-2\/nep-pulver-nep\/","og_locale":"de_DE","og_type":"article","og_title":"Poudre de Nep Nep | Poudre africaine Acacia nilotica b\u00e9n\u00e9fique","og_description":"La poudre de Nep Nep provient d\u2019un fruit aux nombreux bienfaits originaire des zones d\u2019Afrique tropicale. En avez-vous d\u00e9j\u00e0 entendu parler ?","og_url":"https:\/\/www.safinel.fr\/de\/product-2\/nep-pulver-nep\/","og_site_name":"Safinel","article_modified_time":"2025-11-11T20:20:31+00:00","og_image":[{"width":307,"height":400,"url":"https:\/\/www.safinel.fr\/wp-content\/uploads\/2021\/05\/poudre-de-nep-nep-site.jpg","type":"image\/jpeg"}],"twitter_card":"summary_large_image","twitter_misc":{"Gesch\u00e4tzte Lesezeit":"5\u00a0Minuten"},"schema":{"@context":"https:\/\/schema.org","@graph":[{"@type":"WebPage","@id":"https:\/\/www.safinel.fr\/produit\/poudre-de-nep-nep\/","url":"https:\/\/www.safinel.fr\/produit\/poudre-de-nep-nep\/","name":"Nep Nep Pulver | Afrikanisches Acacia nilotica Pulver vorteilhaft","isPartOf":{"@id":"https:\/\/www.safinel.fr\/#website"},"primaryImageOfPage":{"@id":"https:\/\/www.safinel.fr\/produit\/poudre-de-nep-nep\/#primaryimage"},"image":{"@id":"https:\/\/www.safinel.fr\/produit\/poudre-de-nep-nep\/#primaryimage"},"thumbnailUrl":"https:\/\/www.safinel.fr\/wp-content\/uploads\/2021\/05\/poudre-de-nep-nep-site.jpg","datePublished":"2021-06-01T15:26:01+00:00","dateModified":"2025-11-11T20:20:31+00:00","description":"Nep Nep Pulver stammt aus einer Frucht mit vielen positiven Eigenschaften, die im tropischen Afrika beheimatet ist. Haben Sie schon einmal von ihr geh\u00f6rt?","breadcrumb":{"@id":"https:\/\/www.safinel.fr\/produit\/poudre-de-nep-nep\/#breadcrumb"},"inLanguage":"de","potentialAction":[{"@type":"ReadAction","target":["https:\/\/www.safinel.fr\/produit\/poudre-de-nep-nep\/"]}]},{"@type":"ImageObject","inLanguage":"de","@id":"https:\/\/www.safinel.fr\/produit\/poudre-de-nep-nep\/#primaryimage","url":"https:\/\/www.safinel.fr\/wp-content\/uploads\/2021\/05\/poudre-de-nep-nep-site.jpg","contentUrl":"https:\/\/www.safinel.fr\/wp-content\/uploads\/2021\/05\/poudre-de-nep-nep-site.jpg","width":307,"height":400,"caption":"Poudre de Nep Nep"},{"@type":"BreadcrumbList","@id":"https:\/\/www.safinel.fr\/produit\/poudre-de-nep-nep\/#breadcrumb","itemListElement":[{"@type":"ListItem","position":1,"name":"Accueil","item":"https:\/\/www.safinel.fr\/"},{"@type":"ListItem","position":2,"name":"Boutique","item":"https:\/\/www.safinel.fr\/boutique\/"},{"@type":"ListItem","position":3,"name":"Poudre de Nep Nep"}]},{"@type":"WebSite","@id":"https:\/\/www.safinel.fr\/#website","url":"https:\/\/www.safinel.fr\/","name":"Safinel","description":"","publisher":{"@id":"https:\/\/www.safinel.fr\/#organization"},"potentialAction":[{"@type":"SearchAction","target":{"@type":"EntryPoint","urlTemplate":"https:\/\/www.safinel.fr\/?s={search_term_string}"},"query-input":{"@type":"PropertyValueSpecification","valueRequired":true,"valueName":"search_term_string"}}],"inLanguage":"de"},{"@type":"Organization","@id":"https:\/\/www.safinel.fr\/#organization","name":"Safinel","url":"https:\/\/www.safinel.fr\/","logo":{"@type":"ImageObject","inLanguage":"de","@id":"https:\/\/www.safinel.fr\/#\/schema\/logo\/image\/","url":"https:\/\/www.safinel.fr\/wp-content\/uploads\/2021\/05\/boutique-cosmetique.png","contentUrl":"https:\/\/www.safinel.fr\/wp-content\/uploads\/2021\/05\/boutique-cosmetique.png","width":800,"height":200,"caption":"Safinel"},"image":{"@id":"https:\/\/www.safinel.fr\/#\/schema\/logo\/image\/"}}]}},"_links":{"self":[{"href":"https:\/\/www.safinel.fr\/de\/wp-json\/wp\/v2\/product\/102","targetHints":{"allow":["GET"]}}],"collection":[{"href":"https:\/\/www.safinel.fr\/de\/wp-json\/wp\/v2\/product"}],"about":[{"href":"https:\/\/www.safinel.fr\/de\/wp-json\/wp\/v2\/types\/product"}],"wp:featuredmedia":[{"embeddable":true,"href":"https:\/\/www.safinel.fr\/de\/wp-json\/wp\/v2\/media\/75"}],"wp:attachment":[{"href":"https:\/\/www.safinel.fr\/de\/wp-json\/wp\/v2\/media?parent=102"}],"wp:term":[{"taxonomy":"product_brand","embeddable":true,"href":"https:\/\/www.safinel.fr\/de\/wp-json\/wp\/v2\/product_brand?post=102"},{"taxonomy":"product_cat","embeddable":true,"href":"https:\/\/www.safinel.fr\/de\/wp-json\/wp\/v2\/product_cat?post=102"},{"taxonomy":"product_tag","embeddable":true,"href":"https:\/\/www.safinel.fr\/de\/wp-json\/wp\/v2\/product_tag?post=102"}],"curies":[{"name":"wp","href":"https:\/\/api.w.org\/{rel}","templated":true}]}}