{"id":10199,"date":"2023-12-12T08:55:38","date_gmt":"2023-12-12T08:55:38","guid":{"rendered":"https:\/\/www.safinel.fr\/?post_type=product&#038;p=10199"},"modified":"2026-01-05T20:32:21","modified_gmt":"2026-01-05T20:32:21","slug":"bockshornklee-und-akpiol","status":"publish","type":"product","link":"https:\/\/www.safinel.fr\/de\/product-2\/bockshornklee-und-akpiol\/","title":{"rendered":"Bockshornklee- und Akpi\u00f6l 120g - El Hikma"},"content":{"rendered":"<p>Entdecken Sie endlich das Bockshornklee- und Akpi\u00f6l der Marke\u00a0<strong>El Hikma\u00a0<\/strong>! Ein Bio-Pflegekonzentrat, das f\u00fcr seine zahlreichen Vorteile f\u00fcr die Haut bekannt ist. Tats\u00e4chlich wird dieses \u00d6l seit Jahrhunderten wegen seiner straffenden Eigenschaften verwendet und wegen seiner Auswirkungen auf das k\u00f6rperliche Erscheinungsbild gesch\u00e4tzt.<\/p>\n<p>Erfahren Sie gleich mehr \u00fcber die Herkunft, die Vorteile und die besten Praktiken, um dieses \u00d6l optimal zu nutzen.<\/p>\n<h2><strong>Die Herkunft von Bockshornklee- und Akpi\u00f6l<\/strong><\/h2>\n<p>Bockshornklee- und Akpi\u00f6l wird aus den\u00a0<a href=\"https:\/\/www.safinel.fr\/de\/product-2\/akpi-in-samen\/\"><strong>Akpi-Samen<\/strong><\/a>\u00a0und Bockshornklee, Pflanzen, die traditionell in Westafrika angebaut werden. So werden diese Samen kalt gepresst, um daraus ein reines, nicht raffiniertes \u00d6l zu gewinnen. Und das unter Beibehaltung all ihrer positiven Eigenschaften f\u00fcr die Haut.<\/p>\n<p>Wenn auch Sie Ihr Ges\u00e4\u00df und Ihre Br\u00fcste straffen m\u00f6chten, dann k\u00f6nnte dieses \u00d6l genau das Richtige f\u00fcr Sie sein!<\/p>\n<h2><strong>Die vielen Vorteile von Bockshornklee- und Akpi\u00f6l<\/strong><\/h2>\n<p>Dieses \u00d6l ist zwar f\u00fcr seine zahlreichen Vorteile bekannt, insbesondere f\u00fcr seine F\u00e4higkeit, die Haut zu straffen. Dank seiner\u00a0<strong>tonisierende Eigenschaften<\/strong>, Sie ist ideal, um das Erscheinungsbild der Haut zu verbessern.\u00a0<strong>Brust und Ges\u00e4\u00df<\/strong>. Dar\u00fcber hinaus ist sie reich an essentiellen N\u00e4hrstoffen wie Fetts\u00e4uren und Vitaminen, was sie zu einem wertvollen Verb\u00fcndeten macht, der die Haut tiefgreifend n\u00e4hrt und mit Feuchtigkeit versorgt.<\/p>\n<h3><strong>Aber wie verwendet man dieses \u00d6l?<\/strong><\/h3>\n<p>Um die\u00a0<strong>wohltuende Wirkung von Bockshornklee\u00f6l\u00a0<\/strong>und akpi :<\/p>\n<p>Es wird empfohlen, es mit sanften, kreisenden Massagebewegungen auf die gereinigte Haut aufzutragen, am besten nach dem Duschen. Au\u00dferdem sollten Sie es f\u00fcr optimale Ergebnisse regelm\u00e4\u00dfig gem\u00e4\u00df den von der Marke bereitgestellten Anweisungen anwenden.<\/p>\n<p>Zusammenfassend l\u00e4sst sich sagen, dass dieses \u00d6l ein\u00a0<strong>Naturprodukt<\/strong>\u00a0au\u00dfergew\u00f6hnlich, die f\u00fcr ihre kosmetischen Eigenschaften gesch\u00e4tzt wird. Wenn Sie sie in Ihre Pflegeroutine einbauen, k\u00f6nnen Sie die uralten Vorteile dieser beiden Pflanzen nutzen, um Ihre Haut sichtbar zu straffen und zum Strahlen zu bringen.<\/p>","protected":false},"excerpt":{"rendered":"<p><img decoding=\"async\" class=\"size-full wp-image-5091 aligncenter\" src=\"https:\/\/www.safinel.fr\/wp-content\/uploads\/2021\/06\/BANNIERE-ICONE-SAFINEL.webp\" alt=\"Satines-R\u00fcckversicherung\" width=\"800\" height=\"200\" srcset=\"https:\/\/www.safinel.fr\/wp-content\/uploads\/2021\/06\/BANNIERE-ICONE-SAFINEL.webp 800w, https:\/\/www.safinel.fr\/wp-content\/uploads\/2021\/06\/BANNIERE-ICONE-SAFINEL-600x150.webp 600w, https:\/\/www.safinel.fr\/wp-content\/uploads\/2021\/06\/BANNIERE-ICONE-SAFINEL-768x192.webp 768w\" sizes=\"(max-width: 800px) 100vw, 800px\" \/><\/p>","protected":false},"featured_media":10200,"template":"","meta":[],"product_brand":[],"product_cat":[122],"product_tag":[],"class_list":{"0":"post-10199","1":"product","2":"type-product","3":"status-publish","4":"has-post-thumbnail","6":"product_cat-huile-vegetale","8":"first","9":"outofstock","10":"shipping-taxable","11":"purchasable","12":"product-type-simple"},"yoast_head":"<!-- This site is optimized with the Yoast SEO plugin v26.6 - https:\/\/yoast.com\/wordpress\/plugins\/seo\/ -->\n<title>Huile de fenugrec et akpi | Bienfaits nombreux | El Hikma<\/title>\n<meta name=\"description\" content=\"D\u00e9couvrez enfin l&#039;huile de fenugrec et akpi de la marque\u00a0El Hikma\u00a0! Un concentr\u00e9 de soin bio r\u00e9put\u00e9 pour ses nombreux bienfaits sur la peau.\" \/>\n<meta name=\"robots\" content=\"index, follow, max-snippet:-1, max-image-preview:large, max-video-preview:-1\" \/>\n<link rel=\"canonical\" href=\"https:\/\/www.safinel.fr\/de\/product-2\/bockshornklee-und-akpiol\/\" \/>\n<meta property=\"og:locale\" content=\"de_DE\" \/>\n<meta property=\"og:type\" content=\"article\" \/>\n<meta property=\"og:title\" content=\"Huile de fenugrec et akpi | Bienfaits nombreux | El Hikma\" \/>\n<meta property=\"og:description\" content=\"D\u00e9couvrez enfin l&#039;huile de fenugrec et akpi de la marque\u00a0El Hikma\u00a0! Un concentr\u00e9 de soin bio r\u00e9put\u00e9 pour ses nombreux bienfaits sur la peau.\" \/>\n<meta property=\"og:url\" content=\"https:\/\/www.safinel.fr\/de\/product-2\/bockshornklee-und-akpiol\/\" \/>\n<meta property=\"og:site_name\" content=\"Safinel\" \/>\n<meta property=\"article:modified_time\" content=\"2026-01-05T20:32:21+00:00\" \/>\n<meta property=\"og:image\" content=\"https:\/\/www.safinel.fr\/wp-content\/uploads\/2023\/12\/huile-de-fenugrec-et-akpi.jpg\" \/>\n\t<meta property=\"og:image:width\" content=\"600\" \/>\n\t<meta property=\"og:image:height\" content=\"600\" \/>\n\t<meta property=\"og:image:type\" content=\"image\/jpeg\" \/>\n<meta name=\"twitter:card\" content=\"summary_large_image\" \/>\n<meta name=\"twitter:label1\" content=\"Gesch\u00e4tzte Lesezeit\" \/>\n\t<meta name=\"twitter:data1\" content=\"2\u00a0Minuten\" \/>\n<script type=\"application\/ld+json\" class=\"yoast-schema-graph\">{\"@context\":\"https:\/\/schema.org\",\"@graph\":[{\"@type\":\"WebPage\",\"@id\":\"https:\/\/www.safinel.fr\/produit\/huile-de-fenugrec-et-akpi\/\",\"url\":\"https:\/\/www.safinel.fr\/produit\/huile-de-fenugrec-et-akpi\/\",\"name\":\"Huile de fenugrec et akpi | Bienfaits nombreux | El Hikma\",\"isPartOf\":{\"@id\":\"https:\/\/www.safinel.fr\/#website\"},\"primaryImageOfPage\":{\"@id\":\"https:\/\/www.safinel.fr\/produit\/huile-de-fenugrec-et-akpi\/#primaryimage\"},\"image\":{\"@id\":\"https:\/\/www.safinel.fr\/produit\/huile-de-fenugrec-et-akpi\/#primaryimage\"},\"thumbnailUrl\":\"https:\/\/www.safinel.fr\/wp-content\/uploads\/2023\/12\/huile-de-fenugrec-et-akpi.jpg\",\"datePublished\":\"2023-12-12T08:55:38+00:00\",\"dateModified\":\"2026-01-05T20:32:21+00:00\",\"description\":\"D\u00e9couvrez enfin l'huile de fenugrec et akpi de la marque\u00a0El Hikma\u00a0! Un concentr\u00e9 de soin bio r\u00e9put\u00e9 pour ses nombreux bienfaits sur la peau.\",\"breadcrumb\":{\"@id\":\"https:\/\/www.safinel.fr\/produit\/huile-de-fenugrec-et-akpi\/#breadcrumb\"},\"inLanguage\":\"de\",\"potentialAction\":[{\"@type\":\"ReadAction\",\"target\":[\"https:\/\/www.safinel.fr\/produit\/huile-de-fenugrec-et-akpi\/\"]}]},{\"@type\":\"ImageObject\",\"inLanguage\":\"de\",\"@id\":\"https:\/\/www.safinel.fr\/produit\/huile-de-fenugrec-et-akpi\/#primaryimage\",\"url\":\"https:\/\/www.safinel.fr\/wp-content\/uploads\/2023\/12\/huile-de-fenugrec-et-akpi.jpg\",\"contentUrl\":\"https:\/\/www.safinel.fr\/wp-content\/uploads\/2023\/12\/huile-de-fenugrec-et-akpi.jpg\",\"width\":600,\"height\":600,\"caption\":\"Huile de fenugrec et akpi 150g - El Hikma\"},{\"@type\":\"BreadcrumbList\",\"@id\":\"https:\/\/www.safinel.fr\/produit\/huile-de-fenugrec-et-akpi\/#breadcrumb\",\"itemListElement\":[{\"@type\":\"ListItem\",\"position\":1,\"name\":\"Accueil\",\"item\":\"https:\/\/www.safinel.fr\/\"},{\"@type\":\"ListItem\",\"position\":2,\"name\":\"Boutique\",\"item\":\"https:\/\/www.safinel.fr\/boutique\/\"},{\"@type\":\"ListItem\",\"position\":3,\"name\":\"Huile de fenugrec et akpi 120g &#8211; El Hikma\"}]},{\"@type\":\"WebSite\",\"@id\":\"https:\/\/www.safinel.fr\/#website\",\"url\":\"https:\/\/www.safinel.fr\/\",\"name\":\"Safinel\",\"description\":\"\",\"publisher\":{\"@id\":\"https:\/\/www.safinel.fr\/#organization\"},\"potentialAction\":[{\"@type\":\"SearchAction\",\"target\":{\"@type\":\"EntryPoint\",\"urlTemplate\":\"https:\/\/www.safinel.fr\/?s={search_term_string}\"},\"query-input\":{\"@type\":\"PropertyValueSpecification\",\"valueRequired\":true,\"valueName\":\"search_term_string\"}}],\"inLanguage\":\"de\"},{\"@type\":\"Organization\",\"@id\":\"https:\/\/www.safinel.fr\/#organization\",\"name\":\"Safinel\",\"url\":\"https:\/\/www.safinel.fr\/\",\"logo\":{\"@type\":\"ImageObject\",\"inLanguage\":\"de\",\"@id\":\"https:\/\/www.safinel.fr\/#\/schema\/logo\/image\/\",\"url\":\"https:\/\/www.safinel.fr\/wp-content\/uploads\/2021\/05\/boutique-cosmetique.png\",\"contentUrl\":\"https:\/\/www.safinel.fr\/wp-content\/uploads\/2021\/05\/boutique-cosmetique.png\",\"width\":800,\"height\":200,\"caption\":\"Safinel\"},\"image\":{\"@id\":\"https:\/\/www.safinel.fr\/#\/schema\/logo\/image\/\"}}]}<\/script>\n<!-- \/ Yoast SEO plugin. -->","yoast_head_json":{"title":"Bockshornklee- und Akpi\u00f6l | Zahlreiche Vorteile | El Hikma","description":"Entdecken Sie endlich das Bockshornklee- und Akpi\u00f6l der Marke El Hikma! Ein Bio-Pflegekonzentrat, das f\u00fcr seine zahlreichen Vorteile f\u00fcr die Haut bekannt ist.","robots":{"index":"index","follow":"follow","max-snippet":"max-snippet:-1","max-image-preview":"max-image-preview:large","max-video-preview":"max-video-preview:-1"},"canonical":"https:\/\/www.safinel.fr\/de\/product-2\/bockshornklee-und-akpiol\/","og_locale":"de_DE","og_type":"article","og_title":"Huile de fenugrec et akpi | Bienfaits nombreux | El Hikma","og_description":"D\u00e9couvrez enfin l'huile de fenugrec et akpi de la marque\u00a0El Hikma\u00a0! Un concentr\u00e9 de soin bio r\u00e9put\u00e9 pour ses nombreux bienfaits sur la peau.","og_url":"https:\/\/www.safinel.fr\/de\/product-2\/bockshornklee-und-akpiol\/","og_site_name":"Safinel","article_modified_time":"2026-01-05T20:32:21+00:00","og_image":[{"width":600,"height":600,"url":"https:\/\/www.safinel.fr\/wp-content\/uploads\/2023\/12\/huile-de-fenugrec-et-akpi.jpg","type":"image\/jpeg"}],"twitter_card":"summary_large_image","twitter_misc":{"Gesch\u00e4tzte Lesezeit":"2\u00a0Minuten"},"schema":{"@context":"https:\/\/schema.org","@graph":[{"@type":"WebPage","@id":"https:\/\/www.safinel.fr\/produit\/huile-de-fenugrec-et-akpi\/","url":"https:\/\/www.safinel.fr\/produit\/huile-de-fenugrec-et-akpi\/","name":"Bockshornklee- und Akpi\u00f6l | Zahlreiche Vorteile | El Hikma","isPartOf":{"@id":"https:\/\/www.safinel.fr\/#website"},"primaryImageOfPage":{"@id":"https:\/\/www.safinel.fr\/produit\/huile-de-fenugrec-et-akpi\/#primaryimage"},"image":{"@id":"https:\/\/www.safinel.fr\/produit\/huile-de-fenugrec-et-akpi\/#primaryimage"},"thumbnailUrl":"https:\/\/www.safinel.fr\/wp-content\/uploads\/2023\/12\/huile-de-fenugrec-et-akpi.jpg","datePublished":"2023-12-12T08:55:38+00:00","dateModified":"2026-01-05T20:32:21+00:00","description":"Entdecken Sie endlich das Bockshornklee- und Akpi\u00f6l der Marke El Hikma! Ein Bio-Pflegekonzentrat, das f\u00fcr seine zahlreichen Vorteile f\u00fcr die Haut bekannt ist.","breadcrumb":{"@id":"https:\/\/www.safinel.fr\/produit\/huile-de-fenugrec-et-akpi\/#breadcrumb"},"inLanguage":"de","potentialAction":[{"@type":"ReadAction","target":["https:\/\/www.safinel.fr\/produit\/huile-de-fenugrec-et-akpi\/"]}]},{"@type":"ImageObject","inLanguage":"de","@id":"https:\/\/www.safinel.fr\/produit\/huile-de-fenugrec-et-akpi\/#primaryimage","url":"https:\/\/www.safinel.fr\/wp-content\/uploads\/2023\/12\/huile-de-fenugrec-et-akpi.jpg","contentUrl":"https:\/\/www.safinel.fr\/wp-content\/uploads\/2023\/12\/huile-de-fenugrec-et-akpi.jpg","width":600,"height":600,"caption":"Huile de fenugrec et akpi 150g - El Hikma"},{"@type":"BreadcrumbList","@id":"https:\/\/www.safinel.fr\/produit\/huile-de-fenugrec-et-akpi\/#breadcrumb","itemListElement":[{"@type":"ListItem","position":1,"name":"Accueil","item":"https:\/\/www.safinel.fr\/"},{"@type":"ListItem","position":2,"name":"Boutique","item":"https:\/\/www.safinel.fr\/boutique\/"},{"@type":"ListItem","position":3,"name":"Huile de fenugrec et akpi 120g &#8211; El Hikma"}]},{"@type":"WebSite","@id":"https:\/\/www.safinel.fr\/#website","url":"https:\/\/www.safinel.fr\/","name":"Safinel","description":"","publisher":{"@id":"https:\/\/www.safinel.fr\/#organization"},"potentialAction":[{"@type":"SearchAction","target":{"@type":"EntryPoint","urlTemplate":"https:\/\/www.safinel.fr\/?s={search_term_string}"},"query-input":{"@type":"PropertyValueSpecification","valueRequired":true,"valueName":"search_term_string"}}],"inLanguage":"de"},{"@type":"Organization","@id":"https:\/\/www.safinel.fr\/#organization","name":"Safinel","url":"https:\/\/www.safinel.fr\/","logo":{"@type":"ImageObject","inLanguage":"de","@id":"https:\/\/www.safinel.fr\/#\/schema\/logo\/image\/","url":"https:\/\/www.safinel.fr\/wp-content\/uploads\/2021\/05\/boutique-cosmetique.png","contentUrl":"https:\/\/www.safinel.fr\/wp-content\/uploads\/2021\/05\/boutique-cosmetique.png","width":800,"height":200,"caption":"Safinel"},"image":{"@id":"https:\/\/www.safinel.fr\/#\/schema\/logo\/image\/"}}]}},"_links":{"self":[{"href":"https:\/\/www.safinel.fr\/de\/wp-json\/wp\/v2\/product\/10199","targetHints":{"allow":["GET"]}}],"collection":[{"href":"https:\/\/www.safinel.fr\/de\/wp-json\/wp\/v2\/product"}],"about":[{"href":"https:\/\/www.safinel.fr\/de\/wp-json\/wp\/v2\/types\/product"}],"wp:featuredmedia":[{"embeddable":true,"href":"https:\/\/www.safinel.fr\/de\/wp-json\/wp\/v2\/media\/10200"}],"wp:attachment":[{"href":"https:\/\/www.safinel.fr\/de\/wp-json\/wp\/v2\/media?parent=10199"}],"wp:term":[{"taxonomy":"product_brand","embeddable":true,"href":"https:\/\/www.safinel.fr\/de\/wp-json\/wp\/v2\/product_brand?post=10199"},{"taxonomy":"product_cat","embeddable":true,"href":"https:\/\/www.safinel.fr\/de\/wp-json\/wp\/v2\/product_cat?post=10199"},{"taxonomy":"product_tag","embeddable":true,"href":"https:\/\/www.safinel.fr\/de\/wp-json\/wp\/v2\/product_tag?post=10199"}],"curies":[{"name":"wp","href":"https:\/\/api.w.org\/{rel}","templated":true}]}}