{"id":985,"date":"2022-03-25T18:18:14","date_gmt":"2022-03-25T18:18:14","guid":{"rendered":"https:\/\/www.safinel.fr\/?page_id=985"},"modified":"2022-03-25T18:20:12","modified_gmt":"2022-03-25T18:20:12","slug":"afrikanischer-zopf","status":"publish","type":"page","link":"https:\/\/www.safinel.fr\/de\/afrikanischer-zopf\/","title":{"rendered":"Wie man einen afrikanischen Zopf f\u00fcr Frauen macht"},"content":{"rendered":"<h1 class=\"wp-block-heading\">Wie man einen afrikanischen Zopf f\u00fcr Frauen macht<\/h1>\n\n\n\n<p><strong>Afrikanischer Zopf<\/strong>, geklebt oder&nbsp;<strong>afrikanische B\u00e4nder<\/strong>&nbsp;auf Englisch, diese&nbsp;<strong>neue Frisur<\/strong>&nbsp;ist im Moment der letzte Schrei. Ein ethnischer Zopf, der in unseren Alltag einzieht und zu jedem Look passt.<\/p>\n\n\n\n<p>Daher sollten wir uns auf Entdeckungsreise begeben in<strong>&nbsp;wie man einen afrikanischen Zopf f\u00fcr Frauen macht<\/strong>. Eine h\u00fcbsche und praktische Frisur!&nbsp;<\/p>\n\n\n\n<h2 class=\"wp-block-heading\" id=\"h-un-peu-d-histoire-sur-la-tresse-africaine\"><strong>Ein wenig Geschichte \u00fcber den afrikanischen Zopf&nbsp;<\/strong><\/h2>\n\n\n\n<p>Heutzutage ist die&nbsp;<strong>afrikanische Matte&nbsp;<\/strong>gilt als<strong>&nbsp;Friseurin \u00c4sthetik<\/strong>&nbsp;ohne besonderes Interesse. Dabei war diese Frisur vor einigen Jahren noch ein absolutes No-Go.&nbsp;<strong>Grundelement&nbsp;<\/strong>in der&nbsp;<strong>Kultur&nbsp;<\/strong>des Kontinents.&nbsp;<\/p>\n\n\n\n<p>Tats\u00e4chlich war diese Frisur in den&nbsp;<strong>traditionelle afrikanische Werte<\/strong>&nbsp;und diente als Ausdrucksmittel. Aus der afrikanischen Kultur k\u00f6nnen wir lernen, dass das Haar f\u00fcr unsere Vorfahren ein Instrument war. Aber was bedeutet das? Es bedeutet, dass unsere Vorfahren das Haar schnitzten, flochten, schm\u00fcckten und benutzten, um eine Botschaft zu vermitteln.&nbsp;<\/p>\n\n\n\n<p>Es war also ihr au\u00dfergew\u00f6hnlicher Einfallsreichtum und ihre Kreativit\u00e4t, mit der sie sich dem<strong>&nbsp;Flechtwerk<\/strong>&nbsp;der Haarpracht. Das macht diese&nbsp;<strong>Frisur&nbsp;<\/strong>eine der wichtigsten&nbsp;<strong>soziokulturelle Hinterlassenschaften Afrikas<\/strong>.<\/p>\n\n\n\n<p>Begeben Sie sich auf eine Entdeckungsreise durch das Ausdruckssymbol der&nbsp;<strong>afrikanischer Zopf<\/strong>.&nbsp;<\/p>\n\n\n\n<h2 class=\"wp-block-heading\"><strong>Ist der afrikanische Zopf f\u00fcr Frauen f\u00fcr alle geeignet?&nbsp;<\/strong><\/h2>\n\n\n\n<p>Die&nbsp;<strong>afrikanischer Zopf&nbsp;<\/strong>gewinnt einen&nbsp;<strong>starker Erfolg<\/strong>&nbsp;seit mehreren Jahren. Vor allem im Sommer, wenn die Haare sch\u00f6n geflochten und zusammengebunden sind. Das Gesicht bleibt frei, was besonders bei hei\u00dfem Wetter oder beim Sport sehr angenehm ist. Aber auch, wenn Sie Ihr Haar einfach nur zusammenbinden und eine originelle Frisur tragen m\u00f6chten.&nbsp;<\/p>\n\n\n\n<p>In der Praxis&nbsp;<strong>afrikanische Matte<\/strong>&nbsp;eignet sich f\u00fcr&nbsp;<strong>alle Frauen<\/strong>, Die Frisur ist bis auf wenige Nuancen gleich. Diese Frisur erfordert n\u00e4mlich, dass Sie eine gewisse Mindestl\u00e4nge haben. Etwa schulterlanges Haar zum Beispiel.&nbsp;<\/p>\n\n\n\n<p>Bei langen Haaren ist dies jedoch praktischer. Es kann sogar Spa\u00df machen, die Frisur mit einem tiefen Dutt abzuschlie\u00dfen, indem man <strong><a href=\"https:\/\/www.msdmanuals.com\/fr\/accueil\/troubles-du-cerveau,-de-la-moelle-%C3%A9pini%C3%A8re-et-des-nerfs\/troubles-de-la-moelle-%C3%A9pini%C3%A8re\/syndrome-de-la-queue-de-cheval\" target=\"_blank\" rel=\"noreferrer noopener\">Pferdeschwanz<\/a><\/strong>, und so weiter. Mit dieser Basis sind alle Frisuren erlaubt!<\/p>\n\n\n\n<p>Wenn Sie also kurzes Haar haben und es f\u00fcr lange afrikanische Z\u00f6pfe wachsen lassen wollen, versuchen Sie es mit dem\u2019<strong><a href=\"https:\/\/www.safinel.fr\/de\/product-2\/kigelia-africana-ol\/\">Kigelia africana-\u00d6l<\/a><\/strong>. Sie werden von diesem Elixier mit seinen zahlreichen Vorteilen nicht entt\u00e4uscht sein.&nbsp;<\/p>\n\n\n\n<p>Ebenso ist zu beachten, dass der afrikanische Zopf f\u00fcr alle Haartypen geeignet ist. Von dickem, krausem Haar bis hin zu feinem Haar - diese Flechtfrisur f\u00fcr Frauen wird viele gl\u00fccklich machen. Ganz zu schweigen von der Tatsache, dass es sich um eine&nbsp;<strong>Schutzfrisur&nbsp;<\/strong>ideal f\u00fcr die Nacht!&nbsp;<\/p>\n\n\n\n<p>Und schlie\u00dflich k\u00f6nnen Sie dank dieses neuen Schnitts auch noch etwas&nbsp;<strong>Relief<\/strong>&nbsp;zu Ihrem Haar.&nbsp;<\/p>\n\n\n\n<h2 class=\"wp-block-heading\"><strong>Alle unsere Tipps zur Vorbereitung<\/strong><\/h2>\n\n\n\n<p>Um alle Chancen auf Ihrer Seite zu haben, brauchen Sie&nbsp;<strong>ausgestattet sein<\/strong>.<\/p>\n\n\n\n<p>Als Erstes brauchen Sie eine Rundb\u00fcrste, die das Haar gut entwirrt. Dann brauchen Sie einen Stielkamm mit einem feinen Aufsatz, mit dem Sie die einzelnen Str\u00e4hnen abteilen k\u00f6nnen, die Sie flechten wollen.<\/p>\n\n\n\n<p>Wenn Sie dickes, krauses Haar haben, k\u00f6nnen Sie, wenn Sie m\u00f6chten, auch Wachs verwenden. So k\u00f6nnen Sie es vor dem Flechten auf die Str\u00e4hnen auftragen und krauses Haar gl\u00e4tten.&nbsp;<\/p>\n\n\n\n<p>Wenn Sie hingegen feines Haar haben, kann es das Haar beschweren, weshalb Sie es nicht verwenden sollten. Es gibt jedoch Alternativen, wie z. B. ein Thermalwasserspray oder eine Volumenpflege, die Sie auf Ihr Haar spr\u00fchen k\u00f6nnen. Das erleichtert das Abteilen, ohne das Haar zu fetten.&nbsp;<\/p>\n\n\n\n<p>Schlie\u00dflich, um die&nbsp;<strong>afrikanischer Zopf<\/strong>, Sie brauchen Haargummis. Ideal sind Gummi-Haargummis, da sie klein sind und das Haar nicht besch\u00e4digen.&nbsp;<\/p>\n\n\n\n<p>Da Sie nun alle Accessoires f\u00fcr Ihren afrikanischen Zopf haben, m\u00fcssen Sie nur noch beginnen.&nbsp;<\/p>\n\n\n\n<h2 class=\"wp-block-heading\"><strong>Wie mache ich einen afrikanischen Zopf f\u00fcr Frauen?<\/strong><\/h2>\n\n\n\n<p>So gelingt Ihr&nbsp;<strong>afrikanische Matte<\/strong>, Sie brauchen Geduld und eine gute Technik. Wir sagen Ihnen alles ganz genau:&nbsp;<\/p>\n\n\n\n<ul class=\"wp-block-list\"><li>Als Erstes nehmen Sie eine Str\u00e4hne vom Oberkopf, m\u00f6glichst nahe am Haaransatz, und folgen dabei der Mittellinie Ihres Gesichts.&nbsp;<\/li><li>Zweitens: Teilen Sie die Str\u00e4hne in drei Teile. Geben Sie dann je nach Haartyp Wachs oder Wasserspray hinzu und tragen Sie bei jeder Trennung das Produkt auf Ihre Str\u00e4hne auf.&nbsp;<\/li><li>F\u00fchren Sie dann die Str\u00e4nge untereinander.&nbsp;<\/li><li>F\u00fcge eine Str\u00e4hne hinzu, um sie mit den anderen Str\u00e4ngen zu verbinden, und fahre so fort, bis du deinen Nacken erreicht hast.&nbsp;<\/li><li>Zum Schluss das Haargummi eindrehen, wenn das gesamte Haar geflochten ist.&nbsp;<\/li><\/ul>\n\n\n\n<p>Au\u00dferdem, wenn Sie&nbsp;<strong>mehrere afrikanische Z\u00f6pfe<\/strong>, Hier ist die Methode:<\/p>\n\n\n\n<ul class=\"wp-block-list\"><li>Teilen Sie den Oberkopf in drei gleich gro\u00dfe Str\u00e4hnen.&nbsp;<\/li><li>Dann beginne mit dem Zopf in der Mitte auf deinem Oberkopf.<\/li><li>Als Letztes, wenn Ihr Flechtwerk fertig ist, binden Sie es fest und wiederholen Sie den Vorgang an den anderen Trennw\u00e4nden.&nbsp;<\/li><\/ul>\n\n\n\n<p>Diese afrikanische Flechttechnik ist<strong>&nbsp;einfach&nbsp;<\/strong>und&nbsp;<strong>schnell<\/strong>. Folgen Sie einfach den detaillierten Schritten und \u00fcben Sie dann ein wenig, um es wirklich zu schaffen.&nbsp;<\/p>\n\n\n\n<p>Jetzt m\u00fcssen Sie es nur noch ausprobieren!<\/p>\n\n\n\n<h3 class=\"wp-block-heading\"><strong>Einige Sch\u00f6nheitstipps&nbsp;<\/strong><\/h3>\n\n\n\n<p>Jetzt, da Sie mehr \u00fcber die&nbsp;<strong>afrikanischer Zopf f\u00fcr Frauen<\/strong>, Wenn Sie sich nicht sicher sind, was Sie tun sollen, schauen wir uns gemeinsam einige Sch\u00f6nheitstipps an.&nbsp;<\/p>\n\n\n\n<ul class=\"wp-block-list\"><li>Wenn Sie helles Haar haben, sieht Ihr Zopf besonders sch\u00f6n aus, weil es einen Kontrast zwischen Ansatz und L\u00e4ngen gibt. Das bringt&nbsp;<strong>relief an der Frisur<\/strong>. Wenn Sie allerdings sehr braunes und gleichm\u00e4\u00dfiges Haar haben, k\u00f6nnen Sie auch von diesem Relief profitieren. Dies gelingt, indem Sie Stylingprodukte verwenden, die dem Haar Glanz verleihen.&nbsp;<\/li><li>Um zu verhindern, dass Ihre Str\u00e4hnen miteinander vermischt werden, und um sie an Ort und Stelle zu halten, sind Krabbenklammern ideal. Z\u00f6gern Sie also nicht, sich diese zu besorgen.&nbsp;<\/li><li>Wenn Sie sich nicht ganz sicher f\u00fchlen, \u00fcben Sie ruhig, indem Sie sich Videos ansehen. Es stehen zahlreiche Tutorials zur Verf\u00fcgung.&nbsp;<\/li><li>Ein weiterer Tipp ist, seinen&nbsp;<strong>afrikanischer Zopf<\/strong>&nbsp;direkt nach ihrem Shampoo. Besser ist es, bis zum n\u00e4chsten Tag oder zwei Tage danach zu warten. Dann gleitet Ihr Haar besser und Ihr Zopf hat einen besseren Halt.<\/li><li>Zum Schluss noch ein Tipp: Wenn Sie Ihre Z\u00f6pfe mehrere Tage lang tragen wollen, sollten Sie sie sehr eng flechten.&nbsp;<\/li><\/ul>\n\n\n\n<p>Dann warten Sie nicht l\u00e4nger und \u00fcbernehmen Sie diese&nbsp;<strong>sehr trendige Frisur<\/strong>&nbsp;!&nbsp;<\/p>","protected":false},"excerpt":{"rendered":"<p>Comment faire une tresse africaine pour femme Tresse africaine, coll\u00e9e ou encore&nbsp;african braids&nbsp;en anglais, cette&nbsp;nouvelle coiffure&nbsp;est \u00e0 la mode du moment. Une tresse ethnique qui s\u2019invite dans notre quotidien et s\u2019adapte \u00e0 tous les looks. De ce fait, partons \u00e0 la d\u00e9couverte de&nbsp;comment faire une tresse africaine pour femme. Une coiffure jolie et pratique !&nbsp; [&#8230;]","protected":false},"author":1,"featured_media":0,"parent":0,"menu_order":0,"comment_status":"closed","ping_status":"closed","template":"","meta":{"footnotes":""},"class_list":["post-985","page","type-page","status-publish","hentry"],"yoast_head":"<!-- This site is optimized with the Yoast SEO plugin v26.6 - https:\/\/yoast.com\/wordpress\/plugins\/seo\/ -->\n<title>Tresse africaine I D\u00e9couvrez nos astuces en quelques clics<\/title>\n<meta name=\"description\" content=\"Tresse africaine, coll\u00e9e ou encore\u00a0african braids\u00a0en anglais, cette\u00a0nouvelle coiffure\u00a0est \u00e0 la mode du moment. D\u00e9couvrez-l\u00e0 !\" \/>\n<meta name=\"robots\" content=\"index, follow, max-snippet:-1, max-image-preview:large, max-video-preview:-1\" \/>\n<link rel=\"canonical\" href=\"https:\/\/www.safinel.fr\/de\/afrikanischer-zopf\/\" \/>\n<meta property=\"og:locale\" content=\"de_DE\" \/>\n<meta property=\"og:type\" content=\"article\" \/>\n<meta property=\"og:title\" content=\"Tresse africaine I D\u00e9couvrez nos astuces en quelques clics\" \/>\n<meta property=\"og:description\" content=\"Tresse africaine, coll\u00e9e ou encore\u00a0african braids\u00a0en anglais, cette\u00a0nouvelle coiffure\u00a0est \u00e0 la mode du moment. D\u00e9couvrez-l\u00e0 !\" \/>\n<meta property=\"og:url\" content=\"https:\/\/www.safinel.fr\/de\/afrikanischer-zopf\/\" \/>\n<meta property=\"og:site_name\" content=\"Safinel\" \/>\n<meta property=\"article:modified_time\" content=\"2022-03-25T18:20:12+00:00\" \/>\n<meta name=\"twitter:card\" content=\"summary_large_image\" \/>\n<meta name=\"twitter:label1\" content=\"Gesch\u00e4tzte Lesezeit\" \/>\n\t<meta name=\"twitter:data1\" content=\"6\u00a0Minuten\" \/>\n<script type=\"application\/ld+json\" class=\"yoast-schema-graph\">{\"@context\":\"https:\/\/schema.org\",\"@graph\":[{\"@type\":\"WebPage\",\"@id\":\"https:\/\/www.safinel.fr\/tresse-africaine\/\",\"url\":\"https:\/\/www.safinel.fr\/tresse-africaine\/\",\"name\":\"Tresse africaine I D\u00e9couvrez nos astuces en quelques clics\",\"isPartOf\":{\"@id\":\"https:\/\/www.safinel.fr\/#website\"},\"datePublished\":\"2022-03-25T18:18:14+00:00\",\"dateModified\":\"2022-03-25T18:20:12+00:00\",\"description\":\"Tresse africaine, coll\u00e9e ou encore\u00a0african braids\u00a0en anglais, cette\u00a0nouvelle coiffure\u00a0est \u00e0 la mode du moment. D\u00e9couvrez-l\u00e0 !\",\"breadcrumb\":{\"@id\":\"https:\/\/www.safinel.fr\/tresse-africaine\/#breadcrumb\"},\"inLanguage\":\"de\",\"potentialAction\":[{\"@type\":\"ReadAction\",\"target\":[\"https:\/\/www.safinel.fr\/tresse-africaine\/\"]}]},{\"@type\":\"BreadcrumbList\",\"@id\":\"https:\/\/www.safinel.fr\/tresse-africaine\/#breadcrumb\",\"itemListElement\":[{\"@type\":\"ListItem\",\"position\":1,\"name\":\"Accueil\",\"item\":\"https:\/\/www.safinel.fr\/\"},{\"@type\":\"ListItem\",\"position\":2,\"name\":\"Comment faire une tresse africaine pour femme\"}]},{\"@type\":\"WebSite\",\"@id\":\"https:\/\/www.safinel.fr\/#website\",\"url\":\"https:\/\/www.safinel.fr\/\",\"name\":\"Safinel\",\"description\":\"\",\"publisher\":{\"@id\":\"https:\/\/www.safinel.fr\/#organization\"},\"potentialAction\":[{\"@type\":\"SearchAction\",\"target\":{\"@type\":\"EntryPoint\",\"urlTemplate\":\"https:\/\/www.safinel.fr\/?s={search_term_string}\"},\"query-input\":{\"@type\":\"PropertyValueSpecification\",\"valueRequired\":true,\"valueName\":\"search_term_string\"}}],\"inLanguage\":\"de\"},{\"@type\":\"Organization\",\"@id\":\"https:\/\/www.safinel.fr\/#organization\",\"name\":\"Safinel\",\"url\":\"https:\/\/www.safinel.fr\/\",\"logo\":{\"@type\":\"ImageObject\",\"inLanguage\":\"de\",\"@id\":\"https:\/\/www.safinel.fr\/#\/schema\/logo\/image\/\",\"url\":\"https:\/\/www.safinel.fr\/wp-content\/uploads\/2021\/05\/boutique-cosmetique.png\",\"contentUrl\":\"https:\/\/www.safinel.fr\/wp-content\/uploads\/2021\/05\/boutique-cosmetique.png\",\"width\":800,\"height\":200,\"caption\":\"Safinel\"},\"image\":{\"@id\":\"https:\/\/www.safinel.fr\/#\/schema\/logo\/image\/\"}}]}<\/script>\n<!-- \/ Yoast SEO plugin. -->","yoast_head_json":{"title":"Afrikanischer Zopf I Entdecken Sie unsere Tipps in wenigen Klicks","description":"Der afrikanische Zopf, die Klebefrisur oder die afrikanischen Braids - diese neue Frisur ist gerade total angesagt. Entdecken Sie diese Frisur!","robots":{"index":"index","follow":"follow","max-snippet":"max-snippet:-1","max-image-preview":"max-image-preview:large","max-video-preview":"max-video-preview:-1"},"canonical":"https:\/\/www.safinel.fr\/de\/afrikanischer-zopf\/","og_locale":"de_DE","og_type":"article","og_title":"Tresse africaine I D\u00e9couvrez nos astuces en quelques clics","og_description":"Tresse africaine, coll\u00e9e ou encore\u00a0african braids\u00a0en anglais, cette\u00a0nouvelle coiffure\u00a0est \u00e0 la mode du moment. D\u00e9couvrez-l\u00e0 !","og_url":"https:\/\/www.safinel.fr\/de\/afrikanischer-zopf\/","og_site_name":"Safinel","article_modified_time":"2022-03-25T18:20:12+00:00","twitter_card":"summary_large_image","twitter_misc":{"Gesch\u00e4tzte Lesezeit":"6\u00a0Minuten"},"schema":{"@context":"https:\/\/schema.org","@graph":[{"@type":"WebPage","@id":"https:\/\/www.safinel.fr\/tresse-africaine\/","url":"https:\/\/www.safinel.fr\/tresse-africaine\/","name":"Afrikanischer Zopf I Entdecken Sie unsere Tipps in wenigen Klicks","isPartOf":{"@id":"https:\/\/www.safinel.fr\/#website"},"datePublished":"2022-03-25T18:18:14+00:00","dateModified":"2022-03-25T18:20:12+00:00","description":"Der afrikanische Zopf, die Klebefrisur oder die afrikanischen Braids - diese neue Frisur ist gerade total angesagt. Entdecken Sie diese Frisur!","breadcrumb":{"@id":"https:\/\/www.safinel.fr\/tresse-africaine\/#breadcrumb"},"inLanguage":"de","potentialAction":[{"@type":"ReadAction","target":["https:\/\/www.safinel.fr\/tresse-africaine\/"]}]},{"@type":"BreadcrumbList","@id":"https:\/\/www.safinel.fr\/tresse-africaine\/#breadcrumb","itemListElement":[{"@type":"ListItem","position":1,"name":"Accueil","item":"https:\/\/www.safinel.fr\/"},{"@type":"ListItem","position":2,"name":"Comment faire une tresse africaine pour femme"}]},{"@type":"WebSite","@id":"https:\/\/www.safinel.fr\/#website","url":"https:\/\/www.safinel.fr\/","name":"Safinel","description":"","publisher":{"@id":"https:\/\/www.safinel.fr\/#organization"},"potentialAction":[{"@type":"SearchAction","target":{"@type":"EntryPoint","urlTemplate":"https:\/\/www.safinel.fr\/?s={search_term_string}"},"query-input":{"@type":"PropertyValueSpecification","valueRequired":true,"valueName":"search_term_string"}}],"inLanguage":"de"},{"@type":"Organization","@id":"https:\/\/www.safinel.fr\/#organization","name":"Safinel","url":"https:\/\/www.safinel.fr\/","logo":{"@type":"ImageObject","inLanguage":"de","@id":"https:\/\/www.safinel.fr\/#\/schema\/logo\/image\/","url":"https:\/\/www.safinel.fr\/wp-content\/uploads\/2021\/05\/boutique-cosmetique.png","contentUrl":"https:\/\/www.safinel.fr\/wp-content\/uploads\/2021\/05\/boutique-cosmetique.png","width":800,"height":200,"caption":"Safinel"},"image":{"@id":"https:\/\/www.safinel.fr\/#\/schema\/logo\/image\/"}}]}},"_links":{"self":[{"href":"https:\/\/www.safinel.fr\/de\/wp-json\/wp\/v2\/pages\/985","targetHints":{"allow":["GET"]}}],"collection":[{"href":"https:\/\/www.safinel.fr\/de\/wp-json\/wp\/v2\/pages"}],"about":[{"href":"https:\/\/www.safinel.fr\/de\/wp-json\/wp\/v2\/types\/page"}],"author":[{"embeddable":true,"href":"https:\/\/www.safinel.fr\/de\/wp-json\/wp\/v2\/users\/1"}],"replies":[{"embeddable":true,"href":"https:\/\/www.safinel.fr\/de\/wp-json\/wp\/v2\/comments?post=985"}],"version-history":[{"count":2,"href":"https:\/\/www.safinel.fr\/de\/wp-json\/wp\/v2\/pages\/985\/revisions"}],"predecessor-version":[{"id":987,"href":"https:\/\/www.safinel.fr\/de\/wp-json\/wp\/v2\/pages\/985\/revisions\/987"}],"wp:attachment":[{"href":"https:\/\/www.safinel.fr\/de\/wp-json\/wp\/v2\/media?parent=985"}],"curies":[{"name":"wp","href":"https:\/\/api.w.org\/{rel}","templated":true}]}}