{"id":852,"date":"2022-02-22T17:21:08","date_gmt":"2022-02-22T17:21:08","guid":{"rendered":"https:\/\/www.safinel.fr\/?page_id=852"},"modified":"2022-02-22T17:21:41","modified_gmt":"2022-02-22T17:21:41","slug":"deni-de-grossesse-verstehen","status":"publish","type":"page","link":"https:\/\/www.safinel.fr\/de\/deni-de-grossesse-verstehen\/","title":{"rendered":"Schwangerschaftsverweigerung verstehen"},"content":{"rendered":"<h1>Schwangerschaftsverweigerung verstehen<\/h1>\n\n\n<strong>Schwangerschaftsverweigerung ist das fehlende Bewusstsein einer Frau von einer Schwangerschaft.<\/strong> In Frankreich sollen von 1000 schwangeren Frauen 3 Opfer einer Schwangerschaftsverweigerung sein. 330 Frauen pro Jahr w\u00fcrden entbinden, ohne je von ihrer Schwangerschaft erfahren zu haben.\n\nKeine \u00dcbelkeit, keine Gewichtszunahme, <strong>regelm\u00e4\u00dfige Menstruation<\/strong>... Nichts deutet auf eine Schwangerschaft hin. Dennoch ist das Baby da und entwickelt sich.\n\n<strong>Was w\u00e4re, wenn Sie dieses der breiten \u00d6ffentlichkeit unbekannte Ph\u00e4nomen endlich verstehen w\u00fcrden?<\/strong>\n<h2>Was ist Schwangerschaftsverweigerung?<\/h2>\n<strong>Bei der Schwangerschaftsverweigerung kommt es zu einer Spaltung zwischen K\u00f6rper und Geist.<\/strong> K\u00f6rperlich ist die Frau schwanger und das Kind entwickelt sich in ihrem Bauch. Der Geist hingegen ist sich des neuen Zustands der werdenden Mutter nicht bewusst. Er blendet die Realit\u00e4t aus und verhindert die Entwicklung von Schwangerschaftssymptomen.\n<h3>Die totale Schwangerschaftsverweigerung<\/h3>\nEine vollst\u00e4ndige Schwangerschaftsverweigerung geh\u00f6rt zu den ersch\u00fctterndsten Ereignissen im Leben einer Frau. <strong>Die Mutter entbindet, ohne je von ihrer Schwangerschaft gewusst zu haben.<\/strong> Sie erf\u00e4hrt am Tag der Geburt von der Anwesenheit ihres Babys, ohne sich mental und k\u00f6rperlich darauf vorbereiten zu k\u00f6nnen.\n\nVon Anfang bis Ende war ihre Schwangerschaft unbemerkt geblieben: kein Bauch, keine Schmerzen, regelm\u00e4\u00dfige oder unregelm\u00e4\u00dfige Menstruation... Nichts deutete auf die Anwesenheit des Kindes hin.\n<h3>Partielle Schwangerschaftsverweigerung<\/h3>\n<strong>Eine partielle Schwangerschaftsverweigerung bezeichnet die Entdeckung der Schwangerschaft nach dem ersten Trimester der Schwangerschaft, aber vor dem Ende der Schwangerschaft.<\/strong>\n\nDie werdende Mutter wird sich also ihres Zustands bewusst <strong>vor der Geburt<\/strong>. Sobald die Schwangerschaft bewusst, <strong>die Symptome auftreten<\/strong>&nbsp;: Auftreten des Bauches in den folgenden Stunden, \u00dcbelkeit, Schmerzen und Ausbleiben der Menstruation.\n\nDas Kind hat die M\u00f6glichkeit, sich bis zum Ende der Schwangerschaft normal zu entwickeln.\n<h2>Ursachen f\u00fcr eine Schwangerschaftsverweigerung<\/h2>\n<strong>Eine Schwangerschaftsverweigerung ist nie harmlos: Der Geist versucht, die werdende Mutter zu sch\u00fctzen<\/strong>. Die gro\u00dfen Risikofaktoren f\u00fcr eine Schwangerschaftsverweigerung sind :\n<ul>\n \t<li>Eine Schwangerschaft als Folge eines sexuellen \u00dcbergriffs ;<\/li>\n \t<li>Ein (ehemaliges) Opfer von sexuellen, physischen oder psychischen \u00dcbergriffen ;<\/li>\n \t<li>Angebliche Unfruchtbarkeit ;<\/li>\n \t<li>Instabiler famili\u00e4rer oder ehelicher Hintergrund ;<\/li>\n \t<li>Kurz aufeinanderfolgende Schwangerschaften ;<\/li>\n<\/ul>\n<strong>Frauen, die anf\u00e4llig f\u00fcr Schwangerschaftsverweigerung sind, sind oft geschw\u00e4cht<\/strong>. Sie wollen diese Schwangerschaft nicht oder glauben nicht, dass sie schwanger werden k\u00f6nnen.\n\nAllerdings, <strong>jede Frau im Laufe ihres Lebens eine Schwangerschaftsverweigerung erleben kann<\/strong>.\n<h2>Die Risiken einer Schwangerschaftsverweigerung<\/h2>\nEine <strong>Schwangerschaftsverweigerung<\/strong> ist nicht ohne Risiko. F\u00fcr die Mutter und das Kind hat dieser psychologische Zustand <strong>kurz- und langfristige Folgen<\/strong>.\n<h3>F\u00fcr das Kind<\/h3>\n<strong>Das Kind muss sich an den K\u00f6rper der Mutter anpassen, der nicht bereit ist, es zu empfangen<\/strong>. Es entwickelt sich anders: Der K\u00f6rper des Babys befindet sich nicht in der Fetalstellung. Es legt sich mehr hin, da der Bauch der Mutter nicht w\u00e4chst. Es nimmt nicht oder nur wenig an Gewicht zu.\n\nDa die Frau sich nicht bewusst ist, dass sie schwanger ist, <strong>sie sich keine gesunden Gewohnheiten aneignet, die mit der Schwangerschaft zusammenh\u00e4ngen<\/strong>. Dies ist ein gro\u00dfer Risikofaktor f\u00fcr das Baby.\n\nEndlich, <strong>die Geburt kann \u00fcberall und jederzeit eintreten<\/strong>&nbsp;: Es ist wahrscheinlich, dass das Kind nicht unter den besten Bedingungen geboren wird.\n<h3>F\u00fcr die Mutter<\/h3>\n<strong>Die Frau, die eine Schwangerschaft verleugnet, ist psychologisch nicht darauf vorbereitet, ein Baby in ihr Leben aufzunehmen<\/strong>.\n\nDie Geburt oder die sp\u00e4te Bekanntgabe der Schwangerschaft ist oft ein <strong>gro\u00dfer psychologischer Schock<\/strong> f\u00fcr die Mutter. Es besteht die Gefahr von Depressionen und Ablehnung des Kindes. Es ist notwendig\u2019<strong>w\u00e4hrend und nach einer Schwangerschaftsverweigerung psychologisch betreut werden<\/strong>.","protected":false},"excerpt":{"rendered":"<p>Comprendre le d\u00e9ni de grossesse Le d\u00e9ni de grossesse est l\u2019absence de conscience d\u2019une grossesse chez la femme. En France, sur 1000 femmes enceintes, 3 seraient victimes d\u2019un d\u00e9ni de grossesse. 330 femmes par an accoucheraient sans jamais avoir su qu\u2019elles \u00e9taient enceintes. Absence de naus\u00e9es, de prises de poids, r\u00e8gles r\u00e9guli\u00e8res\u2026 Rien n\u2019indique la [&#8230;]","protected":false},"author":1,"featured_media":0,"parent":0,"menu_order":0,"comment_status":"closed","ping_status":"closed","template":"","meta":{"footnotes":""},"class_list":["post-852","page","type-page","status-publish","hentry"],"yoast_head":"<!-- This site is optimized with the Yoast SEO plugin v26.6 - https:\/\/yoast.com\/wordpress\/plugins\/seo\/ -->\n<title>Comprendre le d\u00e9ni de grossesse - Safinel<\/title>\n<meta name=\"robots\" content=\"index, follow, max-snippet:-1, max-image-preview:large, max-video-preview:-1\" \/>\n<link rel=\"canonical\" href=\"https:\/\/www.safinel.fr\/de\/deni-de-grossesse-verstehen\/\" \/>\n<meta property=\"og:locale\" content=\"de_DE\" \/>\n<meta property=\"og:type\" content=\"article\" \/>\n<meta property=\"og:title\" content=\"Comprendre le d\u00e9ni de grossesse - Safinel\" \/>\n<meta property=\"og:description\" content=\"Comprendre le d\u00e9ni de grossesse Le d\u00e9ni de grossesse est l\u2019absence de conscience d\u2019une grossesse chez la femme. En France, sur 1000 femmes enceintes, 3 seraient victimes d\u2019un d\u00e9ni de grossesse. 330 femmes par an accoucheraient sans jamais avoir su qu\u2019elles \u00e9taient enceintes. Absence de naus\u00e9es, de prises de poids, r\u00e8gles r\u00e9guli\u00e8res\u2026 Rien n\u2019indique la [...]\" \/>\n<meta property=\"og:url\" content=\"https:\/\/www.safinel.fr\/de\/deni-de-grossesse-verstehen\/\" \/>\n<meta property=\"og:site_name\" content=\"Safinel\" \/>\n<meta property=\"article:modified_time\" content=\"2022-02-22T17:21:41+00:00\" \/>\n<meta name=\"twitter:card\" content=\"summary_large_image\" \/>\n<meta name=\"twitter:label1\" content=\"Gesch\u00e4tzte Lesezeit\" \/>\n\t<meta name=\"twitter:data1\" content=\"3\u00a0Minuten\" \/>\n<script type=\"application\/ld+json\" class=\"yoast-schema-graph\">{\"@context\":\"https:\/\/schema.org\",\"@graph\":[{\"@type\":\"WebPage\",\"@id\":\"https:\/\/www.safinel.fr\/comprendre-le-deni-de-grossesse\/\",\"url\":\"https:\/\/www.safinel.fr\/comprendre-le-deni-de-grossesse\/\",\"name\":\"Comprendre le d\u00e9ni de grossesse - Safinel\",\"isPartOf\":{\"@id\":\"https:\/\/www.safinel.fr\/#website\"},\"datePublished\":\"2022-02-22T17:21:08+00:00\",\"dateModified\":\"2022-02-22T17:21:41+00:00\",\"breadcrumb\":{\"@id\":\"https:\/\/www.safinel.fr\/comprendre-le-deni-de-grossesse\/#breadcrumb\"},\"inLanguage\":\"de\",\"potentialAction\":[{\"@type\":\"ReadAction\",\"target\":[\"https:\/\/www.safinel.fr\/comprendre-le-deni-de-grossesse\/\"]}]},{\"@type\":\"BreadcrumbList\",\"@id\":\"https:\/\/www.safinel.fr\/comprendre-le-deni-de-grossesse\/#breadcrumb\",\"itemListElement\":[{\"@type\":\"ListItem\",\"position\":1,\"name\":\"Accueil\",\"item\":\"https:\/\/www.safinel.fr\/\"},{\"@type\":\"ListItem\",\"position\":2,\"name\":\"Comprendre le d\u00e9ni de grossesse\"}]},{\"@type\":\"WebSite\",\"@id\":\"https:\/\/www.safinel.fr\/#website\",\"url\":\"https:\/\/www.safinel.fr\/\",\"name\":\"Safinel\",\"description\":\"\",\"publisher\":{\"@id\":\"https:\/\/www.safinel.fr\/#organization\"},\"potentialAction\":[{\"@type\":\"SearchAction\",\"target\":{\"@type\":\"EntryPoint\",\"urlTemplate\":\"https:\/\/www.safinel.fr\/?s={search_term_string}\"},\"query-input\":{\"@type\":\"PropertyValueSpecification\",\"valueRequired\":true,\"valueName\":\"search_term_string\"}}],\"inLanguage\":\"de\"},{\"@type\":\"Organization\",\"@id\":\"https:\/\/www.safinel.fr\/#organization\",\"name\":\"Safinel\",\"url\":\"https:\/\/www.safinel.fr\/\",\"logo\":{\"@type\":\"ImageObject\",\"inLanguage\":\"de\",\"@id\":\"https:\/\/www.safinel.fr\/#\/schema\/logo\/image\/\",\"url\":\"https:\/\/www.safinel.fr\/wp-content\/uploads\/2021\/05\/boutique-cosmetique.png\",\"contentUrl\":\"https:\/\/www.safinel.fr\/wp-content\/uploads\/2021\/05\/boutique-cosmetique.png\",\"width\":800,\"height\":200,\"caption\":\"Safinel\"},\"image\":{\"@id\":\"https:\/\/www.safinel.fr\/#\/schema\/logo\/image\/\"}}]}<\/script>\n<!-- \/ Yoast SEO plugin. -->","yoast_head_json":{"title":"Schwangerschaftsverweigerung verstehen - Safinel","robots":{"index":"index","follow":"follow","max-snippet":"max-snippet:-1","max-image-preview":"max-image-preview:large","max-video-preview":"max-video-preview:-1"},"canonical":"https:\/\/www.safinel.fr\/de\/deni-de-grossesse-verstehen\/","og_locale":"de_DE","og_type":"article","og_title":"Comprendre le d\u00e9ni de grossesse - Safinel","og_description":"Comprendre le d\u00e9ni de grossesse Le d\u00e9ni de grossesse est l\u2019absence de conscience d\u2019une grossesse chez la femme. En France, sur 1000 femmes enceintes, 3 seraient victimes d\u2019un d\u00e9ni de grossesse. 330 femmes par an accoucheraient sans jamais avoir su qu\u2019elles \u00e9taient enceintes. Absence de naus\u00e9es, de prises de poids, r\u00e8gles r\u00e9guli\u00e8res\u2026 Rien n\u2019indique la [...]","og_url":"https:\/\/www.safinel.fr\/de\/deni-de-grossesse-verstehen\/","og_site_name":"Safinel","article_modified_time":"2022-02-22T17:21:41+00:00","twitter_card":"summary_large_image","twitter_misc":{"Gesch\u00e4tzte Lesezeit":"3\u00a0Minuten"},"schema":{"@context":"https:\/\/schema.org","@graph":[{"@type":"WebPage","@id":"https:\/\/www.safinel.fr\/comprendre-le-deni-de-grossesse\/","url":"https:\/\/www.safinel.fr\/comprendre-le-deni-de-grossesse\/","name":"Schwangerschaftsverweigerung verstehen - Safinel","isPartOf":{"@id":"https:\/\/www.safinel.fr\/#website"},"datePublished":"2022-02-22T17:21:08+00:00","dateModified":"2022-02-22T17:21:41+00:00","breadcrumb":{"@id":"https:\/\/www.safinel.fr\/comprendre-le-deni-de-grossesse\/#breadcrumb"},"inLanguage":"de","potentialAction":[{"@type":"ReadAction","target":["https:\/\/www.safinel.fr\/comprendre-le-deni-de-grossesse\/"]}]},{"@type":"BreadcrumbList","@id":"https:\/\/www.safinel.fr\/comprendre-le-deni-de-grossesse\/#breadcrumb","itemListElement":[{"@type":"ListItem","position":1,"name":"Accueil","item":"https:\/\/www.safinel.fr\/"},{"@type":"ListItem","position":2,"name":"Comprendre le d\u00e9ni de grossesse"}]},{"@type":"WebSite","@id":"https:\/\/www.safinel.fr\/#website","url":"https:\/\/www.safinel.fr\/","name":"Safinel","description":"","publisher":{"@id":"https:\/\/www.safinel.fr\/#organization"},"potentialAction":[{"@type":"SearchAction","target":{"@type":"EntryPoint","urlTemplate":"https:\/\/www.safinel.fr\/?s={search_term_string}"},"query-input":{"@type":"PropertyValueSpecification","valueRequired":true,"valueName":"search_term_string"}}],"inLanguage":"de"},{"@type":"Organization","@id":"https:\/\/www.safinel.fr\/#organization","name":"Safinel","url":"https:\/\/www.safinel.fr\/","logo":{"@type":"ImageObject","inLanguage":"de","@id":"https:\/\/www.safinel.fr\/#\/schema\/logo\/image\/","url":"https:\/\/www.safinel.fr\/wp-content\/uploads\/2021\/05\/boutique-cosmetique.png","contentUrl":"https:\/\/www.safinel.fr\/wp-content\/uploads\/2021\/05\/boutique-cosmetique.png","width":800,"height":200,"caption":"Safinel"},"image":{"@id":"https:\/\/www.safinel.fr\/#\/schema\/logo\/image\/"}}]}},"_links":{"self":[{"href":"https:\/\/www.safinel.fr\/de\/wp-json\/wp\/v2\/pages\/852","targetHints":{"allow":["GET"]}}],"collection":[{"href":"https:\/\/www.safinel.fr\/de\/wp-json\/wp\/v2\/pages"}],"about":[{"href":"https:\/\/www.safinel.fr\/de\/wp-json\/wp\/v2\/types\/page"}],"author":[{"embeddable":true,"href":"https:\/\/www.safinel.fr\/de\/wp-json\/wp\/v2\/users\/1"}],"replies":[{"embeddable":true,"href":"https:\/\/www.safinel.fr\/de\/wp-json\/wp\/v2\/comments?post=852"}],"version-history":[{"count":2,"href":"https:\/\/www.safinel.fr\/de\/wp-json\/wp\/v2\/pages\/852\/revisions"}],"predecessor-version":[{"id":854,"href":"https:\/\/www.safinel.fr\/de\/wp-json\/wp\/v2\/pages\/852\/revisions\/854"}],"wp:attachment":[{"href":"https:\/\/www.safinel.fr\/de\/wp-json\/wp\/v2\/media?parent=852"}],"curies":[{"name":"wp","href":"https:\/\/api.w.org\/{rel}","templated":true}]}}