{"id":819,"date":"2022-02-12T19:58:56","date_gmt":"2022-02-12T19:58:56","guid":{"rendered":"https:\/\/www.safinel.fr\/?page_id=819"},"modified":"2022-02-12T19:58:57","modified_gmt":"2022-02-12T19:58:57","slug":"lippia-blatter","status":"publish","type":"page","link":"https:\/\/www.safinel.fr\/de\/lippia-blatter\/","title":{"rendered":"Die 5 Vorteile von Lippia-Bl\u00e4ttern"},"content":{"rendered":"<h1 class=\"wp-block-heading\" id=\"les-5-bienfaits-des-feuilles-de-lippia\">Die 5 Vorteile von Lippia-Bl\u00e4ttern<\/h1>\n\n\n\n<p>Die Bl\u00e4tter der Lippia, die in Afrika auch Buluktu genannt wird, kommen in der Natur haupts\u00e4chlich in der afrikanischen Savanne vor. In der westlichen Welt sind sie weitgehend unbekannt. Dabei hat der Tee aus der Savanne zahlreiche positive Eigenschaften: Nervensystem, Verdauung, entgiftend, energiespendend, positive Eigenschaften beim Fasten...&nbsp;<strong>die lippischen Bl\u00e4tter haben mehr als nur einen Trick auf Lager.<\/strong><\/p>\n\n\n\n<p>Entdecken Sie mit uns die&nbsp;<strong>wohltuende Wirkung von Lippia-Bl\u00e4ttern<\/strong>&nbsp;Der vierte k\u00f6nnte Sie \u00fcberraschen!<\/p>\n\n\n\n<h2 class=\"wp-block-heading\" id=\"h-les-feuilles-de-lippia-riches-en-min-raux\">Lippia-Bl\u00e4tter: reich an Mineralien<\/h2>\n\n\n\n<p>Die Vorteile der afrikanischen Bl\u00e4tter sind nicht unbedeutend. Ihr Reichtum an Mineralien ist atemberaubend: Kalium, Kalzium, Phosphor, Magnesium, Eisen...<\/p>\n\n\n\n<p>Ein Bulukutu-Tee versorgt Sie t\u00e4glich mit unvergleichlich vielen Mineralien. Eisenmangel ist in unserer Gesellschaft immer h\u00e4ufiger anzutreffen: Lippia-Bl\u00e4tter sind eine interessante Alternative, um An\u00e4mie zu bek\u00e4mpfen.<\/p>\n\n\n\n<h2 class=\"wp-block-heading\" id=\"h-les-5-plus-grands-bienfaits-des-feuilles-de-lippia\">Die 5 gr\u00f6\u00dften Vorteile von Lippia-Bl\u00e4ttern<\/h2>\n\n\n\n<h3 class=\"wp-block-heading\" id=\"h-bienfait-sur-le-syst-me-nerveux\">Wohltuend f\u00fcr das Nervensystem<\/h3>\n\n\n\n<p>Das Nervensystem spielt eine herausragende Rolle im Leben des Menschen. Es bezeichnet die Gesamtheit der Gewebe, die die Lebensfunktionen steuern. Es verwaltet die sensorischen Informationen, koordiniert die Muskeln und reguliert die Funktion der Organe. Beim Menschen ist es auch das Gef\u00e4\u00df f\u00fcr Emotionen und den Intellekt.<\/p>\n\n\n\n<p>Sie k\u00f6nnen sich also vorstellen, wie sehr das Nervensystem im Alltag beansprucht wird! Sie helfen ihm, richtig zu funktionieren. Verzichten Sie nicht auf sie!<\/p>\n\n\n\n<h3 class=\"wp-block-heading\" id=\"h-vertu-des-feuilles-de-lippia-sur-le-syst-me-digestif\">Tugend der Lippia-Bl\u00e4tter auf das Verdauungssystem<\/h3>\n\n\n\n<p>Die Vorteile von auf das Verdauungssystem sind zahlreich:<\/p>\n\n\n\n<p>hilft bei der Verdauung<br>Schutz und Wiederherstellung des Gleichgewichts der Darmflora<br>Hilft bei der Vorbeugung von Geschw\u00fcren<br>Antibl\u00e4hungen und leichte Abf\u00fchrmittel<\/p>\n\n\n\n<p>Wenn Sie unter Verdauungsproblemen leiden, ist der Savannentee genau das Richtige f\u00fcr Sie!<\/p>\n\n\n\n<h3 class=\"wp-block-heading\" id=\"h-ses-vertus-d-toxifiantes\">Seine entgiftenden Eigenschaften<\/h3>\n\n\n\n<p>Der Savannentee ist f\u00fcr seine entgiftende Wirkung bekannt. Sein Reichtum an Mineralien ist wahrscheinlich der Grund f\u00fcr diese Wohltat. Er befreit den K\u00f6rper von Giftstoffen: Diese sammeln sich im Laufe der Zeit an und k\u00f6nnen Ihren Organismus verstopfen. Er hilft bei der Fettverbrennung und dem Fettabbau.<\/p>\n\n\n\n<p>Bulukutu eignet sich daher sehr gut bei einer Ern\u00e4hrungsumstellung.<\/p>\n\n\n\n<h3 class=\"wp-block-heading\" id=\"h-bienfaits-pendant-le-je-ne\">Vorteile w\u00e4hrend des Fastens<\/h3>\n\n\n\n<p>Der Savannentee hat eine hungerstillende Wirkung. Er hilft dem Fastenden, sein Fasten tags\u00fcber zu ertragen, indem er den Hunger unterbindet. Er bek\u00e4mpft auch den Durst!<\/p>\n\n\n\n<p>Ihr Mineralreichtum hilft dem Appetit, sich \u00fcber den Tag hinweg zu regulieren, und sorgt daf\u00fcr, dass die Feuchtigkeit w\u00e4hrend des gesamten Fastens gleichm\u00e4\u00dfig verteilt wird. Kannten Sie schon eine andere Pflanze, die Ihnen beim Fasten helfen kann? Bulukutu ist einzigartig!<\/p>\n\n\n\n<h3 class=\"wp-block-heading\" id=\"h-effet-nergisant-du-bulukutu\">Energetisierende Wirkung von Bulukutu<\/h3>\n\n\n\n<p>Leiden Sie nie unter einem Schw\u00e4cheanfall? Wie w\u00e4re es, wenn die Bl\u00e4tter der Lippia Ihre Verb\u00fcndeten im Alltag werden?<\/p>\n\n\n\n<p>Ihr Reichtum an Mineralien, Kalium, Magnesium und Eisen ist ein echter Boost f\u00fcr den Organismus. Wenn Sie unter chronischer M\u00fcdigkeit leiden, sollten Sie regelm\u00e4\u00dfig Bulukutu verzehren, um Ersch\u00f6pfungszust\u00e4nde zu bek\u00e4mpfen.<\/p>\n\n\n\n<p><strong>Wie w\u00e4re es, wenn Sie schon jetzt von den Vorteilen der Lippia-Bl\u00e4tter profitieren w\u00fcrden? Warten Sie nicht l\u00e4nger!<\/strong><\/p>","protected":false},"excerpt":{"rendered":"<p>Die 5 Vorteile der Lippia-Bl\u00e4tter Lippia-Bl\u00e4tter, in Afrika auch Buluktu genannt, kommen in freier Natur haupts\u00e4chlich in der afrikanischen Savanne vor. Im Westen sind sie noch weitgehend unbekannt. Dabei hat der Tee aus der Savanne zahlreiche positive Eigenschaften: Er wirkt sich positiv auf das Nervensystem und die Verdauung aus, entgiftet, spendet Energie, hilft beim Fasten ... Lippia-Bl\u00e4tter haben mehr als nur eine [\u2026]","protected":false},"author":1,"featured_media":0,"parent":0,"menu_order":0,"comment_status":"closed","ping_status":"closed","template":"","meta":{"footnotes":""},"class_list":["post-819","page","type-page","status-publish","hentry"],"yoast_head":"<!-- This site is optimized with the Yoast SEO plugin v26.6 - https:\/\/yoast.com\/wordpress\/plugins\/seo\/ -->\n<title>Feuilles de lippia | Appel\u00e9e buluktu en Afrique | Ses bienfaits<\/title>\n<meta name=\"description\" content=\"Les feuilles de lippia, aussi appel\u00e9e buluktu en Afrique, se trouve principalement dans la savane africaine \u00e0 l\u2019\u00e9tat naturel.\" \/>\n<meta name=\"robots\" content=\"index, follow, max-snippet:-1, max-image-preview:large, max-video-preview:-1\" \/>\n<link rel=\"canonical\" href=\"https:\/\/www.safinel.fr\/de\/lippia-blatter\/\" \/>\n<meta property=\"og:locale\" content=\"de_DE\" \/>\n<meta property=\"og:type\" content=\"article\" \/>\n<meta property=\"og:title\" content=\"Feuilles de lippia | Appel\u00e9e buluktu en Afrique | Ses bienfaits\" \/>\n<meta property=\"og:description\" content=\"Les feuilles de lippia, aussi appel\u00e9e buluktu en Afrique, se trouve principalement dans la savane africaine \u00e0 l\u2019\u00e9tat naturel.\" \/>\n<meta property=\"og:url\" content=\"https:\/\/www.safinel.fr\/de\/lippia-blatter\/\" \/>\n<meta property=\"og:site_name\" content=\"Safinel\" \/>\n<meta property=\"article:modified_time\" content=\"2022-02-12T19:58:57+00:00\" \/>\n<meta name=\"twitter:card\" content=\"summary_large_image\" \/>\n<meta name=\"twitter:label1\" content=\"Gesch\u00e4tzte Lesezeit\" \/>\n\t<meta name=\"twitter:data1\" content=\"3\u00a0Minuten\" \/>\n<script type=\"application\/ld+json\" class=\"yoast-schema-graph\">{\"@context\":\"https:\/\/schema.org\",\"@graph\":[{\"@type\":\"WebPage\",\"@id\":\"https:\/\/www.safinel.fr\/feuilles-de-lippia\/\",\"url\":\"https:\/\/www.safinel.fr\/feuilles-de-lippia\/\",\"name\":\"Feuilles de lippia | Appel\u00e9e buluktu en Afrique | Ses bienfaits\",\"isPartOf\":{\"@id\":\"https:\/\/www.safinel.fr\/#website\"},\"datePublished\":\"2022-02-12T19:58:56+00:00\",\"dateModified\":\"2022-02-12T19:58:57+00:00\",\"description\":\"Les feuilles de lippia, aussi appel\u00e9e buluktu en Afrique, se trouve principalement dans la savane africaine \u00e0 l\u2019\u00e9tat naturel.\",\"breadcrumb\":{\"@id\":\"https:\/\/www.safinel.fr\/feuilles-de-lippia\/#breadcrumb\"},\"inLanguage\":\"de\",\"potentialAction\":[{\"@type\":\"ReadAction\",\"target\":[\"https:\/\/www.safinel.fr\/feuilles-de-lippia\/\"]}]},{\"@type\":\"BreadcrumbList\",\"@id\":\"https:\/\/www.safinel.fr\/feuilles-de-lippia\/#breadcrumb\",\"itemListElement\":[{\"@type\":\"ListItem\",\"position\":1,\"name\":\"Accueil\",\"item\":\"https:\/\/www.safinel.fr\/\"},{\"@type\":\"ListItem\",\"position\":2,\"name\":\"Les 5 bienfaits des feuilles de lippia\"}]},{\"@type\":\"WebSite\",\"@id\":\"https:\/\/www.safinel.fr\/#website\",\"url\":\"https:\/\/www.safinel.fr\/\",\"name\":\"Safinel\",\"description\":\"\",\"publisher\":{\"@id\":\"https:\/\/www.safinel.fr\/#organization\"},\"potentialAction\":[{\"@type\":\"SearchAction\",\"target\":{\"@type\":\"EntryPoint\",\"urlTemplate\":\"https:\/\/www.safinel.fr\/?s={search_term_string}\"},\"query-input\":{\"@type\":\"PropertyValueSpecification\",\"valueRequired\":true,\"valueName\":\"search_term_string\"}}],\"inLanguage\":\"de\"},{\"@type\":\"Organization\",\"@id\":\"https:\/\/www.safinel.fr\/#organization\",\"name\":\"Safinel\",\"url\":\"https:\/\/www.safinel.fr\/\",\"logo\":{\"@type\":\"ImageObject\",\"inLanguage\":\"de\",\"@id\":\"https:\/\/www.safinel.fr\/#\/schema\/logo\/image\/\",\"url\":\"https:\/\/www.safinel.fr\/wp-content\/uploads\/2021\/05\/boutique-cosmetique.png\",\"contentUrl\":\"https:\/\/www.safinel.fr\/wp-content\/uploads\/2021\/05\/boutique-cosmetique.png\",\"width\":800,\"height\":200,\"caption\":\"Safinel\"},\"image\":{\"@id\":\"https:\/\/www.safinel.fr\/#\/schema\/logo\/image\/\"}}]}<\/script>\n<!-- \/ Yoast SEO plugin. -->","yoast_head_json":{"title":"Lippia-Bl\u00e4tter | In Afrika Buluktu genannt | Ihre Vorteile","description":"Die Bl\u00e4tter der Lippia, die in Afrika auch Buluktu genannt wird, kommen in der Natur haupts\u00e4chlich in der afrikanischen Savanne vor.","robots":{"index":"index","follow":"follow","max-snippet":"max-snippet:-1","max-image-preview":"max-image-preview:large","max-video-preview":"max-video-preview:-1"},"canonical":"https:\/\/www.safinel.fr\/de\/lippia-blatter\/","og_locale":"de_DE","og_type":"article","og_title":"Feuilles de lippia | Appel\u00e9e buluktu en Afrique | Ses bienfaits","og_description":"Les feuilles de lippia, aussi appel\u00e9e buluktu en Afrique, se trouve principalement dans la savane africaine \u00e0 l\u2019\u00e9tat naturel.","og_url":"https:\/\/www.safinel.fr\/de\/lippia-blatter\/","og_site_name":"Safinel","article_modified_time":"2022-02-12T19:58:57+00:00","twitter_card":"summary_large_image","twitter_misc":{"Gesch\u00e4tzte Lesezeit":"3\u00a0Minuten"},"schema":{"@context":"https:\/\/schema.org","@graph":[{"@type":"WebPage","@id":"https:\/\/www.safinel.fr\/feuilles-de-lippia\/","url":"https:\/\/www.safinel.fr\/feuilles-de-lippia\/","name":"Lippia-Bl\u00e4tter | In Afrika Buluktu genannt | Ihre Vorteile","isPartOf":{"@id":"https:\/\/www.safinel.fr\/#website"},"datePublished":"2022-02-12T19:58:56+00:00","dateModified":"2022-02-12T19:58:57+00:00","description":"Die Bl\u00e4tter der Lippia, die in Afrika auch Buluktu genannt wird, kommen in der Natur haupts\u00e4chlich in der afrikanischen Savanne vor.","breadcrumb":{"@id":"https:\/\/www.safinel.fr\/feuilles-de-lippia\/#breadcrumb"},"inLanguage":"de","potentialAction":[{"@type":"ReadAction","target":["https:\/\/www.safinel.fr\/feuilles-de-lippia\/"]}]},{"@type":"BreadcrumbList","@id":"https:\/\/www.safinel.fr\/feuilles-de-lippia\/#breadcrumb","itemListElement":[{"@type":"ListItem","position":1,"name":"Accueil","item":"https:\/\/www.safinel.fr\/"},{"@type":"ListItem","position":2,"name":"Les 5 bienfaits des feuilles de lippia"}]},{"@type":"WebSite","@id":"https:\/\/www.safinel.fr\/#website","url":"https:\/\/www.safinel.fr\/","name":"Safinel","description":"","publisher":{"@id":"https:\/\/www.safinel.fr\/#organization"},"potentialAction":[{"@type":"SearchAction","target":{"@type":"EntryPoint","urlTemplate":"https:\/\/www.safinel.fr\/?s={search_term_string}"},"query-input":{"@type":"PropertyValueSpecification","valueRequired":true,"valueName":"search_term_string"}}],"inLanguage":"de"},{"@type":"Organization","@id":"https:\/\/www.safinel.fr\/#organization","name":"Safinel","url":"https:\/\/www.safinel.fr\/","logo":{"@type":"ImageObject","inLanguage":"de","@id":"https:\/\/www.safinel.fr\/#\/schema\/logo\/image\/","url":"https:\/\/www.safinel.fr\/wp-content\/uploads\/2021\/05\/boutique-cosmetique.png","contentUrl":"https:\/\/www.safinel.fr\/wp-content\/uploads\/2021\/05\/boutique-cosmetique.png","width":800,"height":200,"caption":"Safinel"},"image":{"@id":"https:\/\/www.safinel.fr\/#\/schema\/logo\/image\/"}}]}},"_links":{"self":[{"href":"https:\/\/www.safinel.fr\/de\/wp-json\/wp\/v2\/pages\/819","targetHints":{"allow":["GET"]}}],"collection":[{"href":"https:\/\/www.safinel.fr\/de\/wp-json\/wp\/v2\/pages"}],"about":[{"href":"https:\/\/www.safinel.fr\/de\/wp-json\/wp\/v2\/types\/page"}],"author":[{"embeddable":true,"href":"https:\/\/www.safinel.fr\/de\/wp-json\/wp\/v2\/users\/1"}],"replies":[{"embeddable":true,"href":"https:\/\/www.safinel.fr\/de\/wp-json\/wp\/v2\/comments?post=819"}],"version-history":[{"count":1,"href":"https:\/\/www.safinel.fr\/de\/wp-json\/wp\/v2\/pages\/819\/revisions"}],"predecessor-version":[{"id":820,"href":"https:\/\/www.safinel.fr\/de\/wp-json\/wp\/v2\/pages\/819\/revisions\/820"}],"wp:attachment":[{"href":"https:\/\/www.safinel.fr\/de\/wp-json\/wp\/v2\/media?parent=819"}],"curies":[{"name":"wp","href":"https:\/\/api.w.org\/{rel}","templated":true}]}}