{"id":808,"date":"2022-02-11T12:48:16","date_gmt":"2022-02-11T12:48:16","guid":{"rendered":"https:\/\/www.safinel.fr\/?page_id=808"},"modified":"2022-02-11T12:49:04","modified_gmt":"2022-02-11T12:49:04","slug":"zitronengrasstangel","status":"publish","type":"page","link":"https:\/\/www.safinel.fr\/de\/zitronengrasstangel\/","title":{"rendered":"Die 4 gesundheitlichen Vorteile des Zitronengrasst\u00e4ngels"},"content":{"rendered":"<h1>Die 4 gesundheitlichen Vorteile des Zitronengrasst\u00e4ngels<\/h1>\nZitronengras, auch indisches Eisenkraut genannt, ist eine Pflanze, die auf dem asiatischen Kontinent beheimatet ist. Seien Sie vorsichtig! Zitronengras und Zitrone haben keine Gemeinsamkeiten. Sie wird auch als Java-, Ceylon- oder Indisches Zitronengras bezeichnet. Das Zitronengras wird seit Jahrtausenden in der Naturheilkunde verwendet und hat nicht nur einen Trick auf Lager. Vor allem nicht seine St\u00e4ngel! Wie w\u00e4re es, wenn Sie mit uns 4 <strong>Vorteile des Zitronengrasst\u00e4ngels<\/strong> auf die Gesundheit?\n<h2>Die erstaunliche Zusammensetzung von Zitronengras<\/h2>\nBeginnen wir am Anfang: die Zusammensetzung des Zitronengrases! Es ist dieser Reichtum, der es zu einem <strong><a href=\"https:\/\/www.safinel.fr\/de\/product-category-2\/heilpflanzen\/\">Pflanze mit vielen positiven Eigenschaften<\/a>.<\/strong>\n\nSie besteht aus :\n<ul>\n \t<li>Cytrals (65 bis 86 %)<\/li>\n \t<li>Myrcen<\/li>\n \t<li>Geraniol<\/li>\n \t<li>Fols\u00e4ure<\/li>\n \t<li>Vitamin B1, B5 und B6<\/li>\n \t<li>Verschiedene Mineralien<\/li>\n<\/ul>\nSeine Zusammensetzung ist die eigentliche Grundlage f\u00fcr seine zahlreichen Vorteile. Bleiben Sie dran: Der letzte k\u00f6nnte Sie \u00fcberraschen!\n<h2>Die verdauungsf\u00f6rdernden Vorteile von Zitronengrasst\u00e4ngeln<\/h2>\nDas Javanische Zitronengras ist f\u00fcr seine verdauungsf\u00f6rdernden Eigenschaften bekannt. Sein Gehalt an Mineralien und Vitaminen hat einen erheblichen Einfluss auf die Verdauung und beschleunigt einen etwas eingeschlafenen Magen und Darm deutlich.\n\nIn S\u00fcd- und Ostasien werden die St\u00e4ngel des Zitronengrases in der t\u00e4glichen Ern\u00e4hrung verwendet und tragen zu einer gesunden Verdauung bei.\n\nWenn Ihr Verdauungssystem etwas tr\u00e4ge ist, sollten Sie t\u00e4glich mehr Zitronengrasst\u00e4ngel verwenden. Sie werden schnell einen Unterschied feststellen!\n<h2>Die harntreibenden Eigenschaften des Zitronengrasst\u00e4ngels<\/h2>\nEiner der am meisten gelobten Vorteile des Indischen Eisenkrauts ist seine <strong>diuretische Wirkung<\/strong>.\n\nPflanzen mit harntreibender Wirkung erh\u00f6hen das Urinvolumen und reinigen die Harnwege, indem sie die Ausscheidung von Natrium erleichtern. Nierensteine, Harnwegsinfektionen und andere Probleme im Zusammenhang mit den Harnwegen k\u00f6nnen mit Zitronengrasst\u00e4ngeln teilweise oder vollst\u00e4ndig behandelt werden.\n<h2>Die entz\u00fcndungshemmende und schmerzstillende Wirkung des Indischen Eisenkrauts<\/h2>\nDas Indische Eisenkraut hat sein letztes Wort noch nicht gesprochen! Wussten Sie, dass seine entz\u00fcndungshemmende und schmerzstillende Wirkung weltweit anerkannt ist?\n\nWenn Sie unter Arthritis, Rheuma oder Sehnenscheidenentz\u00fcndung leiden, sind die St\u00e4ngel des Zitronengrases genau das Richtige f\u00fcr Sie. Wenn Sie sie t\u00e4glich anwenden, werden sie Ihre Schmerzen deutlich lindern.\n<h2>Die deodorierende und regulierende Wirkung von Zitronengras<\/h2>\nDiese Tugend der Zitronengrasst\u00e4ngel ist noch immer unbekannt, und doch! Sie w\u00fcrde uns viele Missgeschicke ersparen.\n\nZitronengras hat eine reinigende Wirkung. Der Verzehr von Zitronengras reguliert also Schwei\u00df und Ger\u00fcche und wirkt wie ein Antioxidans. <a href=\"https:\/\/www.deodorant-naturel.com\/\" target=\"_blank\" rel=\"noopener\"><strong>nat\u00fcrliches Deodorant<\/strong><\/a>. Schluss mit schlechten Ger\u00fcchen!\n<h3>Wie verwendet man den St\u00e4ngel des Zitronengrases?<\/h3>\nIn Europa wird eher das \u00e4therische \u00d6l des Zitronengrases als die St\u00e4ngel verwendet. Dennoch ist ihre Verwendung immer noch weniger gef\u00e4hrlich, da die Eigenschaften weniger konzentriert sind als in einem \u00e4therischen \u00d6l.\n\nSie k\u00f6nnen die St\u00e4ngel des Zitronengrases in Ihren kulinarischen Zubereitungen verwenden. Sie bringen nicht nur neue Geschmacksrichtungen in Ihren Gaumen, sondern profitieren auch von all ihren Vorteilen.\n\nEs ist auch m\u00f6glich, die St\u00e4ngel des Zitronengrases als Tee zu konsumieren. Das empfehlen wir Ihnen, damit Sie nichts von seinen Vorteilen verlieren!\n\nLassen Sie die St\u00e4ngel einfach ziehen und trinken Sie dann einen Tee aus indischer Zitronenverbene!\n\n<strong>Sind Sie bereit, sich mithilfe von Zitronengrasst\u00e4ngeln zu pflegen?<\/strong>\n<!-- \/wp:post-content -->","protected":false},"excerpt":{"rendered":"<p>Les 4 bienfaits de la tige de citronnelle&nbsp;sur la sant\u00e9 La citronnelle, aussi appel\u00e9e verveines des indes, est une plante originaire du continent asiatique. Faites attention ! La citronnelle et le citron n\u2019ont aucun point commun. Elle est aussi nomm\u00e9e citronnelle de java, de ceylan, ou des indes. Utilis\u00e9e en m\u00e9decine naturelle depuis des mill\u00e9naires, [&#8230;]","protected":false},"author":1,"featured_media":0,"parent":0,"menu_order":0,"comment_status":"closed","ping_status":"closed","template":"","meta":{"footnotes":""},"class_list":["post-808","page","type-page","status-publish","hentry"],"yoast_head":"<!-- This site is optimized with the Yoast SEO plugin v26.6 - https:\/\/yoast.com\/wordpress\/plugins\/seo\/ -->\n<title>Tige de citronnelle | D\u00e9couvrez 4 bienfaits pour la sant\u00e9<\/title>\n<meta name=\"description\" content=\"Utilis\u00e9e en m\u00e9decine naturelle depuis des mill\u00e9naires. D\u00e9couvriez avec nous 4 bienfaits de la tige de citronnelle.\" \/>\n<meta name=\"robots\" content=\"index, follow, max-snippet:-1, max-image-preview:large, max-video-preview:-1\" \/>\n<link rel=\"canonical\" href=\"https:\/\/www.safinel.fr\/de\/zitronengrasstangel\/\" \/>\n<meta property=\"og:locale\" content=\"de_DE\" \/>\n<meta property=\"og:type\" content=\"article\" \/>\n<meta property=\"og:title\" content=\"Tige de citronnelle | D\u00e9couvrez 4 bienfaits pour la sant\u00e9\" \/>\n<meta property=\"og:description\" content=\"Utilis\u00e9e en m\u00e9decine naturelle depuis des mill\u00e9naires. D\u00e9couvriez avec nous 4 bienfaits de la tige de citronnelle.\" \/>\n<meta property=\"og:url\" content=\"https:\/\/www.safinel.fr\/de\/zitronengrasstangel\/\" \/>\n<meta property=\"og:site_name\" content=\"Safinel\" \/>\n<meta property=\"article:modified_time\" content=\"2022-02-11T12:49:04+00:00\" \/>\n<meta name=\"twitter:card\" content=\"summary_large_image\" \/>\n<meta name=\"twitter:label1\" content=\"Gesch\u00e4tzte Lesezeit\" \/>\n\t<meta name=\"twitter:data1\" content=\"3\u00a0Minuten\" \/>\n<script type=\"application\/ld+json\" class=\"yoast-schema-graph\">{\"@context\":\"https:\/\/schema.org\",\"@graph\":[{\"@type\":\"WebPage\",\"@id\":\"https:\/\/www.safinel.fr\/tige-de-citronnelle\/\",\"url\":\"https:\/\/www.safinel.fr\/tige-de-citronnelle\/\",\"name\":\"Tige de citronnelle | D\u00e9couvrez 4 bienfaits pour la sant\u00e9\",\"isPartOf\":{\"@id\":\"https:\/\/www.safinel.fr\/#website\"},\"datePublished\":\"2022-02-11T12:48:16+00:00\",\"dateModified\":\"2022-02-11T12:49:04+00:00\",\"description\":\"Utilis\u00e9e en m\u00e9decine naturelle depuis des mill\u00e9naires. D\u00e9couvriez avec nous 4 bienfaits de la tige de citronnelle.\",\"breadcrumb\":{\"@id\":\"https:\/\/www.safinel.fr\/tige-de-citronnelle\/#breadcrumb\"},\"inLanguage\":\"de\",\"potentialAction\":[{\"@type\":\"ReadAction\",\"target\":[\"https:\/\/www.safinel.fr\/tige-de-citronnelle\/\"]}]},{\"@type\":\"BreadcrumbList\",\"@id\":\"https:\/\/www.safinel.fr\/tige-de-citronnelle\/#breadcrumb\",\"itemListElement\":[{\"@type\":\"ListItem\",\"position\":1,\"name\":\"Accueil\",\"item\":\"https:\/\/www.safinel.fr\/\"},{\"@type\":\"ListItem\",\"position\":2,\"name\":\"Les 4 bienfaits de la tige de citronnelle\u00a0sur la sant\u00e9\"}]},{\"@type\":\"WebSite\",\"@id\":\"https:\/\/www.safinel.fr\/#website\",\"url\":\"https:\/\/www.safinel.fr\/\",\"name\":\"Safinel\",\"description\":\"\",\"publisher\":{\"@id\":\"https:\/\/www.safinel.fr\/#organization\"},\"potentialAction\":[{\"@type\":\"SearchAction\",\"target\":{\"@type\":\"EntryPoint\",\"urlTemplate\":\"https:\/\/www.safinel.fr\/?s={search_term_string}\"},\"query-input\":{\"@type\":\"PropertyValueSpecification\",\"valueRequired\":true,\"valueName\":\"search_term_string\"}}],\"inLanguage\":\"de\"},{\"@type\":\"Organization\",\"@id\":\"https:\/\/www.safinel.fr\/#organization\",\"name\":\"Safinel\",\"url\":\"https:\/\/www.safinel.fr\/\",\"logo\":{\"@type\":\"ImageObject\",\"inLanguage\":\"de\",\"@id\":\"https:\/\/www.safinel.fr\/#\/schema\/logo\/image\/\",\"url\":\"https:\/\/www.safinel.fr\/wp-content\/uploads\/2021\/05\/boutique-cosmetique.png\",\"contentUrl\":\"https:\/\/www.safinel.fr\/wp-content\/uploads\/2021\/05\/boutique-cosmetique.png\",\"width\":800,\"height\":200,\"caption\":\"Safinel\"},\"image\":{\"@id\":\"https:\/\/www.safinel.fr\/#\/schema\/logo\/image\/\"}}]}<\/script>\n<!-- \/ Yoast SEO plugin. -->","yoast_head_json":{"title":"Zitronengrasst\u00e4ngel | Entdecke 4 gesundheitliche Vorteile","description":"Wird seit Jahrtausenden in der Naturheilkunde verwendet. Entdecken Sie mit uns 4 Vorteile des Zitronengrasst\u00e4ngels.","robots":{"index":"index","follow":"follow","max-snippet":"max-snippet:-1","max-image-preview":"max-image-preview:large","max-video-preview":"max-video-preview:-1"},"canonical":"https:\/\/www.safinel.fr\/de\/zitronengrasstangel\/","og_locale":"de_DE","og_type":"article","og_title":"Tige de citronnelle | D\u00e9couvrez 4 bienfaits pour la sant\u00e9","og_description":"Utilis\u00e9e en m\u00e9decine naturelle depuis des mill\u00e9naires. D\u00e9couvriez avec nous 4 bienfaits de la tige de citronnelle.","og_url":"https:\/\/www.safinel.fr\/de\/zitronengrasstangel\/","og_site_name":"Safinel","article_modified_time":"2022-02-11T12:49:04+00:00","twitter_card":"summary_large_image","twitter_misc":{"Gesch\u00e4tzte Lesezeit":"3\u00a0Minuten"},"schema":{"@context":"https:\/\/schema.org","@graph":[{"@type":"WebPage","@id":"https:\/\/www.safinel.fr\/tige-de-citronnelle\/","url":"https:\/\/www.safinel.fr\/tige-de-citronnelle\/","name":"Zitronengrasst\u00e4ngel | Entdecke 4 gesundheitliche Vorteile","isPartOf":{"@id":"https:\/\/www.safinel.fr\/#website"},"datePublished":"2022-02-11T12:48:16+00:00","dateModified":"2022-02-11T12:49:04+00:00","description":"Wird seit Jahrtausenden in der Naturheilkunde verwendet. Entdecken Sie mit uns 4 Vorteile des Zitronengrasst\u00e4ngels.","breadcrumb":{"@id":"https:\/\/www.safinel.fr\/tige-de-citronnelle\/#breadcrumb"},"inLanguage":"de","potentialAction":[{"@type":"ReadAction","target":["https:\/\/www.safinel.fr\/tige-de-citronnelle\/"]}]},{"@type":"BreadcrumbList","@id":"https:\/\/www.safinel.fr\/tige-de-citronnelle\/#breadcrumb","itemListElement":[{"@type":"ListItem","position":1,"name":"Accueil","item":"https:\/\/www.safinel.fr\/"},{"@type":"ListItem","position":2,"name":"Les 4 bienfaits de la tige de citronnelle\u00a0sur la sant\u00e9"}]},{"@type":"WebSite","@id":"https:\/\/www.safinel.fr\/#website","url":"https:\/\/www.safinel.fr\/","name":"Safinel","description":"","publisher":{"@id":"https:\/\/www.safinel.fr\/#organization"},"potentialAction":[{"@type":"SearchAction","target":{"@type":"EntryPoint","urlTemplate":"https:\/\/www.safinel.fr\/?s={search_term_string}"},"query-input":{"@type":"PropertyValueSpecification","valueRequired":true,"valueName":"search_term_string"}}],"inLanguage":"de"},{"@type":"Organization","@id":"https:\/\/www.safinel.fr\/#organization","name":"Safinel","url":"https:\/\/www.safinel.fr\/","logo":{"@type":"ImageObject","inLanguage":"de","@id":"https:\/\/www.safinel.fr\/#\/schema\/logo\/image\/","url":"https:\/\/www.safinel.fr\/wp-content\/uploads\/2021\/05\/boutique-cosmetique.png","contentUrl":"https:\/\/www.safinel.fr\/wp-content\/uploads\/2021\/05\/boutique-cosmetique.png","width":800,"height":200,"caption":"Safinel"},"image":{"@id":"https:\/\/www.safinel.fr\/#\/schema\/logo\/image\/"}}]}},"_links":{"self":[{"href":"https:\/\/www.safinel.fr\/de\/wp-json\/wp\/v2\/pages\/808","targetHints":{"allow":["GET"]}}],"collection":[{"href":"https:\/\/www.safinel.fr\/de\/wp-json\/wp\/v2\/pages"}],"about":[{"href":"https:\/\/www.safinel.fr\/de\/wp-json\/wp\/v2\/types\/page"}],"author":[{"embeddable":true,"href":"https:\/\/www.safinel.fr\/de\/wp-json\/wp\/v2\/users\/1"}],"replies":[{"embeddable":true,"href":"https:\/\/www.safinel.fr\/de\/wp-json\/wp\/v2\/comments?post=808"}],"version-history":[{"count":2,"href":"https:\/\/www.safinel.fr\/de\/wp-json\/wp\/v2\/pages\/808\/revisions"}],"predecessor-version":[{"id":810,"href":"https:\/\/www.safinel.fr\/de\/wp-json\/wp\/v2\/pages\/808\/revisions\/810"}],"wp:attachment":[{"href":"https:\/\/www.safinel.fr\/de\/wp-json\/wp\/v2\/media?parent=808"}],"curies":[{"name":"wp","href":"https:\/\/api.w.org\/{rel}","templated":true}]}}