{"id":781,"date":"2022-02-05T17:18:18","date_gmt":"2022-02-05T17:18:18","guid":{"rendered":"https:\/\/www.safinel.fr\/?page_id=781"},"modified":"2022-02-05T17:19:58","modified_gmt":"2022-02-05T17:19:58","slug":"die-vorteile-von-datteln","status":"publish","type":"page","link":"https:\/\/www.safinel.fr\/de\/die-vorteile-von-datteln\/","title":{"rendered":"5 gesundheitliche Vorteile von Datteln"},"content":{"rendered":"<h1 class=\"wp-block-heading\" id=\"5-bienfaits-des-dattes-sur-votre-sante\">5 gesundheitliche Vorteile von Datteln<\/h1>\n\n\n\n<p>Datteln werden seit Jahrtausenden in vielen Teilen der Welt verzehrt und sind&nbsp;<strong>ein unbezahlbarer Gesundheitsschatz.<\/strong> In den letzten Jahrzehnten haben sie sich in Frankreich durchgesetzt und tendieren dazu, ein Hauptnahrungsmittel zu werden. Wie w\u00e4re es, wenn Sie mehr \u00fcber die&nbsp;<strong>Vorteile von Datteln<\/strong>&nbsp;? Bleiben Sie dran: Die 5. Wohltat wird viele \u00fcberraschen!<\/p>\n\n\n\n<h2 class=\"wp-block-heading\" id=\"h-les-bienfaits-des-dattes-sur-votre-sant-gastro-intestinale\">Die Vorteile von Datteln f\u00fcr Ihre Magen-Darm-Gesundheit<\/h2>\n\n\n\n<p><strong>Datteln haben eine mehr als positive Wirkung auf Ihre Magen-Darm-Gesundheit.<\/strong><\/p>\n\n\n\n<p>Es ist kein Geheimnis, dass Ballaststoffe f\u00fcr das reibungslose Funktionieren unseres K\u00f6rpers unerl\u00e4sslich sind, insbesondere f\u00fcr den Stuhlgang.<\/p>\n\n\n\n<p>Gute Nachrichten! Datteln enthalten sowohl l\u00f6sliche als auch unl\u00f6sliche Ballaststoffe und erleichtern so die Verdauung!<\/p>\n\n\n\n<p>Eine hohe Ballaststoffzufuhr sorgt auch daf\u00fcr, dass das S\u00e4ttigungsgef\u00fchl schneller eintritt. Wenn wir unseren Bauch gef\u00fcllt f\u00fchlen, neigen wir dazu, weniger zu essen,&nbsp;<strong>was eine gute Gewohnheit f\u00fcr Ihr Darmsystem ist.<\/strong><\/p>\n\n\n\n<p>Weniger essen, besser essen!<\/p>\n\n\n\n<h2 class=\"wp-block-heading\" id=\"h-la-datte-riche-en-vitamines-et-min-raux\">Die Dattel: reich an Vitaminen und Mineralien<\/h2>\n\n\n\n<p>Der Vitamin- und Mineralstoffgehalt von Datteln grenzt an ein Wunder.<\/p>\n\n\n\n<p>Eine Dattel allein enth\u00e4lt Kalium, Kalzium, Phosphor, Magnesium, die Vitamine C, E, B2, B3, A1, B1, B6, B5 und Vitamin K.<\/p>\n\n\n\n<p>Hat die Aufz\u00e4hlung Sie verwirrt? Keine Panik:&nbsp;<strong>das Wichtigste ist, sich zu merken, dass die Dattel ein Konzentrat an guten Dingen ist.<\/strong><\/p>\n\n\n\n<p>Der regelm\u00e4\u00dfige Verzehr tr\u00e4gt also zur allgemeinen Gesundheit Ihres K\u00f6rpers bei. Vor allem bei Diabetes ist jedoch Vorsicht geboten: zu viel ist zu viel!<\/p>\n\n\n\n<h2 class=\"wp-block-heading\" id=\"h-les-vertus-des-dattes-sur-la-fatigue\">Die Vorz\u00fcge von Datteln gegen M\u00fcdigkeit<\/h2>\n\n\n\n<p>Sie wissen es jetzt: Datteln sind reich an&nbsp;<strong>Vitamine, Mineralien, Ballaststoffe und Kohlenhydrate.<\/strong><\/p>\n\n\n\n<p>Durch die Zufuhr von Vitaminen und Mineralstoffen,&nbsp;<strong>ihr regelm\u00e4\u00dfiger Konsum wirkt sich dauerhaft und t\u00e4glich auf Ihre M\u00fcdigkeit aus<\/strong>. Aber das ist noch nicht alles!&nbsp;<strong>Die in Datteln enthaltenen Kohlenhydrate wirken wie schnelle Zucker.<\/strong>&nbsp;Mit anderen Worten: Es ist ein sofortiger Energieschub! Denken Sie daran, wenn Sie am Tag einen Durchh\u00e4nger haben.<\/p>\n\n\n\n<h2 class=\"wp-block-heading\" id=\"h-les-bienfaits-des-dattes-r-guler-son-app-tit-naturellement\">Die Vorteile von Datteln: Den Appetit nat\u00fcrlich regulieren<\/h2>\n\n\n\n<p>Datteln haben aufgrund ihres Ballaststoffgehalts die Tendenz, den Appetit zu regulieren. Da das S\u00e4ttigungsgef\u00fchl schneller eintritt, k\u00f6nnen sie zu einem&nbsp;<strong><a href=\"https:\/\/www.safinel.fr\/de\/product-2\/kirschschwanze\/\">Schlankheitsnahrung<\/a><\/strong>&nbsp;interessant. Au\u00dferdem schr\u00e4nkt ihr s\u00fc\u00dfer Geschmack den katastrophalen Hei\u00dfhunger auf wei\u00dfen Zucker ein.<\/p>\n\n\n\n<p>\u00dcber den Schlankheitsaspekt hinaus,&nbsp;<strong>Die Regulierung des Appetits geh\u00f6rt zu einer gesunden Lebensweise.<\/strong><\/p>\n\n\n\n<p>Wenig zu essen belastet den Darm weniger, verringert die M\u00fcdigkeit, macht st\u00e4rker und wacher und hilft, Schl\u00e4frigkeit zu vermeiden.<\/p>\n\n\n\n<p><strong>Mit Datteln den Appetit regulieren - eine gute Idee, oder?<\/strong><\/p>\n\n\n\n<h2 class=\"wp-block-heading\" id=\"h-l-ultime-bienfait-insoup-onn-des-dattes-un-rem-de-lors-de-l-accouchement\">Die letzte ungeahnte Wohltat von Datteln: ein Heilmittel bei der Geburt<\/h2>\n\n\n\n<p>Diesen einen haben Sie bestimmt nicht erwartet. Und doch ist es so! Eine aktuelle Studie aus Jordanien zeigt, dass die&nbsp;<strong>regelm\u00e4\u00dfiger Verzehr von Datteln w\u00e4hrend der Schwangerschaft<\/strong>, Die Tatsache, dass Sie sich vor allem in den letzten Wochen vor der Geburt mit dem Thema besch\u00e4ftigen, macht es f\u00fcr Sie viel leichter, damit umzugehen.<\/p>\n\n\n\n<p>Weniger Schmerzen, leichtere und sogar schnellere Wehen. Auch die Beschwerden nach der Geburt w\u00fcrden vom K\u00f6rper der Frau besser bew\u00e4ltigt werden.<\/p>\n\n\n\n<p>Die genaue Ursache f\u00fcr diesen (nicht unerheblichen) Vorteil wurde noch nicht ermittelt. Weitere Studien m\u00fcssen diese ersten Beobachtungen erg\u00e4nzen.<\/p>\n\n\n\n<p>Trotzdem: Lassen Sie es sich nicht nehmen!&nbsp;<strong><a href=\"https:\/\/www.dattes-ajwa.com\/dattes-accouchement\/\" target=\"_blank\" rel=\"noreferrer noopener\">Die Geburt nat\u00fcrlich erleichtern<\/a>, Das passiert nicht jeden Tag!<\/strong><\/p>\n\n\n\n<p><strong>Wie w\u00e4re es, wenn Sie aus der Dattel einen Schatz f\u00fcr den Alltag machen?<\/strong><\/p>","protected":false},"excerpt":{"rendered":"<p>5 gesundheitliche Vorteile von Datteln Datteln werden seit Jahrtausenden in vielen Teilen der Welt verzehrt und sind ein unsch\u00e4tzbarer Gesundheitsschatz. Seit einigen Jahrzehnten haben sie auch in Frankreich Einzug gehalten und entwickeln sich immer mehr zu einem Hauptnahrungsmittel. Wie w\u00e4re es, wenn Sie mehr \u00fcber die Vorteile von Datteln erfahren w\u00fcrden? Bleiben Sie [...].","protected":false},"author":1,"featured_media":0,"parent":0,"menu_order":0,"comment_status":"closed","ping_status":"closed","template":"","meta":{"footnotes":""},"class_list":["post-781","page","type-page","status-publish","hentry"],"yoast_head":"<!-- This site is optimized with the Yoast SEO plugin v26.6 - https:\/\/yoast.com\/wordpress\/plugins\/seo\/ -->\n<title>5 bienfaits des dattes sur votre sant\u00e9 - Safinel<\/title>\n<meta name=\"robots\" content=\"index, follow, max-snippet:-1, max-image-preview:large, max-video-preview:-1\" \/>\n<link rel=\"canonical\" href=\"https:\/\/www.safinel.fr\/de\/die-vorteile-von-datteln\/\" \/>\n<meta property=\"og:locale\" content=\"de_DE\" \/>\n<meta property=\"og:type\" content=\"article\" \/>\n<meta property=\"og:title\" content=\"5 bienfaits des dattes sur votre sant\u00e9 - Safinel\" \/>\n<meta property=\"og:description\" content=\"5 bienfaits des dattes sur votre sant\u00e9 Les dattes sont consomm\u00e9es depuis des mill\u00e9naires dans de nombreuses contr\u00e9es du monde, et sont&nbsp;un tr\u00e9sor sant\u00e9 inestimable. Depuis quelques d\u00e9cennies, elles ont fait leur entr\u00e9e sur le territoire fran\u00e7ais, et tendent \u00e0 devenir un aliment phare. Et si vous en d\u00e9couvriez plus sur les&nbsp;bienfaits des dattes&nbsp;? Restez [...]\" \/>\n<meta property=\"og:url\" content=\"https:\/\/www.safinel.fr\/de\/die-vorteile-von-datteln\/\" \/>\n<meta property=\"og:site_name\" content=\"Safinel\" \/>\n<meta property=\"article:modified_time\" content=\"2022-02-05T17:19:58+00:00\" \/>\n<meta name=\"twitter:card\" content=\"summary_large_image\" \/>\n<meta name=\"twitter:label1\" content=\"Gesch\u00e4tzte Lesezeit\" \/>\n\t<meta name=\"twitter:data1\" content=\"3\u00a0Minuten\" \/>\n<script type=\"application\/ld+json\" class=\"yoast-schema-graph\">{\"@context\":\"https:\/\/schema.org\",\"@graph\":[{\"@type\":\"WebPage\",\"@id\":\"https:\/\/www.safinel.fr\/les-bienfaits-des-dattes\/\",\"url\":\"https:\/\/www.safinel.fr\/les-bienfaits-des-dattes\/\",\"name\":\"5 bienfaits des dattes sur votre sant\u00e9 - Safinel\",\"isPartOf\":{\"@id\":\"https:\/\/www.safinel.fr\/#website\"},\"datePublished\":\"2022-02-05T17:18:18+00:00\",\"dateModified\":\"2022-02-05T17:19:58+00:00\",\"breadcrumb\":{\"@id\":\"https:\/\/www.safinel.fr\/les-bienfaits-des-dattes\/#breadcrumb\"},\"inLanguage\":\"de\",\"potentialAction\":[{\"@type\":\"ReadAction\",\"target\":[\"https:\/\/www.safinel.fr\/les-bienfaits-des-dattes\/\"]}]},{\"@type\":\"BreadcrumbList\",\"@id\":\"https:\/\/www.safinel.fr\/les-bienfaits-des-dattes\/#breadcrumb\",\"itemListElement\":[{\"@type\":\"ListItem\",\"position\":1,\"name\":\"Accueil\",\"item\":\"https:\/\/www.safinel.fr\/\"},{\"@type\":\"ListItem\",\"position\":2,\"name\":\"5 bienfaits des dattes sur votre sant\u00e9\"}]},{\"@type\":\"WebSite\",\"@id\":\"https:\/\/www.safinel.fr\/#website\",\"url\":\"https:\/\/www.safinel.fr\/\",\"name\":\"Safinel\",\"description\":\"\",\"publisher\":{\"@id\":\"https:\/\/www.safinel.fr\/#organization\"},\"potentialAction\":[{\"@type\":\"SearchAction\",\"target\":{\"@type\":\"EntryPoint\",\"urlTemplate\":\"https:\/\/www.safinel.fr\/?s={search_term_string}\"},\"query-input\":{\"@type\":\"PropertyValueSpecification\",\"valueRequired\":true,\"valueName\":\"search_term_string\"}}],\"inLanguage\":\"de\"},{\"@type\":\"Organization\",\"@id\":\"https:\/\/www.safinel.fr\/#organization\",\"name\":\"Safinel\",\"url\":\"https:\/\/www.safinel.fr\/\",\"logo\":{\"@type\":\"ImageObject\",\"inLanguage\":\"de\",\"@id\":\"https:\/\/www.safinel.fr\/#\/schema\/logo\/image\/\",\"url\":\"https:\/\/www.safinel.fr\/wp-content\/uploads\/2021\/05\/boutique-cosmetique.png\",\"contentUrl\":\"https:\/\/www.safinel.fr\/wp-content\/uploads\/2021\/05\/boutique-cosmetique.png\",\"width\":800,\"height\":200,\"caption\":\"Safinel\"},\"image\":{\"@id\":\"https:\/\/www.safinel.fr\/#\/schema\/logo\/image\/\"}}]}<\/script>\n<!-- \/ Yoast SEO plugin. -->","yoast_head_json":{"title":"5 Vorteile von Datteln f\u00fcr Ihre Gesundheit - Safinel","robots":{"index":"index","follow":"follow","max-snippet":"max-snippet:-1","max-image-preview":"max-image-preview:large","max-video-preview":"max-video-preview:-1"},"canonical":"https:\/\/www.safinel.fr\/de\/die-vorteile-von-datteln\/","og_locale":"de_DE","og_type":"article","og_title":"5 bienfaits des dattes sur votre sant\u00e9 - Safinel","og_description":"5 bienfaits des dattes sur votre sant\u00e9 Les dattes sont consomm\u00e9es depuis des mill\u00e9naires dans de nombreuses contr\u00e9es du monde, et sont&nbsp;un tr\u00e9sor sant\u00e9 inestimable. Depuis quelques d\u00e9cennies, elles ont fait leur entr\u00e9e sur le territoire fran\u00e7ais, et tendent \u00e0 devenir un aliment phare. Et si vous en d\u00e9couvriez plus sur les&nbsp;bienfaits des dattes&nbsp;? Restez [...]","og_url":"https:\/\/www.safinel.fr\/de\/die-vorteile-von-datteln\/","og_site_name":"Safinel","article_modified_time":"2022-02-05T17:19:58+00:00","twitter_card":"summary_large_image","twitter_misc":{"Gesch\u00e4tzte Lesezeit":"3\u00a0Minuten"},"schema":{"@context":"https:\/\/schema.org","@graph":[{"@type":"WebPage","@id":"https:\/\/www.safinel.fr\/les-bienfaits-des-dattes\/","url":"https:\/\/www.safinel.fr\/les-bienfaits-des-dattes\/","name":"5 Vorteile von Datteln f\u00fcr Ihre Gesundheit - Safinel","isPartOf":{"@id":"https:\/\/www.safinel.fr\/#website"},"datePublished":"2022-02-05T17:18:18+00:00","dateModified":"2022-02-05T17:19:58+00:00","breadcrumb":{"@id":"https:\/\/www.safinel.fr\/les-bienfaits-des-dattes\/#breadcrumb"},"inLanguage":"de","potentialAction":[{"@type":"ReadAction","target":["https:\/\/www.safinel.fr\/les-bienfaits-des-dattes\/"]}]},{"@type":"BreadcrumbList","@id":"https:\/\/www.safinel.fr\/les-bienfaits-des-dattes\/#breadcrumb","itemListElement":[{"@type":"ListItem","position":1,"name":"Accueil","item":"https:\/\/www.safinel.fr\/"},{"@type":"ListItem","position":2,"name":"5 bienfaits des dattes sur votre sant\u00e9"}]},{"@type":"WebSite","@id":"https:\/\/www.safinel.fr\/#website","url":"https:\/\/www.safinel.fr\/","name":"Safinel","description":"","publisher":{"@id":"https:\/\/www.safinel.fr\/#organization"},"potentialAction":[{"@type":"SearchAction","target":{"@type":"EntryPoint","urlTemplate":"https:\/\/www.safinel.fr\/?s={search_term_string}"},"query-input":{"@type":"PropertyValueSpecification","valueRequired":true,"valueName":"search_term_string"}}],"inLanguage":"de"},{"@type":"Organization","@id":"https:\/\/www.safinel.fr\/#organization","name":"Safinel","url":"https:\/\/www.safinel.fr\/","logo":{"@type":"ImageObject","inLanguage":"de","@id":"https:\/\/www.safinel.fr\/#\/schema\/logo\/image\/","url":"https:\/\/www.safinel.fr\/wp-content\/uploads\/2021\/05\/boutique-cosmetique.png","contentUrl":"https:\/\/www.safinel.fr\/wp-content\/uploads\/2021\/05\/boutique-cosmetique.png","width":800,"height":200,"caption":"Safinel"},"image":{"@id":"https:\/\/www.safinel.fr\/#\/schema\/logo\/image\/"}}]}},"_links":{"self":[{"href":"https:\/\/www.safinel.fr\/de\/wp-json\/wp\/v2\/pages\/781","targetHints":{"allow":["GET"]}}],"collection":[{"href":"https:\/\/www.safinel.fr\/de\/wp-json\/wp\/v2\/pages"}],"about":[{"href":"https:\/\/www.safinel.fr\/de\/wp-json\/wp\/v2\/types\/page"}],"author":[{"embeddable":true,"href":"https:\/\/www.safinel.fr\/de\/wp-json\/wp\/v2\/users\/1"}],"replies":[{"embeddable":true,"href":"https:\/\/www.safinel.fr\/de\/wp-json\/wp\/v2\/comments?post=781"}],"version-history":[{"count":2,"href":"https:\/\/www.safinel.fr\/de\/wp-json\/wp\/v2\/pages\/781\/revisions"}],"predecessor-version":[{"id":784,"href":"https:\/\/www.safinel.fr\/de\/wp-json\/wp\/v2\/pages\/781\/revisions\/784"}],"wp:attachment":[{"href":"https:\/\/www.safinel.fr\/de\/wp-json\/wp\/v2\/media?parent=781"}],"curies":[{"name":"wp","href":"https:\/\/api.w.org\/{rel}","templated":true}]}}