{"id":10335,"date":"2023-12-19T16:35:16","date_gmt":"2023-12-19T16:35:16","guid":{"rendered":"https:\/\/www.safinel.fr\/?page_id=10335"},"modified":"2023-12-19T16:41:47","modified_gmt":"2023-12-19T16:41:47","slug":"afrikanisches-make-up-frau","status":"publish","type":"page","link":"https:\/\/www.safinel.fr\/de\/afrikanisches-make-up-frau\/","title":{"rendered":"Afrikanisches Make-up f\u00fcr Frauen: Die Kunst, sich mit kultureller Sch\u00f6nheit zu sublimieren"},"content":{"rendered":"<div class=\"container section-title-container\" ><h1 class=\"section-title section-title-center\"><b aria-hidden=\"true\"><\/b><span class=\"section-title-main\" style=\"color:rgb(89, 192, 16);\">afrikanisches Make-up Frau<\/span><b aria-hidden=\"true\"><\/b><\/h1><\/div>\n\n<div class=\"row\"  id=\"row-709691121\">\n\n\n\t<div id=\"col-412427654\" class=\"col medium-4 small-12 large-4\"  >\n\t\t\t\t<div class=\"col-inner\"  >\n\t\t\t\n\t\t\t\n\n\n  \n    <div class=\"row large-columns-1 medium-columns- small-columns- row-small\" >\n  <div class=\"product-category col\" >\n            <div class=\"col-inner\">\n              <a aria-label=\"Produktkategorie Aker fassi besuchen\" href=\"https:\/\/www.safinel.fr\/de\/product-category-2\/aker-fassi\/\" data-no-translation-aria-label=\"\">                <div class=\"box box-category has-hover box-badge hover-dark\">\n                <div class=\"box-image\" >\n                  <div class=\"\" >\n                  <img decoding=\"async\" src=\"https:\/\/www.safinel.fr\/wp-content\/uploads\/2023\/02\/aker-el-fassi-s.jpg\" alt=\"Aker fassi\" width=\"300\" height=\"300\" \/>                                                      <\/div>\n                <\/div>\n                <div class=\"box-text text-center\" >\n                  <div class=\"box-text-inner\">\n                      <h5 class=\"uppercase header-title\">\n                              Aker fassi                      <\/h5>\n                                            <p class=\"is-xsmall uppercase count\">\n\t                      4 Produkte                      <\/p>\n                                            \n                  <\/div>\n                <\/div>\n                <\/div>\n            <\/a>            <\/div>\n            <\/div><\/div>\n\n\n\t\t<\/div>\n\t\t\t\t\t<\/div>\n\n\t\n\n\t<div id=\"col-1674814071\" class=\"col medium-4 small-12 large-4\"  >\n\t\t\t\t<div class=\"col-inner\"  >\n\t\t\t\n\t\t\t\n\n\n  \n    <div class=\"row large-columns-1 medium-columns- small-columns- row-small\" >\n  <div class=\"product-category col\" >\n            <div class=\"col-inner\">\n              <a aria-label=\"Produktkategorie Cr\u00e8mes \u00e9claircissantes besuchen\" href=\"https:\/\/www.safinel.fr\/de\/product-category-2\/aufhellende-cremes\/\" data-no-translation-aria-label=\"\">                <div class=\"box box-category has-hover box-badge hover-dark\">\n                <div class=\"box-image\" >\n                  <div class=\"\" >\n                  <img decoding=\"async\" src=\"https:\/\/www.safinel.fr\/wp-content\/uploads\/2023\/12\/creme-carotone.jpg\" alt=\"Aufhellende Cremes\" width=\"300\" height=\"300\" \/>                                                      <\/div>\n                <\/div>\n                <div class=\"box-text text-center\" >\n                  <div class=\"box-text-inner\">\n                      <h5 class=\"uppercase header-title\">\n                              Aufhellende Cremes                      <\/h5>\n                                            <p class=\"is-xsmall uppercase count\">\n\t                      7 Produkte                      <\/p>\n                                            \n                  <\/div>\n                <\/div>\n                <\/div>\n            <\/a>            <\/div>\n            <\/div><\/div>\n\n\n\t\t<\/div>\n\t\t\t\t\t<\/div>\n\n\t\n\n\t<div id=\"col-270338934\" class=\"col medium-4 small-12 large-4\"  >\n\t\t\t\t<div class=\"col-inner\"  >\n\t\t\t\n\t\t\t\n\n\n  \n    <div class=\"row large-columns-1 medium-columns- small-columns- row-small\" >\n  <div class=\"product-category col\" >\n            <div class=\"col-inner\">\n              <a aria-label=\"Produktkategorie Musc Tahara intime besuchen\" href=\"https:\/\/www.safinel.fr\/de\/product-category-2\/moschus-tahara-intim\/\" data-no-translation-aria-label=\"\">                <div class=\"box box-category has-hover box-badge hover-dark\">\n                <div class=\"box-image\" >\n                  <div class=\"\" >\n                  <img decoding=\"async\" src=\"https:\/\/www.safinel.fr\/wp-content\/uploads\/2023\/02\/musc-tahara-barbe-a-papa.jpg\" alt=\"Moschus Tahara intim\" width=\"300\" height=\"300\" \/>                                                      <\/div>\n                <\/div>\n                <div class=\"box-text text-center\" >\n                  <div class=\"box-text-inner\">\n                      <h5 class=\"uppercase header-title\">\n                              Moschus Tahara intim                      <\/h5>\n                                            <p class=\"is-xsmall uppercase count\">\n\t                      18 Produkte                      <\/p>\n                                            \n                  <\/div>\n                <\/div>\n                <\/div>\n            <\/a>            <\/div>\n            <\/div><\/div>\n\n\n\t\t<\/div>\n\t\t\t\t\t<\/div>\n\n\t\n\n<\/div>\n<div class=\"row\"  id=\"row-17997089\">\n\n\n\t<div id=\"col-1321539588\" class=\"col medium-4 small-12 large-4\"  >\n\t\t\t\t<div class=\"col-inner\"  >\n\t\t\t\n\t\t\t\n\n\n  \n    <div class=\"row large-columns-1 medium-columns- small-columns- row-small\" >\n  <div class=\"product-category col\" >\n            <div class=\"col-inner\">\n              <a aria-label=\"Produktkategorie Nila besuchen\" href=\"https:\/\/www.safinel.fr\/de\/product-category-2\/nila\/\" data-no-translation-aria-label=\"\">                <div class=\"box box-category has-hover box-badge hover-dark\">\n                <div class=\"box-image\" >\n                  <div class=\"\" >\n                  <img decoding=\"async\" src=\"https:\/\/www.safinel.fr\/wp-content\/uploads\/2022\/08\/poudre-de-nila-1.jpg\" alt=\"Nila\" width=\"300\" height=\"300\" \/>                                                      <\/div>\n                <\/div>\n                <div class=\"box-text text-center\" >\n                  <div class=\"box-text-inner\">\n                      <h5 class=\"uppercase header-title\">\n                              Nila                      <\/h5>\n                                            <p class=\"is-xsmall uppercase count\">\n\t                      5 Produkte                      <\/p>\n                                            \n                  <\/div>\n                <\/div>\n                <\/div>\n            <\/a>            <\/div>\n            <\/div><\/div>\n\n\n\t\t<\/div>\n\t\t\t\t\t<\/div>\n\n\t\n\n\t<div id=\"col-1844876519\" class=\"col medium-4 small-12 large-4\"  >\n\t\t\t\t<div class=\"col-inner\"  >\n\t\t\t\n\t\t\t\n\n\n\t\t<\/div>\n\t\t\t\t\t<\/div>\n\n\t\n\n\t<div id=\"col-1258546177\" class=\"col medium-4 small-12 large-4\"  >\n\t\t\t\t<div class=\"col-inner\"  >\n\t\t\t\n\t\t\t\n\n\n\t\t<\/div>\n\t\t\t\t\t<\/div>\n\n\t\n\n<\/div>\n\n\n\n<p>Die&nbsp;<strong>afrikanisches Make-up Frau<\/strong>&nbsp;ist eine uralte Kunst, die die Zeiten \u00fcberdauert und sich an neue Trends angepasst hat, um die Welt der Mode und der Sch\u00f6nheit weiterhin zu faszinieren. Er ist nicht nur eine einfache Betonung der Gesichtsz\u00fcge, sondern auch ein Ausdruck des reichen kulturellen und spirituellen Erbes Afrikas.<\/p>\n\n\n\n<h2 class=\"wp-block-heading\"><strong>Der Ursprung und die Entwicklung des afrikanischen Make-ups<\/strong><\/h2>\n\n\n\n<p>Die ersten Spuren von Make-up auf dem afrikanischen Kontinent reichen bis in die Urzeit zur\u00fcck. Schon die primitiven Zivilisationen verwendeten verschiedene Arten von nat\u00fcrlichen Pigmenten, um sich Gesicht und K\u00f6rper zu einem bestimmten Zweck zu bemalen:<\/p>\n\n\n\n<ul class=\"wp-block-list\">\n<li><strong>Soziokulturelle Riten :<\/strong>\u00a0Hochzeit, Initiation oder religi\u00f6se Zeremonie. Sie dienten dazu, wichtige Schritte im Leben zu markieren oder eine Verbindung zwischen den Generationen herzustellen.<\/li>\n\n\n\n<li><strong>Kriegerische Rituale :<\/strong>&nbsp;hatte das Make-up damals die Funktion, den K\u00e4mpfern Selbstvertrauen zu verleihen und sie f\u00fcr den Feind einsch\u00fcchternder zu machen.<\/li>\n\n\n\n<li><strong>Soziale und spirituelle Ausdrucksformen :<\/strong>&nbsp;eine Art, seinen Stamm, seinen Clan oder seine Kaste zu repr\u00e4sentieren und sich mit den Geistern in Verbindung zu setzen.<\/li>\n<\/ul>\n\n\n\n<p>Im Laufe der Zeit hat sich das afrikanische Make-up weiterentwickelt und diversifiziert, wobei es seine Inspiration sowohl aus lokalen Br\u00e4uchen als auch aus Br\u00e4uchen bezieht, die von anderen Kontinenten, insbesondere vom transatlantischen Handel, mitgebracht wurden.<\/p>\n\n\n\n<h2 class=\"wp-block-heading\"><strong>Die Merkmale afrikanischen Make-ups f\u00fcr Frauen<\/strong><\/h2>\n\n\n\n<p><strong>Reich an Farben und Mustern :<\/strong>\u00a0eine der wichtigsten Besonderheiten des afrikanischen Make-ups sind die kr\u00e4ftigen und kontrastreichen Farben, die an die Landschaften und die lokale Tierwelt erinnern. Die nat\u00fcrlichen Pigmente (Ocker, Kohle, Steinpulver). Sie werden untereinander gemischt, um sehr unterschiedliche Farbt\u00f6ne zu erzeugen, die die verschiedenen Hautt\u00f6ne der afrikanischen Haut hervorheben.<\/p>\n\n\n\n<h3 class=\"wp-block-heading\"><strong>Die Bedeutung von geometrischen und abstrakten Mustern<\/strong><\/h3>\n\n\n\n<p>Zeichnungen sind ein wesentlicher Bestandteil des traditionellen afrikanischen Make-ups. Sie werden oft mit Feingef\u00fchl und Pr\u00e4zision ausgef\u00fchrt, um ein harmonisches Ergebnis zu erzielen. Durch diese Ornamente kann man den ganzen kulturellen Reichtum eines Volkes wiederfinden. Symbolisiert durch einfache oder komplexere geometrische Figuren :<\/p>\n\n\n\n<ul class=\"wp-block-list\">\n<li>Kreise: stehen f\u00fcr Einheit und Schutz,<\/li>\n\n\n\n<li>Dreiecke: erinnern an St\u00e4rke und Macht,<\/li>\n\n\n\n<li>Linien: verweisen auf Gleichgewicht und Harmonie.<\/li>\n<\/ul>\n\n\n\n<p><strong>Eine visuelle Inszenierung :<\/strong>\u00a0Neben Farben und Formen werden auch die Gesichtsz\u00fcge mit Techniken wie Contouring zur Neugestaltung der Wangenknochen oder Highlighting zur Aufhellung bestimmter Schl\u00fcsselbereiche ver\u00e4ndert. Diese k\u00fcnstlerische Dimension erm\u00f6glicht es Frauen, sich zu ihrer Identit\u00e4t zu bekennen. Sie k\u00f6nnen sich in ihrem Alltag oder bei besonderen Anl\u00e4ssen sublimieren.<\/p>\n\n\n\n<h2 class=\"wp-block-heading\"><strong>Die verschiedenen Inspirationen des afrikanischen Make-ups f\u00fcr Frauen<\/strong><\/h2>\n\n\n\n<p>Afrikanisches Make-up entwickelt sich je nach Epoche, Region und kulturellem Einfluss st\u00e4ndig weiter. Daher gibt es eine gro\u00dfe Vielfalt an Stilen, die den verschiedenen V\u00f6lkern und Traditionen Tribut zollen:<\/p>\n\n\n\n<ul class=\"wp-block-list\">\n<li>die<strong>\u00e4gyptisches Make-up<\/strong>, Mit ihrem ber\u00fchmten schwarzen Eyeliner, der ihre Augen betonte, und ihren Lippen in leuchtendem Rot,<\/li>\n\n\n\n<li>die Gr\u00fcnde\u00a0<strong>Berber<\/strong>, in dem der <strong><a href=\"https:\/\/www.safinel.fr\/de\/product-2\/weiser-henne-in-kegel\/\">Henna<\/a><\/strong> wird verwendet, um geometrische Formen auf die H\u00e4nde und das Gesicht zu zeichnen,<\/li>\n\n\n\n<li>die&nbsp;<strong>Tribal-Make-up<\/strong>&nbsp;Westafrikas, das durch den Kontrast zwischen Erdfarben (Ocker, Braun) und auff\u00e4lligeren Farben wie Gr\u00fcn, Blau oder Fuchsia gepr\u00e4gt ist,<\/li>\n\n\n\n<li>die&nbsp;<strong>zeitgen\u00f6ssische Trends<\/strong>&nbsp;aus der Modewelt stammen und von internationalen Ber\u00fchmtheiten beeinflusst sind.<\/li>\n<\/ul>\n\n\n\n<h3 class=\"wp-block-heading\"><strong>Sich von den g\u00e4ngigen Vorstellungen \u00fcber Pinterest und andere soziale Netzwerke inspirieren lassen<\/strong><\/h3>\n\n\n\n<p>Hier finden Sie Inspirationen f\u00fcr Ihre Kreativit\u00e4t und ein perfektes afrikanisches Make-up f\u00fcr Frauen. Es gibt nichts Besseres als die Flut an Ideen, die in sozialen Netzwerken wie Pinterest oder Instagram zu finden sind. Themenboards, Tutorials und elegante Fotos laden uns dazu ein, diese farbenfrohe Welt zu erkunden und geben uns wertvolle Tipps, wie wir unsere eigene Sch\u00f6nheitspflege erfolgreich umsetzen k\u00f6nnen.<\/p>\n\n\n\n<h3 class=\"wp-block-heading\"><strong>Die Must-haves des afrikanischen Make-ups f\u00fcr Frauen<\/strong><\/h3>\n\n\n\n<p>Hier ist eine nicht ersch\u00f6pfende Liste von Produkten, die f\u00fcr einen&nbsp;<strong>erfolgreiches afrikanisches Make-up<\/strong>&nbsp;:<\/p>\n\n\n\n<ol class=\"wp-block-list\">\n<li>Eine Palette mit Lidschatten in kr\u00e4ftigen Farben (gr\u00fcn, gelb, orange, rot...),<\/li>\n\n\n\n<li>Ein schwarzer Eyeliner f\u00fcr einen intensiven Lidstrich,<\/li>\n\n\n\n<li>Metallpigmente (Bronze, Gold, Silber), um Licht ins Spiel zu bringen,<\/li>\n\n\n\n<li>Ein dunkler Bleistift oder Rouge, um die Augenpartie zu betonen,<\/li>\n\n\n\n<li>Eine volumengebende Mascara, um die Wimpern zu verl\u00e4ngern und zu verdichten,<\/li>\n\n\n\n<li>Ein Rouge in Terrakotta oder Koralle, um den Teint zu erw\u00e4rmen,<\/li>\n\n\n\n<li>Ein gewagter Lippenstift, der sich von der Masse abhebt.<\/li>\n<\/ol>\n\n\n\n<p>Letztendlich ist afrikanisches Make-up f\u00fcr Frauen viel mehr als nur eine Frage der \u00c4sthetik. Es handelt sich um eine reiche Kultur, die \u00fcber Generationen hinweg weitergegeben wird. Durch diese Kunst bekr\u00e4ftigen Frauen ihre Weiblichkeit, feiern ihr Erbe und pr\u00e4gen ihre Pers\u00f6nlichkeit.<\/p>","protected":false},"excerpt":{"rendered":"<p>Das afrikanische Make-up f\u00fcr Frauen ist eine alte Kunst, die die Zeiten \u00fcberdauert und sich an neue Trends angepasst hat, um die Welt der Mode und Sch\u00f6nheit weiterhin zu faszinieren. Es dient nicht nur dazu, die Gesichtsz\u00fcge zu betonen, sondern ist auch Ausdruck des reichen kulturellen und spirituellen Erbes Afrikas. [\u2026]","protected":false},"author":156,"featured_media":0,"parent":0,"menu_order":0,"comment_status":"closed","ping_status":"closed","template":"","meta":{"footnotes":""},"class_list":["post-10335","page","type-page","status-publish","hentry"],"yoast_head":"<!-- This site is optimized with the Yoast SEO plugin v26.6 - https:\/\/yoast.com\/wordpress\/plugins\/seo\/ -->\n<title>Maquillage africain femme | Large s\u00e9lection | Achat en France<\/title>\n<meta name=\"description\" content=\"Le\u00a0maquillage africain femme est un art ancestral qui a su traverser les \u00e9poques et s\u2019adapter aux nouvelles tendances.\" \/>\n<meta name=\"robots\" content=\"index, follow, max-snippet:-1, max-image-preview:large, max-video-preview:-1\" \/>\n<link rel=\"canonical\" href=\"https:\/\/www.safinel.fr\/de\/afrikanisches-make-up-frau\/\" \/>\n<meta property=\"og:locale\" content=\"de_DE\" \/>\n<meta property=\"og:type\" content=\"article\" \/>\n<meta property=\"og:title\" content=\"Maquillage africain femme | Large s\u00e9lection | Achat en France\" \/>\n<meta property=\"og:description\" content=\"Le\u00a0maquillage africain femme est un art ancestral qui a su traverser les \u00e9poques et s\u2019adapter aux nouvelles tendances.\" \/>\n<meta property=\"og:url\" content=\"https:\/\/www.safinel.fr\/de\/afrikanisches-make-up-frau\/\" \/>\n<meta property=\"og:site_name\" content=\"Safinel\" \/>\n<meta property=\"article:modified_time\" content=\"2023-12-19T16:41:47+00:00\" \/>\n<meta name=\"twitter:card\" content=\"summary_large_image\" \/>\n<meta name=\"twitter:label1\" content=\"Gesch\u00e4tzte Lesezeit\" \/>\n\t<meta name=\"twitter:data1\" content=\"4\u00a0Minuten\" \/>\n<script type=\"application\/ld+json\" class=\"yoast-schema-graph\">{\"@context\":\"https:\/\/schema.org\",\"@graph\":[{\"@type\":\"WebPage\",\"@id\":\"https:\/\/www.safinel.fr\/maquillage-africain-femme\/\",\"url\":\"https:\/\/www.safinel.fr\/maquillage-africain-femme\/\",\"name\":\"Maquillage africain femme | Large s\u00e9lection | Achat en France\",\"isPartOf\":{\"@id\":\"https:\/\/www.safinel.fr\/#website\"},\"datePublished\":\"2023-12-19T16:35:16+00:00\",\"dateModified\":\"2023-12-19T16:41:47+00:00\",\"description\":\"Le\u00a0maquillage africain femme est un art ancestral qui a su traverser les \u00e9poques et s\u2019adapter aux nouvelles tendances.\",\"breadcrumb\":{\"@id\":\"https:\/\/www.safinel.fr\/maquillage-africain-femme\/#breadcrumb\"},\"inLanguage\":\"de\",\"potentialAction\":[{\"@type\":\"ReadAction\",\"target\":[\"https:\/\/www.safinel.fr\/maquillage-africain-femme\/\"]}]},{\"@type\":\"BreadcrumbList\",\"@id\":\"https:\/\/www.safinel.fr\/maquillage-africain-femme\/#breadcrumb\",\"itemListElement\":[{\"@type\":\"ListItem\",\"position\":1,\"name\":\"Accueil\",\"item\":\"https:\/\/www.safinel.fr\/\"},{\"@type\":\"ListItem\",\"position\":2,\"name\":\"Maquillage africain femme\u00a0: l&#8217;art de se sublimer avec la beaut\u00e9 culturelle\"}]},{\"@type\":\"WebSite\",\"@id\":\"https:\/\/www.safinel.fr\/#website\",\"url\":\"https:\/\/www.safinel.fr\/\",\"name\":\"Safinel\",\"description\":\"\",\"publisher\":{\"@id\":\"https:\/\/www.safinel.fr\/#organization\"},\"potentialAction\":[{\"@type\":\"SearchAction\",\"target\":{\"@type\":\"EntryPoint\",\"urlTemplate\":\"https:\/\/www.safinel.fr\/?s={search_term_string}\"},\"query-input\":{\"@type\":\"PropertyValueSpecification\",\"valueRequired\":true,\"valueName\":\"search_term_string\"}}],\"inLanguage\":\"de\"},{\"@type\":\"Organization\",\"@id\":\"https:\/\/www.safinel.fr\/#organization\",\"name\":\"Safinel\",\"url\":\"https:\/\/www.safinel.fr\/\",\"logo\":{\"@type\":\"ImageObject\",\"inLanguage\":\"de\",\"@id\":\"https:\/\/www.safinel.fr\/#\/schema\/logo\/image\/\",\"url\":\"https:\/\/www.safinel.fr\/wp-content\/uploads\/2021\/05\/boutique-cosmetique.png\",\"contentUrl\":\"https:\/\/www.safinel.fr\/wp-content\/uploads\/2021\/05\/boutique-cosmetique.png\",\"width\":800,\"height\":200,\"caption\":\"Safinel\"},\"image\":{\"@id\":\"https:\/\/www.safinel.fr\/#\/schema\/logo\/image\/\"}}]}<\/script>\n<!-- \/ Yoast SEO plugin. -->","yoast_head_json":{"title":"Afrikanisches Make-up f\u00fcr Frauen | Gro\u00dfe Auswahl | Einkaufen in Deutschland","description":"Afrikanisches Make-up f\u00fcr Frauen ist eine uralte Kunst, die die Zeiten \u00fcberdauert und sich an neue Trends angepasst hat.","robots":{"index":"index","follow":"follow","max-snippet":"max-snippet:-1","max-image-preview":"max-image-preview:large","max-video-preview":"max-video-preview:-1"},"canonical":"https:\/\/www.safinel.fr\/de\/afrikanisches-make-up-frau\/","og_locale":"de_DE","og_type":"article","og_title":"Maquillage africain femme | Large s\u00e9lection | Achat en France","og_description":"Le\u00a0maquillage africain femme est un art ancestral qui a su traverser les \u00e9poques et s\u2019adapter aux nouvelles tendances.","og_url":"https:\/\/www.safinel.fr\/de\/afrikanisches-make-up-frau\/","og_site_name":"Safinel","article_modified_time":"2023-12-19T16:41:47+00:00","twitter_card":"summary_large_image","twitter_misc":{"Gesch\u00e4tzte Lesezeit":"4\u00a0Minuten"},"schema":{"@context":"https:\/\/schema.org","@graph":[{"@type":"WebPage","@id":"https:\/\/www.safinel.fr\/maquillage-africain-femme\/","url":"https:\/\/www.safinel.fr\/maquillage-africain-femme\/","name":"Afrikanisches Make-up f\u00fcr Frauen | Gro\u00dfe Auswahl | Einkaufen in Deutschland","isPartOf":{"@id":"https:\/\/www.safinel.fr\/#website"},"datePublished":"2023-12-19T16:35:16+00:00","dateModified":"2023-12-19T16:41:47+00:00","description":"Afrikanisches Make-up f\u00fcr Frauen ist eine uralte Kunst, die die Zeiten \u00fcberdauert und sich an neue Trends angepasst hat.","breadcrumb":{"@id":"https:\/\/www.safinel.fr\/maquillage-africain-femme\/#breadcrumb"},"inLanguage":"de","potentialAction":[{"@type":"ReadAction","target":["https:\/\/www.safinel.fr\/maquillage-africain-femme\/"]}]},{"@type":"BreadcrumbList","@id":"https:\/\/www.safinel.fr\/maquillage-africain-femme\/#breadcrumb","itemListElement":[{"@type":"ListItem","position":1,"name":"Accueil","item":"https:\/\/www.safinel.fr\/"},{"@type":"ListItem","position":2,"name":"Maquillage africain femme\u00a0: l&#8217;art de se sublimer avec la beaut\u00e9 culturelle"}]},{"@type":"WebSite","@id":"https:\/\/www.safinel.fr\/#website","url":"https:\/\/www.safinel.fr\/","name":"Safinel","description":"","publisher":{"@id":"https:\/\/www.safinel.fr\/#organization"},"potentialAction":[{"@type":"SearchAction","target":{"@type":"EntryPoint","urlTemplate":"https:\/\/www.safinel.fr\/?s={search_term_string}"},"query-input":{"@type":"PropertyValueSpecification","valueRequired":true,"valueName":"search_term_string"}}],"inLanguage":"de"},{"@type":"Organization","@id":"https:\/\/www.safinel.fr\/#organization","name":"Safinel","url":"https:\/\/www.safinel.fr\/","logo":{"@type":"ImageObject","inLanguage":"de","@id":"https:\/\/www.safinel.fr\/#\/schema\/logo\/image\/","url":"https:\/\/www.safinel.fr\/wp-content\/uploads\/2021\/05\/boutique-cosmetique.png","contentUrl":"https:\/\/www.safinel.fr\/wp-content\/uploads\/2021\/05\/boutique-cosmetique.png","width":800,"height":200,"caption":"Safinel"},"image":{"@id":"https:\/\/www.safinel.fr\/#\/schema\/logo\/image\/"}}]}},"_links":{"self":[{"href":"https:\/\/www.safinel.fr\/de\/wp-json\/wp\/v2\/pages\/10335","targetHints":{"allow":["GET"]}}],"collection":[{"href":"https:\/\/www.safinel.fr\/de\/wp-json\/wp\/v2\/pages"}],"about":[{"href":"https:\/\/www.safinel.fr\/de\/wp-json\/wp\/v2\/types\/page"}],"author":[{"embeddable":true,"href":"https:\/\/www.safinel.fr\/de\/wp-json\/wp\/v2\/users\/156"}],"replies":[{"embeddable":true,"href":"https:\/\/www.safinel.fr\/de\/wp-json\/wp\/v2\/comments?post=10335"}],"version-history":[{"count":3,"href":"https:\/\/www.safinel.fr\/de\/wp-json\/wp\/v2\/pages\/10335\/revisions"}],"predecessor-version":[{"id":10339,"href":"https:\/\/www.safinel.fr\/de\/wp-json\/wp\/v2\/pages\/10335\/revisions\/10339"}],"wp:attachment":[{"href":"https:\/\/www.safinel.fr\/de\/wp-json\/wp\/v2\/media?parent=10335"}],"curies":[{"name":"wp","href":"https:\/\/api.w.org\/{rel}","templated":true}]}}